{"id":330,"date":"2015-10-22T01:16:36","date_gmt":"2015-10-22T04:16:36","guid":{"rendered":"http:\/\/www.fifv.cl\/2015-final\/?page_id=330"},"modified":"2016-11-02T20:46:35","modified_gmt":"2016-11-02T23:46:35","slug":"laboratorio-editorial","status":"publish","type":"page","link":"https:\/\/fifv.cl\/2016\/laboratorio-editorial\/","title":{"rendered":"Laboratorio Editorial"},"content":{"rendered":"<p>FIFV contar\u00e1 con su Laboratorio Editorial abierto a todo p\u00fablico, para que los asistentes sean testigos del proceso de realizaci\u00f3n de las piezas antes del resultado final.<\/p>\n<div class=\"clearfix\">\n<p>El equipo del Laboratorio Editorial trabajar\u00e1 d\u00eda y noche, imprimiendo todo el nuevo material que se genera en los workshops y brigadas. Con el apoyo en el soporte de HP, el FIFV dispone de cuatro impresoras gran formato, de \u00faltima generaci\u00f3n, con las que imprime las fotograf\u00edas que se crean durante el festival, sin l\u00edmite de tama\u00f1o.<\/p>\n<p>Estad\u00edsticas a\u00f1o 2015 del Laboratorio Audiovisual<br \/>\nCantidad de Papel: 800 m2.<br \/>\nCantidad de Tinta: 7.750 ml de Tinta.<br \/>\nImpresora: \u00a0Impresora fotogr\u00e1fica HP Z6200 de 60 Pulgadas de ancho.<br \/>\nCantidad de Fotograf\u00edas:\u00a0300 fotograf\u00edas de distintos tama\u00f1os.<br \/>\nFotograf\u00eda m\u00e1s grande fue de 5&#215;5 mts. Ubicada en el muro del edificio de Difusi\u00f3n en el Parque Cultural de Valpara\u00edso.<\/p>\n<p>&nbsp;<\/p>\n<\/div>\n","protected":false},"excerpt":{"rendered":"<p>FIFV contar\u00e1 con su Laboratorio Editorial abierto a todo p\u00fablico, para que los asistentes sean testigos del proceso de realizaci\u00f3n de las piezas antes del resultado final. El equipo del [&hellip;]<\/p>\n","protected":false},"author":2,"featured_media":4791,"parent":0,"menu_order":0,"comment_status":"closed","ping_status":"closed","template":"page-fifv-lab.php","meta":{"footnotes":""},"class_list":["post-330","page","type-page","status-publish","has-post-thumbnail","hentry"],"_links":{"self":[{"href":"https:\/\/fifv.cl\/2016\/wp-json\/wp\/v2\/pages\/330","targetHints":{"allow":["GET"]}}],"collection":[{"href":"https:\/\/fifv.cl\/2016\/wp-json\/wp\/v2\/pages"}],"about":[{"href":"https:\/\/fifv.cl\/2016\/wp-json\/wp\/v2\/types\/page"}],"author":[{"embeddable":true,"href":"https:\/\/fifv.cl\/2016\/wp-json\/wp\/v2\/users\/2"}],"replies":[{"embeddable":true,"href":"https:\/\/fifv.cl\/2016\/wp-json\/wp\/v2\/comments?post=330"}],"version-history":[{"count":14,"href":"https:\/\/fifv.cl\/2016\/wp-json\/wp\/v2\/pages\/330\/revisions"}],"predecessor-version":[{"id":2603,"href":"https:\/\/fifv.cl\/2016\/wp-json\/wp\/v2\/pages\/330\/revisions\/2603"}],"wp:featuredmedia":[{"embeddable":true,"href":"https:\/\/fifv.cl\/2016\/wp-json\/wp\/v2\/media\/4791"}],"wp:attachment":[{"href":"https:\/\/fifv.cl\/2016\/wp-json\/wp\/v2\/media?parent=330"}],"curies":[{"name":"wp","href":"https:\/\/api.w.org\/{rel}","templated":true}]}}