{"id":3598,"date":"2016-10-21T11:06:27","date_gmt":"2016-10-21T14:06:27","guid":{"rendered":"http:\/\/fifv.cl\/2016\/?page_id=3598"},"modified":"2016-11-02T19:53:52","modified_gmt":"2016-11-02T22:53:52","slug":"dj-book","status":"publish","type":"page","link":"https:\/\/fifv.cl\/2016\/dj-book\/","title":{"rendered":"DJ Book"},"content":{"rendered":"<p style=\"text-align: justify;\">DJ Book es\u00a0un novedoso formato en que los invitados \u00abpinchan\u00bb sus fotolibros favoritos y los proyectan para el p\u00fablico presente. Asistir a nuestras sesiones de DJ Book es conocer el mundo \u00edntimo de cada invitado, a trav\u00e9s de los fotolibros que los inspiran y han marcado su carrera. Estas sesiones se realizar\u00e1n en El Internado ( Pasaje Dimalow 167, Cerro Alegre).<!--more--><\/p>\n<p><strong>DOMINGO 30 DE OCTUBRE<\/strong><\/p>\n<p>19:00 hrs.\u00a0DJ Book de Luis Poirot\u00a0(Chile)<\/p>\n<p style=\"text-align: justify;\">En su sesi\u00f3n de Dj Book har\u00e1 una revisi\u00f3n del libro \u201cThe Decisive Moment\u201d (cuyo t\u00edtulo original es \u201cImages \u00e0 la Sauvette\u201d), del fot\u00f3grafo franc\u00e9s Henri Cartier-Bresson. Publicado en 1952, es probablemente uno de los libros de fotograf\u00eda m\u00e1s emblem\u00e1ticos de la historia y ha influenciado a tantas generaciones de autores que es com\u00fanmente conocido como \u201cLa biblia de los fot\u00f3grafos\u201d<\/p>\n<p style=\"text-align: justify;\"><strong>MARTES 01 DE NOVIEMBRE<\/strong><\/p>\n<p>16:30 hrs.\u00a0DJ Book con Isabel Fern\u00e1ndez y Catalina de la Cruz\u00a0(Chile)<\/p>\n<p style=\"text-align: justify;\">En esta sesi\u00f3n doble, las invitadas\u00a0recorrer\u00e1n libros de su autor\u00eda\u00a0y tambi\u00e9n de participantes del taller de \u201cLibro FotoQu\u00edmico\u201d, copias \u00fanicas con propuestas visuales innovadoras y que rescatan antiguas t\u00e9cnicas de emulsiones fotogr\u00e1ficas.<\/p>\n<p style=\"text-align: justify;\">18:30 hrs.\u00a0DJ Book con Javier Godoy (Chile)<\/p>\n<p>El fot\u00f3grafo nacional abordar\u00e1 sus\u00a0influencias latinoamericanas, a trav\u00e9s de revistas y libros de fines de la d\u00e9cada de los 80 y \u00a090, que formaron su visi\u00f3n como autor.<\/p>\n<p><strong>MI\u00c9RCOLES 02 DE NOVIEMBRE<\/strong><\/p>\n<p>20:00 hrs.\u00a0DJ Book de Romina Resuche (Argentina)<\/p>\n<p>La curadora trasandina rese\u00f1ar\u00e1 en vivo las \u00faltimas\u00a0producciones de editoriales argentinas y autopublicaciones recientes, que no est\u00e1n presentes a\u00fan en nuestro pa\u00eds.<\/p>\n<p><strong>JUEVES 03 DE NOVIEMBRE<\/strong><\/p>\n<p>19:30 hrs\u00a0DJ Book de Eric Facon\u00a0(Francia)<\/p>\n<p style=\"text-align: justify;\">En su sesi\u00f3n de DJ Book revisar\u00e1 sus inicios como joven fot\u00f3grafo, cuando el aprendizaje a trav\u00e9s de los libros de fotograf\u00edas fue fundamental. \u201cMostrar\u00e9 aquellos libros que me inspiraron.\u00a0Hablar\u00e9 de como los libros de fotograf\u00eda que descubrimos en nuestra juventud nos marcan, igual que los primeros discos que escuchamos, qu\u00e9 nunca nos abandonan, del hecho que la fotograf\u00eda tiene mucho que ver con la literatura y del libro como un espacio de encuentro con una obra\u201d adelant\u00f3. El autor franc\u00e9s recorrer\u00e1 la bibliograf\u00eda de Robert Koudelka, Robert Frank, Raymond Depardon, Bernard Plossu, Denis Roche, Christophe Bourguedieu, Juan Manuel Castro, Jean-Christophe Bourcart, Peter Helles Eriksen, Sara Brincher Galbiati, Tobias Selnaes Markussen y de\u00a0 los chilenos Rodrigo G\u00f3mez Rovira y Nicolas Wormull.<\/p>\n<p><strong>VIERNES 04 DE NOVIEMBRE<\/strong><\/p>\n<p>20:30 hrs.\u00a0DJ Book de Julia Toro (Chile)<\/p>\n","protected":false},"excerpt":{"rendered":"<p>DJ Book es\u00a0un novedoso formato en que los invitados \u00abpinchan\u00bb sus fotolibros favoritos y los proyectan para el p\u00fablico presente. Asistir a nuestras sesiones de DJ Book es conocer el [&hellip;]<\/p>\n","protected":false},"author":2,"featured_media":4776,"parent":0,"menu_order":0,"comment_status":"closed","ping_status":"closed","template":"page-fifv-lab.php","meta":{"footnotes":""},"class_list":["post-3598","page","type-page","status-publish","has-post-thumbnail","hentry"],"_links":{"self":[{"href":"https:\/\/fifv.cl\/2016\/wp-json\/wp\/v2\/pages\/3598","targetHints":{"allow":["GET"]}}],"collection":[{"href":"https:\/\/fifv.cl\/2016\/wp-json\/wp\/v2\/pages"}],"about":[{"href":"https:\/\/fifv.cl\/2016\/wp-json\/wp\/v2\/types\/page"}],"author":[{"embeddable":true,"href":"https:\/\/fifv.cl\/2016\/wp-json\/wp\/v2\/users\/2"}],"replies":[{"embeddable":true,"href":"https:\/\/fifv.cl\/2016\/wp-json\/wp\/v2\/comments?post=3598"}],"version-history":[{"count":5,"href":"https:\/\/fifv.cl\/2016\/wp-json\/wp\/v2\/pages\/3598\/revisions"}],"predecessor-version":[{"id":3600,"href":"https:\/\/fifv.cl\/2016\/wp-json\/wp\/v2\/pages\/3598\/revisions\/3600"}],"wp:featuredmedia":[{"embeddable":true,"href":"https:\/\/fifv.cl\/2016\/wp-json\/wp\/v2\/media\/4776"}],"wp:attachment":[{"href":"https:\/\/fifv.cl\/2016\/wp-json\/wp\/v2\/media?parent=3598"}],"curies":[{"name":"wp","href":"https:\/\/api.w.org\/{rel}","templated":true}]}}