{"id":126,"date":"2018-10-05T15:35:53","date_gmt":"2018-10-05T18:35:53","guid":{"rendered":"http:\/\/fifv.cl\/2018\/?page_id=126"},"modified":"2018-11-16T20:45:31","modified_gmt":"2018-11-16T23:45:31","slug":"fifv","status":"publish","type":"page","link":"https:\/\/fifv.cl\/2018\/fifv\/","title":{"rendered":"FIFV"},"content":{"rendered":"\t\t<div data-elementor-type=\"wp-post\" data-elementor-id=\"126\" class=\"elementor elementor-126 elementor-bc-flex-widget\">\n\t\t\t\t\t\t<section class=\"elementor-section elementor-top-section elementor-element elementor-element-8e8f7be elementor-section-boxed elementor-section-height-default elementor-section-height-default\" data-id=\"8e8f7be\" data-element_type=\"section\" data-e-type=\"section\">\n\t\t\t\t\t\t<div class=\"elementor-container elementor-column-gap-default\">\n\t\t\t\t\t<div class=\"elementor-column elementor-col-100 elementor-top-column elementor-element elementor-element-d531e4e elementor-invisible\" data-id=\"d531e4e\" data-element_type=\"column\" data-e-type=\"column\" data-settings=\"{&quot;animation&quot;:&quot;fadeIn&quot;}\">\n\t\t\t<div class=\"elementor-widget-wrap elementor-element-populated\">\n\t\t\t\t\t\t\t<\/div>\n\t\t<\/div>\n\t\t\t\t\t<\/div>\n\t\t<\/section>\n\t\t\t\t<section class=\"elementor-section elementor-top-section elementor-element elementor-element-1b7867b elementor-section-boxed elementor-section-height-default elementor-section-height-default\" data-id=\"1b7867b\" data-element_type=\"section\" data-e-type=\"section\">\n\t\t\t\t\t\t<div class=\"elementor-container elementor-column-gap-default\">\n\t\t\t\t\t<div class=\"elementor-column elementor-col-50 elementor-top-column elementor-element elementor-element-12f5235 fifv-content \" data-id=\"12f5235\" data-element_type=\"column\" data-e-type=\"column\">\n\t\t\t<div class=\"elementor-widget-wrap elementor-element-populated\">\n\t\t\t\t\t\t<div class=\"elementor-element elementor-element-edba202 fifv-content elementor-widget elementor-widget-text-editor\" data-id=\"edba202\" data-element_type=\"widget\" data-e-type=\"widget\" data-widget_type=\"text-editor.default\">\n\t\t\t\t<div class=\"elementor-widget-container\">\n\t\t\t\t\t\t\t\t\t<h2><span style=\"font-weight: 400;\">Hacerle trampa al tiempo<\/span><\/h2><p><span style=\"font-weight: 400;\">Sobre la fotograf\u00eda se ha dicho que es el arte de atrapar el tiempo y preservar un instante. Que es la constataci\u00f3n del \u201cesto ha sido\u201d, como afirmaba Roland Barthes. (Y en el reverso de sus palabras habitaba la certeza de que \u201cesto nunca m\u00e1s ser\u00e1 as\u00ed\u201d). La fotograf\u00eda, entonces, como sustituto de lo ausente, recuerdo material y derecho a recordar. <\/span><\/p><p><span style=\"font-weight: 400;\">&#8220;Todas las fotograf\u00edas son <\/span><i><span style=\"font-weight: 400;\">memento mori\u201d,<\/span><\/i><span style=\"font-weight: 400;\"> confirma Susan Sontag. \u201cTomar fotograf\u00edas es participar de la mortalidad, vulnerabilidad, mutabilidad de otra persona o cosa. Precisamente porque seccionan un momento y lo congelan, todas las fotograf\u00edas atestiguan el paso despiadado del tiempo&#8221;. <\/span><\/p><p><span style=\"font-weight: 400;\">Interrogar la idea del tiempo es agujerear el sentido m\u00e1s originario de la pr\u00e1ctica fotogr\u00e1fica. Y los f\u00edsicos lo est\u00e1n haciendo hace m\u00e1s de cien a\u00f1os. \u00a0Para la ciencia y para la filosof\u00eda, la existencia del tiempo sigue siendo una interrogante. Ya Einstein afirm\u00f3 que el tiempo absoluto no exist\u00eda, sino que era relativo al observador y que en el universo no val\u00eda la distinci\u00f3n entre pasado, presente y futuro sino que hab\u00edan distintos \u201cahoras\u201d, superponi\u00e9ndose e interrelacion\u00e1ndose simult\u00e1neamente, en m\u00faltiples niveles y dimensiones, tal como ocurre en los sue\u00f1os. Einstien lo dijo con todas sus letras: \u201cEl tiempo es una ilusi\u00f3n, si bien se trata de una ilusi\u00f3n muy persistente\u201d. <\/span><\/p><p><span style=\"font-weight: 400;\">Pero lo cierto es que para nosotros \u2013seres encarnados que nos movemos en el flujo de la historia&#8211; el tiempo es una realidad inexorable y hasta despiadada, como dice Sontag. Lo experimentamos como una secuencia lineal de acontecimientos que permite ordenar, dar sentido, comunicar y traspasar la experiencia. Esta construcci\u00f3n se expresa en la memoria, como necesidad de articular la vida: solo pensemos en lo catastr\u00f3fico que es para un individuo perder la facultad de recordar. Es m\u00e1s: sin memoria no hay cultura que pueda sostenerse. Y a\u00fan as\u00ed, le hacemos trampa. Porque lejos de registrar y archivar datos \u201cobjetivos\u201d, la memoria act\u00faa como un sistema din\u00e1mico y creativo, contaminado por la mirada y por la emocionalidad, que selecciona algunos eventos y descarta otros, recorta y encuadra las escenas, manipula im\u00e1genes y mensajes, y elabora relatos a su antojo. As\u00ed, el tiempo biogr\u00e1fico y el tiempo colectivo, que estructura el devenir humano, siempre se est\u00e1 fugando por los intersticios de la imaginaci\u00f3n.<\/span><\/p><p><span style=\"font-weight: 400;\">Lo mismo sucede con la fotograf\u00eda, como pr\u00e1ctica de la memoria. Incluso en su vertiente m\u00e1s vern\u00e1cula y documental, insiste en manifestarse como artificio narrativo, alterado por la subjetividad de quien registra la imagen y, m\u00e1s tarde, por los c\u00f3digos de quien la interpreta. Hay tambi\u00e9n un descalce temporal en ese tr\u00e1nsito: las fotograf\u00edas mismas cambian y modifican su sentido con el tiempo. <\/span><\/p><p><span style=\"font-weight: 400;\">Sea como sea, nos inscribimos en la l\u00ednea del tiempo y nos debatimos entre el intento de atraparlo (quiz\u00e1s detenerlo) y el deseo de enga\u00f1arlo para resistirnos a su dominio. Hoy, cuando se habla de un aceleramiento de la historia, acompa\u00f1ado por la simultaneidad abrumadora de est\u00edmulos visuales, mucha de la fotograf\u00eda contempor\u00e1nea est\u00e1 trabajando en una zona de provocaci\u00f3n, elaborando deliberadamente situaciones ficcionales o superponiendo temporalidades a trav\u00e9s de la combinaci\u00f3n de im\u00e1genes de distintas procedencias, donde se cruzan momentos, lugares e incluso autores diversos. Este ejercicio de montaje plantea una posible resistencia a la dictadura del tiempo: emancipa las im\u00e1genes de su encadenamiento lineal, deja en suspensi\u00f3n las identidades, desamarra los discursos culturales instalados y provoca lecturas sincr\u00f3nicas, acerc\u00e1ndose as\u00ed al \u201csin tiempo\u201d de los sue\u00f1os y del universo. <\/span><\/p><p><strong>Catalina Mena.<\/strong><\/p>\t\t\t\t\t\t\t\t<\/div>\n\t\t\t\t<\/div>\n\t\t\t\t\t<\/div>\n\t\t<\/div>\n\t\t\t\t<div class=\"elementor-column elementor-col-50 elementor-top-column elementor-element elementor-element-2574e6a\" data-id=\"2574e6a\" data-element_type=\"column\" data-e-type=\"column\">\n\t\t\t<div class=\"elementor-widget-wrap elementor-element-populated\">\n\t\t\t\t\t\t<div class=\"elementor-element elementor-element-564c9f3 elementor-widget elementor-widget-html\" data-id=\"564c9f3\" data-element_type=\"widget\" data-e-type=\"widget\" data-widget_type=\"html.default\">\n\t\t\t\t<div class=\"elementor-widget-container\">\n\t\t\t\t\t<div class=\"text-center\">\n\t<ul class=\"equipo\">\n\t\t<li class=\"equipo-tituloGrupo\" style=\"margin-top: 0 !important\"><span>Direcci\u00f3n<\/span><\/li>\n\t\t<li class=\"equipo-integrante\">RODRIGO G\u00d3MEZ-ROVIRA <span>Director General y Art\u00edstico<\/span><\/li>\n\t\t<li class=\"equipo-integrante\">MIGUEL \u00c1NGEL LARREA <span>Director Comunicaciones y Brigadas<\/span><\/li>\n\t\t<li class=\"equipo-integrante\">FEDERICO BOTTO&nbsp;<span>Director Ejecutivo<\/span><\/li>\n\t<\/ul>\n\t\t<ul class=\"equipo\">\n\t\t<li class=\"equipo-tituloGrupo\"><span>Texto Curatorial<\/span><\/li>\n\t\t<li class=\"equipo-integrante\">Catalina Mena <span>Cr\u00edtica de arte<\/span><\/li>\n\t<\/ul>\n\t<ul class=\"equipo\">\n\t\t<li class=\"equipo-tituloGrupo\"><span>FIFV Ediciones<\/span><\/li>\n\t\t<li class=\"equipo-integrante\">NICOL\u00c1S WORMULL <span>Editor<\/span><\/li>\n\t<\/ul>\n\t<ul class=\"equipo\">\n\t\t<li class=\"equipo-tituloGrupo\"><span>Mediaci\u00f3n Exposiciones\/Imagen Salvaje<\/span><\/li>\n\t\t<li class=\"equipo-integrante\">ANAMAR\u00cdA BRIEDE <span>Directora Mediaci\u00f3n<\/span><\/li>\n\t\t<li class=\"equipo-integrante\">LAURA QUIROZ <span>Relaciones con la comunidad<\/span><\/li>\n\t<\/ul>\n\t<ul class=\"equipo\">\n\t\t<li class=\"equipo-tituloGrupo\"><span>Producci\u00f3n<\/span><\/li>\n\t\t<li class=\"equipo-integrante\">FREDDY OJEDA <span>Productor<\/span><\/li>\n\t<\/ul>\n\t<ul class=\"equipo\">\n\t\t<li class=\"equipo-tituloGrupo\"><span>Laboratorio Editorial<\/span><\/li>\n\t\t<li class=\"equipo-integrante\">MARIBEL REYES <span>Encargada<\/span><\/li>\n\t<\/ul>\n\t<ul class=\"equipo\">\n\t\t<li class=\"equipo-tituloGrupo\"><span>Dise\u00f1o<\/span><\/li>\n\t\t<li class=\"equipo-integrante\">DANTE ALZZIO <span>Dise\u00f1ador Gr\u00e1fico<\/span><\/li>\n\t\t<li class=\"equipo-integrante\">Cristobal Amigo P\u00e9rez<span>Dise\u00f1ador Gr\u00e1fico<\/span><\/li>\n\t<\/ul>\n\t<ul class=\"equipo\">\n\t\t<li class=\"equipo-tituloGrupo\"><span>Comunicaciones<\/span><\/li>\n\t\t<li class=\"equipo-integrante\">andrea lagos <span>Periodista<\/span><\/li>\n\t\t<li class=\"equipo-integrante\">B\u00e1rbara Trejos\n <span>Videista<\/span><\/li>\n\t\t\n\t\n\t\t<li class=\"equipo-integrante\"> Ivannia Cordero <span>Periodista<\/span><\/li>\n\t\t<li class=\"equipo-integrante\">PAOLO HENR\u00cdQUEZ<span>Periodista<\/span><\/li>\n\t\t\n\t\t<li class=\"equipo-integrante\">VALENTINNE RUDOLPHY <span>Periodista<\/span><\/li>\n\t\t<li class=\"equipo-integrante\">V\u00edctor Ruiz Caballero <span>Fot\u00f3grafo<\/span><\/li>\n\t\t<li class=\"equipo-integrante\">Sofi Cotroneo <span>Practicante<\/span><\/li><li class=\"equipo-integrante\">Eduardo Vargas\n <span>Practicante<\/span><\/li>\n\t\t\n\t\t\n\t\t\n\t<\/ul>\n\t<ul class=\"equipo\">\n\t\t<li class=\"equipo-tituloGrupo\"><span>Sitio Web<\/span><\/li>\n\t\t<li class=\"equipo-integrante\">WASHINGTON MATURANA <span>Web Master<\/span><\/li>\n\t<\/ul>\n\n\t<ul class=\"equipo\">\n\t\t<li class=\"equipo-tituloGrupo\"><span>Brigadas Fotogr\u00e1ficas<\/span><\/li>\n\t\t<li class=\"equipo-integrante\">Romina Resuche <span>Editora<\/span><\/li>\n\t<\/ul>\n\t<ul class=\"equipo\">\n\t\t<li class=\"equipo-tituloGrupo\"><span>Workshops<\/span><\/li>\n\t\t<li class=\"equipo-integrante\">Arno Brignon (Francia) <br>\n\t\tJ\u00f6rg Br\u00fcggemann (Alemania)<br>\n\t\tLaura Henno (francia)<br> M\u00f3nica Allende (Espa\u00f1a)<\/li>\n\t<\/ul>\n<\/div>\t\t\t\t<\/div>\n\t\t\t\t<\/div>\n\t\t\t\t\t<\/div>\n\t\t<\/div>\n\t\t\t\t\t<\/div>\n\t\t<\/section>\n\t\t\t\t<section class=\"elementor-section elementor-top-section elementor-element elementor-element-78f4c17b elementor-section-boxed elementor-section-height-default elementor-section-height-default\" data-id=\"78f4c17b\" data-element_type=\"section\" data-e-type=\"section\" data-settings=\"{&quot;background_background&quot;:&quot;classic&quot;}\">\n\t\t\t\t\t\t<div class=\"elementor-container elementor-column-gap-default\">\n\t\t\t\t\t<div class=\"elementor-column elementor-col-33 elementor-top-column elementor-element elementor-element-2fc7b93d\" data-id=\"2fc7b93d\" data-element_type=\"column\" data-e-type=\"column\">\n\t\t\t<div class=\"elementor-widget-wrap elementor-element-populated\">\n\t\t\t\t\t\t<div class=\"elementor-element elementor-element-81574b2 elementor-widget-divider--view-line elementor-widget elementor-widget-divider\" data-id=\"81574b2\" data-element_type=\"widget\" data-e-type=\"widget\" data-widget_type=\"divider.default\">\n\t\t\t\t<div class=\"elementor-widget-container\">\n\t\t\t\t\t\t\t<div class=\"elementor-divider\">\n\t\t\t<span class=\"elementor-divider-separator\">\n\t\t\t\t\t\t<\/span>\n\t\t<\/div>\n\t\t\t\t\t\t<\/div>\n\t\t\t\t<\/div>\n\t\t\t\t\t<\/div>\n\t\t<\/div>\n\t\t\t\t<div class=\"elementor-column elementor-col-33 elementor-top-column elementor-element elementor-element-5909c9aa\" data-id=\"5909c9aa\" data-element_type=\"column\" data-e-type=\"column\">\n\t\t\t<div class=\"elementor-widget-wrap elementor-element-populated\">\n\t\t\t\t\t\t<div class=\"elementor-element elementor-element-707ed08d equipo-tituloGrupo elementor-widget elementor-widget-heading\" data-id=\"707ed08d\" data-element_type=\"widget\" data-e-type=\"widget\" data-widget_type=\"heading.default\">\n\t\t\t\t<div class=\"elementor-widget-container\">\n\t\t\t\t\t<h2 class=\"elementor-heading-title elementor-size-default\">VERSIONES ANTERIORES<\/h2>\t\t\t\t<\/div>\n\t\t\t\t<\/div>\n\t\t\t\t\t<\/div>\n\t\t<\/div>\n\t\t\t\t<div class=\"elementor-column elementor-col-33 elementor-top-column elementor-element elementor-element-6ffecee4\" data-id=\"6ffecee4\" data-element_type=\"column\" data-e-type=\"column\">\n\t\t\t<div class=\"elementor-widget-wrap elementor-element-populated\">\n\t\t\t\t\t\t<div class=\"elementor-element elementor-element-13b0f32a elementor-widget-divider--view-line elementor-widget elementor-widget-divider\" data-id=\"13b0f32a\" data-element_type=\"widget\" data-e-type=\"widget\" data-widget_type=\"divider.default\">\n\t\t\t\t<div class=\"elementor-widget-container\">\n\t\t\t\t\t\t\t<div class=\"elementor-divider\">\n\t\t\t<span class=\"elementor-divider-separator\">\n\t\t\t\t\t\t<\/span>\n\t\t<\/div>\n\t\t\t\t\t\t<\/div>\n\t\t\t\t<\/div>\n\t\t\t\t\t<\/div>\n\t\t<\/div>\n\t\t\t\t\t<\/div>\n\t\t<\/section>\n\t\t\t\t<section class=\"elementor-section elementor-top-section elementor-element elementor-element-b50deba elementor-section-boxed elementor-section-height-default elementor-section-height-default\" data-id=\"b50deba\" data-element_type=\"section\" data-e-type=\"section\" data-settings=\"{&quot;background_background&quot;:&quot;classic&quot;}\">\n\t\t\t\t\t\t<div class=\"elementor-container elementor-column-gap-default\">\n\t\t\t\t\t<div class=\"elementor-column elementor-col-12 elementor-top-column elementor-element elementor-element-38cc720\" data-id=\"38cc720\" data-element_type=\"column\" data-e-type=\"column\">\n\t\t\t<div class=\"elementor-widget-wrap elementor-element-populated\">\n\t\t\t\t\t\t<div class=\"elementor-element elementor-element-6e880c2 elementor-widget elementor-widget-heading\" data-id=\"6e880c2\" data-element_type=\"widget\" data-e-type=\"widget\" data-widget_type=\"heading.default\">\n\t\t\t\t<div class=\"elementor-widget-container\">\n\t\t\t\t\t<h2 class=\"elementor-heading-title elementor-size-default\"><a href=\"http:\/\/www.fifv.cl\/2010\">2010<\/a><\/h2>\t\t\t\t<\/div>\n\t\t\t\t<\/div>\n\t\t\t\t\t<\/div>\n\t\t<\/div>\n\t\t\t\t<div class=\"elementor-column elementor-col-12 elementor-top-column elementor-element elementor-element-90ae095\" data-id=\"90ae095\" data-element_type=\"column\" data-e-type=\"column\">\n\t\t\t<div class=\"elementor-widget-wrap elementor-element-populated\">\n\t\t\t\t\t\t<div class=\"elementor-element elementor-element-c0ade03 elementor-widget elementor-widget-heading\" data-id=\"c0ade03\" data-element_type=\"widget\" data-e-type=\"widget\" data-widget_type=\"heading.default\">\n\t\t\t\t<div class=\"elementor-widget-container\">\n\t\t\t\t\t<h2 class=\"elementor-heading-title elementor-size-default\"><a href=\"http:\/\/www.fifv.cl\/2011\">2011<\/a><\/h2>\t\t\t\t<\/div>\n\t\t\t\t<\/div>\n\t\t\t\t\t<\/div>\n\t\t<\/div>\n\t\t\t\t<div class=\"elementor-column elementor-col-12 elementor-top-column elementor-element elementor-element-1eb0a21\" data-id=\"1eb0a21\" data-element_type=\"column\" data-e-type=\"column\">\n\t\t\t<div class=\"elementor-widget-wrap elementor-element-populated\">\n\t\t\t\t\t\t<div class=\"elementor-element elementor-element-888a52a elementor-widget elementor-widget-heading\" data-id=\"888a52a\" data-element_type=\"widget\" data-e-type=\"widget\" data-widget_type=\"heading.default\">\n\t\t\t\t<div class=\"elementor-widget-container\">\n\t\t\t\t\t<h2 class=\"elementor-heading-title elementor-size-default\"><a href=\"http:\/\/www.fifv.cl\/2012\">2012<\/a><\/h2>\t\t\t\t<\/div>\n\t\t\t\t<\/div>\n\t\t\t\t\t<\/div>\n\t\t<\/div>\n\t\t\t\t<div class=\"elementor-column elementor-col-12 elementor-top-column elementor-element elementor-element-e0d9a2e\" data-id=\"e0d9a2e\" data-element_type=\"column\" data-e-type=\"column\">\n\t\t\t<div class=\"elementor-widget-wrap elementor-element-populated\">\n\t\t\t\t\t\t<div class=\"elementor-element elementor-element-882db79 elementor-widget elementor-widget-heading\" data-id=\"882db79\" data-element_type=\"widget\" data-e-type=\"widget\" data-widget_type=\"heading.default\">\n\t\t\t\t<div class=\"elementor-widget-container\">\n\t\t\t\t\t<h2 class=\"elementor-heading-title elementor-size-default\"><a href=\"http:\/\/www.fifv.cl\/2013\">2013<\/a><\/h2>\t\t\t\t<\/div>\n\t\t\t\t<\/div>\n\t\t\t\t\t<\/div>\n\t\t<\/div>\n\t\t\t\t<div class=\"elementor-column elementor-col-12 elementor-top-column elementor-element elementor-element-556e969\" data-id=\"556e969\" data-element_type=\"column\" data-e-type=\"column\">\n\t\t\t<div class=\"elementor-widget-wrap elementor-element-populated\">\n\t\t\t\t\t\t<div class=\"elementor-element elementor-element-7b4f5f5 elementor-widget elementor-widget-heading\" data-id=\"7b4f5f5\" data-element_type=\"widget\" data-e-type=\"widget\" data-widget_type=\"heading.default\">\n\t\t\t\t<div class=\"elementor-widget-container\">\n\t\t\t\t\t<h2 class=\"elementor-heading-title elementor-size-default\"><a href=\"http:\/\/www.fifv.cl\/2014\">2014<\/a><\/h2>\t\t\t\t<\/div>\n\t\t\t\t<\/div>\n\t\t\t\t\t<\/div>\n\t\t<\/div>\n\t\t\t\t<div class=\"elementor-column elementor-col-12 elementor-top-column elementor-element elementor-element-922fb2e\" data-id=\"922fb2e\" data-element_type=\"column\" data-e-type=\"column\">\n\t\t\t<div class=\"elementor-widget-wrap elementor-element-populated\">\n\t\t\t\t\t\t<div class=\"elementor-element elementor-element-df660d6 elementor-widget elementor-widget-heading\" data-id=\"df660d6\" data-element_type=\"widget\" data-e-type=\"widget\" data-widget_type=\"heading.default\">\n\t\t\t\t<div class=\"elementor-widget-container\">\n\t\t\t\t\t<h2 class=\"elementor-heading-title elementor-size-default\"><a href=\"http:\/\/www.fifv.cl\/2015\">2015<\/a><\/h2>\t\t\t\t<\/div>\n\t\t\t\t<\/div>\n\t\t\t\t\t<\/div>\n\t\t<\/div>\n\t\t\t\t<div class=\"elementor-column elementor-col-12 elementor-top-column elementor-element elementor-element-1f8923e\" data-id=\"1f8923e\" data-element_type=\"column\" data-e-type=\"column\">\n\t\t\t<div class=\"elementor-widget-wrap elementor-element-populated\">\n\t\t\t\t\t\t<div class=\"elementor-element elementor-element-b8e3c90 elementor-widget elementor-widget-heading\" data-id=\"b8e3c90\" data-element_type=\"widget\" data-e-type=\"widget\" data-widget_type=\"heading.default\">\n\t\t\t\t<div class=\"elementor-widget-container\">\n\t\t\t\t\t<h2 class=\"elementor-heading-title elementor-size-default\"><a href=\"http:\/\/www.fifv.cl\/2016\">2016<\/a><\/h2>\t\t\t\t<\/div>\n\t\t\t\t<\/div>\n\t\t\t\t\t<\/div>\n\t\t<\/div>\n\t\t\t\t<div class=\"elementor-column elementor-col-12 elementor-top-column elementor-element elementor-element-bac63cb\" data-id=\"bac63cb\" data-element_type=\"column\" data-e-type=\"column\">\n\t\t\t<div class=\"elementor-widget-wrap elementor-element-populated\">\n\t\t\t\t\t\t<div class=\"elementor-element elementor-element-a3337bc elementor-widget elementor-widget-heading\" data-id=\"a3337bc\" data-element_type=\"widget\" data-e-type=\"widget\" data-widget_type=\"heading.default\">\n\t\t\t\t<div class=\"elementor-widget-container\">\n\t\t\t\t\t<h2 class=\"elementor-heading-title elementor-size-default\"><a href=\"http:\/\/www.fifv.cl\/2017\">2017<\/a><\/h2>\t\t\t\t<\/div>\n\t\t\t\t<\/div>\n\t\t\t\t\t<\/div>\n\t\t<\/div>\n\t\t\t\t\t<\/div>\n\t\t<\/section>\n\t\t\t\t<section class=\"elementor-section elementor-top-section elementor-element elementor-element-1f79d92c elementor-section-boxed elementor-section-height-default elementor-section-height-default\" data-id=\"1f79d92c\" data-element_type=\"section\" data-e-type=\"section\" data-settings=\"{&quot;background_background&quot;:&quot;classic&quot;}\">\n\t\t\t\t\t\t<div class=\"elementor-container elementor-column-gap-default\">\n\t\t\t\t\t<div class=\"elementor-column elementor-col-100 elementor-top-column elementor-element elementor-element-578e5d1d\" data-id=\"578e5d1d\" data-element_type=\"column\" data-e-type=\"column\">\n\t\t\t<div class=\"elementor-widget-wrap elementor-element-populated\">\n\t\t\t\t\t\t<div class=\"elementor-element elementor-element-77bfb1e8 elementor-widget elementor-widget-image\" data-id=\"77bfb1e8\" data-element_type=\"widget\" data-e-type=\"widget\" data-widget_type=\"image.default\">\n\t\t\t\t<div class=\"elementor-widget-container\">\n\t\t\t\t\t\t\t\t\t\t\t\t\t\t\t<img fetchpriority=\"high\" decoding=\"async\" width=\"1221\" height=\"163\" src=\"https:\/\/fifv.cl\/2018\/wp-content\/uploads\/2018\/10\/logos-fifv.png\" class=\"attachment-full size-full wp-image-300\" alt=\"\" srcset=\"https:\/\/fifv.cl\/2018\/wp-content\/uploads\/2018\/10\/logos-fifv.png 1221w, https:\/\/fifv.cl\/2018\/wp-content\/uploads\/2018\/10\/logos-fifv-300x40.png 300w, https:\/\/fifv.cl\/2018\/wp-content\/uploads\/2018\/10\/logos-fifv-768x103.png 768w, https:\/\/fifv.cl\/2018\/wp-content\/uploads\/2018\/10\/logos-fifv-1024x137.png 1024w, https:\/\/fifv.cl\/2018\/wp-content\/uploads\/2018\/10\/logos-fifv-750x100.png 750w\" sizes=\"(max-width: 1221px) 100vw, 1221px\" \/>\t\t\t\t\t\t\t\t\t\t\t\t\t\t\t<\/div>\n\t\t\t\t<\/div>\n\t\t\t\t\t<\/div>\n\t\t<\/div>\n\t\t\t\t\t<\/div>\n\t\t<\/section>\n\t\t\t\t<\/div>\n\t\t","protected":false},"excerpt":{"rendered":"<p>Smart Slider with ID: 1 Hacerle trampa al tiempo Sobre la fotograf\u00eda se ha dicho que es el arte de atrapar el tiempo y preservar un instante. Que es la [&hellip;]<\/p>\n","protected":false},"author":1,"featured_media":120,"parent":0,"menu_order":0,"comment_status":"closed","ping_status":"closed","template":"elementor_header_footer","meta":{"footnotes":""},"class_list":["post-126","page","type-page","status-publish","has-post-thumbnail","hentry"],"_links":{"self":[{"href":"https:\/\/fifv.cl\/2018\/wp-json\/wp\/v2\/pages\/126","targetHints":{"allow":["GET"]}}],"collection":[{"href":"https:\/\/fifv.cl\/2018\/wp-json\/wp\/v2\/pages"}],"about":[{"href":"https:\/\/fifv.cl\/2018\/wp-json\/wp\/v2\/types\/page"}],"author":[{"embeddable":true,"href":"https:\/\/fifv.cl\/2018\/wp-json\/wp\/v2\/users\/1"}],"replies":[{"embeddable":true,"href":"https:\/\/fifv.cl\/2018\/wp-json\/wp\/v2\/comments?post=126"}],"version-history":[{"count":29,"href":"https:\/\/fifv.cl\/2018\/wp-json\/wp\/v2\/pages\/126\/revisions"}],"predecessor-version":[{"id":2095,"href":"https:\/\/fifv.cl\/2018\/wp-json\/wp\/v2\/pages\/126\/revisions\/2095"}],"wp:featuredmedia":[{"embeddable":true,"href":"https:\/\/fifv.cl\/2018\/wp-json\/wp\/v2\/media\/120"}],"wp:attachment":[{"href":"https:\/\/fifv.cl\/2018\/wp-json\/wp\/v2\/media?parent=126"}],"curies":[{"name":"wp","href":"https:\/\/api.w.org\/{rel}","templated":true}]}}