{"id":130,"date":"2018-10-05T15:36:44","date_gmt":"2018-10-05T18:36:44","guid":{"rendered":"http:\/\/fifv.cl\/2018\/?page_id=130"},"modified":"2018-10-20T00:25:13","modified_gmt":"2018-10-20T03:25:13","slug":"invitados","status":"publish","type":"page","link":"https:\/\/fifv.cl\/2018\/invitados\/","title":{"rendered":"Invitados"},"content":{"rendered":"\t\t<div data-elementor-type=\"wp-post\" data-elementor-id=\"130\" class=\"elementor elementor-130 elementor-bc-flex-widget\">\n\t\t\t\t\t\t<section class=\"elementor-section elementor-top-section elementor-element elementor-element-bc27424 elementor-section-boxed elementor-section-height-default elementor-section-height-default\" data-id=\"bc27424\" data-element_type=\"section\" data-e-type=\"section\">\n\t\t\t\t\t\t<div class=\"elementor-container elementor-column-gap-default\">\n\t\t\t\t\t<div class=\"elementor-column elementor-col-100 elementor-top-column elementor-element elementor-element-13b9cff elementor-invisible\" data-id=\"13b9cff\" data-element_type=\"column\" data-e-type=\"column\" data-settings=\"{&quot;animation&quot;:&quot;fadeIn&quot;}\">\n\t\t\t<div class=\"elementor-widget-wrap elementor-element-populated\">\n\t\t\t\t\t\t\t<\/div>\n\t\t<\/div>\n\t\t\t\t\t<\/div>\n\t\t<\/section>\n\t\t\t\t<section class=\"elementor-section elementor-top-section elementor-element elementor-element-11149a22 fifv-content elementor-section-boxed elementor-section-height-default elementor-section-height-default\" data-id=\"11149a22\" data-element_type=\"section\" data-e-type=\"section\">\n\t\t\t\t\t\t<div class=\"elementor-container elementor-column-gap-default\">\n\t\t\t\t\t<div class=\"elementor-column elementor-col-100 elementor-top-column elementor-element elementor-element-20b63086\" data-id=\"20b63086\" data-element_type=\"column\" data-e-type=\"column\">\n\t\t\t<div class=\"elementor-widget-wrap elementor-element-populated\">\n\t\t\t\t\t\t<div class=\"elementor-element elementor-element-567dc328 titlePage elementor-widget elementor-widget-heading\" data-id=\"567dc328\" data-element_type=\"widget\" data-e-type=\"widget\" data-widget_type=\"heading.default\">\n\t\t\t\t<div class=\"elementor-widget-container\">\n\t\t\t\t\t<h2 class=\"elementor-heading-title elementor-size-default\">Invitados<\/h2>\t\t\t\t<\/div>\n\t\t\t\t<\/div>\n\t\t\t\t\t<\/div>\n\t\t<\/div>\n\t\t\t\t\t<\/div>\n\t\t<\/section>\n\t\t\t\t<section class=\"elementor-section elementor-top-section elementor-element elementor-element-153d760 fifv-content elementor-section-boxed elementor-section-height-default elementor-section-height-default\" data-id=\"153d760\" data-element_type=\"section\" data-e-type=\"section\">\n\t\t\t\t\t\t<div class=\"elementor-container elementor-column-gap-default\">\n\t\t\t\t\t<div class=\"elementor-column elementor-col-33 elementor-top-column elementor-element elementor-element-3fe7d80 news-item-ad\" data-id=\"3fe7d80\" data-element_type=\"column\" data-e-type=\"column\">\n\t\t\t<div class=\"elementor-widget-wrap elementor-element-populated\">\n\t\t\t\t\t\t<div class=\"elementor-element elementor-element-98b5ee1 elementor-position-top elementor-widget elementor-widget-image-box\" data-id=\"98b5ee1\" data-element_type=\"widget\" data-e-type=\"widget\" data-widget_type=\"image-box.default\">\n\t\t\t\t<div class=\"elementor-widget-container\">\n\t\t\t\t\t<div class=\"elementor-image-box-wrapper\"><figure class=\"elementor-image-box-img\"><img decoding=\"async\" src=\"https:\/\/fifv.cl\/2018\/wp-content\/uploads\/2018\/10\/Copia-de-Arno-BRIGNON_\u00a9Corentin-Folhen.jpg\" title=\"Copia de Arno BRIGNON_\u00a9Corentin Folhen\" alt=\"Copia de Arno BRIGNON_\u00a9Corentin Folhen\" loading=\"lazy\" \/><\/figure><div class=\"elementor-image-box-content\"><h2 class=\"elementor-image-box-title\">Arno Brignon<\/h2><\/div><\/div>\t\t\t\t<\/div>\n\t\t\t\t<\/div>\n\t\t\t\t<div class=\"elementor-element elementor-element-2aeee64 elementor-widget elementor-widget-text-editor\" data-id=\"2aeee64\" data-element_type=\"widget\" data-e-type=\"widget\" data-widget_type=\"text-editor.default\">\n\t\t\t\t<div class=\"elementor-widget-container\">\n\t\t\t\t\t\t\t\t\t<p>Es un fot\u00f3grafo franc\u00e9s y actualmente reside en la zona de Toulouse. Curs\u00f3 sus estudios de fotograf\u00eda en ETPA y ORFEA, de la misma ciudad. Comenz\u00f3 ejerciendo en prensa, a la par de llevar sus proyectos personales.<br \/>Desde el a\u00f1o 2009 se ha dedicado por completo a la fotograf\u00eda. El 2010 gan\u00f3 el Bourse du Talent, para luego ingresar a la agencia Signatures. Ha expuesto en Espace Saint-Cyprien (Toulouse), Fotofestival en Cluj (Rumania), Omnibus en Tarbes (Francia), Festival Fotolimo en Portbou (Espa\u00f1a), entre otros.<br \/>Brignon se enfoca en la fotograf\u00eda documental, buscando retratar los m\u00e1rgenes de la realidad, \u201ctraduciendo la vida a trav\u00e9s de la interpretaci\u00f3n ficticia\u201d de la imagen. Para su trabajo ha sido vital las vivencias y personas que conoce. Tambi\u00e9n ha explorado la fotograf\u00eda m\u00e1s autobiogr\u00e1fica en Josephine &#8211; respecto a su hija y su pareja.<br \/>Entre sus publicaciones se encuentran Jos\u00e9phine, Ancrages, Le Pas de la Case y Based on a true story.<br \/>Desde el 2018 ha estado gestionando un proyecto en Lectoure, donde conoce gente a trav\u00e9s de la c\u00e1mara e involucra a los actores en el proceso de revelar la imagen, con un estudio \/laboratorio port\u00e1til en distintos puntos de la ciudad.<br \/>En esta oportunidad, participar\u00e1 a trav\u00e9s de la realizaci\u00f3n del workshop &#8220;Historias, Leyendas y Mitos&#8221;, que explora la dimensi\u00f3n temporal de la fotograf\u00eda y el espesor que esta adquiere al relacionarse con el tiempo. Esta instancia ser\u00e1 la continuaci\u00f3n de un trabajo \u00edntimo que realizar\u00e1 previamente con familias que residen en el edificio patrimonial de la Uni\u00f3n Obrera de Valpara\u00edso. Adem\u00e1s, participar\u00e1 de nuestros Di\u00e1logos Fotogr\u00e1ficos, el viernes 2 de noviembre a las 20:00hrs., en el Internado.<\/p><p>\u00a9Corentin-Folhen<\/p>\t\t\t\t\t\t\t\t<\/div>\n\t\t\t\t<\/div>\n\t\t\t\t\t<\/div>\n\t\t<\/div>\n\t\t\t\t<div class=\"elementor-column elementor-col-33 elementor-top-column elementor-element elementor-element-7475325 news-item-ad\" data-id=\"7475325\" data-element_type=\"column\" data-e-type=\"column\">\n\t\t\t<div class=\"elementor-widget-wrap elementor-element-populated\">\n\t\t\t\t\t\t<div class=\"elementor-element elementor-element-ea5d4aa elementor-position-top elementor-widget elementor-widget-image-box\" data-id=\"ea5d4aa\" data-element_type=\"widget\" data-e-type=\"widget\" data-widget_type=\"image-box.default\">\n\t\t\t\t<div class=\"elementor-widget-container\">\n\t\t\t\t\t<div class=\"elementor-image-box-wrapper\"><figure class=\"elementor-image-box-img\"><img decoding=\"async\" src=\"https:\/\/fifv.cl\/2018\/wp-content\/uploads\/elementor\/thumbs\/Copia-de-43586554_2281220395245863_7762422779223212032_n-pu8h6r87anmz7o65alz6a78a5ovep9ruqvcnztlqqo.jpg\" title=\"Copia de 43586554_2281220395245863_7762422779223212032_n\" alt=\"Copia de 43586554_2281220395245863_7762422779223212032_n\" loading=\"lazy\" \/><\/figure><div class=\"elementor-image-box-content\"><h2 class=\"elementor-image-box-title\">Laura Henno<\/h2><\/div><\/div>\t\t\t\t<\/div>\n\t\t\t\t<\/div>\n\t\t\t\t<div class=\"elementor-element elementor-element-d6cfdac elementor-widget elementor-widget-text-editor\" data-id=\"d6cfdac\" data-element_type=\"widget\" data-e-type=\"widget\" data-widget_type=\"text-editor.default\">\n\t\t\t\t<div class=\"elementor-widget-container\">\n\t\t\t\t\t\t\t\t\t<p>Laura Henno es fot\u00f3grafa y realizadora audiovisual. Reside en Francia y trabaja impartiendo clases en \u00c9cole Nationale Superieure des Arts Visuels de Bruselas y en Le Fresnoy-Studio national des arts contemporains.<br \/>Ha ganado varios reconocimientos por su trabajo, entre ello, el D\u00e9couverte en Recontes Internationales de Photographie (Arles, 2007) y el galard\u00f3n por Mejor Cortometraje en el Festival Entrevues de Belfort (Francia) por su cinta audiovisual \u201cKoropa\u201d.<br \/>En los \u00faltimos a\u00f1os se ha enfocado en retratar la migraci\u00f3n clandestina, tal como de las Islas Comores, Islas de la Reuni\u00f3n y Calais. Tambi\u00e9n ha sido publicada en varios medios, como The Guardian, por la continuaci\u00f3n con su trabajo audiovisual &#8211; documental en Estados Unidos.<br \/>Llega a Chile para realizar el workshop \u201cConversaciones Fotogr\u00e1ficas\u201d, dirigido especialmente a fot\u00f3grafas y fot\u00f3grafos j\u00f3venes &#8211; menores de 25 a\u00f1os &#8211; que tengan un trabajo en proceso.<br \/>Durante el FIFV 2018, Henno se encargar\u00e1 de revisar el trabajo de los talleristas y guiarlos en el proceso de edici\u00f3n y b\u00fasqueda de m\u00e1s material en Valpara\u00edso. Tres d\u00edas de trabajo intenso que pretenden terminar en la proyecci\u00f3n multimedia durante el cierre del FIFV. Adem\u00e1s, participar\u00e1 en nuestros Di\u00e1logos Fotogr\u00e1ficos el jueves 1 de noviembre, en El Internado.<\/p>\t\t\t\t\t\t\t\t<\/div>\n\t\t\t\t<\/div>\n\t\t\t\t\t<\/div>\n\t\t<\/div>\n\t\t\t\t<div class=\"elementor-column elementor-col-33 elementor-top-column elementor-element elementor-element-2883f5f news-item-ad\" data-id=\"2883f5f\" data-element_type=\"column\" data-e-type=\"column\">\n\t\t\t<div class=\"elementor-widget-wrap elementor-element-populated\">\n\t\t\t\t\t\t<div class=\"elementor-element elementor-element-cea8fd0 elementor-position-top elementor-widget elementor-widget-image-box\" data-id=\"cea8fd0\" data-element_type=\"widget\" data-e-type=\"widget\" data-widget_type=\"image-box.default\">\n\t\t\t\t<div class=\"elementor-widget-container\">\n\t\t\t\t\t<div class=\"elementor-image-box-wrapper\"><figure class=\"elementor-image-box-img\"><img decoding=\"async\" src=\"https:\/\/fifv.cl\/2018\/wp-content\/uploads\/elementor\/thumbs\/43354592_2278137892220780_3974545676108300288_n-e1539614233423-pu8h72i9ko2f2zprgqup44dtabbt9n0msf6hr550o0.jpg\" title=\"43354592_2278137892220780_3974545676108300288_n\" alt=\"43354592_2278137892220780_3974545676108300288_n\" loading=\"lazy\" \/><\/figure><div class=\"elementor-image-box-content\"><h2 class=\"elementor-image-box-title\">monica allende<\/h2><\/div><\/div>\t\t\t\t<\/div>\n\t\t\t\t<\/div>\n\t\t\t\t<div class=\"elementor-element elementor-element-b55e202 elementor-widget elementor-widget-text-editor\" data-id=\"b55e202\" data-element_type=\"widget\" data-e-type=\"widget\" data-widget_type=\"text-editor.default\">\n\t\t\t\t<div class=\"elementor-widget-container\">\n\t\t\t\t\t\t\t\t\t<p>M\u00f3nica Allende es curadora independiente, productora creativa, consultora y educadora. Es la Directora Art\u00edstica de GetxoPhoto Photo Festival, y colabora con WeTransfer como productora y consultora creativa, fue directora de FORMAT17 International Photography Festival, ha colaborado con Screen Projects y est\u00e1 produciendo varios proyectos multidisciplinarios con artistas y plataformas digitales en todo el mundo.<br \/>Anteriormente, M\u00f3nica fue la editora fotogr\u00e1fica de la revista Sunday Times, donde lanz\u00f3 Spectrum, una muy premiada secci\u00f3n de fotograf\u00eda. Tambi\u00e9n ha realizado c\u00e1tedras como profesora invitada de la London College of Communication y dicta workshops en ScreenLab, Londres; EFTI, Madrid; Tashkeil, Saudi Arabia; the University of Sunderland\u2019s Mentorship Business Programme; Festival Internazionale a Ferrara; WPP workshop Angola; Magnum Professional Practice Workshops, entre otros.<br \/>Su participaci\u00f3n en la 8va versi\u00f3n de FIFV ser\u00e1 con el workshop \u201cTransmedia: creaci\u00f3n y narraci\u00f3n multimedial y colaborativa\u201d, donde pretende ampliar el uso de los diversos formatos a trav\u00e9s del trabajo colectivo y la integraci\u00f3n de herramientas digitales. Adem\u00e1s, participar\u00e1 con una intervenci\u00f3n en nuestros \u201cDi\u00e1logos Fotogr\u00e1ficos\u201d el viernes 2 de noviembre, en El Internado.<\/p>\t\t\t\t\t\t\t\t<\/div>\n\t\t\t\t<\/div>\n\t\t\t\t\t<\/div>\n\t\t<\/div>\n\t\t\t\t\t<\/div>\n\t\t<\/section>\n\t\t\t\t<section class=\"elementor-section elementor-top-section elementor-element elementor-element-20f8d711 elementor-section-boxed elementor-section-height-default elementor-section-height-default\" data-id=\"20f8d711\" data-element_type=\"section\" data-e-type=\"section\" data-settings=\"{&quot;background_background&quot;:&quot;classic&quot;}\">\n\t\t\t\t\t\t<div class=\"elementor-container elementor-column-gap-default\">\n\t\t\t\t\t<div class=\"elementor-column elementor-col-33 elementor-top-column elementor-element elementor-element-6492bbd6\" data-id=\"6492bbd6\" data-element_type=\"column\" data-e-type=\"column\">\n\t\t\t<div class=\"elementor-widget-wrap elementor-element-populated\">\n\t\t\t\t\t\t<div class=\"elementor-element elementor-element-3e87f6b5 elementor-widget-divider--view-line elementor-widget elementor-widget-divider\" data-id=\"3e87f6b5\" data-element_type=\"widget\" data-e-type=\"widget\" data-widget_type=\"divider.default\">\n\t\t\t\t<div class=\"elementor-widget-container\">\n\t\t\t\t\t\t\t<div class=\"elementor-divider\">\n\t\t\t<span class=\"elementor-divider-separator\">\n\t\t\t\t\t\t<\/span>\n\t\t<\/div>\n\t\t\t\t\t\t<\/div>\n\t\t\t\t<\/div>\n\t\t\t\t\t<\/div>\n\t\t<\/div>\n\t\t\t\t<div class=\"elementor-column elementor-col-33 elementor-top-column elementor-element elementor-element-3239cb66\" data-id=\"3239cb66\" data-element_type=\"column\" data-e-type=\"column\">\n\t\t\t<div class=\"elementor-widget-wrap elementor-element-populated\">\n\t\t\t\t\t\t<div class=\"elementor-element elementor-element-50056b7c equipo-tituloGrupo elementor-widget elementor-widget-heading\" data-id=\"50056b7c\" data-element_type=\"widget\" data-e-type=\"widget\" data-widget_type=\"heading.default\">\n\t\t\t\t<div class=\"elementor-widget-container\">\n\t\t\t\t\t<h2 class=\"elementor-heading-title elementor-size-default\">VERSIONES ANTERIORES<\/h2>\t\t\t\t<\/div>\n\t\t\t\t<\/div>\n\t\t\t\t\t<\/div>\n\t\t<\/div>\n\t\t\t\t<div class=\"elementor-column elementor-col-33 elementor-top-column elementor-element elementor-element-2f59d644\" data-id=\"2f59d644\" data-element_type=\"column\" data-e-type=\"column\">\n\t\t\t<div class=\"elementor-widget-wrap elementor-element-populated\">\n\t\t\t\t\t\t<div class=\"elementor-element elementor-element-1ea59701 elementor-widget-divider--view-line elementor-widget elementor-widget-divider\" data-id=\"1ea59701\" data-element_type=\"widget\" data-e-type=\"widget\" data-widget_type=\"divider.default\">\n\t\t\t\t<div class=\"elementor-widget-container\">\n\t\t\t\t\t\t\t<div class=\"elementor-divider\">\n\t\t\t<span class=\"elementor-divider-separator\">\n\t\t\t\t\t\t<\/span>\n\t\t<\/div>\n\t\t\t\t\t\t<\/div>\n\t\t\t\t<\/div>\n\t\t\t\t\t<\/div>\n\t\t<\/div>\n\t\t\t\t\t<\/div>\n\t\t<\/section>\n\t\t\t\t<section class=\"elementor-section elementor-top-section elementor-element elementor-element-7eed6b2a elementor-section-boxed elementor-section-height-default elementor-section-height-default\" data-id=\"7eed6b2a\" data-element_type=\"section\" data-e-type=\"section\" data-settings=\"{&quot;background_background&quot;:&quot;classic&quot;}\">\n\t\t\t\t\t\t<div class=\"elementor-container elementor-column-gap-default\">\n\t\t\t\t\t<div class=\"elementor-column elementor-col-12 elementor-top-column elementor-element elementor-element-6c52e0bc\" data-id=\"6c52e0bc\" data-element_type=\"column\" data-e-type=\"column\">\n\t\t\t<div class=\"elementor-widget-wrap elementor-element-populated\">\n\t\t\t\t\t\t<div class=\"elementor-element elementor-element-52452176 elementor-widget elementor-widget-heading\" data-id=\"52452176\" data-element_type=\"widget\" data-e-type=\"widget\" data-widget_type=\"heading.default\">\n\t\t\t\t<div class=\"elementor-widget-container\">\n\t\t\t\t\t<h2 class=\"elementor-heading-title elementor-size-default\"><a href=\"http:\/\/www.fifv.cl\/2010\">2010<\/a><\/h2>\t\t\t\t<\/div>\n\t\t\t\t<\/div>\n\t\t\t\t\t<\/div>\n\t\t<\/div>\n\t\t\t\t<div class=\"elementor-column elementor-col-12 elementor-top-column elementor-element elementor-element-2c7a03d5\" data-id=\"2c7a03d5\" data-element_type=\"column\" data-e-type=\"column\">\n\t\t\t<div class=\"elementor-widget-wrap elementor-element-populated\">\n\t\t\t\t\t\t<div class=\"elementor-element elementor-element-6abd3091 elementor-widget elementor-widget-heading\" data-id=\"6abd3091\" data-element_type=\"widget\" data-e-type=\"widget\" data-widget_type=\"heading.default\">\n\t\t\t\t<div class=\"elementor-widget-container\">\n\t\t\t\t\t<h2 class=\"elementor-heading-title elementor-size-default\"><a href=\"http:\/\/www.fifv.cl\/2011\">2011<\/a><\/h2>\t\t\t\t<\/div>\n\t\t\t\t<\/div>\n\t\t\t\t\t<\/div>\n\t\t<\/div>\n\t\t\t\t<div class=\"elementor-column elementor-col-12 elementor-top-column elementor-element elementor-element-8d29ed1\" data-id=\"8d29ed1\" data-element_type=\"column\" data-e-type=\"column\">\n\t\t\t<div class=\"elementor-widget-wrap elementor-element-populated\">\n\t\t\t\t\t\t<div class=\"elementor-element elementor-element-5066fc7 elementor-widget elementor-widget-heading\" data-id=\"5066fc7\" data-element_type=\"widget\" data-e-type=\"widget\" data-widget_type=\"heading.default\">\n\t\t\t\t<div class=\"elementor-widget-container\">\n\t\t\t\t\t<h2 class=\"elementor-heading-title elementor-size-default\"><a href=\"http:\/\/www.fifv.cl\/2012\">2012<\/a><\/h2>\t\t\t\t<\/div>\n\t\t\t\t<\/div>\n\t\t\t\t\t<\/div>\n\t\t<\/div>\n\t\t\t\t<div class=\"elementor-column elementor-col-12 elementor-top-column elementor-element elementor-element-1da59c63\" data-id=\"1da59c63\" data-element_type=\"column\" data-e-type=\"column\">\n\t\t\t<div class=\"elementor-widget-wrap elementor-element-populated\">\n\t\t\t\t\t\t<div class=\"elementor-element elementor-element-50ff3374 elementor-widget elementor-widget-heading\" data-id=\"50ff3374\" data-element_type=\"widget\" data-e-type=\"widget\" data-widget_type=\"heading.default\">\n\t\t\t\t<div class=\"elementor-widget-container\">\n\t\t\t\t\t<h2 class=\"elementor-heading-title elementor-size-default\"><a href=\"http:\/\/www.fifv.cl\/2013\">2013<\/a><\/h2>\t\t\t\t<\/div>\n\t\t\t\t<\/div>\n\t\t\t\t\t<\/div>\n\t\t<\/div>\n\t\t\t\t<div class=\"elementor-column elementor-col-12 elementor-top-column elementor-element elementor-element-12cf3ad6\" data-id=\"12cf3ad6\" data-element_type=\"column\" data-e-type=\"column\">\n\t\t\t<div class=\"elementor-widget-wrap elementor-element-populated\">\n\t\t\t\t\t\t<div class=\"elementor-element elementor-element-2a35137c elementor-widget elementor-widget-heading\" data-id=\"2a35137c\" data-element_type=\"widget\" data-e-type=\"widget\" data-widget_type=\"heading.default\">\n\t\t\t\t<div class=\"elementor-widget-container\">\n\t\t\t\t\t<h2 class=\"elementor-heading-title elementor-size-default\"><a href=\"http:\/\/www.fifv.cl\/2014\">2014<\/a><\/h2>\t\t\t\t<\/div>\n\t\t\t\t<\/div>\n\t\t\t\t\t<\/div>\n\t\t<\/div>\n\t\t\t\t<div class=\"elementor-column elementor-col-12 elementor-top-column elementor-element elementor-element-be2be1d\" data-id=\"be2be1d\" data-element_type=\"column\" data-e-type=\"column\">\n\t\t\t<div class=\"elementor-widget-wrap elementor-element-populated\">\n\t\t\t\t\t\t<div class=\"elementor-element elementor-element-c4c3256 elementor-widget elementor-widget-heading\" data-id=\"c4c3256\" data-element_type=\"widget\" data-e-type=\"widget\" data-widget_type=\"heading.default\">\n\t\t\t\t<div class=\"elementor-widget-container\">\n\t\t\t\t\t<h2 class=\"elementor-heading-title elementor-size-default\"><a href=\"http:\/\/www.fifv.cl\/2015\">2015<\/a><\/h2>\t\t\t\t<\/div>\n\t\t\t\t<\/div>\n\t\t\t\t\t<\/div>\n\t\t<\/div>\n\t\t\t\t<div class=\"elementor-column elementor-col-12 elementor-top-column elementor-element elementor-element-3c022898\" data-id=\"3c022898\" data-element_type=\"column\" data-e-type=\"column\">\n\t\t\t<div class=\"elementor-widget-wrap elementor-element-populated\">\n\t\t\t\t\t\t<div class=\"elementor-element elementor-element-5b8fba53 elementor-widget elementor-widget-heading\" data-id=\"5b8fba53\" data-element_type=\"widget\" data-e-type=\"widget\" data-widget_type=\"heading.default\">\n\t\t\t\t<div class=\"elementor-widget-container\">\n\t\t\t\t\t<h2 class=\"elementor-heading-title elementor-size-default\"><a href=\"http:\/\/www.fifv.cl\/2016\">2016<\/a><\/h2>\t\t\t\t<\/div>\n\t\t\t\t<\/div>\n\t\t\t\t\t<\/div>\n\t\t<\/div>\n\t\t\t\t<div class=\"elementor-column elementor-col-12 elementor-top-column elementor-element elementor-element-2ca27ea1\" data-id=\"2ca27ea1\" data-element_type=\"column\" data-e-type=\"column\">\n\t\t\t<div class=\"elementor-widget-wrap elementor-element-populated\">\n\t\t\t\t\t\t<div class=\"elementor-element elementor-element-711061b4 elementor-widget elementor-widget-heading\" data-id=\"711061b4\" data-element_type=\"widget\" data-e-type=\"widget\" data-widget_type=\"heading.default\">\n\t\t\t\t<div class=\"elementor-widget-container\">\n\t\t\t\t\t<h2 class=\"elementor-heading-title elementor-size-default\"><a href=\"http:\/\/www.fifv.cl\/2017\">2017<\/a><\/h2>\t\t\t\t<\/div>\n\t\t\t\t<\/div>\n\t\t\t\t\t<\/div>\n\t\t<\/div>\n\t\t\t\t\t<\/div>\n\t\t<\/section>\n\t\t\t\t<section class=\"elementor-section elementor-top-section elementor-element elementor-element-924b0a4 elementor-section-boxed elementor-section-height-default elementor-section-height-default\" data-id=\"924b0a4\" data-element_type=\"section\" data-e-type=\"section\" data-settings=\"{&quot;background_background&quot;:&quot;classic&quot;}\">\n\t\t\t\t\t\t<div class=\"elementor-container elementor-column-gap-default\">\n\t\t\t\t\t<div class=\"elementor-column elementor-col-100 elementor-top-column elementor-element elementor-element-f612af4\" data-id=\"f612af4\" data-element_type=\"column\" data-e-type=\"column\">\n\t\t\t<div class=\"elementor-widget-wrap elementor-element-populated\">\n\t\t\t\t\t\t<div class=\"elementor-element elementor-element-5326fae elementor-widget elementor-widget-image\" data-id=\"5326fae\" data-element_type=\"widget\" data-e-type=\"widget\" data-widget_type=\"image.default\">\n\t\t\t\t<div class=\"elementor-widget-container\">\n\t\t\t\t\t\t\t\t\t\t\t\t\t\t\t<img fetchpriority=\"high\" decoding=\"async\" width=\"1221\" height=\"163\" src=\"https:\/\/fifv.cl\/2018\/wp-content\/uploads\/2018\/10\/logos-fifv.png\" class=\"attachment-full size-full wp-image-300\" alt=\"\" srcset=\"https:\/\/fifv.cl\/2018\/wp-content\/uploads\/2018\/10\/logos-fifv.png 1221w, https:\/\/fifv.cl\/2018\/wp-content\/uploads\/2018\/10\/logos-fifv-300x40.png 300w, https:\/\/fifv.cl\/2018\/wp-content\/uploads\/2018\/10\/logos-fifv-768x103.png 768w, https:\/\/fifv.cl\/2018\/wp-content\/uploads\/2018\/10\/logos-fifv-1024x137.png 1024w, https:\/\/fifv.cl\/2018\/wp-content\/uploads\/2018\/10\/logos-fifv-750x100.png 750w\" sizes=\"(max-width: 1221px) 100vw, 1221px\" \/>\t\t\t\t\t\t\t\t\t\t\t\t\t\t\t<\/div>\n\t\t\t\t<\/div>\n\t\t\t\t\t<\/div>\n\t\t<\/div>\n\t\t\t\t\t<\/div>\n\t\t<\/section>\n\t\t\t\t<\/div>\n\t\t","protected":false},"excerpt":{"rendered":"<p>Smart Slider with ID: 1 Invitados Arno Brignon Es un fot\u00f3grafo franc\u00e9s y actualmente reside en la zona de Toulouse. Curs\u00f3 sus estudios de fotograf\u00eda en ETPA y ORFEA, de [&hellip;]<\/p>\n","protected":false},"author":1,"featured_media":120,"parent":0,"menu_order":0,"comment_status":"closed","ping_status":"closed","template":"elementor_header_footer","meta":{"footnotes":""},"class_list":["post-130","page","type-page","status-publish","has-post-thumbnail","hentry"],"_links":{"self":[{"href":"https:\/\/fifv.cl\/2018\/wp-json\/wp\/v2\/pages\/130","targetHints":{"allow":["GET"]}}],"collection":[{"href":"https:\/\/fifv.cl\/2018\/wp-json\/wp\/v2\/pages"}],"about":[{"href":"https:\/\/fifv.cl\/2018\/wp-json\/wp\/v2\/types\/page"}],"author":[{"embeddable":true,"href":"https:\/\/fifv.cl\/2018\/wp-json\/wp\/v2\/users\/1"}],"replies":[{"embeddable":true,"href":"https:\/\/fifv.cl\/2018\/wp-json\/wp\/v2\/comments?post=130"}],"version-history":[{"count":9,"href":"https:\/\/fifv.cl\/2018\/wp-json\/wp\/v2\/pages\/130\/revisions"}],"predecessor-version":[{"id":575,"href":"https:\/\/fifv.cl\/2018\/wp-json\/wp\/v2\/pages\/130\/revisions\/575"}],"wp:featuredmedia":[{"embeddable":true,"href":"https:\/\/fifv.cl\/2018\/wp-json\/wp\/v2\/media\/120"}],"wp:attachment":[{"href":"https:\/\/fifv.cl\/2018\/wp-json\/wp\/v2\/media?parent=130"}],"curies":[{"name":"wp","href":"https:\/\/api.w.org\/{rel}","templated":true}]}}