{"id":142,"date":"2018-10-05T15:39:40","date_gmt":"2018-10-05T18:39:40","guid":{"rendered":"http:\/\/fifv.cl\/2018\/?page_id=142"},"modified":"2018-10-25T15:06:54","modified_gmt":"2018-10-25T18:06:54","slug":"mediacion","status":"publish","type":"page","link":"https:\/\/fifv.cl\/2018\/mediacion\/","title":{"rendered":"Mediaci\u00f3n"},"content":{"rendered":"\t\t<div data-elementor-type=\"wp-post\" data-elementor-id=\"142\" class=\"elementor elementor-142 elementor-bc-flex-widget\">\n\t\t\t\t\t\t<section class=\"elementor-section elementor-top-section elementor-element elementor-element-d258c1d elementor-section-boxed elementor-section-height-default elementor-section-height-default\" data-id=\"d258c1d\" data-element_type=\"section\" data-e-type=\"section\">\n\t\t\t\t\t\t<div class=\"elementor-container elementor-column-gap-default\">\n\t\t\t\t\t<div class=\"elementor-column elementor-col-100 elementor-top-column elementor-element elementor-element-ff2e866 elementor-invisible\" data-id=\"ff2e866\" data-element_type=\"column\" data-e-type=\"column\" data-settings=\"{&quot;animation&quot;:&quot;fadeIn&quot;}\">\n\t\t\t<div class=\"elementor-widget-wrap elementor-element-populated\">\n\t\t\t\t\t\t\t<\/div>\n\t\t<\/div>\n\t\t\t\t\t<\/div>\n\t\t<\/section>\n\t\t\t\t<section class=\"elementor-section elementor-top-section elementor-element elementor-element-222b5825 fifv-content elementor-section-boxed elementor-section-height-default elementor-section-height-default\" data-id=\"222b5825\" data-element_type=\"section\" data-e-type=\"section\">\n\t\t\t\t\t\t<div class=\"elementor-container elementor-column-gap-default\">\n\t\t\t\t\t<div class=\"elementor-column elementor-col-100 elementor-top-column elementor-element elementor-element-85b89f4\" data-id=\"85b89f4\" data-element_type=\"column\" data-e-type=\"column\">\n\t\t\t<div class=\"elementor-widget-wrap elementor-element-populated\">\n\t\t\t\t\t\t<div class=\"elementor-element elementor-element-48966d77 titlePage elementor-widget elementor-widget-heading\" data-id=\"48966d77\" data-element_type=\"widget\" data-e-type=\"widget\" data-widget_type=\"heading.default\">\n\t\t\t\t<div class=\"elementor-widget-container\">\n\t\t\t\t\t<h2 class=\"elementor-heading-title elementor-size-default\">Mediaci\u00f3n<\/h2>\t\t\t\t<\/div>\n\t\t\t\t<\/div>\n\t\t\t\t\t<\/div>\n\t\t<\/div>\n\t\t\t\t\t<\/div>\n\t\t<\/section>\n\t\t\t\t<section class=\"elementor-section elementor-top-section elementor-element elementor-element-aa7be8d fifv-content elementor-section-boxed elementor-section-height-default elementor-section-height-default\" data-id=\"aa7be8d\" data-element_type=\"section\" data-e-type=\"section\">\n\t\t\t\t\t\t<div class=\"elementor-container elementor-column-gap-default\">\n\t\t\t\t\t<div class=\"elementor-column elementor-col-100 elementor-top-column elementor-element elementor-element-7c97fd4\" data-id=\"7c97fd4\" data-element_type=\"column\" data-e-type=\"column\">\n\t\t\t<div class=\"elementor-widget-wrap elementor-element-populated\">\n\t\t\t\t\t\t<div class=\"elementor-element elementor-element-ad82b97 elementor-widget elementor-widget-text-editor\" data-id=\"ad82b97\" data-element_type=\"widget\" data-e-type=\"widget\" data-widget_type=\"text-editor.default\">\n\t\t\t\t<div class=\"elementor-widget-container\">\n\t\t\t\t\t\t\t\t\t<p><b><i>Imagen Salvaje<\/i><\/b><span style=\"font-weight: 400;\"> es una plataforma experimental de investigaci\u00f3n y creaci\u00f3n que postula la fotograf\u00eda como herramienta de expresi\u00f3n y pensamiento , trabajando a partir de din\u00e1micas formativas. <\/span><\/p><p><span style=\"font-weight: 400;\">El proyecto surge en el a\u00f1o 2017, estableciendo relaciones de trabajo e intercambio con m\u00faltiples instituciones educativas ( Universidades, Institutos Profesionales, Colegios, Escuelas p\u00fablicas y Liceos ) para desarrollar en conjunto un di\u00e1logo reflexivo y colaborativo en torno a tem\u00e1ticas actuales ciudadanas. <\/span><\/p><p><span style=\"font-weight: 400;\">\u00bfCu\u00e1l es el potencial de una imagen? \u00bfQui\u00e9n escribe nuestra historia? \u00bf Que nos sucede al mirar ?<\/span><\/p><p><span style=\"font-weight: 400;\">Mediante talleres donde se utilizan diversas t\u00e9cnicas artesanales, digitales y nuevas tecnolog\u00edas \u00a0<\/span><b><i>Imagen Salvaje<\/i><\/b><span style=\"font-weight: 400;\"> se propone como una instancia creativa e innovadora que propone estimular, desde las im\u00e1genes, el desarrollo de miradas pensantes, sensibles y activas que permitan a los j\u00f3venes pensar, sentir y activar , el mundo en el cual est\u00e1n insertos.<\/span><\/p>\t\t\t\t\t\t\t\t<\/div>\n\t\t\t\t<\/div>\n\t\t\t\t<div class=\"elementor-element elementor-element-89fed3e elementor-widget elementor-widget-image\" data-id=\"89fed3e\" data-element_type=\"widget\" data-e-type=\"widget\" data-widget_type=\"image.default\">\n\t\t\t\t<div class=\"elementor-widget-container\">\n\t\t\t\t\t\t\t\t\t\t\t\t\t\t\t<img fetchpriority=\"high\" decoding=\"async\" width=\"640\" height=\"480\" src=\"https:\/\/fifv.cl\/2018\/wp-content\/uploads\/2018\/10\/mediacion2.jpg\" class=\"attachment-large size-large wp-image-620\" alt=\"\" srcset=\"https:\/\/fifv.cl\/2018\/wp-content\/uploads\/2018\/10\/mediacion2.jpg 1000w, https:\/\/fifv.cl\/2018\/wp-content\/uploads\/2018\/10\/mediacion2-300x225.jpg 300w, https:\/\/fifv.cl\/2018\/wp-content\/uploads\/2018\/10\/mediacion2-768x576.jpg 768w, https:\/\/fifv.cl\/2018\/wp-content\/uploads\/2018\/10\/mediacion2-750x563.jpg 750w\" sizes=\"(max-width: 640px) 100vw, 640px\" \/>\t\t\t\t\t\t\t\t\t\t\t\t\t\t\t<\/div>\n\t\t\t\t<\/div>\n\t\t\t\t<div class=\"elementor-element elementor-element-9c74477 elementor-widget elementor-widget-text-editor\" data-id=\"9c74477\" data-element_type=\"widget\" data-e-type=\"widget\" data-widget_type=\"text-editor.default\">\n\t\t\t\t<div class=\"elementor-widget-container\">\n\t\t\t\t\t\t\t\t\t<p><b>\u00bfEl tiempo es una ilusi\u00f3n<\/b><\/p><p><span style=\"font-weight: 400;\">Estamos atrapados en la sociedad de la informaci\u00f3n, sometidos a un bombardeo de im\u00e1genes y mensajes que nos estimulan y nos abren perspectivas, pero tambi\u00e9n nos controlan, confunden e impiden discriminar desde nuestra propia intuici\u00f3n y sensibilidad. Es necesario <\/span><b>desacelerar<\/b><span style=\"font-weight: 400;\"> la mirada<\/span> <span style=\"font-weight: 400;\">para modificar sus ritmos de observaci\u00f3n y resguardar su independencia cr\u00edtica, identificando los lugares desde los cuales <\/span><b>somos mirados y construidos<\/b><span style=\"font-weight: 400;\"> para, desde ah\u00ed, establecer \u00a0puntos de vista y enfoques personales. La <\/span><b><i>fotograf\u00eda consciente<\/i><\/b><span style=\"font-weight: 400;\"> emerge como una posibilidad emancipatoria que nos permite conectarnos con la problem\u00e1tica de la imagen, desde el momento mismo en que tomamos la decisi\u00f3n pol\u00edtica y emocional de encuadrar un trozo de realidad, estableciendo una zona de intersecci\u00f3n entre nuestra propia vida y el ejercicio fotogr\u00e1fico. Se trata de observar el afuera como correlato de un paisaje interior y preguntarse \u00a0<\/span><b>\u00bfqu\u00e9 nos sucede al mirar?<\/b><\/p><p><b><i>Imagen Salvaje<\/i><\/b><i><span style=\"font-weight: 400;\">,<\/span><\/i><span style=\"font-weight: 400;\"> como instancia formativa de reflexi\u00f3n sensible, activa el circuito de la mirada conectando el ojo, el coraz\u00f3n y la mano para liberar en los j\u00f3venes la posibilidad de un <\/span><b><i>decir con sentido<\/i><\/b><span style=\"font-weight: 400;\"> a trav\u00e9s de la escritura fotogr\u00e1fica colaborativa. <\/span><\/p><p><span style=\"font-weight: 400;\">Durante todo el a\u00f1o hemos trabajado intensamente con 12 maestros interlocutores y sus alumnos. Cada equipo desarroll\u00f3 un proyecto en base a ejercicios sugeridos, pero con una carta de navegaci\u00f3n abierta y respetuosa de las diferencias. Lejos de cualquier canon normativo y comprendiendo que el <\/span><b>ejercicio creativo es derecho y patrimonio com\u00fan<\/b><span style=\"font-weight: 400;\">, nuestra labor se ha limitado a acompa\u00f1ar el proceso de cada proyecto para potenciar sus resultados.<\/span><\/p><p><span style=\"font-weight: 400;\">\u00a0<\/span><\/p><p><b><i>Imagen Salvaje<\/i><\/b><span style=\"font-weight: 400;\">, de este modo, pone en marcha la implicancia social de la pr\u00e1ctica fotogr\u00e1fica desde un activismo po\u00e9tico, relevando el poder de la imagen como herramienta de cambio y toma de conciencia. <\/span><\/p><p><span style=\"font-weight: 400;\">Nos asiste la <\/span><b>ilusi\u00f3n <\/b><span style=\"font-weight: 400;\">de construir el mundo en que necesitamos vivir.<\/span><\/p>\t\t\t\t\t\t\t\t<\/div>\n\t\t\t\t<\/div>\n\t\t\t\t<div class=\"elementor-element elementor-element-9482db9 elementor-widget elementor-widget-image\" data-id=\"9482db9\" data-element_type=\"widget\" data-e-type=\"widget\" data-widget_type=\"image.default\">\n\t\t\t\t<div class=\"elementor-widget-container\">\n\t\t\t\t\t\t\t\t\t\t\t\t\t\t\t<img decoding=\"async\" width=\"640\" height=\"368\" src=\"https:\/\/fifv.cl\/2018\/wp-content\/uploads\/2018\/10\/mediacion1.jpg\" class=\"attachment-large size-large wp-image-619\" alt=\"\" srcset=\"https:\/\/fifv.cl\/2018\/wp-content\/uploads\/2018\/10\/mediacion1.jpg 1000w, https:\/\/fifv.cl\/2018\/wp-content\/uploads\/2018\/10\/mediacion1-300x173.jpg 300w, https:\/\/fifv.cl\/2018\/wp-content\/uploads\/2018\/10\/mediacion1-768x442.jpg 768w, https:\/\/fifv.cl\/2018\/wp-content\/uploads\/2018\/10\/mediacion1-750x431.jpg 750w\" sizes=\"(max-width: 640px) 100vw, 640px\" \/>\t\t\t\t\t\t\t\t\t\t\t\t\t\t\t<\/div>\n\t\t\t\t<\/div>\n\t\t\t\t<div class=\"elementor-element elementor-element-4f551ad elementor-widget elementor-widget-text-editor\" data-id=\"4f551ad\" data-element_type=\"widget\" data-e-type=\"widget\" data-widget_type=\"text-editor.default\">\n\t\t\t\t<div class=\"elementor-widget-container\">\n\t\t\t\t\t\t\t\t\t<p><span style=\"font-weight: 400;\"><strong>MEDIACI\u00d3N<\/strong> <\/span><\/p><p><span style=\"font-weight: 400;\">El \u00e1rea de mediaci\u00f3n de IMAGEN SALVAJE, proyecto del FIFV, realizar\u00e1 visitas guiadas a sus exposiciones en el Parque Cultural de Valpara\u00edso entre el 28 de octubre y 30 de diciembre, en el marco de su proyecto de intermediaci\u00f3n cultural.<\/span><span style=\"font-weight: 400;\"><br \/><\/span><span style=\"font-weight: 400;\">El objetivo principal es transformar las exposiciones en aulas vivas a trav\u00e9s del di\u00e1logo con el visitante fomentando la participaci\u00f3n. Junto con ello, se propone dar a conocer el Proyecto FIFV como agente cultural activo de la ciudad de Valpara\u00edso, su rol en la construcci\u00f3n de un archivo fotogr\u00e1fico contempor\u00e1neo de la ciudad al mismo tiempo que propone espacios de formaci\u00f3n y expresi\u00f3n de autores nacionales e internacionales.<\/span><span style=\"font-weight: 400;\"><br \/><\/span><span style=\"font-weight: 400;\">En resumen, la mediaci\u00f3n permite acercarse al proceso creativo y sus implicancias, las aproximaciones y errores que permiten la elaboraci\u00f3n de una obra de autor adem\u00e1s de ahondar en los criterios de edici\u00f3n, montaje, contexto del lugar y tem\u00e1tica. <\/span><span style=\"font-weight: 400;\"><br \/><\/span><span style=\"font-weight: 400;\">As\u00ed, este a\u00f1o el Festival plantea una pregunta: \u00bfEl tiempo es una ilusi\u00f3n? Cada autor, autora intenta responder a dicha reflexi\u00f3n a trav\u00e9s de im\u00e1genes.<\/span><span style=\"font-weight: 400;\"><br \/><\/span><span style=\"font-weight: 400;\"><br \/><\/span><strong>ENCARGADAS DE VISITAS GUIADAS:<br \/><\/strong><span style=\"font-weight: 400;\"><br \/><\/span><span style=\"font-weight: 400;\">Anamar\u00eda Briede Westermeyer:<\/span><span style=\"font-weight: 400;\"><br \/><\/span><span style=\"font-weight: 400;\">+56 9 98378320<\/span><span style=\"font-weight: 400;\"><br \/><\/span><span style=\"font-weight: 400;\">anamaria@fifv.cl<\/span><span style=\"font-weight: 400;\"><br \/><\/span><span style=\"font-weight: 400;\"><br \/><\/span><span style=\"font-weight: 400;\">Laura Quiroz Ledesma:<\/span><span style=\"font-weight: 400;\"><br \/><\/span><span style=\"font-weight: 400;\">+56 9 094216231<\/span><span style=\"font-weight: 400;\"><br \/><\/span><span style=\"font-weight: 400;\">laura@fifv.cl<\/span><span style=\"font-weight: 400;\"><br \/><\/span><span style=\"font-weight: 400;\"><br \/><\/span><strong>D\u00edas de visitas: \u00a0<\/strong><span style=\"font-weight: 400;\"><br \/><\/span><span style=\"font-weight: 400;\">Lunes a viernes<\/span><span style=\"font-weight: 400;\"><br \/><\/span><span style=\"font-weight: 400;\"><br \/><\/span><span style=\"font-weight: 400;\">Horario de visita:<\/span><span style=\"font-weight: 400;\"><br \/><\/span><span style=\"font-weight: 400;\">Ma\u00f1ana 12:00 a 13:30<\/span><span style=\"font-weight: 400;\"><br \/><\/span><span style=\"font-weight: 400;\">Tarde \u00a0\u00a015:30 a 17:30<\/span><\/p><p><span style=\"font-weight: 400;\">La mediaci\u00f3n est\u00e1 dirigida a todo p\u00fablico, estudiantes universitarios y de ense\u00f1anza media, comunidades del adulto mayor, organizaciones culturales y sociales. Se podr\u00e1 concertar visitas los d\u00edas s\u00e1bado y\/o domingo a partir de las 12:00.<\/span><span style=\"font-weight: 400;\"><br \/><\/span><span style=\"font-weight: 400;\">Todas las visitas se realizar\u00e1n previa confirmaci\u00f3n por tel\u00e9fono o correo con las encargadas.<\/span><span style=\"font-weight: 400;\"><br \/><\/span><span style=\"font-weight: 400;\">Los y las esperamos!<\/span><\/p><p><b>Equipo Imagen Salvaje<\/b><\/p>\t\t\t\t\t\t\t\t<\/div>\n\t\t\t\t<\/div>\n\t\t\t\t\t<\/div>\n\t\t<\/div>\n\t\t\t\t\t<\/div>\n\t\t<\/section>\n\t\t\t\t<section class=\"elementor-section elementor-top-section elementor-element elementor-element-26073c71 elementor-section-boxed elementor-section-height-default elementor-section-height-default\" data-id=\"26073c71\" data-element_type=\"section\" data-e-type=\"section\" data-settings=\"{&quot;background_background&quot;:&quot;classic&quot;}\">\n\t\t\t\t\t\t<div class=\"elementor-container elementor-column-gap-default\">\n\t\t\t\t\t<div class=\"elementor-column elementor-col-33 elementor-top-column elementor-element elementor-element-26f17882\" data-id=\"26f17882\" data-element_type=\"column\" data-e-type=\"column\">\n\t\t\t<div class=\"elementor-widget-wrap elementor-element-populated\">\n\t\t\t\t\t\t<div class=\"elementor-element elementor-element-7c4381ca elementor-widget-divider--view-line elementor-widget elementor-widget-divider\" data-id=\"7c4381ca\" data-element_type=\"widget\" data-e-type=\"widget\" data-widget_type=\"divider.default\">\n\t\t\t\t<div class=\"elementor-widget-container\">\n\t\t\t\t\t\t\t<div class=\"elementor-divider\">\n\t\t\t<span class=\"elementor-divider-separator\">\n\t\t\t\t\t\t<\/span>\n\t\t<\/div>\n\t\t\t\t\t\t<\/div>\n\t\t\t\t<\/div>\n\t\t\t\t\t<\/div>\n\t\t<\/div>\n\t\t\t\t<div class=\"elementor-column elementor-col-33 elementor-top-column elementor-element elementor-element-6c5c1773\" data-id=\"6c5c1773\" data-element_type=\"column\" data-e-type=\"column\">\n\t\t\t<div class=\"elementor-widget-wrap elementor-element-populated\">\n\t\t\t\t\t\t<div class=\"elementor-element elementor-element-286398e2 equipo-tituloGrupo elementor-widget elementor-widget-heading\" data-id=\"286398e2\" data-element_type=\"widget\" data-e-type=\"widget\" data-widget_type=\"heading.default\">\n\t\t\t\t<div class=\"elementor-widget-container\">\n\t\t\t\t\t<h2 class=\"elementor-heading-title elementor-size-default\">VERSIONES ANTERIORES<\/h2>\t\t\t\t<\/div>\n\t\t\t\t<\/div>\n\t\t\t\t\t<\/div>\n\t\t<\/div>\n\t\t\t\t<div class=\"elementor-column elementor-col-33 elementor-top-column elementor-element elementor-element-5ae00456\" data-id=\"5ae00456\" data-element_type=\"column\" data-e-type=\"column\">\n\t\t\t<div class=\"elementor-widget-wrap elementor-element-populated\">\n\t\t\t\t\t\t<div class=\"elementor-element elementor-element-1ea9c701 elementor-widget-divider--view-line elementor-widget elementor-widget-divider\" data-id=\"1ea9c701\" data-element_type=\"widget\" data-e-type=\"widget\" data-widget_type=\"divider.default\">\n\t\t\t\t<div class=\"elementor-widget-container\">\n\t\t\t\t\t\t\t<div class=\"elementor-divider\">\n\t\t\t<span class=\"elementor-divider-separator\">\n\t\t\t\t\t\t<\/span>\n\t\t<\/div>\n\t\t\t\t\t\t<\/div>\n\t\t\t\t<\/div>\n\t\t\t\t\t<\/div>\n\t\t<\/div>\n\t\t\t\t\t<\/div>\n\t\t<\/section>\n\t\t\t\t<section class=\"elementor-section elementor-top-section elementor-element elementor-element-407c37c7 elementor-section-boxed elementor-section-height-default elementor-section-height-default\" data-id=\"407c37c7\" data-element_type=\"section\" data-e-type=\"section\" data-settings=\"{&quot;background_background&quot;:&quot;classic&quot;}\">\n\t\t\t\t\t\t<div class=\"elementor-container elementor-column-gap-default\">\n\t\t\t\t\t<div class=\"elementor-column elementor-col-12 elementor-top-column elementor-element elementor-element-26bfbbb9\" data-id=\"26bfbbb9\" data-element_type=\"column\" data-e-type=\"column\">\n\t\t\t<div class=\"elementor-widget-wrap elementor-element-populated\">\n\t\t\t\t\t\t<div class=\"elementor-element elementor-element-7ec87987 elementor-widget elementor-widget-heading\" data-id=\"7ec87987\" data-element_type=\"widget\" data-e-type=\"widget\" data-widget_type=\"heading.default\">\n\t\t\t\t<div class=\"elementor-widget-container\">\n\t\t\t\t\t<h2 class=\"elementor-heading-title elementor-size-default\"><a href=\"http:\/\/www.fifv.cl\/2010\">2010<\/a><\/h2>\t\t\t\t<\/div>\n\t\t\t\t<\/div>\n\t\t\t\t\t<\/div>\n\t\t<\/div>\n\t\t\t\t<div class=\"elementor-column elementor-col-12 elementor-top-column elementor-element elementor-element-649e33c8\" data-id=\"649e33c8\" data-element_type=\"column\" data-e-type=\"column\">\n\t\t\t<div class=\"elementor-widget-wrap elementor-element-populated\">\n\t\t\t\t\t\t<div class=\"elementor-element elementor-element-2a36867 elementor-widget elementor-widget-heading\" data-id=\"2a36867\" data-element_type=\"widget\" data-e-type=\"widget\" data-widget_type=\"heading.default\">\n\t\t\t\t<div class=\"elementor-widget-container\">\n\t\t\t\t\t<h2 class=\"elementor-heading-title elementor-size-default\"><a href=\"http:\/\/www.fifv.cl\/2011\">2011<\/a><\/h2>\t\t\t\t<\/div>\n\t\t\t\t<\/div>\n\t\t\t\t\t<\/div>\n\t\t<\/div>\n\t\t\t\t<div class=\"elementor-column elementor-col-12 elementor-top-column elementor-element elementor-element-1ba1312f\" data-id=\"1ba1312f\" data-element_type=\"column\" data-e-type=\"column\">\n\t\t\t<div class=\"elementor-widget-wrap elementor-element-populated\">\n\t\t\t\t\t\t<div class=\"elementor-element elementor-element-31e41563 elementor-widget elementor-widget-heading\" data-id=\"31e41563\" data-element_type=\"widget\" data-e-type=\"widget\" data-widget_type=\"heading.default\">\n\t\t\t\t<div class=\"elementor-widget-container\">\n\t\t\t\t\t<h2 class=\"elementor-heading-title elementor-size-default\"><a href=\"http:\/\/www.fifv.cl\/2012\">2012<\/a><\/h2>\t\t\t\t<\/div>\n\t\t\t\t<\/div>\n\t\t\t\t\t<\/div>\n\t\t<\/div>\n\t\t\t\t<div class=\"elementor-column elementor-col-12 elementor-top-column elementor-element elementor-element-4472653e\" data-id=\"4472653e\" data-element_type=\"column\" data-e-type=\"column\">\n\t\t\t<div class=\"elementor-widget-wrap elementor-element-populated\">\n\t\t\t\t\t\t<div class=\"elementor-element elementor-element-37cd1439 elementor-widget elementor-widget-heading\" data-id=\"37cd1439\" data-element_type=\"widget\" data-e-type=\"widget\" data-widget_type=\"heading.default\">\n\t\t\t\t<div class=\"elementor-widget-container\">\n\t\t\t\t\t<h2 class=\"elementor-heading-title elementor-size-default\"><a href=\"http:\/\/www.fifv.cl\/2013\">2013<\/a><\/h2>\t\t\t\t<\/div>\n\t\t\t\t<\/div>\n\t\t\t\t\t<\/div>\n\t\t<\/div>\n\t\t\t\t<div class=\"elementor-column elementor-col-12 elementor-top-column elementor-element elementor-element-63d353f\" data-id=\"63d353f\" data-element_type=\"column\" data-e-type=\"column\">\n\t\t\t<div class=\"elementor-widget-wrap elementor-element-populated\">\n\t\t\t\t\t\t<div class=\"elementor-element elementor-element-544afe63 elementor-widget elementor-widget-heading\" data-id=\"544afe63\" data-element_type=\"widget\" data-e-type=\"widget\" data-widget_type=\"heading.default\">\n\t\t\t\t<div class=\"elementor-widget-container\">\n\t\t\t\t\t<h2 class=\"elementor-heading-title elementor-size-default\"><a href=\"http:\/\/www.fifv.cl\/2014\">2014<\/a><\/h2>\t\t\t\t<\/div>\n\t\t\t\t<\/div>\n\t\t\t\t\t<\/div>\n\t\t<\/div>\n\t\t\t\t<div class=\"elementor-column elementor-col-12 elementor-top-column elementor-element elementor-element-6cb940a\" data-id=\"6cb940a\" data-element_type=\"column\" data-e-type=\"column\">\n\t\t\t<div class=\"elementor-widget-wrap elementor-element-populated\">\n\t\t\t\t\t\t<div class=\"elementor-element elementor-element-6ca23b04 elementor-widget elementor-widget-heading\" data-id=\"6ca23b04\" data-element_type=\"widget\" data-e-type=\"widget\" data-widget_type=\"heading.default\">\n\t\t\t\t<div class=\"elementor-widget-container\">\n\t\t\t\t\t<h2 class=\"elementor-heading-title elementor-size-default\"><a href=\"http:\/\/www.fifv.cl\/2015\">2015<\/a><\/h2>\t\t\t\t<\/div>\n\t\t\t\t<\/div>\n\t\t\t\t\t<\/div>\n\t\t<\/div>\n\t\t\t\t<div class=\"elementor-column elementor-col-12 elementor-top-column elementor-element elementor-element-83d87a7\" data-id=\"83d87a7\" data-element_type=\"column\" data-e-type=\"column\">\n\t\t\t<div class=\"elementor-widget-wrap elementor-element-populated\">\n\t\t\t\t\t\t<div class=\"elementor-element elementor-element-707198e8 elementor-widget elementor-widget-heading\" data-id=\"707198e8\" data-element_type=\"widget\" data-e-type=\"widget\" data-widget_type=\"heading.default\">\n\t\t\t\t<div class=\"elementor-widget-container\">\n\t\t\t\t\t<h2 class=\"elementor-heading-title elementor-size-default\"><a href=\"http:\/\/www.fifv.cl\/2016\">2016<\/a><\/h2>\t\t\t\t<\/div>\n\t\t\t\t<\/div>\n\t\t\t\t\t<\/div>\n\t\t<\/div>\n\t\t\t\t<div class=\"elementor-column elementor-col-12 elementor-top-column elementor-element elementor-element-3c4ed7cc\" data-id=\"3c4ed7cc\" data-element_type=\"column\" data-e-type=\"column\">\n\t\t\t<div class=\"elementor-widget-wrap elementor-element-populated\">\n\t\t\t\t\t\t<div class=\"elementor-element elementor-element-1b8129ed elementor-widget elementor-widget-heading\" data-id=\"1b8129ed\" data-element_type=\"widget\" data-e-type=\"widget\" data-widget_type=\"heading.default\">\n\t\t\t\t<div class=\"elementor-widget-container\">\n\t\t\t\t\t<h2 class=\"elementor-heading-title elementor-size-default\"><a href=\"http:\/\/www.fifv.cl\/2017\">2017<\/a><\/h2>\t\t\t\t<\/div>\n\t\t\t\t<\/div>\n\t\t\t\t\t<\/div>\n\t\t<\/div>\n\t\t\t\t\t<\/div>\n\t\t<\/section>\n\t\t\t\t<section class=\"elementor-section elementor-top-section elementor-element elementor-element-e478fc8 elementor-section-boxed elementor-section-height-default elementor-section-height-default\" data-id=\"e478fc8\" data-element_type=\"section\" data-e-type=\"section\" data-settings=\"{&quot;background_background&quot;:&quot;classic&quot;}\">\n\t\t\t\t\t\t<div class=\"elementor-container elementor-column-gap-default\">\n\t\t\t\t\t<div class=\"elementor-column elementor-col-100 elementor-top-column elementor-element elementor-element-768c57c\" data-id=\"768c57c\" data-element_type=\"column\" data-e-type=\"column\">\n\t\t\t<div class=\"elementor-widget-wrap elementor-element-populated\">\n\t\t\t\t\t\t<div class=\"elementor-element elementor-element-b2cccb8 elementor-widget elementor-widget-image\" data-id=\"b2cccb8\" data-element_type=\"widget\" data-e-type=\"widget\" data-widget_type=\"image.default\">\n\t\t\t\t<div class=\"elementor-widget-container\">\n\t\t\t\t\t\t\t\t\t\t\t\t\t\t\t<img decoding=\"async\" width=\"1221\" height=\"163\" src=\"https:\/\/fifv.cl\/2018\/wp-content\/uploads\/2018\/10\/logos-fifv.png\" class=\"attachment-full size-full wp-image-300\" alt=\"\" srcset=\"https:\/\/fifv.cl\/2018\/wp-content\/uploads\/2018\/10\/logos-fifv.png 1221w, https:\/\/fifv.cl\/2018\/wp-content\/uploads\/2018\/10\/logos-fifv-300x40.png 300w, https:\/\/fifv.cl\/2018\/wp-content\/uploads\/2018\/10\/logos-fifv-768x103.png 768w, https:\/\/fifv.cl\/2018\/wp-content\/uploads\/2018\/10\/logos-fifv-1024x137.png 1024w, https:\/\/fifv.cl\/2018\/wp-content\/uploads\/2018\/10\/logos-fifv-750x100.png 750w\" sizes=\"(max-width: 1221px) 100vw, 1221px\" \/>\t\t\t\t\t\t\t\t\t\t\t\t\t\t\t<\/div>\n\t\t\t\t<\/div>\n\t\t\t\t\t<\/div>\n\t\t<\/div>\n\t\t\t\t\t<\/div>\n\t\t<\/section>\n\t\t\t\t<\/div>\n\t\t","protected":false},"excerpt":{"rendered":"<p>Smart Slider with ID: 1 Mediaci\u00f3n Imagen Salvaje es una plataforma experimental de investigaci\u00f3n y creaci\u00f3n que postula la fotograf\u00eda como herramienta de expresi\u00f3n y pensamiento , trabajando a partir [&hellip;]<\/p>\n","protected":false},"author":1,"featured_media":120,"parent":0,"menu_order":0,"comment_status":"closed","ping_status":"closed","template":"elementor_header_footer","meta":{"footnotes":""},"class_list":["post-142","page","type-page","status-publish","has-post-thumbnail","hentry"],"_links":{"self":[{"href":"https:\/\/fifv.cl\/2018\/wp-json\/wp\/v2\/pages\/142","targetHints":{"allow":["GET"]}}],"collection":[{"href":"https:\/\/fifv.cl\/2018\/wp-json\/wp\/v2\/pages"}],"about":[{"href":"https:\/\/fifv.cl\/2018\/wp-json\/wp\/v2\/types\/page"}],"author":[{"embeddable":true,"href":"https:\/\/fifv.cl\/2018\/wp-json\/wp\/v2\/users\/1"}],"replies":[{"embeddable":true,"href":"https:\/\/fifv.cl\/2018\/wp-json\/wp\/v2\/comments?post=142"}],"version-history":[{"count":15,"href":"https:\/\/fifv.cl\/2018\/wp-json\/wp\/v2\/pages\/142\/revisions"}],"predecessor-version":[{"id":621,"href":"https:\/\/fifv.cl\/2018\/wp-json\/wp\/v2\/pages\/142\/revisions\/621"}],"wp:featuredmedia":[{"embeddable":true,"href":"https:\/\/fifv.cl\/2018\/wp-json\/wp\/v2\/media\/120"}],"wp:attachment":[{"href":"https:\/\/fifv.cl\/2018\/wp-json\/wp\/v2\/media?parent=142"}],"curies":[{"name":"wp","href":"https:\/\/api.w.org\/{rel}","templated":true}]}}