{"id":368,"date":"2018-10-11T23:28:42","date_gmt":"2018-10-12T02:28:42","guid":{"rendered":"http:\/\/fifv.cl\/2018\/?page_id=368"},"modified":"2018-10-23T17:04:59","modified_gmt":"2018-10-23T20:04:59","slug":"proyectos-asociados","status":"publish","type":"page","link":"https:\/\/fifv.cl\/2018\/proyectos-asociados\/","title":{"rendered":"Proyectos Asociados"},"content":{"rendered":"\t\t<div data-elementor-type=\"wp-post\" data-elementor-id=\"368\" class=\"elementor elementor-368 elementor-bc-flex-widget\">\n\t\t\t\t\t\t<section class=\"elementor-section elementor-top-section elementor-element elementor-element-9184f3b elementor-section-boxed elementor-section-height-default elementor-section-height-default\" data-id=\"9184f3b\" data-element_type=\"section\" data-e-type=\"section\">\n\t\t\t\t\t\t<div class=\"elementor-container elementor-column-gap-default\">\n\t\t\t\t\t<div class=\"elementor-column elementor-col-100 elementor-top-column elementor-element elementor-element-3921a28 elementor-invisible\" data-id=\"3921a28\" data-element_type=\"column\" data-e-type=\"column\" data-settings=\"{&quot;animation&quot;:&quot;fadeIn&quot;}\">\n\t\t\t<div class=\"elementor-widget-wrap elementor-element-populated\">\n\t\t\t\t\t\t\t<\/div>\n\t\t<\/div>\n\t\t\t\t\t<\/div>\n\t\t<\/section>\n\t\t\t\t<section class=\"elementor-section elementor-top-section elementor-element elementor-element-e45fd78 elementor-section-boxed elementor-section-height-default elementor-section-height-default\" data-id=\"e45fd78\" data-element_type=\"section\" data-e-type=\"section\">\n\t\t\t\t\t\t<div class=\"elementor-container elementor-column-gap-default\">\n\t\t\t\t\t<div class=\"elementor-column elementor-col-100 elementor-top-column elementor-element elementor-element-afea45c\" data-id=\"afea45c\" data-element_type=\"column\" data-e-type=\"column\">\n\t\t\t<div class=\"elementor-widget-wrap elementor-element-populated\">\n\t\t\t\t\t\t<div class=\"elementor-element elementor-element-4cba952 elementor-widget elementor-widget-image\" data-id=\"4cba952\" data-element_type=\"widget\" data-e-type=\"widget\" data-widget_type=\"image.default\">\n\t\t\t\t<div class=\"elementor-widget-container\">\n\t\t\t\t\t\t\t\t\t\t\t\t\t\t\t<img fetchpriority=\"high\" decoding=\"async\" width=\"500\" height=\"405\" src=\"https:\/\/fifv.cl\/2018\/wp-content\/uploads\/2018\/10\/pasociados.png\" class=\"attachment-large size-large wp-image-377\" alt=\"\" srcset=\"https:\/\/fifv.cl\/2018\/wp-content\/uploads\/2018\/10\/pasociados.png 500w, https:\/\/fifv.cl\/2018\/wp-content\/uploads\/2018\/10\/pasociados-300x243.png 300w\" sizes=\"(max-width: 500px) 100vw, 500px\" \/>\t\t\t\t\t\t\t\t\t\t\t\t\t\t\t<\/div>\n\t\t\t\t<\/div>\n\t\t\t\t\t<\/div>\n\t\t<\/div>\n\t\t\t\t\t<\/div>\n\t\t<\/section>\n\t\t\t\t<section class=\"elementor-section elementor-top-section elementor-element elementor-element-abe471f elementor-section-boxed elementor-section-height-default elementor-section-height-default\" data-id=\"abe471f\" data-element_type=\"section\" data-e-type=\"section\">\n\t\t\t\t\t\t<div class=\"elementor-container elementor-column-gap-default\">\n\t\t\t\t\t<div class=\"elementor-column elementor-col-100 elementor-top-column elementor-element elementor-element-d55ee38\" data-id=\"d55ee38\" data-element_type=\"column\" data-e-type=\"column\">\n\t\t\t<div class=\"elementor-widget-wrap elementor-element-populated\">\n\t\t\t\t\t\t<div class=\"elementor-element elementor-element-61efd16 elementor-widget elementor-widget-text-editor\" data-id=\"61efd16\" data-element_type=\"widget\" data-e-type=\"widget\" data-widget_type=\"text-editor.default\">\n\t\t\t\t<div class=\"elementor-widget-container\">\n\t\t\t\t\t\t\t\t\t<p>Proyectos Asociados, nueva \u00e1rea del FIFV, recoge todos aquellas iniciativas que se realizar\u00e1n en el marco del Festival y que son producidas y organizadas por sus autores e instituciones. La directiva del FIFV selecciona a los interesados\/as en funci\u00f3n de la pertinencia de estas iniciativas con nuestra l\u00ednea editorial.<\/p>\t\t\t\t\t\t\t\t<\/div>\n\t\t\t\t<\/div>\n\t\t\t\t\t<\/div>\n\t\t<\/div>\n\t\t\t\t\t<\/div>\n\t\t<\/section>\n\t\t\t\t<section class=\"elementor-section elementor-top-section elementor-element elementor-element-17d3fc3 fifv-content elementor-section-boxed elementor-section-height-default elementor-section-height-default\" data-id=\"17d3fc3\" data-element_type=\"section\" data-e-type=\"section\">\n\t\t\t\t\t\t<div class=\"elementor-container elementor-column-gap-default\">\n\t\t\t\t\t<div class=\"elementor-column elementor-col-50 elementor-top-column elementor-element elementor-element-70817ad\" data-id=\"70817ad\" data-element_type=\"column\" data-e-type=\"column\">\n\t\t\t<div class=\"elementor-widget-wrap elementor-element-populated\">\n\t\t\t\t\t\t<div class=\"elementor-element elementor-element-2e5cd3d elementor-position-top elementor-widget elementor-widget-image-box\" data-id=\"2e5cd3d\" data-element_type=\"widget\" data-e-type=\"widget\" data-widget_type=\"image-box.default\">\n\t\t\t\t<div class=\"elementor-widget-container\">\n\t\t\t\t\t<div class=\"elementor-image-box-wrapper\"><figure class=\"elementor-image-box-img\"><img decoding=\"async\" width=\"640\" height=\"512\" src=\"https:\/\/fifv.cl\/2018\/wp-content\/uploads\/2018\/10\/Fernanda-e-Isabel-1024x819.jpg\" class=\"attachment-large size-large wp-image-372\" alt=\"\" srcset=\"https:\/\/fifv.cl\/2018\/wp-content\/uploads\/2018\/10\/Fernanda-e-Isabel-1024x819.jpg 1024w, https:\/\/fifv.cl\/2018\/wp-content\/uploads\/2018\/10\/Fernanda-e-Isabel-300x240.jpg 300w, https:\/\/fifv.cl\/2018\/wp-content\/uploads\/2018\/10\/Fernanda-e-Isabel-768x614.jpg 768w, https:\/\/fifv.cl\/2018\/wp-content\/uploads\/2018\/10\/Fernanda-e-Isabel-750x600.jpg 750w\" sizes=\"(max-width: 640px) 100vw, 640px\" \/><\/figure><div class=\"elementor-image-box-content\"><h2 class=\"elementor-image-box-title\">Tiempo Recobrado<\/h2><p class=\"elementor-image-box-description\">Fernanda e Isabel proponen la experiencia de una obra dentro de otra en un taller de un s\u00f3lo d\u00eda. El programa es insolar una fotograf\u00eda en cianotipo sobre una piedra y luego, mediante un colodi\u00f3n h\u00famedo sobre metal -Ferrotipo- hacer un retrato de cada autor con su obra.\n\nFotograf\u00eda de Luis Poirot<\/p><\/div><\/div>\t\t\t\t<\/div>\n\t\t\t\t<\/div>\n\t\t\t\t<div class=\"elementor-element elementor-element-327e51f elementor-widget elementor-widget-text-editor\" data-id=\"327e51f\" data-element_type=\"widget\" data-e-type=\"widget\" data-widget_type=\"text-editor.default\">\n\t\t\t\t<div class=\"elementor-widget-container\">\n\t\t\t\t\t\t\t\t\t<p><strong>SELECCIONADOS<\/strong><\/p><ul><li>Tamara Kramarenco<\/li><li>Christian G\u00f3mez<\/li><li>Loreto Vergara<\/li><li>Lorena Anavia<\/li><li>Mar\u00eda Hurtado<\/li><li>Alfredo M\u00e9ndez<\/li><\/ul>\t\t\t\t\t\t\t\t<\/div>\n\t\t\t\t<\/div>\n\t\t\t\t\t<\/div>\n\t\t<\/div>\n\t\t\t\t<div class=\"elementor-column elementor-col-50 elementor-top-column elementor-element elementor-element-2b6fa48\" data-id=\"2b6fa48\" data-element_type=\"column\" data-e-type=\"column\">\n\t\t\t<div class=\"elementor-widget-wrap elementor-element-populated\">\n\t\t\t\t\t\t<div class=\"elementor-element elementor-element-55fbfac elementor-position-top elementor-widget elementor-widget-image-box\" data-id=\"55fbfac\" data-element_type=\"widget\" data-e-type=\"widget\" data-widget_type=\"image-box.default\">\n\t\t\t\t<div class=\"elementor-widget-container\">\n\t\t\t\t\t<div class=\"elementor-image-box-wrapper\"><figure class=\"elementor-image-box-img\"><img decoding=\"async\" width=\"640\" height=\"427\" src=\"https:\/\/fifv.cl\/2018\/wp-content\/uploads\/2018\/10\/WhatsApp-Image-2018-10-10-at-5.00.02-PM-1024x683.jpeg\" class=\"attachment-large size-large wp-image-373\" alt=\"\" srcset=\"https:\/\/fifv.cl\/2018\/wp-content\/uploads\/2018\/10\/WhatsApp-Image-2018-10-10-at-5.00.02-PM-1024x683.jpeg 1024w, https:\/\/fifv.cl\/2018\/wp-content\/uploads\/2018\/10\/WhatsApp-Image-2018-10-10-at-5.00.02-PM-300x200.jpeg 300w, https:\/\/fifv.cl\/2018\/wp-content\/uploads\/2018\/10\/WhatsApp-Image-2018-10-10-at-5.00.02-PM-768x512.jpeg 768w, https:\/\/fifv.cl\/2018\/wp-content\/uploads\/2018\/10\/WhatsApp-Image-2018-10-10-at-5.00.02-PM-750x500.jpeg 750w, https:\/\/fifv.cl\/2018\/wp-content\/uploads\/2018\/10\/WhatsApp-Image-2018-10-10-at-5.00.02-PM.jpeg 1280w\" sizes=\"(max-width: 640px) 100vw, 640px\" \/><\/figure><div class=\"elementor-image-box-content\"><h2 class=\"elementor-image-box-title\">Historias en tU celular<\/h2><p class=\"elementor-image-box-description\">Este taller est\u00e1 dise\u00f1ado para habilitar el celular como una potente herramienta de trabajo. A trav\u00e9s de diversos ejercicios y di\u00e1logos, los participantes podr\u00e1n conocer su celular y ejercitar la mirada fotogr\u00e1fica bas\u00e1ndonos en la composici\u00f3n y las historias que queremos contar. Conversar, fotografiar y publicar; tres sencillos pasos para recorrer el plan de Valpara\u00edso con tu celular.<\/p><\/div><\/div>\t\t\t\t<\/div>\n\t\t\t\t<\/div>\n\t\t\t\t<div class=\"elementor-element elementor-element-662441e elementor-align-center elementor-widget elementor-widget-button\" data-id=\"662441e\" data-element_type=\"widget\" data-e-type=\"widget\" data-widget_type=\"button.default\">\n\t\t\t\t<div class=\"elementor-widget-container\">\n\t\t\t\t\t\t\t\t\t<div class=\"elementor-button-wrapper\">\n\t\t\t\t\t<a class=\"elementor-button elementor-button-link elementor-size-sm\" href=\"http:\/\/www.fifv.cl\/convocatoria2018\/convocatoria-migrar-photo.pdf\" target=\"_blank\">\n\t\t\t\t\t\t<span class=\"elementor-button-content-wrapper\">\n\t\t\t\t\t\t\t\t\t<span class=\"elementor-button-text\">CONVOCATORIA<\/span>\n\t\t\t\t\t<\/span>\n\t\t\t\t\t<\/a>\n\t\t\t\t<\/div>\n\t\t\t\t\t\t\t\t<\/div>\n\t\t\t\t<\/div>\n\t\t\t\t\t<\/div>\n\t\t<\/div>\n\t\t\t\t\t<\/div>\n\t\t<\/section>\n\t\t\t\t<section class=\"elementor-section elementor-top-section elementor-element elementor-element-4c5d768 elementor-section-boxed elementor-section-height-default elementor-section-height-default\" data-id=\"4c5d768\" data-element_type=\"section\" data-e-type=\"section\" data-settings=\"{&quot;background_background&quot;:&quot;classic&quot;}\">\n\t\t\t\t\t\t<div class=\"elementor-container elementor-column-gap-default\">\n\t\t\t\t\t<div class=\"elementor-column elementor-col-33 elementor-top-column elementor-element elementor-element-5000095\" data-id=\"5000095\" data-element_type=\"column\" data-e-type=\"column\">\n\t\t\t<div class=\"elementor-widget-wrap elementor-element-populated\">\n\t\t\t\t\t\t<div class=\"elementor-element elementor-element-0eef7bf elementor-widget-divider--view-line elementor-widget elementor-widget-divider\" data-id=\"0eef7bf\" data-element_type=\"widget\" data-e-type=\"widget\" data-widget_type=\"divider.default\">\n\t\t\t\t<div class=\"elementor-widget-container\">\n\t\t\t\t\t\t\t<div class=\"elementor-divider\">\n\t\t\t<span class=\"elementor-divider-separator\">\n\t\t\t\t\t\t<\/span>\n\t\t<\/div>\n\t\t\t\t\t\t<\/div>\n\t\t\t\t<\/div>\n\t\t\t\t\t<\/div>\n\t\t<\/div>\n\t\t\t\t<div class=\"elementor-column elementor-col-33 elementor-top-column elementor-element elementor-element-8e4204a\" data-id=\"8e4204a\" data-element_type=\"column\" data-e-type=\"column\">\n\t\t\t<div class=\"elementor-widget-wrap elementor-element-populated\">\n\t\t\t\t\t\t<div class=\"elementor-element elementor-element-dda9874 equipo-tituloGrupo elementor-widget elementor-widget-heading\" data-id=\"dda9874\" data-element_type=\"widget\" data-e-type=\"widget\" data-widget_type=\"heading.default\">\n\t\t\t\t<div class=\"elementor-widget-container\">\n\t\t\t\t\t<h2 class=\"elementor-heading-title elementor-size-default\">VERSIONES ANTERIORES<\/h2>\t\t\t\t<\/div>\n\t\t\t\t<\/div>\n\t\t\t\t\t<\/div>\n\t\t<\/div>\n\t\t\t\t<div class=\"elementor-column elementor-col-33 elementor-top-column elementor-element elementor-element-5573b7f\" data-id=\"5573b7f\" data-element_type=\"column\" data-e-type=\"column\">\n\t\t\t<div class=\"elementor-widget-wrap elementor-element-populated\">\n\t\t\t\t\t\t<div class=\"elementor-element elementor-element-4060b9a elementor-widget-divider--view-line elementor-widget elementor-widget-divider\" data-id=\"4060b9a\" data-element_type=\"widget\" data-e-type=\"widget\" data-widget_type=\"divider.default\">\n\t\t\t\t<div class=\"elementor-widget-container\">\n\t\t\t\t\t\t\t<div class=\"elementor-divider\">\n\t\t\t<span class=\"elementor-divider-separator\">\n\t\t\t\t\t\t<\/span>\n\t\t<\/div>\n\t\t\t\t\t\t<\/div>\n\t\t\t\t<\/div>\n\t\t\t\t\t<\/div>\n\t\t<\/div>\n\t\t\t\t\t<\/div>\n\t\t<\/section>\n\t\t\t\t<section class=\"elementor-section elementor-top-section elementor-element elementor-element-ae90b85 elementor-section-boxed elementor-section-height-default elementor-section-height-default\" data-id=\"ae90b85\" data-element_type=\"section\" data-e-type=\"section\" data-settings=\"{&quot;background_background&quot;:&quot;classic&quot;}\">\n\t\t\t\t\t\t<div class=\"elementor-container elementor-column-gap-default\">\n\t\t\t\t\t<div class=\"elementor-column elementor-col-12 elementor-top-column elementor-element elementor-element-a2506f9\" data-id=\"a2506f9\" data-element_type=\"column\" data-e-type=\"column\">\n\t\t\t<div class=\"elementor-widget-wrap elementor-element-populated\">\n\t\t\t\t\t\t<div class=\"elementor-element elementor-element-e6f5d80 elementor-widget elementor-widget-heading\" data-id=\"e6f5d80\" data-element_type=\"widget\" data-e-type=\"widget\" data-widget_type=\"heading.default\">\n\t\t\t\t<div class=\"elementor-widget-container\">\n\t\t\t\t\t<h2 class=\"elementor-heading-title elementor-size-default\"><a href=\"http:\/\/www.fifv.cl\/2010\">2010<\/a><\/h2>\t\t\t\t<\/div>\n\t\t\t\t<\/div>\n\t\t\t\t\t<\/div>\n\t\t<\/div>\n\t\t\t\t<div class=\"elementor-column elementor-col-12 elementor-top-column elementor-element elementor-element-9b5c12a\" data-id=\"9b5c12a\" data-element_type=\"column\" data-e-type=\"column\">\n\t\t\t<div class=\"elementor-widget-wrap elementor-element-populated\">\n\t\t\t\t\t\t<div class=\"elementor-element elementor-element-43bb1cd elementor-widget elementor-widget-heading\" data-id=\"43bb1cd\" data-element_type=\"widget\" data-e-type=\"widget\" data-widget_type=\"heading.default\">\n\t\t\t\t<div class=\"elementor-widget-container\">\n\t\t\t\t\t<h2 class=\"elementor-heading-title elementor-size-default\"><a href=\"http:\/\/www.fifv.cl\/2011\">2011<\/a><\/h2>\t\t\t\t<\/div>\n\t\t\t\t<\/div>\n\t\t\t\t\t<\/div>\n\t\t<\/div>\n\t\t\t\t<div class=\"elementor-column elementor-col-12 elementor-top-column elementor-element elementor-element-511b4a9\" data-id=\"511b4a9\" data-element_type=\"column\" data-e-type=\"column\">\n\t\t\t<div class=\"elementor-widget-wrap elementor-element-populated\">\n\t\t\t\t\t\t<div class=\"elementor-element elementor-element-e7dc9b3 elementor-widget elementor-widget-heading\" data-id=\"e7dc9b3\" data-element_type=\"widget\" data-e-type=\"widget\" data-widget_type=\"heading.default\">\n\t\t\t\t<div class=\"elementor-widget-container\">\n\t\t\t\t\t<h2 class=\"elementor-heading-title elementor-size-default\"><a href=\"http:\/\/www.fifv.cl\/2012\">2012<\/a><\/h2>\t\t\t\t<\/div>\n\t\t\t\t<\/div>\n\t\t\t\t\t<\/div>\n\t\t<\/div>\n\t\t\t\t<div class=\"elementor-column elementor-col-12 elementor-top-column elementor-element elementor-element-3934635\" data-id=\"3934635\" data-element_type=\"column\" data-e-type=\"column\">\n\t\t\t<div class=\"elementor-widget-wrap elementor-element-populated\">\n\t\t\t\t\t\t<div class=\"elementor-element elementor-element-9f4332a elementor-widget elementor-widget-heading\" data-id=\"9f4332a\" data-element_type=\"widget\" data-e-type=\"widget\" data-widget_type=\"heading.default\">\n\t\t\t\t<div class=\"elementor-widget-container\">\n\t\t\t\t\t<h2 class=\"elementor-heading-title elementor-size-default\"><a href=\"http:\/\/www.fifv.cl\/2013\">2013<\/a><\/h2>\t\t\t\t<\/div>\n\t\t\t\t<\/div>\n\t\t\t\t\t<\/div>\n\t\t<\/div>\n\t\t\t\t<div class=\"elementor-column elementor-col-12 elementor-top-column elementor-element elementor-element-9e04de8\" data-id=\"9e04de8\" data-element_type=\"column\" data-e-type=\"column\">\n\t\t\t<div class=\"elementor-widget-wrap elementor-element-populated\">\n\t\t\t\t\t\t<div class=\"elementor-element elementor-element-b772b78 elementor-widget elementor-widget-heading\" data-id=\"b772b78\" data-element_type=\"widget\" data-e-type=\"widget\" data-widget_type=\"heading.default\">\n\t\t\t\t<div class=\"elementor-widget-container\">\n\t\t\t\t\t<h2 class=\"elementor-heading-title elementor-size-default\"><a href=\"http:\/\/www.fifv.cl\/2014\">2014<\/a><\/h2>\t\t\t\t<\/div>\n\t\t\t\t<\/div>\n\t\t\t\t\t<\/div>\n\t\t<\/div>\n\t\t\t\t<div class=\"elementor-column elementor-col-12 elementor-top-column elementor-element elementor-element-a1afcd0\" data-id=\"a1afcd0\" data-element_type=\"column\" data-e-type=\"column\">\n\t\t\t<div class=\"elementor-widget-wrap elementor-element-populated\">\n\t\t\t\t\t\t<div class=\"elementor-element elementor-element-5b0e270 elementor-widget elementor-widget-heading\" data-id=\"5b0e270\" data-element_type=\"widget\" data-e-type=\"widget\" data-widget_type=\"heading.default\">\n\t\t\t\t<div class=\"elementor-widget-container\">\n\t\t\t\t\t<h2 class=\"elementor-heading-title elementor-size-default\"><a href=\"http:\/\/www.fifv.cl\/2015\">2015<\/a><\/h2>\t\t\t\t<\/div>\n\t\t\t\t<\/div>\n\t\t\t\t\t<\/div>\n\t\t<\/div>\n\t\t\t\t<div class=\"elementor-column elementor-col-12 elementor-top-column elementor-element elementor-element-646f432\" data-id=\"646f432\" data-element_type=\"column\" data-e-type=\"column\">\n\t\t\t<div class=\"elementor-widget-wrap elementor-element-populated\">\n\t\t\t\t\t\t<div class=\"elementor-element elementor-element-f4d777a elementor-widget elementor-widget-heading\" data-id=\"f4d777a\" data-element_type=\"widget\" data-e-type=\"widget\" data-widget_type=\"heading.default\">\n\t\t\t\t<div class=\"elementor-widget-container\">\n\t\t\t\t\t<h2 class=\"elementor-heading-title elementor-size-default\"><a href=\"http:\/\/www.fifv.cl\/2016\">2016<\/a><\/h2>\t\t\t\t<\/div>\n\t\t\t\t<\/div>\n\t\t\t\t\t<\/div>\n\t\t<\/div>\n\t\t\t\t<div class=\"elementor-column elementor-col-12 elementor-top-column elementor-element elementor-element-926fd00\" data-id=\"926fd00\" data-element_type=\"column\" data-e-type=\"column\">\n\t\t\t<div class=\"elementor-widget-wrap elementor-element-populated\">\n\t\t\t\t\t\t<div class=\"elementor-element elementor-element-65d55d0 elementor-widget elementor-widget-heading\" data-id=\"65d55d0\" data-element_type=\"widget\" data-e-type=\"widget\" data-widget_type=\"heading.default\">\n\t\t\t\t<div class=\"elementor-widget-container\">\n\t\t\t\t\t<h2 class=\"elementor-heading-title elementor-size-default\"><a href=\"http:\/\/www.fifv.cl\/2017\">2017<\/a><\/h2>\t\t\t\t<\/div>\n\t\t\t\t<\/div>\n\t\t\t\t\t<\/div>\n\t\t<\/div>\n\t\t\t\t\t<\/div>\n\t\t<\/section>\n\t\t\t\t<section class=\"elementor-section elementor-top-section elementor-element elementor-element-a007e1b elementor-section-boxed elementor-section-height-default elementor-section-height-default\" data-id=\"a007e1b\" data-element_type=\"section\" data-e-type=\"section\" data-settings=\"{&quot;background_background&quot;:&quot;classic&quot;}\">\n\t\t\t\t\t\t<div class=\"elementor-container elementor-column-gap-default\">\n\t\t\t\t\t<div class=\"elementor-column elementor-col-100 elementor-top-column elementor-element elementor-element-141a1a4\" data-id=\"141a1a4\" data-element_type=\"column\" data-e-type=\"column\">\n\t\t\t<div class=\"elementor-widget-wrap elementor-element-populated\">\n\t\t\t\t\t\t<div class=\"elementor-element elementor-element-2a1f64b elementor-widget elementor-widget-image\" data-id=\"2a1f64b\" data-element_type=\"widget\" data-e-type=\"widget\" data-widget_type=\"image.default\">\n\t\t\t\t<div class=\"elementor-widget-container\">\n\t\t\t\t\t\t\t\t\t\t\t\t\t\t\t<img loading=\"lazy\" decoding=\"async\" width=\"1221\" height=\"163\" src=\"https:\/\/fifv.cl\/2018\/wp-content\/uploads\/2018\/10\/logos-fifv.png\" class=\"attachment-full size-full wp-image-300\" alt=\"\" srcset=\"https:\/\/fifv.cl\/2018\/wp-content\/uploads\/2018\/10\/logos-fifv.png 1221w, https:\/\/fifv.cl\/2018\/wp-content\/uploads\/2018\/10\/logos-fifv-300x40.png 300w, https:\/\/fifv.cl\/2018\/wp-content\/uploads\/2018\/10\/logos-fifv-768x103.png 768w, https:\/\/fifv.cl\/2018\/wp-content\/uploads\/2018\/10\/logos-fifv-1024x137.png 1024w, https:\/\/fifv.cl\/2018\/wp-content\/uploads\/2018\/10\/logos-fifv-750x100.png 750w\" sizes=\"(max-width: 1221px) 100vw, 1221px\" \/>\t\t\t\t\t\t\t\t\t\t\t\t\t\t\t<\/div>\n\t\t\t\t<\/div>\n\t\t\t\t\t<\/div>\n\t\t<\/div>\n\t\t\t\t\t<\/div>\n\t\t<\/section>\n\t\t\t\t<\/div>\n\t\t","protected":false},"excerpt":{"rendered":"<p>Smart Slider with ID: 1 Proyectos Asociados, nueva \u00e1rea del FIFV, recoge todos aquellas iniciativas que se realizar\u00e1n en el marco del Festival y que son producidas y organizadas por [&hellip;]<\/p>\n","protected":false},"author":1,"featured_media":120,"parent":0,"menu_order":0,"comment_status":"closed","ping_status":"closed","template":"elementor_header_footer","meta":{"footnotes":""},"class_list":["post-368","page","type-page","status-publish","has-post-thumbnail","hentry"],"_links":{"self":[{"href":"https:\/\/fifv.cl\/2018\/wp-json\/wp\/v2\/pages\/368","targetHints":{"allow":["GET"]}}],"collection":[{"href":"https:\/\/fifv.cl\/2018\/wp-json\/wp\/v2\/pages"}],"about":[{"href":"https:\/\/fifv.cl\/2018\/wp-json\/wp\/v2\/types\/page"}],"author":[{"embeddable":true,"href":"https:\/\/fifv.cl\/2018\/wp-json\/wp\/v2\/users\/1"}],"replies":[{"embeddable":true,"href":"https:\/\/fifv.cl\/2018\/wp-json\/wp\/v2\/comments?post=368"}],"version-history":[{"count":18,"href":"https:\/\/fifv.cl\/2018\/wp-json\/wp\/v2\/pages\/368\/revisions"}],"predecessor-version":[{"id":599,"href":"https:\/\/fifv.cl\/2018\/wp-json\/wp\/v2\/pages\/368\/revisions\/599"}],"wp:featuredmedia":[{"embeddable":true,"href":"https:\/\/fifv.cl\/2018\/wp-json\/wp\/v2\/media\/120"}],"wp:attachment":[{"href":"https:\/\/fifv.cl\/2018\/wp-json\/wp\/v2\/media?parent=368"}],"curies":[{"name":"wp","href":"https:\/\/api.w.org\/{rel}","templated":true}]}}