{"id":480,"date":"2018-10-15T12:44:35","date_gmt":"2018-10-15T15:44:35","guid":{"rendered":"http:\/\/fifv.cl\/2018\/?page_id=480"},"modified":"2018-10-20T00:22:34","modified_gmt":"2018-10-20T03:22:34","slug":"circo-fifv","status":"publish","type":"page","link":"https:\/\/fifv.cl\/2018\/circo-fifv\/","title":{"rendered":"Circo FIFV"},"content":{"rendered":"\t\t<div data-elementor-type=\"wp-post\" data-elementor-id=\"480\" class=\"elementor elementor-480 elementor-bc-flex-widget\">\n\t\t\t\t\t\t<section class=\"elementor-section elementor-top-section elementor-element elementor-element-32d4587 elementor-section-boxed elementor-section-height-default elementor-section-height-default\" data-id=\"32d4587\" data-element_type=\"section\" data-e-type=\"section\">\n\t\t\t\t\t\t<div class=\"elementor-container elementor-column-gap-default\">\n\t\t\t\t\t<div class=\"elementor-column elementor-col-100 elementor-top-column elementor-element elementor-element-2e1df50 elementor-invisible\" data-id=\"2e1df50\" data-element_type=\"column\" data-e-type=\"column\" data-settings=\"{&quot;animation&quot;:&quot;fadeIn&quot;}\">\n\t\t\t<div class=\"elementor-widget-wrap elementor-element-populated\">\n\t\t\t\t\t\t\t<\/div>\n\t\t<\/div>\n\t\t\t\t\t<\/div>\n\t\t<\/section>\n\t\t\t\t<section class=\"elementor-section elementor-top-section elementor-element elementor-element-4f98c14 fifv-content elementor-section-boxed elementor-section-height-default elementor-section-height-default\" data-id=\"4f98c14\" data-element_type=\"section\" data-e-type=\"section\">\n\t\t\t\t\t\t<div class=\"elementor-container elementor-column-gap-default\">\n\t\t\t\t\t<div class=\"elementor-column elementor-col-100 elementor-top-column elementor-element elementor-element-bcce946\" data-id=\"bcce946\" data-element_type=\"column\" data-e-type=\"column\">\n\t\t\t<div class=\"elementor-widget-wrap elementor-element-populated\">\n\t\t\t\t\t\t<div class=\"elementor-element elementor-element-c1f6a26 titlePage elementor-widget elementor-widget-heading\" data-id=\"c1f6a26\" data-element_type=\"widget\" data-e-type=\"widget\" data-widget_type=\"heading.default\">\n\t\t\t\t<div class=\"elementor-widget-container\">\n\t\t\t\t\t<h2 class=\"elementor-heading-title elementor-size-default\">circo fifv<\/h2>\t\t\t\t<\/div>\n\t\t\t\t<\/div>\n\t\t\t\t\t<\/div>\n\t\t<\/div>\n\t\t\t\t\t<\/div>\n\t\t<\/section>\n\t\t\t\t<section class=\"elementor-section elementor-top-section elementor-element elementor-element-452e324 elementor-section-boxed elementor-section-height-default elementor-section-height-default\" data-id=\"452e324\" data-element_type=\"section\" data-e-type=\"section\">\n\t\t\t\t\t\t<div class=\"elementor-container elementor-column-gap-default\">\n\t\t\t\t\t<div class=\"elementor-column elementor-col-100 elementor-top-column elementor-element elementor-element-0a97419\" data-id=\"0a97419\" data-element_type=\"column\" data-e-type=\"column\">\n\t\t\t<div class=\"elementor-widget-wrap elementor-element-populated\">\n\t\t\t\t\t\t<div class=\"elementor-element elementor-element-eb03f3d fifv-content elementor-widget elementor-widget-text-editor\" data-id=\"eb03f3d\" data-element_type=\"widget\" data-e-type=\"widget\" data-widget_type=\"text-editor.default\">\n\t\t\t\t<div class=\"elementor-widget-container\">\n\t\t\t\t\t\t\t\t\t<p><span style=\"font-weight: 400;\">Este 2018 el Festival celebra su noveno a\u00f1o <\/span><b>y su aniversario.<\/b><span style=\"font-weight: 400;\"> Es por eso que en la Plaza C\u00edvica de Valpara\u00edso se instalar\u00e1 la <\/span><b>carpa Circo FIFV, <\/b><span style=\"font-weight: 400;\">que invita a ciudadanos y ciudadanas a ser parte de la instancia.<\/span><\/p><p><span style=\"font-weight: 400;\">La estructura se encontrar\u00e1 disponible entre el 31 de octubre y 3 de noviembre del presente a\u00f1o. En esta se concentrar\u00e1n parte de las actividades del programa FIFV 2018.<\/span><\/p><p><span style=\"font-weight: 400;\">La carpa Circo ser\u00e1 \u201cUna especie de centro social que va a estar en el coraz\u00f3n de la ciudad. Para participar con los y las habitantes y utilizar el espacio desde algo po\u00e9tico y l\u00fadico\u201d, en palabras del Director Art\u00edstico y General del Festival Internacional de Fotograf\u00eda de Valpara\u00edso, Rodrigo G\u00f3mez Rovira.<\/span><\/p><p><span style=\"font-weight: 400;\">Dentro de ella habr\u00e1n exposiciones de fotolibros, proyecciones de documentales relacionados al ejercicio fotogr\u00e1fico, presentaciones y m\u00e1s. <\/span><\/p>\t\t\t\t\t\t\t\t<\/div>\n\t\t\t\t<\/div>\n\t\t\t\t<div class=\"elementor-element elementor-element-310048c elementor-widget elementor-widget-accordion\" data-id=\"310048c\" data-element_type=\"widget\" data-e-type=\"widget\" data-widget_type=\"accordion.default\">\n\t\t\t\t<div class=\"elementor-widget-container\">\n\t\t\t\t\t\t\t<div class=\"elementor-accordion\">\n\t\t\t\t\t\t\t<div class=\"elementor-accordion-item\">\n\t\t\t\t\t<div id=\"elementor-tab-title-5131\" class=\"elementor-tab-title\" data-tab=\"1\" role=\"button\" aria-controls=\"elementor-tab-content-5131\" aria-expanded=\"false\">\n\t\t\t\t\t\t\t\t\t\t\t\t\t<span class=\"elementor-accordion-icon elementor-accordion-icon-left\" aria-hidden=\"true\">\n\t\t\t\t\t\t\t\t\t\t\t\t\t\t\t<i class=\"elementor-accordion-icon-closed \"><\/i>\n\t\t\t\t\t\t\t\t<i class=\"elementor-accordion-icon-opened \"><\/i>\n\t\t\t\t\t\t\t\t\t\t\t\t\t\t<\/span>\n\t\t\t\t\t\t\t\t\t\t\t\t<a class=\"elementor-accordion-title\" tabindex=\"0\">Mi\u00e9rcoles 31<\/a>\n\t\t\t\t\t<\/div>\n\t\t\t\t\t<div id=\"elementor-tab-content-5131\" class=\"elementor-tab-content elementor-clearfix\" data-tab=\"1\" role=\"region\" aria-labelledby=\"elementor-tab-title-5131\"><p>10:30<br \/>Inauguraci\u00f3n Circo FIFV<br \/>\u00c1gora instalada en pleno coraz\u00f3n de Valpara\u00edso, en la Plaza C\u00edvica donde se realizar\u00e1n actividades fotogr\u00e1ficas gratuitas abiertas a todo p\u00fablico.<\/p><p>11:00<br \/>Cine en el Circo FIFV<br \/>Selecci\u00f3n de documentales sobre fotograf\u00eda presentadas por Guillermo Franco (Argentina), programador cinematogr\u00e1fico.<\/p><p><br \/>12:00<br \/>Circo FIFV<br \/>Tiempo de retratos \/ Sesiones de retratos al p\u00fablico que circula por la Plaza C\u00edvica a cargo del colectivo Migrar Photo<\/p><p>12:00 Inauguraci\u00f3n exposici\u00f3n de fotolibros de la Biblioteca FIFV, con la curator\u00eda a cargo de estudiantes de Arcos de Vi\u00f1a del Mar, C\u00e1mara L\u00facida y Cooperativa de Fot\u00f3grafas.<\/p><p>12:15<br \/>Circo FIFV<br \/>Lanzamiento del libro \u201cNo Habilitado\u201d del fot\u00f3grafo Carlos Avello (Concepci\u00f3n).<\/p><p>13:00<br \/>Circo FIFV<br \/>Lanzamiento del libro \u201cPaisaje Interior\u201c del fot\u00f3grafo Claudio Santana (Santiago)<br \/>Curadora: Andrea Aguad y dise\u00f1o: Carolina Za\u00f1artu.<\/p><p><br \/>15:00<br \/>Circo FIFV<br \/>Imagen Salvaje junto Walter Blass y sus alumnos de la comuna de Trehuaco realizar\u00e1n la actividad colaborativa: \u201cPosteos Postales\u201d.<\/p><p><br \/>17:00<br \/>Circo FIFV<br \/>Lanzamiento fotolibro Tegualda con Lautaro, \u00e1lbum de una intersecci\u00f3n . <br \/>De Luis Navarro Figueroa (Santiago) en co-edici\u00f3n con Andrea Josh.<br \/>Dise\u00f1o editorial: Carolina Za\u00f1artu.<\/p><p><br \/>19:00<br \/>Circo FIFV<br \/>Cine en el Circo FIFV<br \/>Selecci\u00f3n de documentales sobre fotograf\u00eda presentadas por Guillermo Franco, (Argentina), programador cinematogr\u00e1fico.<\/p><p><\/p><\/div>\n\t\t\t\t<\/div>\n\t\t\t\t\t\t\t<div class=\"elementor-accordion-item\">\n\t\t\t\t\t<div id=\"elementor-tab-title-5132\" class=\"elementor-tab-title\" data-tab=\"2\" role=\"button\" aria-controls=\"elementor-tab-content-5132\" aria-expanded=\"false\">\n\t\t\t\t\t\t\t\t\t\t\t\t\t<span class=\"elementor-accordion-icon elementor-accordion-icon-left\" aria-hidden=\"true\">\n\t\t\t\t\t\t\t\t\t\t\t\t\t\t\t<i class=\"elementor-accordion-icon-closed \"><\/i>\n\t\t\t\t\t\t\t\t<i class=\"elementor-accordion-icon-opened \"><\/i>\n\t\t\t\t\t\t\t\t\t\t\t\t\t\t<\/span>\n\t\t\t\t\t\t\t\t\t\t\t\t<a class=\"elementor-accordion-title\" tabindex=\"0\">Jueves 01<\/a>\n\t\t\t\t\t<\/div>\n\t\t\t\t\t<div id=\"elementor-tab-content-5132\" class=\"elementor-tab-content elementor-clearfix\" data-tab=\"2\" role=\"region\" aria-labelledby=\"elementor-tab-title-5132\"><p>10:00<br \/>Circo FIFV<br \/>Proyectos Asociados<br \/>Historias en celular, Taller abierto a todo p\u00fablico realizado por colectivo Migrar Photo (Inscripci\u00f3n previa), utilizando el celular como c\u00e1mara fotogr\u00e1fica.<\/p><p>11:00<br \/>Cine en el Circo FIFV<br \/>Selecci\u00f3n de documentales sobre fotograf\u00eda presentadas por Guillermo Franco, (Argentina), programador cinematogr\u00e1fico.<\/p><p><br \/>12:00<br \/>Circo FIFV<br \/>Tiempo de retratos \/ Sesiones de retratos al p\u00fablico que transita por la Plaza C\u00edvica a cargo del colectivo Colectivo Granada<br \/><br \/>12:15<br \/>Circo FIFV<br \/>Lanzamiento del libro Varanasi del fot\u00f3grafo Tom\u00e1s Munita (Santiago).<br \/>Presenta por Buen Lugar Ediciones<\/p><p>12:45<br \/>Circo FIFV<br \/>Lanzamiento del libro \u201cTierra de Humo\u201d del fot\u00f3grafo Oscar Wittke (Santiago) , LOM ediciones.<\/p><p><br \/>15:00<br \/>Circo FIFV<br \/>Presentaci\u00f3n de trabajo de rescate de la obra del editor Francisco Zegers y donaci\u00f3n a la Biblioteca FIFV a cargo de P\u00f3lvora Editorial.<\/p><p>15:30<br \/>Circo FIFV<br \/>Imagen Salvaje junto a Carlos Silva y sus alumnos de la Escuela de Bellas Artes de Vi\u00f1a del mar, presentar\u00e1n el \u201clibro foto copia\u201d<\/p><p>16:30<br \/>Circo FIFV<br \/>Encuentro y presentaci\u00f3n de los procesos de Imagen Salvaje 2018.<\/p><p>Colegio Numancia, \u201cCuaderno de artista, Valpara\u00edso a primera vista\u201d.<br \/>Escuela especial Humberto Moath, Casablanca, \u201cViaje a la origen de una imagen\u201d.<br \/>C\u00e1mara L\u00facida, \u201cThe Mundo Family\u201d.<br \/>ARCOS, \u201cParadoja Russell\u201d y \u201cPrivado\u201d.<br \/>Liceo Polivalente Republica del Paraguay Trehuaco y Colegio Jorge Rock Lara de Quilpu\u00e9 \u201cPosteos Postales\u201d<\/p><p>19:00<br \/>Circo FIFV<br \/>Cine en el Circo FIFV<br \/>Selecci\u00f3n de documentales sobre fotograf\u00eda presentadas por Guillermo Franco, (Argentina), programador cinematogr\u00e1fico.<\/p><\/div>\n\t\t\t\t<\/div>\n\t\t\t\t\t\t\t<div class=\"elementor-accordion-item\">\n\t\t\t\t\t<div id=\"elementor-tab-title-5133\" class=\"elementor-tab-title\" data-tab=\"3\" role=\"button\" aria-controls=\"elementor-tab-content-5133\" aria-expanded=\"false\">\n\t\t\t\t\t\t\t\t\t\t\t\t\t<span class=\"elementor-accordion-icon elementor-accordion-icon-left\" aria-hidden=\"true\">\n\t\t\t\t\t\t\t\t\t\t\t\t\t\t\t<i class=\"elementor-accordion-icon-closed \"><\/i>\n\t\t\t\t\t\t\t\t<i class=\"elementor-accordion-icon-opened \"><\/i>\n\t\t\t\t\t\t\t\t\t\t\t\t\t\t<\/span>\n\t\t\t\t\t\t\t\t\t\t\t\t<a class=\"elementor-accordion-title\" tabindex=\"0\">Viernes 02<\/a>\n\t\t\t\t\t<\/div>\n\t\t\t\t\t<div id=\"elementor-tab-content-5133\" class=\"elementor-tab-content elementor-clearfix\" data-tab=\"3\" role=\"region\" aria-labelledby=\"elementor-tab-title-5133\"><p>10:00<br \/>Circo FIFV<br \/>Proyectos Asociados<br \/>Historias en celular, Taller abierto a todo p\u00fablico realizado por colectivo Migrar Photo (Inscripci\u00f3n previa), utilizando el celular como c\u00e1mara fotogr\u00e1fica.<\/p><p>10:00<br \/>Circo FIFV<br \/>Proyectos Asociados<br \/>Tiempo Recobrado a cargo del Taller Fugaz de Fernanda Larra\u00edn e Isabel Fern\u00e1ndez (Inscripci\u00f3n previa). Trabajo en cianotipo sobre piedras y colodi\u00f3n h\u00famedo sobre metal..<\/p><p><br \/>11:00<br \/>Cine en el Circo FIFV<br \/>Selecci\u00f3n de documentales sobre fotograf\u00eda presentadas por Guillermo Franco, (Argentina), programador cinematogr\u00e1fico.<\/p><p><br \/>12:00<br \/>Circo FIFV<br \/>Tiempo de retratos \/ Sesiones de retratos al p\u00fablico que transita por la Plaza C\u00edvica a cargo del colectivo Brigada Fotogr\u00e1fica.<\/p><p><br \/>12:15<br \/>Circo FIFV<br \/>Lanzamiento del libro &#8220;Berma&#8221; de Elde Gelos (Espa\u00f1a), de Filigranes \u00c9ditions (Francia) y Ediciones La Visita (Chile). N\u00eda Diedla editora.<\/p><p><br \/>12:45<br \/>Circo FIFV<br \/>DJ Book: &#8220;Fotolibros a trav\u00e9s del tiempo&#8221; por el fot\u00f3grafo Luis Poirot (Santiago) qui\u00e9n mostrar\u00e1 una selecci\u00f3n escogida de sus libros favoritos.<\/p><p>15:00<br \/>Circo FIFV<br \/>Proyecci\u00f3n del trabajo final de las Brigadas fotogr\u00e1ficas.<\/p><p><br \/>17:00<br \/>Circo FIFV<br \/>Proyectos asociados<br \/>Proyecci\u00f3n resultado de taller \u201cHistorias de celular\u201d a cargo del colectivo Migrar Photo<\/p><p>19:00<br \/>Cine en el Circo FIFV<br \/>Selecci\u00f3n de documentales sobre fotograf\u00eda presentadas por Guillermo Franco, (Argentina), programador cinematogr\u00e1fico.<\/p><\/div>\n\t\t\t\t<\/div>\n\t\t\t\t\t\t\t<div class=\"elementor-accordion-item\">\n\t\t\t\t\t<div id=\"elementor-tab-title-5134\" class=\"elementor-tab-title\" data-tab=\"4\" role=\"button\" aria-controls=\"elementor-tab-content-5134\" aria-expanded=\"false\">\n\t\t\t\t\t\t\t\t\t\t\t\t\t<span class=\"elementor-accordion-icon elementor-accordion-icon-left\" aria-hidden=\"true\">\n\t\t\t\t\t\t\t\t\t\t\t\t\t\t\t<i class=\"elementor-accordion-icon-closed \"><\/i>\n\t\t\t\t\t\t\t\t<i class=\"elementor-accordion-icon-opened \"><\/i>\n\t\t\t\t\t\t\t\t\t\t\t\t\t\t<\/span>\n\t\t\t\t\t\t\t\t\t\t\t\t<a class=\"elementor-accordion-title\" tabindex=\"0\">S\u00e1bado 03<\/a>\n\t\t\t\t\t<\/div>\n\t\t\t\t\t<div id=\"elementor-tab-content-5134\" class=\"elementor-tab-content elementor-clearfix\" data-tab=\"4\" role=\"region\" aria-labelledby=\"elementor-tab-title-5134\"><p>11:00<br \/>Cine en el Circo FIFV<br \/>Selecci\u00f3n de documentales sobre fotograf\u00eda presentadas por Guillermo Franco, (Argentina), programador cinematogr\u00e1fico.<\/p><p><br \/>12:00<br \/>Circo FIFV<br \/>Presentaci\u00f3n de los 4 nominados al mejor portafolio 2018. <\/p><\/div>\n\t\t\t\t<\/div>\n\t\t\t\t\t\t\t\t<\/div>\n\t\t\t\t\t\t<\/div>\n\t\t\t\t<\/div>\n\t\t\t\t\t<\/div>\n\t\t<\/div>\n\t\t\t\t\t<\/div>\n\t\t<\/section>\n\t\t\t\t<section class=\"elementor-section elementor-top-section elementor-element elementor-element-afa58ec elementor-section-boxed elementor-section-height-default elementor-section-height-default\" data-id=\"afa58ec\" data-element_type=\"section\" data-e-type=\"section\" data-settings=\"{&quot;background_background&quot;:&quot;classic&quot;}\">\n\t\t\t\t\t\t<div class=\"elementor-container elementor-column-gap-default\">\n\t\t\t\t\t<div class=\"elementor-column elementor-col-33 elementor-top-column elementor-element elementor-element-ac93d34\" data-id=\"ac93d34\" data-element_type=\"column\" data-e-type=\"column\">\n\t\t\t<div class=\"elementor-widget-wrap elementor-element-populated\">\n\t\t\t\t\t\t<div class=\"elementor-element elementor-element-78f39b0 elementor-widget-divider--view-line elementor-widget elementor-widget-divider\" data-id=\"78f39b0\" data-element_type=\"widget\" data-e-type=\"widget\" data-widget_type=\"divider.default\">\n\t\t\t\t<div class=\"elementor-widget-container\">\n\t\t\t\t\t\t\t<div class=\"elementor-divider\">\n\t\t\t<span class=\"elementor-divider-separator\">\n\t\t\t\t\t\t<\/span>\n\t\t<\/div>\n\t\t\t\t\t\t<\/div>\n\t\t\t\t<\/div>\n\t\t\t\t\t<\/div>\n\t\t<\/div>\n\t\t\t\t<div class=\"elementor-column elementor-col-33 elementor-top-column elementor-element elementor-element-45a6f8f\" data-id=\"45a6f8f\" data-element_type=\"column\" data-e-type=\"column\">\n\t\t\t<div class=\"elementor-widget-wrap elementor-element-populated\">\n\t\t\t\t\t\t<div class=\"elementor-element elementor-element-d15a760 equipo-tituloGrupo elementor-widget elementor-widget-heading\" data-id=\"d15a760\" data-element_type=\"widget\" data-e-type=\"widget\" data-widget_type=\"heading.default\">\n\t\t\t\t<div class=\"elementor-widget-container\">\n\t\t\t\t\t<h2 class=\"elementor-heading-title elementor-size-default\">VERSIONES ANTERIORES<\/h2>\t\t\t\t<\/div>\n\t\t\t\t<\/div>\n\t\t\t\t\t<\/div>\n\t\t<\/div>\n\t\t\t\t<div class=\"elementor-column elementor-col-33 elementor-top-column elementor-element elementor-element-aed9ff4\" data-id=\"aed9ff4\" data-element_type=\"column\" data-e-type=\"column\">\n\t\t\t<div class=\"elementor-widget-wrap elementor-element-populated\">\n\t\t\t\t\t\t<div class=\"elementor-element elementor-element-2854e8a elementor-widget-divider--view-line elementor-widget elementor-widget-divider\" data-id=\"2854e8a\" data-element_type=\"widget\" data-e-type=\"widget\" data-widget_type=\"divider.default\">\n\t\t\t\t<div class=\"elementor-widget-container\">\n\t\t\t\t\t\t\t<div class=\"elementor-divider\">\n\t\t\t<span class=\"elementor-divider-separator\">\n\t\t\t\t\t\t<\/span>\n\t\t<\/div>\n\t\t\t\t\t\t<\/div>\n\t\t\t\t<\/div>\n\t\t\t\t\t<\/div>\n\t\t<\/div>\n\t\t\t\t\t<\/div>\n\t\t<\/section>\n\t\t\t\t<section class=\"elementor-section elementor-top-section elementor-element elementor-element-52d30bd elementor-section-boxed elementor-section-height-default elementor-section-height-default\" data-id=\"52d30bd\" data-element_type=\"section\" data-e-type=\"section\" data-settings=\"{&quot;background_background&quot;:&quot;classic&quot;}\">\n\t\t\t\t\t\t<div class=\"elementor-container elementor-column-gap-default\">\n\t\t\t\t\t<div class=\"elementor-column elementor-col-12 elementor-top-column elementor-element elementor-element-7816467\" data-id=\"7816467\" data-element_type=\"column\" data-e-type=\"column\">\n\t\t\t<div class=\"elementor-widget-wrap elementor-element-populated\">\n\t\t\t\t\t\t<div class=\"elementor-element elementor-element-a398ecf elementor-widget elementor-widget-heading\" data-id=\"a398ecf\" data-element_type=\"widget\" data-e-type=\"widget\" data-widget_type=\"heading.default\">\n\t\t\t\t<div class=\"elementor-widget-container\">\n\t\t\t\t\t<h2 class=\"elementor-heading-title elementor-size-default\"><a href=\"http:\/\/www.fifv.cl\/2010\">2010<\/a><\/h2>\t\t\t\t<\/div>\n\t\t\t\t<\/div>\n\t\t\t\t\t<\/div>\n\t\t<\/div>\n\t\t\t\t<div class=\"elementor-column elementor-col-12 elementor-top-column elementor-element elementor-element-425a947\" data-id=\"425a947\" data-element_type=\"column\" data-e-type=\"column\">\n\t\t\t<div class=\"elementor-widget-wrap elementor-element-populated\">\n\t\t\t\t\t\t<div class=\"elementor-element elementor-element-c9e5d80 elementor-widget elementor-widget-heading\" data-id=\"c9e5d80\" data-element_type=\"widget\" data-e-type=\"widget\" data-widget_type=\"heading.default\">\n\t\t\t\t<div class=\"elementor-widget-container\">\n\t\t\t\t\t<h2 class=\"elementor-heading-title elementor-size-default\"><a href=\"http:\/\/www.fifv.cl\/2011\">2011<\/a><\/h2>\t\t\t\t<\/div>\n\t\t\t\t<\/div>\n\t\t\t\t\t<\/div>\n\t\t<\/div>\n\t\t\t\t<div class=\"elementor-column elementor-col-12 elementor-top-column elementor-element elementor-element-ed36b51\" data-id=\"ed36b51\" data-element_type=\"column\" data-e-type=\"column\">\n\t\t\t<div class=\"elementor-widget-wrap elementor-element-populated\">\n\t\t\t\t\t\t<div class=\"elementor-element elementor-element-1587386 elementor-widget elementor-widget-heading\" data-id=\"1587386\" data-element_type=\"widget\" data-e-type=\"widget\" data-widget_type=\"heading.default\">\n\t\t\t\t<div class=\"elementor-widget-container\">\n\t\t\t\t\t<h2 class=\"elementor-heading-title elementor-size-default\"><a href=\"http:\/\/www.fifv.cl\/2012\">2012<\/a><\/h2>\t\t\t\t<\/div>\n\t\t\t\t<\/div>\n\t\t\t\t\t<\/div>\n\t\t<\/div>\n\t\t\t\t<div class=\"elementor-column elementor-col-12 elementor-top-column elementor-element elementor-element-449b213\" data-id=\"449b213\" data-element_type=\"column\" data-e-type=\"column\">\n\t\t\t<div class=\"elementor-widget-wrap elementor-element-populated\">\n\t\t\t\t\t\t<div class=\"elementor-element elementor-element-bb7c029 elementor-widget elementor-widget-heading\" data-id=\"bb7c029\" data-element_type=\"widget\" data-e-type=\"widget\" data-widget_type=\"heading.default\">\n\t\t\t\t<div class=\"elementor-widget-container\">\n\t\t\t\t\t<h2 class=\"elementor-heading-title elementor-size-default\"><a href=\"http:\/\/www.fifv.cl\/2013\">2013<\/a><\/h2>\t\t\t\t<\/div>\n\t\t\t\t<\/div>\n\t\t\t\t\t<\/div>\n\t\t<\/div>\n\t\t\t\t<div class=\"elementor-column elementor-col-12 elementor-top-column elementor-element elementor-element-31672f9\" data-id=\"31672f9\" data-element_type=\"column\" data-e-type=\"column\">\n\t\t\t<div class=\"elementor-widget-wrap elementor-element-populated\">\n\t\t\t\t\t\t<div class=\"elementor-element elementor-element-e8a8ef0 elementor-widget elementor-widget-heading\" data-id=\"e8a8ef0\" data-element_type=\"widget\" data-e-type=\"widget\" data-widget_type=\"heading.default\">\n\t\t\t\t<div class=\"elementor-widget-container\">\n\t\t\t\t\t<h2 class=\"elementor-heading-title elementor-size-default\"><a href=\"http:\/\/www.fifv.cl\/2014\">2014<\/a><\/h2>\t\t\t\t<\/div>\n\t\t\t\t<\/div>\n\t\t\t\t\t<\/div>\n\t\t<\/div>\n\t\t\t\t<div class=\"elementor-column elementor-col-12 elementor-top-column elementor-element elementor-element-eceffb6\" data-id=\"eceffb6\" data-element_type=\"column\" data-e-type=\"column\">\n\t\t\t<div class=\"elementor-widget-wrap elementor-element-populated\">\n\t\t\t\t\t\t<div class=\"elementor-element elementor-element-90fbeeb elementor-widget elementor-widget-heading\" data-id=\"90fbeeb\" data-element_type=\"widget\" data-e-type=\"widget\" data-widget_type=\"heading.default\">\n\t\t\t\t<div class=\"elementor-widget-container\">\n\t\t\t\t\t<h2 class=\"elementor-heading-title elementor-size-default\"><a href=\"http:\/\/www.fifv.cl\/2015\">2015<\/a><\/h2>\t\t\t\t<\/div>\n\t\t\t\t<\/div>\n\t\t\t\t\t<\/div>\n\t\t<\/div>\n\t\t\t\t<div class=\"elementor-column elementor-col-12 elementor-top-column elementor-element elementor-element-0584fac\" data-id=\"0584fac\" data-element_type=\"column\" data-e-type=\"column\">\n\t\t\t<div class=\"elementor-widget-wrap elementor-element-populated\">\n\t\t\t\t\t\t<div class=\"elementor-element elementor-element-238586a elementor-widget elementor-widget-heading\" data-id=\"238586a\" data-element_type=\"widget\" data-e-type=\"widget\" data-widget_type=\"heading.default\">\n\t\t\t\t<div class=\"elementor-widget-container\">\n\t\t\t\t\t<h2 class=\"elementor-heading-title elementor-size-default\"><a href=\"http:\/\/www.fifv.cl\/2016\">2016<\/a><\/h2>\t\t\t\t<\/div>\n\t\t\t\t<\/div>\n\t\t\t\t\t<\/div>\n\t\t<\/div>\n\t\t\t\t<div class=\"elementor-column elementor-col-12 elementor-top-column elementor-element elementor-element-1e75400\" data-id=\"1e75400\" data-element_type=\"column\" data-e-type=\"column\">\n\t\t\t<div class=\"elementor-widget-wrap elementor-element-populated\">\n\t\t\t\t\t\t<div class=\"elementor-element elementor-element-b0fc7f2 elementor-widget elementor-widget-heading\" data-id=\"b0fc7f2\" data-element_type=\"widget\" data-e-type=\"widget\" data-widget_type=\"heading.default\">\n\t\t\t\t<div class=\"elementor-widget-container\">\n\t\t\t\t\t<h2 class=\"elementor-heading-title elementor-size-default\"><a href=\"http:\/\/www.fifv.cl\/2017\">2017<\/a><\/h2>\t\t\t\t<\/div>\n\t\t\t\t<\/div>\n\t\t\t\t\t<\/div>\n\t\t<\/div>\n\t\t\t\t\t<\/div>\n\t\t<\/section>\n\t\t\t\t<section class=\"elementor-section elementor-top-section elementor-element elementor-element-460983d elementor-section-boxed elementor-section-height-default elementor-section-height-default\" data-id=\"460983d\" data-element_type=\"section\" data-e-type=\"section\" data-settings=\"{&quot;background_background&quot;:&quot;classic&quot;}\">\n\t\t\t\t\t\t<div class=\"elementor-container elementor-column-gap-default\">\n\t\t\t\t\t<div class=\"elementor-column elementor-col-100 elementor-top-column elementor-element elementor-element-1e5be6c\" data-id=\"1e5be6c\" data-element_type=\"column\" data-e-type=\"column\">\n\t\t\t<div class=\"elementor-widget-wrap elementor-element-populated\">\n\t\t\t\t\t\t<div class=\"elementor-element elementor-element-e8449de elementor-widget elementor-widget-image\" data-id=\"e8449de\" data-element_type=\"widget\" data-e-type=\"widget\" data-widget_type=\"image.default\">\n\t\t\t\t<div class=\"elementor-widget-container\">\n\t\t\t\t\t\t\t\t\t\t\t\t\t\t\t<img fetchpriority=\"high\" decoding=\"async\" width=\"1221\" height=\"163\" src=\"https:\/\/fifv.cl\/2018\/wp-content\/uploads\/2018\/10\/logos-fifv.png\" class=\"attachment-full size-full wp-image-300\" alt=\"\" srcset=\"https:\/\/fifv.cl\/2018\/wp-content\/uploads\/2018\/10\/logos-fifv.png 1221w, https:\/\/fifv.cl\/2018\/wp-content\/uploads\/2018\/10\/logos-fifv-300x40.png 300w, https:\/\/fifv.cl\/2018\/wp-content\/uploads\/2018\/10\/logos-fifv-768x103.png 768w, https:\/\/fifv.cl\/2018\/wp-content\/uploads\/2018\/10\/logos-fifv-1024x137.png 1024w, https:\/\/fifv.cl\/2018\/wp-content\/uploads\/2018\/10\/logos-fifv-750x100.png 750w\" sizes=\"(max-width: 1221px) 100vw, 1221px\" \/>\t\t\t\t\t\t\t\t\t\t\t\t\t\t\t<\/div>\n\t\t\t\t<\/div>\n\t\t\t\t\t<\/div>\n\t\t<\/div>\n\t\t\t\t\t<\/div>\n\t\t<\/section>\n\t\t\t\t<\/div>\n\t\t","protected":false},"excerpt":{"rendered":"<p>Smart Slider with ID: 1 circo fifv Este 2018 el Festival celebra su noveno a\u00f1o y su aniversario. Es por eso que en la Plaza C\u00edvica de Valpara\u00edso se instalar\u00e1 [&hellip;]<\/p>\n","protected":false},"author":1,"featured_media":0,"parent":0,"menu_order":0,"comment_status":"closed","ping_status":"closed","template":"elementor_header_footer","meta":{"footnotes":""},"class_list":["post-480","page","type-page","status-publish","hentry"],"_links":{"self":[{"href":"https:\/\/fifv.cl\/2018\/wp-json\/wp\/v2\/pages\/480","targetHints":{"allow":["GET"]}}],"collection":[{"href":"https:\/\/fifv.cl\/2018\/wp-json\/wp\/v2\/pages"}],"about":[{"href":"https:\/\/fifv.cl\/2018\/wp-json\/wp\/v2\/types\/page"}],"author":[{"embeddable":true,"href":"https:\/\/fifv.cl\/2018\/wp-json\/wp\/v2\/users\/1"}],"replies":[{"embeddable":true,"href":"https:\/\/fifv.cl\/2018\/wp-json\/wp\/v2\/comments?post=480"}],"version-history":[{"count":6,"href":"https:\/\/fifv.cl\/2018\/wp-json\/wp\/v2\/pages\/480\/revisions"}],"predecessor-version":[{"id":569,"href":"https:\/\/fifv.cl\/2018\/wp-json\/wp\/v2\/pages\/480\/revisions\/569"}],"wp:attachment":[{"href":"https:\/\/fifv.cl\/2018\/wp-json\/wp\/v2\/media?parent=480"}],"curies":[{"name":"wp","href":"https:\/\/api.w.org\/{rel}","templated":true}]}}