{"id":368,"date":"2023-09-11T23:52:36","date_gmt":"2023-09-12T02:52:36","guid":{"rendered":"https:\/\/fifv.cl\/2023\/?page_id=368"},"modified":"2023-11-03T19:49:30","modified_gmt":"2023-11-03T22:49:30","slug":"convocatoria-anne-rearick","status":"publish","type":"page","link":"https:\/\/fifv.cl\/2023\/convocatoria-anne-rearick\/","title":{"rendered":"Workshop de Anne Rearick"},"content":{"rendered":"\t\t<div data-elementor-type=\"wp-page\" data-elementor-id=\"368\" class=\"elementor elementor-368\" data-elementor-post-type=\"page\">\n\t\t\t\t\t\t<section class=\"elementor-section elementor-top-section elementor-element elementor-element-bb86406 elementor-section-height-min-height elementor-section-boxed elementor-section-height-default elementor-section-items-middle\" data-id=\"bb86406\" data-element_type=\"section\" data-settings=\"{&quot;background_background&quot;:&quot;classic&quot;}\">\n\t\t\t\t\t\t<div class=\"elementor-container elementor-column-gap-default\">\n\t\t\t\t\t<div class=\"elementor-column elementor-col-100 elementor-top-column elementor-element elementor-element-19c7e2c\" data-id=\"19c7e2c\" data-element_type=\"column\" data-settings=\"{&quot;background_background&quot;:&quot;classic&quot;,&quot;animation&quot;:&quot;none&quot;}\">\n\t\t\t<div class=\"elementor-widget-wrap elementor-element-populated\">\n\t\t\t\t\t\t<div class=\"elementor-element elementor-element-e087a33 animated-fast elementor-invisible elementor-widget elementor-widget-heading\" data-id=\"e087a33\" data-element_type=\"widget\" data-settings=\"{&quot;_animation&quot;:&quot;fadeIn&quot;,&quot;_animation_delay&quot;:0.5}\" data-widget_type=\"heading.default\">\n\t\t\t\t<div class=\"elementor-widget-container\">\n\t\t\t\t\t<h2 class=\"elementor-heading-title elementor-size-default\"><span style=\"text-decoration:underline;font-size: 28px;margin-bottom: 24px\">workshop<\/span><br>ANNE<BR>REARICK<\/h2>\t\t\t\t<\/div>\n\t\t\t\t<\/div>\n\t\t\t\t\t<\/div>\n\t\t<\/div>\n\t\t\t\t\t<\/div>\n\t\t<\/section>\n\t\t\t\t<section class=\"elementor-section elementor-top-section elementor-element elementor-element-c0d6f11 elementor-section-boxed elementor-section-height-default elementor-section-height-default\" data-id=\"c0d6f11\" data-element_type=\"section\" data-settings=\"{&quot;background_background&quot;:&quot;classic&quot;}\">\n\t\t\t\t\t\t<div class=\"elementor-container elementor-column-gap-default\">\n\t\t\t\t\t<div class=\"elementor-column elementor-col-100 elementor-top-column elementor-element elementor-element-b4ddd37 elementor-invisible\" data-id=\"b4ddd37\" data-element_type=\"column\" data-settings=\"{&quot;background_background&quot;:&quot;classic&quot;,&quot;animation&quot;:&quot;fadeIn&quot;}\">\n\t\t\t<div class=\"elementor-widget-wrap elementor-element-populated\">\n\t\t\t\t\t\t<div class=\"elementor-element elementor-element-d78d143 animated-fast elementor-invisible elementor-widget elementor-widget-text-editor\" data-id=\"d78d143\" data-element_type=\"widget\" data-settings=\"{&quot;_animation&quot;:&quot;fadeInUp&quot;}\" data-widget_type=\"text-editor.default\">\n\t\t\t\t<div class=\"elementor-widget-container\">\n\t\t\t\t\t\t\t\t\tLa destacada fot\u00f3grafa estadounidense Anne Rearick llega a la decimocuarta versi\u00f3n del FIFV para liderar el Work\u00adshop \u201cFotograf\u00eda documental personal\u201d, un taller para compartir portafolios, examinar el trabajo a trav\u00e9s de una discusi\u00f3n reflexiva y explorar formas de profundizar la visi\u00f3n personal de cada autor y autora.\t\t\t\t\t\t\t\t<\/div>\n\t\t\t\t<\/div>\n\t\t\t\t\t<\/div>\n\t\t<\/div>\n\t\t\t\t\t<\/div>\n\t\t<\/section>\n\t\t\t\t<section class=\"elementor-section elementor-top-section elementor-element elementor-element-07befcb elementor-section-boxed elementor-section-height-default elementor-section-height-default\" data-id=\"07befcb\" data-element_type=\"section\" data-settings=\"{&quot;background_background&quot;:&quot;classic&quot;}\">\n\t\t\t\t\t\t<div class=\"elementor-container elementor-column-gap-default\">\n\t\t\t\t\t<div class=\"elementor-column elementor-col-100 elementor-top-column elementor-element elementor-element-c773d89\" data-id=\"c773d89\" data-element_type=\"column\">\n\t\t\t<div class=\"elementor-widget-wrap elementor-element-populated\">\n\t\t\t\t\t\t<section class=\"elementor-section elementor-inner-section elementor-element elementor-element-6376eb3 elementor-section-boxed elementor-section-height-default elementor-section-height-default\" data-id=\"6376eb3\" data-element_type=\"section\">\n\t\t\t\t\t\t<div class=\"elementor-container elementor-column-gap-default\">\n\t\t\t\t\t<div class=\"elementor-column elementor-col-33 elementor-inner-column elementor-element elementor-element-dd83fd6\" data-id=\"dd83fd6\" data-element_type=\"column\">\n\t\t\t<div class=\"elementor-widget-wrap elementor-element-populated\">\n\t\t\t\t\t\t<div class=\"elementor-element elementor-element-f50ab65 elementor-invisible elementor-widget elementor-widget-image\" data-id=\"f50ab65\" data-element_type=\"widget\" data-settings=\"{&quot;_animation&quot;:&quot;fadeInUp&quot;}\" data-widget_type=\"image.default\">\n\t\t\t\t<div class=\"elementor-widget-container\">\n\t\t\t\t\t\t\t\t\t\t\t\t\t\t\t<img fetchpriority=\"high\" decoding=\"async\" width=\"640\" height=\"641\" src=\"https:\/\/i0.wp.com\/fifv.cl\/2023\/wp-content\/uploads\/2023\/09\/anne-2.jpg?fit=640%2C641&amp;ssl=1\" class=\"attachment-large size-large wp-image-388\" alt=\"\" srcset=\"https:\/\/i0.wp.com\/fifv.cl\/2023\/wp-content\/uploads\/2023\/09\/anne-2.jpg?w=640&amp;ssl=1 640w, https:\/\/i0.wp.com\/fifv.cl\/2023\/wp-content\/uploads\/2023\/09\/anne-2.jpg?resize=300%2C300&amp;ssl=1 300w, https:\/\/i0.wp.com\/fifv.cl\/2023\/wp-content\/uploads\/2023\/09\/anne-2.jpg?resize=150%2C150&amp;ssl=1 150w\" sizes=\"(max-width: 640px) 100vw, 640px\" \/>\t\t\t\t\t\t\t\t\t\t\t\t\t\t\t<\/div>\n\t\t\t\t<\/div>\n\t\t\t\t<div class=\"elementor-element elementor-element-87718c2 elementor-invisible elementor-widget elementor-widget-heading\" data-id=\"87718c2\" data-element_type=\"widget\" data-settings=\"{&quot;_animation&quot;:&quot;fadeInUp&quot;}\" data-widget_type=\"heading.default\">\n\t\t\t\t<div class=\"elementor-widget-container\">\n\t\t\t\t\t<h2 class=\"elementor-heading-title elementor-size-default\">Anne<br>\nRearick<\/h2>\t\t\t\t<\/div>\n\t\t\t\t<\/div>\n\t\t\t\t<div class=\"elementor-element elementor-element-3324819 elementor-widget elementor-widget-heading\" data-id=\"3324819\" data-element_type=\"widget\" data-widget_type=\"heading.default\">\n\t\t\t\t<div class=\"elementor-widget-container\">\n\t\t\t\t\t<h2 class=\"elementor-heading-title elementor-size-default\">EE.UU<\/h2>\t\t\t\t<\/div>\n\t\t\t\t<\/div>\n\t\t\t\t<div class=\"elementor-element elementor-element-93bc8cd elementor-widget-divider--view-line elementor-widget elementor-widget-divider\" data-id=\"93bc8cd\" data-element_type=\"widget\" data-widget_type=\"divider.default\">\n\t\t\t\t<div class=\"elementor-widget-container\">\n\t\t\t\t\t\t\t<div class=\"elementor-divider\">\n\t\t\t<span class=\"elementor-divider-separator\">\n\t\t\t\t\t\t<\/span>\n\t\t<\/div>\n\t\t\t\t\t\t<\/div>\n\t\t\t\t<\/div>\n\t\t\t\t<div class=\"elementor-element elementor-element-88812c1 elementor-widget elementor-widget-heading\" data-id=\"88812c1\" data-element_type=\"widget\" data-widget_type=\"heading.default\">\n\t\t\t\t<div class=\"elementor-widget-container\">\n\t\t\t\t\t<h2 class=\"elementor-heading-title elementor-size-default\">1960<\/h2>\t\t\t\t<\/div>\n\t\t\t\t<\/div>\n\t\t\t\t<div class=\"elementor-element elementor-element-88ff443 elementor-widget-divider--view-line elementor-widget elementor-widget-divider\" data-id=\"88ff443\" data-element_type=\"widget\" data-widget_type=\"divider.default\">\n\t\t\t\t<div class=\"elementor-widget-container\">\n\t\t\t\t\t\t\t<div class=\"elementor-divider\">\n\t\t\t<span class=\"elementor-divider-separator\">\n\t\t\t\t\t\t<\/span>\n\t\t<\/div>\n\t\t\t\t\t\t<\/div>\n\t\t\t\t<\/div>\n\t\t\t\t\t<\/div>\n\t\t<\/div>\n\t\t\t\t<div class=\"elementor-column elementor-col-66 elementor-inner-column elementor-element elementor-element-d854aee\" data-id=\"d854aee\" data-element_type=\"column\">\n\t\t\t<div class=\"elementor-widget-wrap elementor-element-populated\">\n\t\t\t\t\t\t<div class=\"elementor-element elementor-element-d59362f elementor-widget elementor-widget-spacer\" data-id=\"d59362f\" data-element_type=\"widget\" data-widget_type=\"spacer.default\">\n\t\t\t\t<div class=\"elementor-widget-container\">\n\t\t\t\t\t\t\t<div class=\"elementor-spacer\">\n\t\t\t<div class=\"elementor-spacer-inner\"><\/div>\n\t\t<\/div>\n\t\t\t\t\t\t<\/div>\n\t\t\t\t<\/div>\n\t\t\t\t<div class=\"elementor-element elementor-element-e23cfb3 elementor-widget__width-initial elementor-invisible elementor-widget elementor-widget-text-editor\" data-id=\"e23cfb3\" data-element_type=\"widget\" data-settings=\"{&quot;_animation&quot;:&quot;fadeInUp&quot;}\" data-widget_type=\"text-editor.default\">\n\t\t\t\t<div class=\"elementor-widget-container\">\n\t\t\t\t\t\t\t\t\t<p>La experiencia contempla sesiones grupales e individuales y encargos espec\u00edficos de producci\u00f3n fotogr\u00e1fica. Quienes participen realizar\u00e1n fotograf\u00edas cada d\u00eda para agregar im\u00e1genes a proyectos en proceso o nuevos cuerpos de obra. Al final del taller se trabajar\u00e1 en edici\u00f3n para secuenciar un trabajo coherente y que represente la fuerza de la visi\u00f3n colectiva.<\/p><p>Anne Rearick es una fot\u00f3grafa estadounidense miembro de la Agencia VU\u00b4 (Francia). En su obra muestra una visi\u00f3n humanista de naturaleza documental. Explora lo cotidiano en trabajos fotogr\u00e1ficos de largo aliento, incluso que duran a\u00f1os, tiempo en el que profundiza en las relaciones humanas. Estados Unidos, Sud\u00e1frica y el Pa\u00eds Vasco son parte de los lugares que ha recorrido con esta pr\u00e1ctica fotogr\u00e1fica y mirada autoral.<\/p><p>En su carrera ha recibido numerosos premios y becas: Guggenheim Fellowship Award; Dorothea Lange \u2013 Paul Taylor Award; Roger-Pic Prize of the Scam; Mosaique en Luxemburgo y las Fulbright\/Annette Kade y New England Foundation for the Arts\/Mass Cultural Council.<\/p><p>Sus fotograf\u00edas han formado parte de importantes colecciones en la Biblioth\u00e8que Nationale de France, Centre national de l&#8217;Audiovisuel du Luxembourg y el Museo de Arte Moderno de San Francisco. La artista cuenta con la representaci\u00f3n de la galer\u00eda parisina de Cl\u00e9mentine de la F\u00e9ronni\u00e8re, obtuvo una Maestr\u00eda en Bellas Artes de la Facultad de Arte de Massachusetts y ha trabajado como educadora y artista durante m\u00e1s de 25 a\u00f1os.<\/p>\t\t\t\t\t\t\t\t<\/div>\n\t\t\t\t<\/div>\n\t\t\t\t\t<\/div>\n\t\t<\/div>\n\t\t\t\t\t<\/div>\n\t\t<\/section>\n\t\t\t\t\t<\/div>\n\t\t<\/div>\n\t\t\t\t\t<\/div>\n\t\t<\/section>\n\t\t\t\t<section class=\"elementor-section elementor-top-section elementor-element elementor-element-32a5000 elementor-section-boxed elementor-section-height-default elementor-section-height-default\" data-id=\"32a5000\" data-element_type=\"section\" data-settings=\"{&quot;background_background&quot;:&quot;classic&quot;}\">\n\t\t\t\t\t\t<div class=\"elementor-container elementor-column-gap-default\">\n\t\t\t\t\t<div class=\"elementor-column elementor-col-100 elementor-top-column elementor-element elementor-element-4400361 elementor-invisible\" data-id=\"4400361\" data-element_type=\"column\" data-settings=\"{&quot;background_background&quot;:&quot;classic&quot;,&quot;animation&quot;:&quot;fadeIn&quot;}\">\n\t\t\t<div class=\"elementor-widget-wrap elementor-element-populated\">\n\t\t\t\t\t\t<div class=\"elementor-element elementor-element-5914afa elementor-invisible elementor-widget elementor-widget-text-editor\" data-id=\"5914afa\" data-element_type=\"widget\" data-settings=\"{&quot;_animation&quot;:&quot;fadeInUp&quot;}\" data-widget_type=\"text-editor.default\">\n\t\t\t\t<div class=\"elementor-widget-container\">\n\t\t\t\t\t\t\t\t\t<p>Entre sus publicaciones de fotolibros destaca \u201cTownship\u201d sobre Sud\u00e1frica post-apartheid y la monograf\u00eda \u201cAnne Rearick&#8217;s Eye\u201d, una exploraci\u00f3n de la vida y la cultura en el Pa\u00eds Vasco franc\u00e9s.&nbsp;<\/p>\t\t\t\t\t\t\t\t<\/div>\n\t\t\t\t<\/div>\n\t\t\t\t\t<\/div>\n\t\t<\/div>\n\t\t\t\t\t<\/div>\n\t\t<\/section>\n\t\t\t\t<section class=\"elementor-section elementor-top-section elementor-element elementor-element-80a7f61 elementor-section-boxed elementor-section-height-default elementor-section-height-default\" data-id=\"80a7f61\" data-element_type=\"section\">\n\t\t\t\t\t\t<div class=\"elementor-container elementor-column-gap-default\">\n\t\t\t\t\t<div class=\"elementor-column elementor-col-100 elementor-top-column elementor-element elementor-element-c6ee36f\" data-id=\"c6ee36f\" data-element_type=\"column\">\n\t\t\t<div class=\"elementor-widget-wrap elementor-element-populated\">\n\t\t\t\t\t\t<div class=\"elementor-element elementor-element-4078981 elementor-invisible elementor-widget elementor-widget-heading\" data-id=\"4078981\" data-element_type=\"widget\" data-settings=\"{&quot;_animation&quot;:&quot;fadeInUp&quot;}\" data-widget_type=\"heading.default\">\n\t\t\t\t<div class=\"elementor-widget-container\">\n\t\t\t\t\t<h2 class=\"elementor-heading-title elementor-size-default\"><span>Seleccionad@s<\/span><\/h2>\t\t\t\t<\/div>\n\t\t\t\t<\/div>\n\t\t\t\t<div class=\"elementor-element elementor-element-8e0bc0b elementor-invisible elementor-widget elementor-widget-text-editor\" data-id=\"8e0bc0b\" data-element_type=\"widget\" data-settings=\"{&quot;_animation&quot;:&quot;fadeInUp&quot;}\" data-widget_type=\"text-editor.default\">\n\t\t\t\t<div class=\"elementor-widget-container\">\n\t\t\t\t\t\t\t\t\t<p>Amparo Rojas<\/p><p>Juvenal Munizaga<\/p><p>Carlos Sald\u00edas<\/p><p>Catalina Rivera<\/p><p>Daniela Benavente<\/p><p>Daniel Pons<\/p><p>Fernanda del Pozo<\/p><p>Marcelo Ronchini<\/p><p>Rodolfo Mu\u00f1oz &#8211; <strong>Asistente<\/strong><\/p>\t\t\t\t\t\t\t\t<\/div>\n\t\t\t\t<\/div>\n\t\t\t\t\t<\/div>\n\t\t<\/div>\n\t\t\t\t\t<\/div>\n\t\t<\/section>\n\t\t\t\t<\/div>\n\t\t","protected":false},"excerpt":{"rendered":"<p>workshopANNEREARICK La destacada fot\u00f3grafa estadounidense Anne Rearick llega a la decimocuarta versi\u00f3n del FIFV para liderar el Work\u00adshop \u201cFotograf\u00eda documental personal\u201d, un taller para compartir portafolios, examinar el trabajo a trav\u00e9s de una discusi\u00f3n reflexiva y explorar formas de profundizar la visi\u00f3n personal de cada autor y autora. Anne Rearick EE.UU 1960 La experiencia contempla [&hellip;]<\/p>\n","protected":false},"author":1,"featured_media":0,"parent":0,"menu_order":0,"comment_status":"closed","ping_status":"closed","template":"elementor_header_footer","meta":{"footnotes":""},"class_list":["post-368","page","type-page","status-publish","hentry"],"yoast_head":"<!-- This site is optimized with the Yoast SEO plugin v25.3 - https:\/\/yoast.com\/wordpress\/plugins\/seo\/ -->\n<title>Workshop de Anne Rearick - FIFV<\/title>\n<meta name=\"robots\" content=\"index, follow, max-snippet:-1, max-image-preview:large, max-video-preview:-1\" \/>\n<link rel=\"canonical\" href=\"https:\/\/fifv.cl\/2023\/convocatoria-anne-rearick\/\" \/>\n<meta property=\"og:locale\" content=\"es_ES\" \/>\n<meta property=\"og:type\" content=\"article\" \/>\n<meta property=\"og:title\" content=\"Workshop de Anne Rearick - FIFV\" \/>\n<meta property=\"og:description\" content=\"workshopANNEREARICK La destacada fot\u00f3grafa estadounidense Anne Rearick llega a la decimocuarta versi\u00f3n del FIFV para liderar el Work\u00adshop \u201cFotograf\u00eda documental personal\u201d, un taller para compartir portafolios, examinar el trabajo a trav\u00e9s de una discusi\u00f3n reflexiva y explorar formas de profundizar la visi\u00f3n personal de cada autor y autora. Anne Rearick EE.UU 1960 La experiencia contempla [&hellip;]\" \/>\n<meta property=\"og:url\" content=\"https:\/\/fifv.cl\/2023\/convocatoria-anne-rearick\/\" \/>\n<meta property=\"og:site_name\" content=\"FIFV\" \/>\n<meta property=\"article:publisher\" content=\"https:\/\/web.facebook.com\/casaespacio.fifv\" \/>\n<meta property=\"article:modified_time\" content=\"2023-11-03T22:49:30+00:00\" \/>\n<meta property=\"og:image\" content=\"https:\/\/fifv.cl\/2023\/wp-content\/uploads\/2023\/09\/anne-2.jpg\" \/>\n<meta name=\"twitter:card\" content=\"summary_large_image\" \/>\n<script type=\"application\/ld+json\" class=\"yoast-schema-graph\">{\"@context\":\"https:\/\/schema.org\",\"@graph\":[{\"@type\":\"WebPage\",\"@id\":\"https:\/\/fifv.cl\/2023\/convocatoria-anne-rearick\/\",\"url\":\"https:\/\/fifv.cl\/2023\/convocatoria-anne-rearick\/\",\"name\":\"Workshop de Anne Rearick - FIFV\",\"isPartOf\":{\"@id\":\"https:\/\/fifv.cl\/2023\/#website\"},\"primaryImageOfPage\":{\"@id\":\"https:\/\/fifv.cl\/2023\/convocatoria-anne-rearick\/#primaryimage\"},\"image\":{\"@id\":\"https:\/\/fifv.cl\/2023\/convocatoria-anne-rearick\/#primaryimage\"},\"thumbnailUrl\":\"https:\/\/fifv.cl\/2023\/wp-content\/uploads\/2023\/09\/anne-2.jpg\",\"datePublished\":\"2023-09-12T02:52:36+00:00\",\"dateModified\":\"2023-11-03T22:49:30+00:00\",\"breadcrumb\":{\"@id\":\"https:\/\/fifv.cl\/2023\/convocatoria-anne-rearick\/#breadcrumb\"},\"inLanguage\":\"es\",\"potentialAction\":[{\"@type\":\"ReadAction\",\"target\":[\"https:\/\/fifv.cl\/2023\/convocatoria-anne-rearick\/\"]}]},{\"@type\":\"ImageObject\",\"inLanguage\":\"es\",\"@id\":\"https:\/\/fifv.cl\/2023\/convocatoria-anne-rearick\/#primaryimage\",\"url\":\"https:\/\/i0.wp.com\/fifv.cl\/2023\/wp-content\/uploads\/2023\/09\/anne-2.jpg?fit=640%2C641&ssl=1\",\"contentUrl\":\"https:\/\/i0.wp.com\/fifv.cl\/2023\/wp-content\/uploads\/2023\/09\/anne-2.jpg?fit=640%2C641&ssl=1\",\"width\":640,\"height\":641},{\"@type\":\"BreadcrumbList\",\"@id\":\"https:\/\/fifv.cl\/2023\/convocatoria-anne-rearick\/#breadcrumb\",\"itemListElement\":[{\"@type\":\"ListItem\",\"position\":1,\"name\":\"Portada\",\"item\":\"https:\/\/fifv.cl\/2023\/\"},{\"@type\":\"ListItem\",\"position\":2,\"name\":\"Workshop de Anne Rearick\"}]},{\"@type\":\"WebSite\",\"@id\":\"https:\/\/fifv.cl\/2023\/#website\",\"url\":\"https:\/\/fifv.cl\/2023\/\",\"name\":\"Festival Internacional de Fotograf\u00eda en Valpara\u00edso\",\"description\":\"2023\",\"publisher\":{\"@id\":\"https:\/\/fifv.cl\/2023\/#organization\"},\"alternateName\":\"FIFV\",\"potentialAction\":[{\"@type\":\"SearchAction\",\"target\":{\"@type\":\"EntryPoint\",\"urlTemplate\":\"https:\/\/fifv.cl\/2023\/?s={search_term_string}\"},\"query-input\":{\"@type\":\"PropertyValueSpecification\",\"valueRequired\":true,\"valueName\":\"search_term_string\"}}],\"inLanguage\":\"es\"},{\"@type\":\"Organization\",\"@id\":\"https:\/\/fifv.cl\/2023\/#organization\",\"name\":\"Festival Internacional de Fotograf\u00eda en Valpara\u00edso\",\"alternateName\":\"FIFV\",\"url\":\"https:\/\/fifv.cl\/2023\/\",\"logo\":{\"@type\":\"ImageObject\",\"inLanguage\":\"es\",\"@id\":\"https:\/\/fifv.cl\/2023\/#\/schema\/logo\/image\/\",\"url\":\"https:\/\/fifv.cl\/2023\/wp-content\/uploads\/2023\/08\/fifv.png\",\"contentUrl\":\"https:\/\/fifv.cl\/2023\/wp-content\/uploads\/2023\/08\/fifv.png\",\"width\":500,\"height\":241,\"caption\":\"Festival Internacional de Fotograf\u00eda en Valpara\u00edso\"},\"image\":{\"@id\":\"https:\/\/fifv.cl\/2023\/#\/schema\/logo\/image\/\"},\"sameAs\":[\"https:\/\/web.facebook.com\/casaespacio.fifv\",\"https:\/\/www.instagram.com\/casaespacio_fifv\/\",\"https:\/\/www.youtube.com\/@festivalinternacionaldefot4918\"]}]}<\/script>\n<!-- \/ Yoast SEO plugin. -->","yoast_head_json":{"title":"Workshop de Anne Rearick - FIFV","robots":{"index":"index","follow":"follow","max-snippet":"max-snippet:-1","max-image-preview":"max-image-preview:large","max-video-preview":"max-video-preview:-1"},"canonical":"https:\/\/fifv.cl\/2023\/convocatoria-anne-rearick\/","og_locale":"es_ES","og_type":"article","og_title":"Workshop de Anne Rearick - FIFV","og_description":"workshopANNEREARICK La destacada fot\u00f3grafa estadounidense Anne Rearick llega a la decimocuarta versi\u00f3n del FIFV para liderar el Work\u00adshop \u201cFotograf\u00eda documental personal\u201d, un taller para compartir portafolios, examinar el trabajo a trav\u00e9s de una discusi\u00f3n reflexiva y explorar formas de profundizar la visi\u00f3n personal de cada autor y autora. Anne Rearick EE.UU 1960 La experiencia contempla [&hellip;]","og_url":"https:\/\/fifv.cl\/2023\/convocatoria-anne-rearick\/","og_site_name":"FIFV","article_publisher":"https:\/\/web.facebook.com\/casaespacio.fifv","article_modified_time":"2023-11-03T22:49:30+00:00","og_image":[{"url":"https:\/\/fifv.cl\/2023\/wp-content\/uploads\/2023\/09\/anne-2.jpg","type":"","width":"","height":""}],"twitter_card":"summary_large_image","schema":{"@context":"https:\/\/schema.org","@graph":[{"@type":"WebPage","@id":"https:\/\/fifv.cl\/2023\/convocatoria-anne-rearick\/","url":"https:\/\/fifv.cl\/2023\/convocatoria-anne-rearick\/","name":"Workshop de Anne Rearick - FIFV","isPartOf":{"@id":"https:\/\/fifv.cl\/2023\/#website"},"primaryImageOfPage":{"@id":"https:\/\/fifv.cl\/2023\/convocatoria-anne-rearick\/#primaryimage"},"image":{"@id":"https:\/\/fifv.cl\/2023\/convocatoria-anne-rearick\/#primaryimage"},"thumbnailUrl":"https:\/\/fifv.cl\/2023\/wp-content\/uploads\/2023\/09\/anne-2.jpg","datePublished":"2023-09-12T02:52:36+00:00","dateModified":"2023-11-03T22:49:30+00:00","breadcrumb":{"@id":"https:\/\/fifv.cl\/2023\/convocatoria-anne-rearick\/#breadcrumb"},"inLanguage":"es","potentialAction":[{"@type":"ReadAction","target":["https:\/\/fifv.cl\/2023\/convocatoria-anne-rearick\/"]}]},{"@type":"ImageObject","inLanguage":"es","@id":"https:\/\/fifv.cl\/2023\/convocatoria-anne-rearick\/#primaryimage","url":"https:\/\/i0.wp.com\/fifv.cl\/2023\/wp-content\/uploads\/2023\/09\/anne-2.jpg?fit=640%2C641&ssl=1","contentUrl":"https:\/\/i0.wp.com\/fifv.cl\/2023\/wp-content\/uploads\/2023\/09\/anne-2.jpg?fit=640%2C641&ssl=1","width":640,"height":641},{"@type":"BreadcrumbList","@id":"https:\/\/fifv.cl\/2023\/convocatoria-anne-rearick\/#breadcrumb","itemListElement":[{"@type":"ListItem","position":1,"name":"Portada","item":"https:\/\/fifv.cl\/2023\/"},{"@type":"ListItem","position":2,"name":"Workshop de Anne Rearick"}]},{"@type":"WebSite","@id":"https:\/\/fifv.cl\/2023\/#website","url":"https:\/\/fifv.cl\/2023\/","name":"Festival Internacional de Fotograf\u00eda en Valpara\u00edso","description":"2023","publisher":{"@id":"https:\/\/fifv.cl\/2023\/#organization"},"alternateName":"FIFV","potentialAction":[{"@type":"SearchAction","target":{"@type":"EntryPoint","urlTemplate":"https:\/\/fifv.cl\/2023\/?s={search_term_string}"},"query-input":{"@type":"PropertyValueSpecification","valueRequired":true,"valueName":"search_term_string"}}],"inLanguage":"es"},{"@type":"Organization","@id":"https:\/\/fifv.cl\/2023\/#organization","name":"Festival Internacional de Fotograf\u00eda en Valpara\u00edso","alternateName":"FIFV","url":"https:\/\/fifv.cl\/2023\/","logo":{"@type":"ImageObject","inLanguage":"es","@id":"https:\/\/fifv.cl\/2023\/#\/schema\/logo\/image\/","url":"https:\/\/fifv.cl\/2023\/wp-content\/uploads\/2023\/08\/fifv.png","contentUrl":"https:\/\/fifv.cl\/2023\/wp-content\/uploads\/2023\/08\/fifv.png","width":500,"height":241,"caption":"Festival Internacional de Fotograf\u00eda en Valpara\u00edso"},"image":{"@id":"https:\/\/fifv.cl\/2023\/#\/schema\/logo\/image\/"},"sameAs":["https:\/\/web.facebook.com\/casaespacio.fifv","https:\/\/www.instagram.com\/casaespacio_fifv\/","https:\/\/www.youtube.com\/@festivalinternacionaldefot4918"]}]}},"_links":{"self":[{"href":"https:\/\/fifv.cl\/2023\/wp-json\/wp\/v2\/pages\/368","targetHints":{"allow":["GET"]}}],"collection":[{"href":"https:\/\/fifv.cl\/2023\/wp-json\/wp\/v2\/pages"}],"about":[{"href":"https:\/\/fifv.cl\/2023\/wp-json\/wp\/v2\/types\/page"}],"author":[{"embeddable":true,"href":"https:\/\/fifv.cl\/2023\/wp-json\/wp\/v2\/users\/1"}],"replies":[{"embeddable":true,"href":"https:\/\/fifv.cl\/2023\/wp-json\/wp\/v2\/comments?post=368"}],"version-history":[{"count":62,"href":"https:\/\/fifv.cl\/2023\/wp-json\/wp\/v2\/pages\/368\/revisions"}],"predecessor-version":[{"id":1192,"href":"https:\/\/fifv.cl\/2023\/wp-json\/wp\/v2\/pages\/368\/revisions\/1192"}],"wp:attachment":[{"href":"https:\/\/fifv.cl\/2023\/wp-json\/wp\/v2\/media?parent=368"}],"curies":[{"name":"wp","href":"https:\/\/api.w.org\/{rel}","templated":true}]}}