{"id":408,"date":"2023-09-12T00:19:08","date_gmt":"2023-09-12T03:19:08","guid":{"rendered":"https:\/\/fifv.cl\/2023\/?page_id=408"},"modified":"2023-11-03T19:49:50","modified_gmt":"2023-11-03T22:49:50","slug":"convocatoria-klavdij-sluban","status":"publish","type":"page","link":"https:\/\/fifv.cl\/2023\/convocatoria-klavdij-sluban\/","title":{"rendered":"Workshop de Klavdij Sluban"},"content":{"rendered":"\t\t<div data-elementor-type=\"wp-page\" data-elementor-id=\"408\" class=\"elementor elementor-408\" data-elementor-post-type=\"page\">\n\t\t\t\t\t\t<section class=\"elementor-section elementor-top-section elementor-element elementor-element-bb86406 elementor-section-height-min-height elementor-section-boxed elementor-section-height-default elementor-section-items-middle\" data-id=\"bb86406\" data-element_type=\"section\" data-settings=\"{&quot;background_background&quot;:&quot;classic&quot;}\">\n\t\t\t\t\t\t<div class=\"elementor-container elementor-column-gap-default\">\n\t\t\t\t\t<div class=\"elementor-column elementor-col-100 elementor-top-column elementor-element elementor-element-19c7e2c\" data-id=\"19c7e2c\" data-element_type=\"column\" data-settings=\"{&quot;background_background&quot;:&quot;classic&quot;,&quot;animation&quot;:&quot;none&quot;}\">\n\t\t\t<div class=\"elementor-widget-wrap elementor-element-populated\">\n\t\t\t\t\t\t<div class=\"elementor-element elementor-element-e087a33 animated-fast elementor-invisible elementor-widget elementor-widget-heading\" data-id=\"e087a33\" data-element_type=\"widget\" data-settings=\"{&quot;_animation&quot;:&quot;fadeIn&quot;,&quot;_animation_delay&quot;:0.5}\" data-widget_type=\"heading.default\">\n\t\t\t\t<div class=\"elementor-widget-container\">\n\t\t\t\t\t<h2 class=\"elementor-heading-title elementor-size-default\"><span style=\"text-decoration:underline;font-size: 28px;margin-bottom: 24px\">workshop<\/span><br>KLAVDIJ \n<BR>SLUBAN<\/h2>\t\t\t\t<\/div>\n\t\t\t\t<\/div>\n\t\t\t\t\t<\/div>\n\t\t<\/div>\n\t\t\t\t\t<\/div>\n\t\t<\/section>\n\t\t\t\t<section class=\"elementor-section elementor-top-section elementor-element elementor-element-c0d6f11 elementor-section-boxed elementor-section-height-default elementor-section-height-default\" data-id=\"c0d6f11\" data-element_type=\"section\" data-settings=\"{&quot;background_background&quot;:&quot;classic&quot;}\">\n\t\t\t\t\t\t<div class=\"elementor-container elementor-column-gap-default\">\n\t\t\t\t\t<div class=\"elementor-column elementor-col-100 elementor-top-column elementor-element elementor-element-b4ddd37 elementor-invisible\" data-id=\"b4ddd37\" data-element_type=\"column\" data-settings=\"{&quot;background_background&quot;:&quot;classic&quot;,&quot;animation&quot;:&quot;fadeIn&quot;}\">\n\t\t\t<div class=\"elementor-widget-wrap elementor-element-populated\">\n\t\t\t\t\t\t<div class=\"elementor-element elementor-element-d78d143 animated-fast elementor-invisible elementor-widget elementor-widget-text-editor\" data-id=\"d78d143\" data-element_type=\"widget\" data-settings=\"{&quot;_animation&quot;:&quot;fadeInUp&quot;}\" data-widget_type=\"text-editor.default\">\n\t\t\t\t<div class=\"elementor-widget-container\">\n\t\t\t\t\t\t\t\t\t<p>El reconocido fot\u00f3grafo franc\u00e9s Klavdij Sluban llega a la decimocuarta versi\u00f3n del FIFV para liderar el Workshop \u201cEl Arte de Ver\u201d, un taller de creaci\u00f3n que invita a realizar un viaje colectivo a trav\u00e9s de las fotograf\u00edas autorales de cada participante generando un entendimiento com\u00fan, sin juicios, no es un examen. Cuando m\u00e1s se cuestionen las im\u00e1genes, m\u00e1s emocionante ser\u00e1 este intercambio de cr\u00edticas constructivas. La din\u00e1mica de trabajo girar\u00e1 en torno a fotograf\u00edas impresas. En esta navegaci\u00f3n la computadora quedar\u00e1 atr\u00e1s.<\/p>\t\t\t\t\t\t\t\t<\/div>\n\t\t\t\t<\/div>\n\t\t\t\t\t<\/div>\n\t\t<\/div>\n\t\t\t\t\t<\/div>\n\t\t<\/section>\n\t\t\t\t<section class=\"elementor-section elementor-top-section elementor-element elementor-element-07befcb elementor-section-boxed elementor-section-height-default elementor-section-height-default\" data-id=\"07befcb\" data-element_type=\"section\" data-settings=\"{&quot;background_background&quot;:&quot;classic&quot;}\">\n\t\t\t\t\t\t<div class=\"elementor-container elementor-column-gap-default\">\n\t\t\t\t\t<div class=\"elementor-column elementor-col-100 elementor-top-column elementor-element elementor-element-c773d89\" data-id=\"c773d89\" data-element_type=\"column\">\n\t\t\t<div class=\"elementor-widget-wrap elementor-element-populated\">\n\t\t\t\t\t\t<section class=\"elementor-section elementor-inner-section elementor-element elementor-element-6376eb3 elementor-section-boxed elementor-section-height-default elementor-section-height-default\" data-id=\"6376eb3\" data-element_type=\"section\">\n\t\t\t\t\t\t<div class=\"elementor-container elementor-column-gap-default\">\n\t\t\t\t\t<div class=\"elementor-column elementor-col-33 elementor-inner-column elementor-element elementor-element-dd83fd6\" data-id=\"dd83fd6\" data-element_type=\"column\">\n\t\t\t<div class=\"elementor-widget-wrap elementor-element-populated\">\n\t\t\t\t\t\t<div class=\"elementor-element elementor-element-f50ab65 elementor-invisible elementor-widget elementor-widget-image\" data-id=\"f50ab65\" data-element_type=\"widget\" data-settings=\"{&quot;_animation&quot;:&quot;fadeInUp&quot;}\" data-widget_type=\"image.default\">\n\t\t\t\t<div class=\"elementor-widget-container\">\n\t\t\t\t\t\t\t\t\t\t\t\t\t\t\t<img fetchpriority=\"high\" decoding=\"async\" width=\"640\" height=\"427\" src=\"https:\/\/i0.wp.com\/fifv.cl\/2023\/wp-content\/uploads\/2023\/09\/19-28-Prison-de-Izalco-Salvador-2008-%E2%94%AC%C2%AE-Klavdij-SLUBAN.png?fit=640%2C427&amp;ssl=1\" class=\"attachment-large size-large wp-image-417\" alt=\"\" \/>\t\t\t\t\t\t\t\t\t\t\t\t\t\t\t<\/div>\n\t\t\t\t<\/div>\n\t\t\t\t<div class=\"elementor-element elementor-element-87718c2 elementor-invisible elementor-widget elementor-widget-heading\" data-id=\"87718c2\" data-element_type=\"widget\" data-settings=\"{&quot;_animation&quot;:&quot;fadeInUp&quot;}\" data-widget_type=\"heading.default\">\n\t\t\t\t<div class=\"elementor-widget-container\">\n\t\t\t\t\t<h2 class=\"elementor-heading-title elementor-size-default\">Klavdij <br>\nSluban<\/h2>\t\t\t\t<\/div>\n\t\t\t\t<\/div>\n\t\t\t\t<div class=\"elementor-element elementor-element-3324819 elementor-widget elementor-widget-heading\" data-id=\"3324819\" data-element_type=\"widget\" data-widget_type=\"heading.default\">\n\t\t\t\t<div class=\"elementor-widget-container\">\n\t\t\t\t\t<h2 class=\"elementor-heading-title elementor-size-default\">Francia<\/h2>\t\t\t\t<\/div>\n\t\t\t\t<\/div>\n\t\t\t\t<div class=\"elementor-element elementor-element-93bc8cd elementor-widget-divider--view-line elementor-widget elementor-widget-divider\" data-id=\"93bc8cd\" data-element_type=\"widget\" data-widget_type=\"divider.default\">\n\t\t\t\t<div class=\"elementor-widget-container\">\n\t\t\t\t\t\t\t<div class=\"elementor-divider\">\n\t\t\t<span class=\"elementor-divider-separator\">\n\t\t\t\t\t\t<\/span>\n\t\t<\/div>\n\t\t\t\t\t\t<\/div>\n\t\t\t\t<\/div>\n\t\t\t\t<div class=\"elementor-element elementor-element-88812c1 elementor-widget elementor-widget-heading\" data-id=\"88812c1\" data-element_type=\"widget\" data-widget_type=\"heading.default\">\n\t\t\t\t<div class=\"elementor-widget-container\">\n\t\t\t\t\t<h2 class=\"elementor-heading-title elementor-size-default\">1963<\/h2>\t\t\t\t<\/div>\n\t\t\t\t<\/div>\n\t\t\t\t<div class=\"elementor-element elementor-element-88ff443 elementor-widget-divider--view-line elementor-widget elementor-widget-divider\" data-id=\"88ff443\" data-element_type=\"widget\" data-widget_type=\"divider.default\">\n\t\t\t\t<div class=\"elementor-widget-container\">\n\t\t\t\t\t\t\t<div class=\"elementor-divider\">\n\t\t\t<span class=\"elementor-divider-separator\">\n\t\t\t\t\t\t<\/span>\n\t\t<\/div>\n\t\t\t\t\t\t<\/div>\n\t\t\t\t<\/div>\n\t\t\t\t\t<\/div>\n\t\t<\/div>\n\t\t\t\t<div class=\"elementor-column elementor-col-66 elementor-inner-column elementor-element elementor-element-d854aee\" data-id=\"d854aee\" data-element_type=\"column\">\n\t\t\t<div class=\"elementor-widget-wrap elementor-element-populated\">\n\t\t\t\t\t\t<div class=\"elementor-element elementor-element-d59362f elementor-widget elementor-widget-spacer\" data-id=\"d59362f\" data-element_type=\"widget\" data-widget_type=\"spacer.default\">\n\t\t\t\t<div class=\"elementor-widget-container\">\n\t\t\t\t\t\t\t<div class=\"elementor-spacer\">\n\t\t\t<div class=\"elementor-spacer-inner\"><\/div>\n\t\t<\/div>\n\t\t\t\t\t\t<\/div>\n\t\t\t\t<\/div>\n\t\t\t\t<div class=\"elementor-element elementor-element-e23cfb3 elementor-widget__width-initial elementor-invisible elementor-widget elementor-widget-text-editor\" data-id=\"e23cfb3\" data-element_type=\"widget\" data-settings=\"{&quot;_animation&quot;:&quot;fadeInUp&quot;}\" data-widget_type=\"text-editor.default\">\n\t\t\t\t<div class=\"elementor-widget-container\">\n\t\t\t\t\t\t\t\t\t<p>Es un fot\u00f3grafo franc\u00e9s de origen esloveno. En los \u00faltimos 30 a\u00f1os de su carrera ha trabajado en c\u00e1rceles de distintas partes del mundo desarrollando talleres y\u00a0 fotografiando la realidad de j\u00f3venes reclusos.<\/p><p>Esta pr\u00e1ctica fotogr\u00e1fica comenz\u00f3 en 1995 en la prisi\u00f3n de Fleury-M\u00e9rogis de Francia con el apoyo del\u00a0 reconocido fot\u00f3grafo Henri Cartier-Bresson. Sluban ha recorrido c\u00e1rceles de Europa del Este (Serbia, Eslovenia, Ucrania, Georgia, Moldavia y Letonia), de Mosc\u00fa, San Petersburgo e Irlanda. Tambi\u00e9n trabaj\u00f3 con j\u00f3venes encarcelados pertenecientes a las maras en Guatemala y Salvador y con internos de Brasil.\u00a0<\/p><p>Entre los premios que ha obtenido destaca: Editores Europeos de Fotograf\u00eda 2009; el principal reconocimiento franc\u00e9s de fotograf\u00eda Ni\u00e9pce 2000 y Leica 2004. Su obra ha sido expuesta en el Museo Metropolitano de Fotograf\u00eda de Tokio, la Maison Europ\u00e9enne de la Photographie de Par\u00eds, los Rencontres d&#8217;Arles y el Museo de Fotograf\u00eda de Helsinki, entre otros espacios.\u00a0<\/p>\t\t\t\t\t\t\t\t<\/div>\n\t\t\t\t<\/div>\n\t\t\t\t\t<\/div>\n\t\t<\/div>\n\t\t\t\t\t<\/div>\n\t\t<\/section>\n\t\t\t\t\t<\/div>\n\t\t<\/div>\n\t\t\t\t\t<\/div>\n\t\t<\/section>\n\t\t\t\t<section class=\"elementor-section elementor-top-section elementor-element elementor-element-32a5000 elementor-section-boxed elementor-section-height-default elementor-section-height-default\" data-id=\"32a5000\" data-element_type=\"section\" data-settings=\"{&quot;background_background&quot;:&quot;classic&quot;}\">\n\t\t\t\t\t\t<div class=\"elementor-container elementor-column-gap-default\">\n\t\t\t\t\t<div class=\"elementor-column elementor-col-100 elementor-top-column elementor-element elementor-element-4400361 elementor-invisible\" data-id=\"4400361\" data-element_type=\"column\" data-settings=\"{&quot;background_background&quot;:&quot;classic&quot;,&quot;animation&quot;:&quot;fadeIn&quot;}\">\n\t\t\t<div class=\"elementor-widget-wrap elementor-element-populated\">\n\t\t\t\t\t\t<div class=\"elementor-element elementor-element-5914afa elementor-invisible elementor-widget elementor-widget-text-editor\" data-id=\"5914afa\" data-element_type=\"widget\" data-settings=\"{&quot;_animation&quot;:&quot;fadeInUp&quot;}\" data-widget_type=\"text-editor.default\">\n\t\t\t\t<div class=\"elementor-widget-container\">\n\t\t\t\t\t\t\t\t\t<p>Klavij Sluban ha construido un cuerpo de obra con diversos libros: \u201cEast to East\u201d, \u201cEntre Parenth\u00e8ses\u201d, \u201cTransverses\u201d y \u201cBalcanes -Transit\u201d por mencionar algunos. Adem\u00e1s es miembro de jurados internacionales en los premios Ni\u00e9pce, Niort de Fotograf\u00eda Joven, Leica y All About Photo.<\/p>\t\t\t\t\t\t\t\t<\/div>\n\t\t\t\t<\/div>\n\t\t\t\t\t<\/div>\n\t\t<\/div>\n\t\t\t\t\t<\/div>\n\t\t<\/section>\n\t\t\t\t<section class=\"elementor-section elementor-top-section elementor-element elementor-element-b51ffb3 elementor-section-boxed elementor-section-height-default elementor-section-height-default\" data-id=\"b51ffb3\" data-element_type=\"section\">\n\t\t\t\t\t\t<div class=\"elementor-container elementor-column-gap-default\">\n\t\t\t\t\t<div class=\"elementor-column elementor-col-100 elementor-top-column elementor-element elementor-element-105485d\" data-id=\"105485d\" data-element_type=\"column\">\n\t\t\t<div class=\"elementor-widget-wrap elementor-element-populated\">\n\t\t\t\t\t\t<div class=\"elementor-element elementor-element-0564c34 elementor-invisible elementor-widget elementor-widget-heading\" data-id=\"0564c34\" data-element_type=\"widget\" data-settings=\"{&quot;_animation&quot;:&quot;fadeInUp&quot;}\" data-widget_type=\"heading.default\">\n\t\t\t\t<div class=\"elementor-widget-container\">\n\t\t\t\t\t<h2 class=\"elementor-heading-title elementor-size-default\"><span>Seleccionad@s<\/span><\/h2>\t\t\t\t<\/div>\n\t\t\t\t<\/div>\n\t\t\t\t<div class=\"elementor-element elementor-element-a0400d6 elementor-invisible elementor-widget elementor-widget-text-editor\" data-id=\"a0400d6\" data-element_type=\"widget\" data-settings=\"{&quot;_animation&quot;:&quot;fadeInUp&quot;}\" data-widget_type=\"text-editor.default\">\n\t\t\t\t<div class=\"elementor-widget-container\">\n\t\t\t\t\t\t\t\t\t<p>Ali Pizzeghello<\/p><p>Eduardo Hidalgo<\/p><p>Hans Castro<\/p><p>Ida Larsson<\/p><p>Isabel Fern\u00e1ndez<\/p><p>Joaqu\u00edn Madrid<\/p><p>Kevin Orellana<\/p><p>Marcela Valdebenito<\/p><p>Mat\u00edas Ram\u00edrez<\/p><p>\u00a0<\/p><p>Gabriel Vilches &#8211; <strong>Asistente<\/strong><\/p>\t\t\t\t\t\t\t\t<\/div>\n\t\t\t\t<\/div>\n\t\t\t\t\t<\/div>\n\t\t<\/div>\n\t\t\t\t\t<\/div>\n\t\t<\/section>\n\t\t\t\t<\/div>\n\t\t","protected":false},"excerpt":{"rendered":"<p>workshopKLAVDIJ SLUBAN El reconocido fot\u00f3grafo franc\u00e9s Klavdij Sluban llega a la decimocuarta versi\u00f3n del FIFV para liderar el Workshop \u201cEl Arte de Ver\u201d, un taller de creaci\u00f3n que invita a realizar un viaje colectivo a trav\u00e9s de las fotograf\u00edas autorales de cada participante generando un entendimiento com\u00fan, sin juicios, no es un examen. Cuando m\u00e1s [&hellip;]<\/p>\n","protected":false},"author":1,"featured_media":0,"parent":0,"menu_order":0,"comment_status":"closed","ping_status":"closed","template":"elementor_header_footer","meta":{"footnotes":""},"class_list":["post-408","page","type-page","status-publish","hentry"],"yoast_head":"<!-- This site is optimized with the Yoast SEO plugin v25.3 - https:\/\/yoast.com\/wordpress\/plugins\/seo\/ -->\n<title>Workshop de Klavdij Sluban - FIFV<\/title>\n<meta name=\"robots\" content=\"index, follow, max-snippet:-1, max-image-preview:large, max-video-preview:-1\" \/>\n<link rel=\"canonical\" href=\"https:\/\/fifv.cl\/2023\/convocatoria-klavdij-sluban\/\" \/>\n<meta property=\"og:locale\" content=\"es_ES\" \/>\n<meta property=\"og:type\" content=\"article\" \/>\n<meta property=\"og:title\" content=\"Workshop de Klavdij Sluban - FIFV\" \/>\n<meta property=\"og:description\" content=\"workshopKLAVDIJ SLUBAN El reconocido fot\u00f3grafo franc\u00e9s Klavdij Sluban llega a la decimocuarta versi\u00f3n del FIFV para liderar el Workshop \u201cEl Arte de Ver\u201d, un taller de creaci\u00f3n que invita a realizar un viaje colectivo a trav\u00e9s de las fotograf\u00edas autorales de cada participante generando un entendimiento com\u00fan, sin juicios, no es un examen. Cuando m\u00e1s [&hellip;]\" \/>\n<meta property=\"og:url\" content=\"https:\/\/fifv.cl\/2023\/convocatoria-klavdij-sluban\/\" \/>\n<meta property=\"og:site_name\" content=\"FIFV\" \/>\n<meta property=\"article:publisher\" content=\"https:\/\/web.facebook.com\/casaespacio.fifv\" \/>\n<meta property=\"article:modified_time\" content=\"2023-11-03T22:49:50+00:00\" \/>\n<meta property=\"og:image\" content=\"https:\/\/i0.wp.com\/fifv.cl\/2023\/wp-content\/uploads\/2023\/08\/fifv.png?fit=500%2C241&ssl=1\" \/>\n\t<meta property=\"og:image:width\" content=\"500\" \/>\n\t<meta property=\"og:image:height\" content=\"241\" \/>\n\t<meta property=\"og:image:type\" content=\"image\/png\" \/>\n<meta name=\"twitter:card\" content=\"summary_large_image\" \/>\n<script type=\"application\/ld+json\" class=\"yoast-schema-graph\">{\"@context\":\"https:\/\/schema.org\",\"@graph\":[{\"@type\":\"WebPage\",\"@id\":\"https:\/\/fifv.cl\/2023\/convocatoria-klavdij-sluban\/\",\"url\":\"https:\/\/fifv.cl\/2023\/convocatoria-klavdij-sluban\/\",\"name\":\"Workshop de Klavdij Sluban - FIFV\",\"isPartOf\":{\"@id\":\"https:\/\/fifv.cl\/2023\/#website\"},\"datePublished\":\"2023-09-12T03:19:08+00:00\",\"dateModified\":\"2023-11-03T22:49:50+00:00\",\"breadcrumb\":{\"@id\":\"https:\/\/fifv.cl\/2023\/convocatoria-klavdij-sluban\/#breadcrumb\"},\"inLanguage\":\"es\",\"potentialAction\":[{\"@type\":\"ReadAction\",\"target\":[\"https:\/\/fifv.cl\/2023\/convocatoria-klavdij-sluban\/\"]}]},{\"@type\":\"BreadcrumbList\",\"@id\":\"https:\/\/fifv.cl\/2023\/convocatoria-klavdij-sluban\/#breadcrumb\",\"itemListElement\":[{\"@type\":\"ListItem\",\"position\":1,\"name\":\"Portada\",\"item\":\"https:\/\/fifv.cl\/2023\/\"},{\"@type\":\"ListItem\",\"position\":2,\"name\":\"Workshop de Klavdij Sluban\"}]},{\"@type\":\"WebSite\",\"@id\":\"https:\/\/fifv.cl\/2023\/#website\",\"url\":\"https:\/\/fifv.cl\/2023\/\",\"name\":\"Festival Internacional de Fotograf\u00eda en Valpara\u00edso\",\"description\":\"2023\",\"publisher\":{\"@id\":\"https:\/\/fifv.cl\/2023\/#organization\"},\"alternateName\":\"FIFV\",\"potentialAction\":[{\"@type\":\"SearchAction\",\"target\":{\"@type\":\"EntryPoint\",\"urlTemplate\":\"https:\/\/fifv.cl\/2023\/?s={search_term_string}\"},\"query-input\":{\"@type\":\"PropertyValueSpecification\",\"valueRequired\":true,\"valueName\":\"search_term_string\"}}],\"inLanguage\":\"es\"},{\"@type\":\"Organization\",\"@id\":\"https:\/\/fifv.cl\/2023\/#organization\",\"name\":\"Festival Internacional de Fotograf\u00eda en Valpara\u00edso\",\"alternateName\":\"FIFV\",\"url\":\"https:\/\/fifv.cl\/2023\/\",\"logo\":{\"@type\":\"ImageObject\",\"inLanguage\":\"es\",\"@id\":\"https:\/\/fifv.cl\/2023\/#\/schema\/logo\/image\/\",\"url\":\"https:\/\/fifv.cl\/2023\/wp-content\/uploads\/2023\/08\/fifv.png\",\"contentUrl\":\"https:\/\/fifv.cl\/2023\/wp-content\/uploads\/2023\/08\/fifv.png\",\"width\":500,\"height\":241,\"caption\":\"Festival Internacional de Fotograf\u00eda en Valpara\u00edso\"},\"image\":{\"@id\":\"https:\/\/fifv.cl\/2023\/#\/schema\/logo\/image\/\"},\"sameAs\":[\"https:\/\/web.facebook.com\/casaespacio.fifv\",\"https:\/\/www.instagram.com\/casaespacio_fifv\/\",\"https:\/\/www.youtube.com\/@festivalinternacionaldefot4918\"]}]}<\/script>\n<!-- \/ Yoast SEO plugin. -->","yoast_head_json":{"title":"Workshop de Klavdij Sluban - FIFV","robots":{"index":"index","follow":"follow","max-snippet":"max-snippet:-1","max-image-preview":"max-image-preview:large","max-video-preview":"max-video-preview:-1"},"canonical":"https:\/\/fifv.cl\/2023\/convocatoria-klavdij-sluban\/","og_locale":"es_ES","og_type":"article","og_title":"Workshop de Klavdij Sluban - FIFV","og_description":"workshopKLAVDIJ SLUBAN El reconocido fot\u00f3grafo franc\u00e9s Klavdij Sluban llega a la decimocuarta versi\u00f3n del FIFV para liderar el Workshop \u201cEl Arte de Ver\u201d, un taller de creaci\u00f3n que invita a realizar un viaje colectivo a trav\u00e9s de las fotograf\u00edas autorales de cada participante generando un entendimiento com\u00fan, sin juicios, no es un examen. Cuando m\u00e1s [&hellip;]","og_url":"https:\/\/fifv.cl\/2023\/convocatoria-klavdij-sluban\/","og_site_name":"FIFV","article_publisher":"https:\/\/web.facebook.com\/casaespacio.fifv","article_modified_time":"2023-11-03T22:49:50+00:00","og_image":[{"width":500,"height":241,"url":"https:\/\/i0.wp.com\/fifv.cl\/2023\/wp-content\/uploads\/2023\/08\/fifv.png?fit=500%2C241&ssl=1","type":"image\/png"}],"twitter_card":"summary_large_image","schema":{"@context":"https:\/\/schema.org","@graph":[{"@type":"WebPage","@id":"https:\/\/fifv.cl\/2023\/convocatoria-klavdij-sluban\/","url":"https:\/\/fifv.cl\/2023\/convocatoria-klavdij-sluban\/","name":"Workshop de Klavdij Sluban - FIFV","isPartOf":{"@id":"https:\/\/fifv.cl\/2023\/#website"},"datePublished":"2023-09-12T03:19:08+00:00","dateModified":"2023-11-03T22:49:50+00:00","breadcrumb":{"@id":"https:\/\/fifv.cl\/2023\/convocatoria-klavdij-sluban\/#breadcrumb"},"inLanguage":"es","potentialAction":[{"@type":"ReadAction","target":["https:\/\/fifv.cl\/2023\/convocatoria-klavdij-sluban\/"]}]},{"@type":"BreadcrumbList","@id":"https:\/\/fifv.cl\/2023\/convocatoria-klavdij-sluban\/#breadcrumb","itemListElement":[{"@type":"ListItem","position":1,"name":"Portada","item":"https:\/\/fifv.cl\/2023\/"},{"@type":"ListItem","position":2,"name":"Workshop de Klavdij Sluban"}]},{"@type":"WebSite","@id":"https:\/\/fifv.cl\/2023\/#website","url":"https:\/\/fifv.cl\/2023\/","name":"Festival Internacional de Fotograf\u00eda en Valpara\u00edso","description":"2023","publisher":{"@id":"https:\/\/fifv.cl\/2023\/#organization"},"alternateName":"FIFV","potentialAction":[{"@type":"SearchAction","target":{"@type":"EntryPoint","urlTemplate":"https:\/\/fifv.cl\/2023\/?s={search_term_string}"},"query-input":{"@type":"PropertyValueSpecification","valueRequired":true,"valueName":"search_term_string"}}],"inLanguage":"es"},{"@type":"Organization","@id":"https:\/\/fifv.cl\/2023\/#organization","name":"Festival Internacional de Fotograf\u00eda en Valpara\u00edso","alternateName":"FIFV","url":"https:\/\/fifv.cl\/2023\/","logo":{"@type":"ImageObject","inLanguage":"es","@id":"https:\/\/fifv.cl\/2023\/#\/schema\/logo\/image\/","url":"https:\/\/fifv.cl\/2023\/wp-content\/uploads\/2023\/08\/fifv.png","contentUrl":"https:\/\/fifv.cl\/2023\/wp-content\/uploads\/2023\/08\/fifv.png","width":500,"height":241,"caption":"Festival Internacional de Fotograf\u00eda en Valpara\u00edso"},"image":{"@id":"https:\/\/fifv.cl\/2023\/#\/schema\/logo\/image\/"},"sameAs":["https:\/\/web.facebook.com\/casaespacio.fifv","https:\/\/www.instagram.com\/casaespacio_fifv\/","https:\/\/www.youtube.com\/@festivalinternacionaldefot4918"]}]}},"_links":{"self":[{"href":"https:\/\/fifv.cl\/2023\/wp-json\/wp\/v2\/pages\/408","targetHints":{"allow":["GET"]}}],"collection":[{"href":"https:\/\/fifv.cl\/2023\/wp-json\/wp\/v2\/pages"}],"about":[{"href":"https:\/\/fifv.cl\/2023\/wp-json\/wp\/v2\/types\/page"}],"author":[{"embeddable":true,"href":"https:\/\/fifv.cl\/2023\/wp-json\/wp\/v2\/users\/1"}],"replies":[{"embeddable":true,"href":"https:\/\/fifv.cl\/2023\/wp-json\/wp\/v2\/comments?post=408"}],"version-history":[{"count":30,"href":"https:\/\/fifv.cl\/2023\/wp-json\/wp\/v2\/pages\/408\/revisions"}],"predecessor-version":[{"id":1195,"href":"https:\/\/fifv.cl\/2023\/wp-json\/wp\/v2\/pages\/408\/revisions\/1195"}],"wp:attachment":[{"href":"https:\/\/fifv.cl\/2023\/wp-json\/wp\/v2\/media?parent=408"}],"curies":[{"name":"wp","href":"https:\/\/api.w.org\/{rel}","templated":true}]}}