{"id":432,"date":"2023-09-12T00:42:56","date_gmt":"2023-09-12T03:42:56","guid":{"rendered":"https:\/\/fifv.cl\/2023\/?page_id=432"},"modified":"2023-11-03T19:49:45","modified_gmt":"2023-11-03T22:49:45","slug":"convocatoria-julieta-escardo","status":"publish","type":"page","link":"https:\/\/fifv.cl\/2023\/convocatoria-julieta-escardo\/","title":{"rendered":"Workshop de Julieta Escardo"},"content":{"rendered":"\t\t<div data-elementor-type=\"wp-page\" data-elementor-id=\"432\" class=\"elementor elementor-432\" data-elementor-post-type=\"page\">\n\t\t\t\t\t\t<section class=\"elementor-section elementor-top-section elementor-element elementor-element-bb86406 elementor-section-height-min-height elementor-section-boxed elementor-section-height-default elementor-section-items-middle\" data-id=\"bb86406\" data-element_type=\"section\" data-settings=\"{&quot;background_background&quot;:&quot;classic&quot;}\">\n\t\t\t\t\t\t<div class=\"elementor-container elementor-column-gap-default\">\n\t\t\t\t\t<div class=\"elementor-column elementor-col-100 elementor-top-column elementor-element elementor-element-19c7e2c\" data-id=\"19c7e2c\" data-element_type=\"column\" data-settings=\"{&quot;background_background&quot;:&quot;classic&quot;,&quot;animation&quot;:&quot;none&quot;}\">\n\t\t\t<div class=\"elementor-widget-wrap elementor-element-populated\">\n\t\t\t\t\t\t<div class=\"elementor-element elementor-element-e087a33 animated-fast elementor-invisible elementor-widget elementor-widget-heading\" data-id=\"e087a33\" data-element_type=\"widget\" data-settings=\"{&quot;_animation&quot;:&quot;fadeIn&quot;,&quot;_animation_delay&quot;:0.5}\" data-widget_type=\"heading.default\">\n\t\t\t\t<div class=\"elementor-widget-container\">\n\t\t\t\t\t<h2 class=\"elementor-heading-title elementor-size-default\"><span style=\"text-decoration:underline;font-size: 28px;margin-bottom: 24px\">workshop<\/span><br>JULIETA\n<BR>ESCARD\u00d3<\/h2>\t\t\t\t<\/div>\n\t\t\t\t<\/div>\n\t\t\t\t\t<\/div>\n\t\t<\/div>\n\t\t\t\t\t<\/div>\n\t\t<\/section>\n\t\t\t\t<section class=\"elementor-section elementor-top-section elementor-element elementor-element-c0d6f11 elementor-section-boxed elementor-section-height-default elementor-section-height-default\" data-id=\"c0d6f11\" data-element_type=\"section\" data-settings=\"{&quot;background_background&quot;:&quot;classic&quot;}\">\n\t\t\t\t\t\t<div class=\"elementor-container elementor-column-gap-default\">\n\t\t\t\t\t<div class=\"elementor-column elementor-col-100 elementor-top-column elementor-element elementor-element-b4ddd37 elementor-invisible\" data-id=\"b4ddd37\" data-element_type=\"column\" data-settings=\"{&quot;background_background&quot;:&quot;classic&quot;,&quot;animation&quot;:&quot;fadeIn&quot;}\">\n\t\t\t<div class=\"elementor-widget-wrap elementor-element-populated\">\n\t\t\t\t\t\t<div class=\"elementor-element elementor-element-d78d143 animated-fast elementor-invisible elementor-widget elementor-widget-text-editor\" data-id=\"d78d143\" data-element_type=\"widget\" data-settings=\"{&quot;_animation&quot;:&quot;fadeInUp&quot;}\" data-widget_type=\"text-editor.default\">\n\t\t\t\t<div class=\"elementor-widget-container\">\n\t\t\t\t\t\t\t\t\t<p>El Festival Internacional de Fotograf\u00eda de Valpara\u00edso recibe a la destacada fot\u00f3grafa argentina Julieta Escard\u00f3, quien liderar\u00e1 el taller \u201cEl relato personal a partir de la creaci\u00f3n colectiva\u201d. En el workshop se realizar\u00e1 un recorrido por los procesos de conceptualizaci\u00f3n, edici\u00f3n, dise\u00f1o y producci\u00f3n de libros de fotograf\u00eda.\u00a0<\/p>\t\t\t\t\t\t\t\t<\/div>\n\t\t\t\t<\/div>\n\t\t\t\t\t<\/div>\n\t\t<\/div>\n\t\t\t\t\t<\/div>\n\t\t<\/section>\n\t\t\t\t<section class=\"elementor-section elementor-top-section elementor-element elementor-element-07befcb elementor-section-boxed elementor-section-height-default elementor-section-height-default\" data-id=\"07befcb\" data-element_type=\"section\" data-settings=\"{&quot;background_background&quot;:&quot;classic&quot;}\">\n\t\t\t\t\t\t<div class=\"elementor-container elementor-column-gap-default\">\n\t\t\t\t\t<div class=\"elementor-column elementor-col-100 elementor-top-column elementor-element elementor-element-c773d89\" data-id=\"c773d89\" data-element_type=\"column\">\n\t\t\t<div class=\"elementor-widget-wrap elementor-element-populated\">\n\t\t\t\t\t\t<section class=\"elementor-section elementor-inner-section elementor-element elementor-element-6376eb3 elementor-section-boxed elementor-section-height-default elementor-section-height-default\" data-id=\"6376eb3\" data-element_type=\"section\">\n\t\t\t\t\t\t<div class=\"elementor-container elementor-column-gap-default\">\n\t\t\t\t\t<div class=\"elementor-column elementor-col-33 elementor-inner-column elementor-element elementor-element-dd83fd6\" data-id=\"dd83fd6\" data-element_type=\"column\">\n\t\t\t<div class=\"elementor-widget-wrap elementor-element-populated\">\n\t\t\t\t\t\t<div class=\"elementor-element elementor-element-f50ab65 elementor-invisible elementor-widget elementor-widget-image\" data-id=\"f50ab65\" data-element_type=\"widget\" data-settings=\"{&quot;_animation&quot;:&quot;fadeInUp&quot;}\" data-widget_type=\"image.default\">\n\t\t\t\t<div class=\"elementor-widget-container\">\n\t\t\t\t\t\t\t\t\t\t\t\t\t\t\t<img fetchpriority=\"high\" decoding=\"async\" width=\"650\" height=\"433\" src=\"https:\/\/i0.wp.com\/fifv.cl\/2023\/wp-content\/uploads\/2023\/09\/Julieta-Escardo-Novia.jpg?fit=650%2C433&amp;ssl=1\" class=\"attachment-large size-large wp-image-447\" alt=\"\" srcset=\"https:\/\/i0.wp.com\/fifv.cl\/2023\/wp-content\/uploads\/2023\/09\/Julieta-Escardo-Novia.jpg?w=650&amp;ssl=1 650w, https:\/\/i0.wp.com\/fifv.cl\/2023\/wp-content\/uploads\/2023\/09\/Julieta-Escardo-Novia.jpg?resize=300%2C200&amp;ssl=1 300w\" sizes=\"(max-width: 650px) 100vw, 650px\" \/>\t\t\t\t\t\t\t\t\t\t\t\t\t\t\t<\/div>\n\t\t\t\t<\/div>\n\t\t\t\t<div class=\"elementor-element elementor-element-87718c2 elementor-invisible elementor-widget elementor-widget-heading\" data-id=\"87718c2\" data-element_type=\"widget\" data-settings=\"{&quot;_animation&quot;:&quot;fadeInUp&quot;}\" data-widget_type=\"heading.default\">\n\t\t\t\t<div class=\"elementor-widget-container\">\n\t\t\t\t\t<h2 class=\"elementor-heading-title elementor-size-default\">Julieta<br>\nEscard\u00f3<\/h2>\t\t\t\t<\/div>\n\t\t\t\t<\/div>\n\t\t\t\t<div class=\"elementor-element elementor-element-3324819 elementor-widget elementor-widget-heading\" data-id=\"3324819\" data-element_type=\"widget\" data-widget_type=\"heading.default\">\n\t\t\t\t<div class=\"elementor-widget-container\">\n\t\t\t\t\t<h2 class=\"elementor-heading-title elementor-size-default\">Argentina<\/h2>\t\t\t\t<\/div>\n\t\t\t\t<\/div>\n\t\t\t\t<div class=\"elementor-element elementor-element-93bc8cd elementor-widget-divider--view-line elementor-widget elementor-widget-divider\" data-id=\"93bc8cd\" data-element_type=\"widget\" data-widget_type=\"divider.default\">\n\t\t\t\t<div class=\"elementor-widget-container\">\n\t\t\t\t\t\t\t<div class=\"elementor-divider\">\n\t\t\t<span class=\"elementor-divider-separator\">\n\t\t\t\t\t\t<\/span>\n\t\t<\/div>\n\t\t\t\t\t\t<\/div>\n\t\t\t\t<\/div>\n\t\t\t\t<div class=\"elementor-element elementor-element-88812c1 elementor-widget elementor-widget-heading\" data-id=\"88812c1\" data-element_type=\"widget\" data-widget_type=\"heading.default\">\n\t\t\t\t<div class=\"elementor-widget-container\">\n\t\t\t\t\t<h2 class=\"elementor-heading-title elementor-size-default\">1970<\/h2>\t\t\t\t<\/div>\n\t\t\t\t<\/div>\n\t\t\t\t<div class=\"elementor-element elementor-element-88ff443 elementor-widget-divider--view-line elementor-widget elementor-widget-divider\" data-id=\"88ff443\" data-element_type=\"widget\" data-widget_type=\"divider.default\">\n\t\t\t\t<div class=\"elementor-widget-container\">\n\t\t\t\t\t\t\t<div class=\"elementor-divider\">\n\t\t\t<span class=\"elementor-divider-separator\">\n\t\t\t\t\t\t<\/span>\n\t\t<\/div>\n\t\t\t\t\t\t<\/div>\n\t\t\t\t<\/div>\n\t\t\t\t\t<\/div>\n\t\t<\/div>\n\t\t\t\t<div class=\"elementor-column elementor-col-66 elementor-inner-column elementor-element elementor-element-d854aee\" data-id=\"d854aee\" data-element_type=\"column\">\n\t\t\t<div class=\"elementor-widget-wrap elementor-element-populated\">\n\t\t\t\t\t\t<div class=\"elementor-element elementor-element-d59362f elementor-widget elementor-widget-spacer\" data-id=\"d59362f\" data-element_type=\"widget\" data-widget_type=\"spacer.default\">\n\t\t\t\t<div class=\"elementor-widget-container\">\n\t\t\t\t\t\t\t<div class=\"elementor-spacer\">\n\t\t\t<div class=\"elementor-spacer-inner\"><\/div>\n\t\t<\/div>\n\t\t\t\t\t\t<\/div>\n\t\t\t\t<\/div>\n\t\t\t\t<div class=\"elementor-element elementor-element-e23cfb3 elementor-widget__width-initial elementor-invisible elementor-widget elementor-widget-text-editor\" data-id=\"e23cfb3\" data-element_type=\"widget\" data-settings=\"{&quot;_animation&quot;:&quot;fadeInUp&quot;}\" data-widget_type=\"text-editor.default\">\n\t\t\t\t<div class=\"elementor-widget-container\">\n\t\t\t\t\t\t\t\t\t<p>A partir de la tem\u00e1tica FIFV 2023, quienes participen producir\u00e1n y\/o acercar\u00e1n materiales para la edici\u00f3n: im\u00e1genes fotogr\u00e1ficas tomadas para este fin espec\u00edfico o preexistentes (dibujos, ilustraciones, textos, etc.). Todo el material formar\u00e1 parte de un archivo colectivo de libre uso durante el taller de creaci\u00f3n que servir\u00e1 para que cada participante conceptualice y lleve a cabo una maqueta de publicaci\u00f3n.<\/p><p>Fot\u00f3grafa, editora, docente y gestora cultural argentina. Es co-directora de la Editorial La Luminosa. Forma parte del equipo de edici\u00f3n de la revista Sue\u00f1o de La Raz\u00f3n y trabaja en proyectos editoriales para distintas instituciones.<\/p><p>\u00a0Como curadora ha realizado exposiciones individuales y colectivas. Su obra forma parte de la Colecci\u00f3n del Museo Nacional de Bellas Artes de Argentina y de colecciones privadas. Ha participado como jurado en distintos premios y convocatorias: Sal\u00f3n Nacional de Artes Visuales (Argentina), Secci\u00f3n Multimedia de la Bienal Argentina de Fotograf\u00eda Documental (Argentina), Fotoperiodismo por la Paz (Ecuador) y los premios Ediciones CdF (Uruguay) y El Ojo Salvaje (Paraguay), entre otros.<\/p><p>Julieta Escard\u00f3 adem\u00e1s fue fot\u00f3grafa de la revista dominical del diario Clar\u00edn. Trabaj\u00f3 en el equipo de Arte Rodante del Ministerio de Educaci\u00f3n de la Naci\u00f3n y en el Archivo Biogr\u00e1fico Familiar de las Abuelas de Plaza de Mayo.<\/p>\t\t\t\t\t\t\t\t<\/div>\n\t\t\t\t<\/div>\n\t\t\t\t\t<\/div>\n\t\t<\/div>\n\t\t\t\t\t<\/div>\n\t\t<\/section>\n\t\t\t\t\t<\/div>\n\t\t<\/div>\n\t\t\t\t\t<\/div>\n\t\t<\/section>\n\t\t\t\t<section class=\"elementor-section elementor-top-section elementor-element elementor-element-32a5000 elementor-section-boxed elementor-section-height-default elementor-section-height-default\" data-id=\"32a5000\" data-element_type=\"section\" data-settings=\"{&quot;background_background&quot;:&quot;classic&quot;}\">\n\t\t\t\t\t\t<div class=\"elementor-container elementor-column-gap-default\">\n\t\t\t\t\t<div class=\"elementor-column elementor-col-100 elementor-top-column elementor-element elementor-element-4400361 elementor-invisible\" data-id=\"4400361\" data-element_type=\"column\" data-settings=\"{&quot;background_background&quot;:&quot;classic&quot;,&quot;animation&quot;:&quot;fadeIn&quot;}\">\n\t\t\t<div class=\"elementor-widget-wrap elementor-element-populated\">\n\t\t\t\t\t\t<div class=\"elementor-element elementor-element-5914afa elementor-invisible elementor-widget elementor-widget-text-editor\" data-id=\"5914afa\" data-element_type=\"widget\" data-settings=\"{&quot;_animation&quot;:&quot;fadeInUp&quot;}\" data-widget_type=\"text-editor.default\">\n\t\t\t\t<div class=\"elementor-widget-container\">\n\t\t\t\t\t\t\t\t\t<p>En 2016 fund\u00f3 TURMA, una plataforma de educaci\u00f3n y difusi\u00f3n de la cultura visual de Am\u00e9rica Latina. En 2002 cre\u00f3 FELIFA, la primera feria de fotolibros en nuestra regi\u00f3n. Se dedica a la docencia desde hace 25 a\u00f1os y ha dictado talleres sobre edici\u00f3n en distintos pa\u00edses.\u00a0<\/p>\t\t\t\t\t\t\t\t<\/div>\n\t\t\t\t<\/div>\n\t\t\t\t\t<\/div>\n\t\t<\/div>\n\t\t\t\t\t<\/div>\n\t\t<\/section>\n\t\t\t\t<section class=\"elementor-section elementor-top-section elementor-element elementor-element-e1c580c elementor-section-boxed elementor-section-height-default elementor-section-height-default\" data-id=\"e1c580c\" data-element_type=\"section\">\n\t\t\t\t\t\t<div class=\"elementor-container elementor-column-gap-default\">\n\t\t\t\t\t<div class=\"elementor-column elementor-col-100 elementor-top-column elementor-element elementor-element-90b01bf\" data-id=\"90b01bf\" data-element_type=\"column\">\n\t\t\t<div class=\"elementor-widget-wrap elementor-element-populated\">\n\t\t\t\t\t\t<div class=\"elementor-element elementor-element-549dc04 elementor-invisible elementor-widget elementor-widget-heading\" data-id=\"549dc04\" data-element_type=\"widget\" data-settings=\"{&quot;_animation&quot;:&quot;fadeInUp&quot;}\" data-widget_type=\"heading.default\">\n\t\t\t\t<div class=\"elementor-widget-container\">\n\t\t\t\t\t<h2 class=\"elementor-heading-title elementor-size-default\"><span>Seleccionad@s<\/span><\/h2>\t\t\t\t<\/div>\n\t\t\t\t<\/div>\n\t\t\t\t<div class=\"elementor-element elementor-element-5482df2 elementor-invisible elementor-widget elementor-widget-text-editor\" data-id=\"5482df2\" data-element_type=\"widget\" data-settings=\"{&quot;_animation&quot;:&quot;fadeInUp&quot;}\" data-widget_type=\"text-editor.default\">\n\t\t\t\t<div class=\"elementor-widget-container\">\n\t\t\t\t\t\t\t\t\t<p>Aida Castillo<\/p><p>\u00c1lvaro Tejeda<\/p><p>B\u00e1rbara Vergara<\/p><p>Daniel Araneda<\/p><p>Eloy Calqu\u00edn<\/p><p>Gabriel Sep\u00falveda<\/p><p>Ioana Radu<\/p><p>Leticia Villanueva<\/p><p>Valentina Guevara<\/p><p>\u00a0<\/p><p>Sebasti\u00e1n Pinto &#8211;\u00a0<strong>Asistente<\/strong><\/p>\t\t\t\t\t\t\t\t<\/div>\n\t\t\t\t<\/div>\n\t\t\t\t\t<\/div>\n\t\t<\/div>\n\t\t\t\t\t<\/div>\n\t\t<\/section>\n\t\t\t\t<\/div>\n\t\t","protected":false},"excerpt":{"rendered":"<p>workshopJULIETA ESCARD\u00d3 El Festival Internacional de Fotograf\u00eda de Valpara\u00edso recibe a la destacada fot\u00f3grafa argentina Julieta Escard\u00f3, quien liderar\u00e1 el taller \u201cEl relato personal a partir de la creaci\u00f3n colectiva\u201d. En el workshop se realizar\u00e1 un recorrido por los procesos de conceptualizaci\u00f3n, edici\u00f3n, dise\u00f1o y producci\u00f3n de libros de fotograf\u00eda.\u00a0 Julieta Escard\u00f3 Argentina 1970 A [&hellip;]<\/p>\n","protected":false},"author":1,"featured_media":0,"parent":0,"menu_order":0,"comment_status":"closed","ping_status":"closed","template":"elementor_header_footer","meta":{"footnotes":""},"class_list":["post-432","page","type-page","status-publish","hentry"],"yoast_head":"<!-- This site is optimized with the Yoast SEO plugin v25.3 - https:\/\/yoast.com\/wordpress\/plugins\/seo\/ -->\n<title>Workshop de Julieta Escardo - FIFV<\/title>\n<meta name=\"robots\" content=\"index, follow, max-snippet:-1, max-image-preview:large, max-video-preview:-1\" \/>\n<link rel=\"canonical\" href=\"https:\/\/fifv.cl\/2023\/convocatoria-julieta-escardo\/\" \/>\n<meta property=\"og:locale\" content=\"es_ES\" \/>\n<meta property=\"og:type\" content=\"article\" \/>\n<meta property=\"og:title\" content=\"Workshop de Julieta Escardo - FIFV\" \/>\n<meta property=\"og:description\" content=\"workshopJULIETA ESCARD\u00d3 El Festival Internacional de Fotograf\u00eda de Valpara\u00edso recibe a la destacada fot\u00f3grafa argentina Julieta Escard\u00f3, quien liderar\u00e1 el taller \u201cEl relato personal a partir de la creaci\u00f3n colectiva\u201d. En el workshop se realizar\u00e1 un recorrido por los procesos de conceptualizaci\u00f3n, edici\u00f3n, dise\u00f1o y producci\u00f3n de libros de fotograf\u00eda.\u00a0 Julieta Escard\u00f3 Argentina 1970 A [&hellip;]\" \/>\n<meta property=\"og:url\" content=\"https:\/\/fifv.cl\/2023\/convocatoria-julieta-escardo\/\" \/>\n<meta property=\"og:site_name\" content=\"FIFV\" \/>\n<meta property=\"article:publisher\" content=\"https:\/\/web.facebook.com\/casaespacio.fifv\" \/>\n<meta property=\"article:modified_time\" content=\"2023-11-03T22:49:45+00:00\" \/>\n<meta property=\"og:image\" content=\"https:\/\/fifv.cl\/2023\/wp-content\/uploads\/2023\/09\/Julieta-Escardo-Novia.jpg\" \/>\n<meta name=\"twitter:card\" content=\"summary_large_image\" \/>\n<script type=\"application\/ld+json\" class=\"yoast-schema-graph\">{\"@context\":\"https:\/\/schema.org\",\"@graph\":[{\"@type\":\"WebPage\",\"@id\":\"https:\/\/fifv.cl\/2023\/convocatoria-julieta-escardo\/\",\"url\":\"https:\/\/fifv.cl\/2023\/convocatoria-julieta-escardo\/\",\"name\":\"Workshop de Julieta Escardo - FIFV\",\"isPartOf\":{\"@id\":\"https:\/\/fifv.cl\/2023\/#website\"},\"primaryImageOfPage\":{\"@id\":\"https:\/\/fifv.cl\/2023\/convocatoria-julieta-escardo\/#primaryimage\"},\"image\":{\"@id\":\"https:\/\/fifv.cl\/2023\/convocatoria-julieta-escardo\/#primaryimage\"},\"thumbnailUrl\":\"https:\/\/fifv.cl\/2023\/wp-content\/uploads\/2023\/09\/Julieta-Escardo-Novia.jpg\",\"datePublished\":\"2023-09-12T03:42:56+00:00\",\"dateModified\":\"2023-11-03T22:49:45+00:00\",\"breadcrumb\":{\"@id\":\"https:\/\/fifv.cl\/2023\/convocatoria-julieta-escardo\/#breadcrumb\"},\"inLanguage\":\"es\",\"potentialAction\":[{\"@type\":\"ReadAction\",\"target\":[\"https:\/\/fifv.cl\/2023\/convocatoria-julieta-escardo\/\"]}]},{\"@type\":\"ImageObject\",\"inLanguage\":\"es\",\"@id\":\"https:\/\/fifv.cl\/2023\/convocatoria-julieta-escardo\/#primaryimage\",\"url\":\"https:\/\/i0.wp.com\/fifv.cl\/2023\/wp-content\/uploads\/2023\/09\/Julieta-Escardo-Novia.jpg?fit=650%2C433&ssl=1\",\"contentUrl\":\"https:\/\/i0.wp.com\/fifv.cl\/2023\/wp-content\/uploads\/2023\/09\/Julieta-Escardo-Novia.jpg?fit=650%2C433&ssl=1\",\"width\":650,\"height\":433},{\"@type\":\"BreadcrumbList\",\"@id\":\"https:\/\/fifv.cl\/2023\/convocatoria-julieta-escardo\/#breadcrumb\",\"itemListElement\":[{\"@type\":\"ListItem\",\"position\":1,\"name\":\"Portada\",\"item\":\"https:\/\/fifv.cl\/2023\/\"},{\"@type\":\"ListItem\",\"position\":2,\"name\":\"Workshop de Julieta Escardo\"}]},{\"@type\":\"WebSite\",\"@id\":\"https:\/\/fifv.cl\/2023\/#website\",\"url\":\"https:\/\/fifv.cl\/2023\/\",\"name\":\"Festival Internacional de Fotograf\u00eda en Valpara\u00edso\",\"description\":\"2023\",\"publisher\":{\"@id\":\"https:\/\/fifv.cl\/2023\/#organization\"},\"alternateName\":\"FIFV\",\"potentialAction\":[{\"@type\":\"SearchAction\",\"target\":{\"@type\":\"EntryPoint\",\"urlTemplate\":\"https:\/\/fifv.cl\/2023\/?s={search_term_string}\"},\"query-input\":{\"@type\":\"PropertyValueSpecification\",\"valueRequired\":true,\"valueName\":\"search_term_string\"}}],\"inLanguage\":\"es\"},{\"@type\":\"Organization\",\"@id\":\"https:\/\/fifv.cl\/2023\/#organization\",\"name\":\"Festival Internacional de Fotograf\u00eda en Valpara\u00edso\",\"alternateName\":\"FIFV\",\"url\":\"https:\/\/fifv.cl\/2023\/\",\"logo\":{\"@type\":\"ImageObject\",\"inLanguage\":\"es\",\"@id\":\"https:\/\/fifv.cl\/2023\/#\/schema\/logo\/image\/\",\"url\":\"https:\/\/fifv.cl\/2023\/wp-content\/uploads\/2023\/08\/fifv.png\",\"contentUrl\":\"https:\/\/fifv.cl\/2023\/wp-content\/uploads\/2023\/08\/fifv.png\",\"width\":500,\"height\":241,\"caption\":\"Festival Internacional de Fotograf\u00eda en Valpara\u00edso\"},\"image\":{\"@id\":\"https:\/\/fifv.cl\/2023\/#\/schema\/logo\/image\/\"},\"sameAs\":[\"https:\/\/web.facebook.com\/casaespacio.fifv\",\"https:\/\/www.instagram.com\/casaespacio_fifv\/\",\"https:\/\/www.youtube.com\/@festivalinternacionaldefot4918\"]}]}<\/script>\n<!-- \/ Yoast SEO plugin. -->","yoast_head_json":{"title":"Workshop de Julieta Escardo - FIFV","robots":{"index":"index","follow":"follow","max-snippet":"max-snippet:-1","max-image-preview":"max-image-preview:large","max-video-preview":"max-video-preview:-1"},"canonical":"https:\/\/fifv.cl\/2023\/convocatoria-julieta-escardo\/","og_locale":"es_ES","og_type":"article","og_title":"Workshop de Julieta Escardo - FIFV","og_description":"workshopJULIETA ESCARD\u00d3 El Festival Internacional de Fotograf\u00eda de Valpara\u00edso recibe a la destacada fot\u00f3grafa argentina Julieta Escard\u00f3, quien liderar\u00e1 el taller \u201cEl relato personal a partir de la creaci\u00f3n colectiva\u201d. En el workshop se realizar\u00e1 un recorrido por los procesos de conceptualizaci\u00f3n, edici\u00f3n, dise\u00f1o y producci\u00f3n de libros de fotograf\u00eda.\u00a0 Julieta Escard\u00f3 Argentina 1970 A [&hellip;]","og_url":"https:\/\/fifv.cl\/2023\/convocatoria-julieta-escardo\/","og_site_name":"FIFV","article_publisher":"https:\/\/web.facebook.com\/casaespacio.fifv","article_modified_time":"2023-11-03T22:49:45+00:00","og_image":[{"url":"https:\/\/fifv.cl\/2023\/wp-content\/uploads\/2023\/09\/Julieta-Escardo-Novia.jpg","type":"","width":"","height":""}],"twitter_card":"summary_large_image","schema":{"@context":"https:\/\/schema.org","@graph":[{"@type":"WebPage","@id":"https:\/\/fifv.cl\/2023\/convocatoria-julieta-escardo\/","url":"https:\/\/fifv.cl\/2023\/convocatoria-julieta-escardo\/","name":"Workshop de Julieta Escardo - FIFV","isPartOf":{"@id":"https:\/\/fifv.cl\/2023\/#website"},"primaryImageOfPage":{"@id":"https:\/\/fifv.cl\/2023\/convocatoria-julieta-escardo\/#primaryimage"},"image":{"@id":"https:\/\/fifv.cl\/2023\/convocatoria-julieta-escardo\/#primaryimage"},"thumbnailUrl":"https:\/\/fifv.cl\/2023\/wp-content\/uploads\/2023\/09\/Julieta-Escardo-Novia.jpg","datePublished":"2023-09-12T03:42:56+00:00","dateModified":"2023-11-03T22:49:45+00:00","breadcrumb":{"@id":"https:\/\/fifv.cl\/2023\/convocatoria-julieta-escardo\/#breadcrumb"},"inLanguage":"es","potentialAction":[{"@type":"ReadAction","target":["https:\/\/fifv.cl\/2023\/convocatoria-julieta-escardo\/"]}]},{"@type":"ImageObject","inLanguage":"es","@id":"https:\/\/fifv.cl\/2023\/convocatoria-julieta-escardo\/#primaryimage","url":"https:\/\/i0.wp.com\/fifv.cl\/2023\/wp-content\/uploads\/2023\/09\/Julieta-Escardo-Novia.jpg?fit=650%2C433&ssl=1","contentUrl":"https:\/\/i0.wp.com\/fifv.cl\/2023\/wp-content\/uploads\/2023\/09\/Julieta-Escardo-Novia.jpg?fit=650%2C433&ssl=1","width":650,"height":433},{"@type":"BreadcrumbList","@id":"https:\/\/fifv.cl\/2023\/convocatoria-julieta-escardo\/#breadcrumb","itemListElement":[{"@type":"ListItem","position":1,"name":"Portada","item":"https:\/\/fifv.cl\/2023\/"},{"@type":"ListItem","position":2,"name":"Workshop de Julieta Escardo"}]},{"@type":"WebSite","@id":"https:\/\/fifv.cl\/2023\/#website","url":"https:\/\/fifv.cl\/2023\/","name":"Festival Internacional de Fotograf\u00eda en Valpara\u00edso","description":"2023","publisher":{"@id":"https:\/\/fifv.cl\/2023\/#organization"},"alternateName":"FIFV","potentialAction":[{"@type":"SearchAction","target":{"@type":"EntryPoint","urlTemplate":"https:\/\/fifv.cl\/2023\/?s={search_term_string}"},"query-input":{"@type":"PropertyValueSpecification","valueRequired":true,"valueName":"search_term_string"}}],"inLanguage":"es"},{"@type":"Organization","@id":"https:\/\/fifv.cl\/2023\/#organization","name":"Festival Internacional de Fotograf\u00eda en Valpara\u00edso","alternateName":"FIFV","url":"https:\/\/fifv.cl\/2023\/","logo":{"@type":"ImageObject","inLanguage":"es","@id":"https:\/\/fifv.cl\/2023\/#\/schema\/logo\/image\/","url":"https:\/\/fifv.cl\/2023\/wp-content\/uploads\/2023\/08\/fifv.png","contentUrl":"https:\/\/fifv.cl\/2023\/wp-content\/uploads\/2023\/08\/fifv.png","width":500,"height":241,"caption":"Festival Internacional de Fotograf\u00eda en Valpara\u00edso"},"image":{"@id":"https:\/\/fifv.cl\/2023\/#\/schema\/logo\/image\/"},"sameAs":["https:\/\/web.facebook.com\/casaespacio.fifv","https:\/\/www.instagram.com\/casaespacio_fifv\/","https:\/\/www.youtube.com\/@festivalinternacionaldefot4918"]}]}},"_links":{"self":[{"href":"https:\/\/fifv.cl\/2023\/wp-json\/wp\/v2\/pages\/432","targetHints":{"allow":["GET"]}}],"collection":[{"href":"https:\/\/fifv.cl\/2023\/wp-json\/wp\/v2\/pages"}],"about":[{"href":"https:\/\/fifv.cl\/2023\/wp-json\/wp\/v2\/types\/page"}],"author":[{"embeddable":true,"href":"https:\/\/fifv.cl\/2023\/wp-json\/wp\/v2\/users\/1"}],"replies":[{"embeddable":true,"href":"https:\/\/fifv.cl\/2023\/wp-json\/wp\/v2\/comments?post=432"}],"version-history":[{"count":26,"href":"https:\/\/fifv.cl\/2023\/wp-json\/wp\/v2\/pages\/432\/revisions"}],"predecessor-version":[{"id":1194,"href":"https:\/\/fifv.cl\/2023\/wp-json\/wp\/v2\/pages\/432\/revisions\/1194"}],"wp:attachment":[{"href":"https:\/\/fifv.cl\/2023\/wp-json\/wp\/v2\/media?parent=432"}],"curies":[{"name":"wp","href":"https:\/\/api.w.org\/{rel}","templated":true}]}}