{"id":464,"date":"2023-09-12T01:12:17","date_gmt":"2023-09-12T04:12:17","guid":{"rendered":"https:\/\/fifv.cl\/2023\/?page_id=464"},"modified":"2023-11-03T19:49:55","modified_gmt":"2023-11-03T22:49:55","slug":"convocatoria-leonora-vicuna","status":"publish","type":"page","link":"https:\/\/fifv.cl\/2023\/convocatoria-leonora-vicuna\/","title":{"rendered":"Workshop de Leonora Vicu\u00f1a"},"content":{"rendered":"\t\t<div data-elementor-type=\"wp-page\" data-elementor-id=\"464\" class=\"elementor elementor-464\" data-elementor-post-type=\"page\">\n\t\t\t\t\t\t<section class=\"elementor-section elementor-top-section elementor-element elementor-element-bb86406 elementor-section-height-min-height elementor-section-boxed elementor-section-height-default elementor-section-items-middle\" data-id=\"bb86406\" data-element_type=\"section\" data-settings=\"{&quot;background_background&quot;:&quot;classic&quot;}\">\n\t\t\t\t\t\t<div class=\"elementor-container elementor-column-gap-default\">\n\t\t\t\t\t<div class=\"elementor-column elementor-col-100 elementor-top-column elementor-element elementor-element-19c7e2c\" data-id=\"19c7e2c\" data-element_type=\"column\" data-settings=\"{&quot;background_background&quot;:&quot;classic&quot;,&quot;animation&quot;:&quot;none&quot;}\">\n\t\t\t<div class=\"elementor-widget-wrap elementor-element-populated\">\n\t\t\t\t\t\t<div class=\"elementor-element elementor-element-e087a33 animated-fast elementor-invisible elementor-widget elementor-widget-heading\" data-id=\"e087a33\" data-element_type=\"widget\" data-settings=\"{&quot;_animation&quot;:&quot;fadeIn&quot;,&quot;_animation_delay&quot;:0.5}\" data-widget_type=\"heading.default\">\n\t\t\t\t<div class=\"elementor-widget-container\">\n\t\t\t\t\t<h2 class=\"elementor-heading-title elementor-size-default\"><span style=\"text-decoration:underline;font-size: 28px;margin-bottom: 24px\">workshop<\/span><br>LEONORA\n<BR>VICU\u00d1A<\/h2>\t\t\t\t<\/div>\n\t\t\t\t<\/div>\n\t\t\t\t\t<\/div>\n\t\t<\/div>\n\t\t\t\t\t<\/div>\n\t\t<\/section>\n\t\t\t\t<section class=\"elementor-section elementor-top-section elementor-element elementor-element-c0d6f11 elementor-section-boxed elementor-section-height-default elementor-section-height-default\" data-id=\"c0d6f11\" data-element_type=\"section\" data-settings=\"{&quot;background_background&quot;:&quot;classic&quot;}\">\n\t\t\t\t\t\t<div class=\"elementor-container elementor-column-gap-default\">\n\t\t\t\t\t<div class=\"elementor-column elementor-col-100 elementor-top-column elementor-element elementor-element-b4ddd37 elementor-invisible\" data-id=\"b4ddd37\" data-element_type=\"column\" data-settings=\"{&quot;background_background&quot;:&quot;classic&quot;,&quot;animation&quot;:&quot;fadeIn&quot;}\">\n\t\t\t<div class=\"elementor-widget-wrap elementor-element-populated\">\n\t\t\t\t\t\t<div class=\"elementor-element elementor-element-d78d143 animated-fast elementor-invisible elementor-widget elementor-widget-text-editor\" data-id=\"d78d143\" data-element_type=\"widget\" data-settings=\"{&quot;_animation&quot;:&quot;fadeInUp&quot;}\" data-widget_type=\"text-editor.default\">\n\t\t\t\t<div class=\"elementor-widget-container\">\n\t\t\t\t\t\t\t\t\t<p>El Festival Internacional de Fotograf\u00eda de Valpara\u00edso recibe a la destacada fot\u00f3grafa chilena Leonora Vicu\u00f1a para liderar el taller de creaci\u00f3n \u201cZonas de proximidad\u201d. En este workshop se trabajar\u00e1 en torno a conceptos opuestos que se aproximan o limitan, se bordean o separan en una misma imagen o serie de im\u00e1genes teniendo en cuenta que estamos siempre abordando contrastes de toda \u00edndole en el trabajo fotogr\u00e1fico.\u00a0<\/p>\t\t\t\t\t\t\t\t<\/div>\n\t\t\t\t<\/div>\n\t\t\t\t\t<\/div>\n\t\t<\/div>\n\t\t\t\t\t<\/div>\n\t\t<\/section>\n\t\t\t\t<section class=\"elementor-section elementor-top-section elementor-element elementor-element-07befcb elementor-section-boxed elementor-section-height-default elementor-section-height-default\" data-id=\"07befcb\" data-element_type=\"section\" data-settings=\"{&quot;background_background&quot;:&quot;classic&quot;}\">\n\t\t\t\t\t\t<div class=\"elementor-container elementor-column-gap-default\">\n\t\t\t\t\t<div class=\"elementor-column elementor-col-100 elementor-top-column elementor-element elementor-element-c773d89\" data-id=\"c773d89\" data-element_type=\"column\">\n\t\t\t<div class=\"elementor-widget-wrap elementor-element-populated\">\n\t\t\t\t\t\t<section class=\"elementor-section elementor-inner-section elementor-element elementor-element-6376eb3 elementor-section-boxed elementor-section-height-default elementor-section-height-default\" data-id=\"6376eb3\" data-element_type=\"section\">\n\t\t\t\t\t\t<div class=\"elementor-container elementor-column-gap-default\">\n\t\t\t\t\t<div class=\"elementor-column elementor-col-33 elementor-inner-column elementor-element elementor-element-dd83fd6\" data-id=\"dd83fd6\" data-element_type=\"column\">\n\t\t\t<div class=\"elementor-widget-wrap elementor-element-populated\">\n\t\t\t\t\t\t<div class=\"elementor-element elementor-element-f50ab65 elementor-invisible elementor-widget elementor-widget-image\" data-id=\"f50ab65\" data-element_type=\"widget\" data-settings=\"{&quot;_animation&quot;:&quot;fadeInUp&quot;}\" data-widget_type=\"image.default\">\n\t\t\t\t<div class=\"elementor-widget-container\">\n\t\t\t\t\t\t\t\t\t\t\t\t\t\t\t<img fetchpriority=\"high\" decoding=\"async\" width=\"640\" height=\"421\" src=\"https:\/\/i0.wp.com\/fifv.cl\/2023\/wp-content\/uploads\/2023\/09\/LEO-6.jpg?fit=640%2C421&amp;ssl=1\" class=\"attachment-large size-large wp-image-467\" alt=\"\" srcset=\"https:\/\/i0.wp.com\/fifv.cl\/2023\/wp-content\/uploads\/2023\/09\/LEO-6.jpg?w=640&amp;ssl=1 640w, https:\/\/i0.wp.com\/fifv.cl\/2023\/wp-content\/uploads\/2023\/09\/LEO-6.jpg?resize=300%2C197&amp;ssl=1 300w\" sizes=\"(max-width: 640px) 100vw, 640px\" \/>\t\t\t\t\t\t\t\t\t\t\t\t\t\t\t<\/div>\n\t\t\t\t<\/div>\n\t\t\t\t<div class=\"elementor-element elementor-element-87718c2 elementor-invisible elementor-widget elementor-widget-heading\" data-id=\"87718c2\" data-element_type=\"widget\" data-settings=\"{&quot;_animation&quot;:&quot;fadeInUp&quot;}\" data-widget_type=\"heading.default\">\n\t\t\t\t<div class=\"elementor-widget-container\">\n\t\t\t\t\t<h2 class=\"elementor-heading-title elementor-size-default\">Leonora<br>\nVicu\u00f1a<\/h2>\t\t\t\t<\/div>\n\t\t\t\t<\/div>\n\t\t\t\t<div class=\"elementor-element elementor-element-3324819 elementor-widget elementor-widget-heading\" data-id=\"3324819\" data-element_type=\"widget\" data-widget_type=\"heading.default\">\n\t\t\t\t<div class=\"elementor-widget-container\">\n\t\t\t\t\t<h2 class=\"elementor-heading-title elementor-size-default\">Chile<\/h2>\t\t\t\t<\/div>\n\t\t\t\t<\/div>\n\t\t\t\t<div class=\"elementor-element elementor-element-93bc8cd elementor-widget-divider--view-line elementor-widget elementor-widget-divider\" data-id=\"93bc8cd\" data-element_type=\"widget\" data-widget_type=\"divider.default\">\n\t\t\t\t<div class=\"elementor-widget-container\">\n\t\t\t\t\t\t\t<div class=\"elementor-divider\">\n\t\t\t<span class=\"elementor-divider-separator\">\n\t\t\t\t\t\t<\/span>\n\t\t<\/div>\n\t\t\t\t\t\t<\/div>\n\t\t\t\t<\/div>\n\t\t\t\t<div class=\"elementor-element elementor-element-88812c1 elementor-widget elementor-widget-heading\" data-id=\"88812c1\" data-element_type=\"widget\" data-widget_type=\"heading.default\">\n\t\t\t\t<div class=\"elementor-widget-container\">\n\t\t\t\t\t<h2 class=\"elementor-heading-title elementor-size-default\">1952<\/h2>\t\t\t\t<\/div>\n\t\t\t\t<\/div>\n\t\t\t\t<div class=\"elementor-element elementor-element-88ff443 elementor-widget-divider--view-line elementor-widget elementor-widget-divider\" data-id=\"88ff443\" data-element_type=\"widget\" data-widget_type=\"divider.default\">\n\t\t\t\t<div class=\"elementor-widget-container\">\n\t\t\t\t\t\t\t<div class=\"elementor-divider\">\n\t\t\t<span class=\"elementor-divider-separator\">\n\t\t\t\t\t\t<\/span>\n\t\t<\/div>\n\t\t\t\t\t\t<\/div>\n\t\t\t\t<\/div>\n\t\t\t\t\t<\/div>\n\t\t<\/div>\n\t\t\t\t<div class=\"elementor-column elementor-col-66 elementor-inner-column elementor-element elementor-element-d854aee\" data-id=\"d854aee\" data-element_type=\"column\">\n\t\t\t<div class=\"elementor-widget-wrap elementor-element-populated\">\n\t\t\t\t\t\t<div class=\"elementor-element elementor-element-d59362f elementor-widget elementor-widget-spacer\" data-id=\"d59362f\" data-element_type=\"widget\" data-widget_type=\"spacer.default\">\n\t\t\t\t<div class=\"elementor-widget-container\">\n\t\t\t\t\t\t\t<div class=\"elementor-spacer\">\n\t\t\t<div class=\"elementor-spacer-inner\"><\/div>\n\t\t<\/div>\n\t\t\t\t\t\t<\/div>\n\t\t\t\t<\/div>\n\t\t\t\t<div class=\"elementor-element elementor-element-e23cfb3 elementor-widget__width-initial elementor-invisible elementor-widget elementor-widget-text-editor\" data-id=\"e23cfb3\" data-element_type=\"widget\" data-settings=\"{&quot;_animation&quot;:&quot;fadeInUp&quot;}\" data-widget_type=\"text-editor.default\">\n\t\t\t\t<div class=\"elementor-widget-container\">\n\t\t\t\t\t\t\t\t\t<p>Vivimos una \u00e9poca plagada de oposiciones y contrastes, en un mundo cuasi salvaje, rodeado de innumerables periferias, pero que se pretende civilizado, central, ombliguista, magn\u00edfico. Estamos rodeados de desechos y acumulaciones de diversa \u00edndole que amenazan incluso con sepultarnos y al mismo tiempo tenemos discursos y actitudes disruptivas y ecol\u00f3gicas hasta beat\u00edficas. \u00bfC\u00f3mo fotografiar la desigualdad? \u00bfC\u00f3mo trabajar en el cruce de los opuestos y frotamiento de los bordes? En este taller se fabricar\u00e1 una visi\u00f3n colectiva de la desigualdad mezclando la fotograf\u00eda, el collage, la tipograf\u00eda y otras t\u00e9cnicas.<\/p><p>Fot\u00f3grafa, licenciada en antropolog\u00eda y poeta chilena. Particip\u00f3 en la fundaci\u00f3n de la Asociaci\u00f3n de Fot\u00f3grafos Independientes (AFI) en 1981. Vivi\u00f3 en Par\u00eds durante varios a\u00f1os donde estudi\u00f3 ciencias sociales y obtuvo el Diploma de Realizadora Multimedia en la Escuela Superior de Realizaci\u00f3n Audiovisual de esa ciudad.\u00a0\u00a0<\/p><p>Ha participado en diversas exposiciones colectivas e individuales en Chile, M\u00e9xico, Francia, Espa\u00f1a, Alemania, Estados Unidos y Gran Breta\u00f1a. Su obra ha estado presente en la exposici\u00f3n Am\u00e9rica Latina 1940-2013 de la Fundaci\u00f3n Cartier pour l\u2019Art contemporain, en Paris-Photo, Photo-Espa\u00f1a, en el ICP de Nueva York y en el Museo Amparo de Puebla, entre otros espacios. Tambi\u00e9n ha colaborado en numerosos proyectos de animaci\u00f3n y montaje de cine como en el largometraje \u201cThe Rainbow Thief\u201d de Alejandro Jodorowsky.<\/p><p>El trabajo de Leonora Vicu\u00f1a forma parte de colecciones p\u00fablicas y privadas como el Mus\u00e9e du Ch\u00e2teau d\u2019Eau de Toulouse, el Cabinet des Stampes de la Biblioteca Nacional de Francia, el Museo de las Am\u00e9ricas de Denver en Estados Unidos, Anna Gamazo de Abell\u00f3 en Espa\u00f1a y Leticia y Stalislas Poniatowsky en Francia. Adem\u00e1s, obtuvo el premio Altazor de las Artes en 2010 con la exposici\u00f3n \u201cVisible\/Invisible\u201d y el Fondart de Excelencia en Artes Integradas en 2006 por la instalaci\u00f3n multimedia \u201cDOMUS AURAL\u201d realizada con Jorge Olave Riveros.\u00a0<\/p>\t\t\t\t\t\t\t\t<\/div>\n\t\t\t\t<\/div>\n\t\t\t\t\t<\/div>\n\t\t<\/div>\n\t\t\t\t\t<\/div>\n\t\t<\/section>\n\t\t\t\t\t<\/div>\n\t\t<\/div>\n\t\t\t\t\t<\/div>\n\t\t<\/section>\n\t\t\t\t<section class=\"elementor-section elementor-top-section elementor-element elementor-element-32a5000 elementor-section-boxed elementor-section-height-default elementor-section-height-default\" data-id=\"32a5000\" data-element_type=\"section\" data-settings=\"{&quot;background_background&quot;:&quot;classic&quot;}\">\n\t\t\t\t\t\t<div class=\"elementor-container elementor-column-gap-default\">\n\t\t\t\t\t<div class=\"elementor-column elementor-col-100 elementor-top-column elementor-element elementor-element-4400361 elementor-invisible\" data-id=\"4400361\" data-element_type=\"column\" data-settings=\"{&quot;background_background&quot;:&quot;classic&quot;,&quot;animation&quot;:&quot;fadeIn&quot;}\">\n\t\t\t<div class=\"elementor-widget-wrap elementor-element-populated\">\n\t\t\t\t\t\t<div class=\"elementor-element elementor-element-5914afa elementor-invisible elementor-widget elementor-widget-text-editor\" data-id=\"5914afa\" data-element_type=\"widget\" data-settings=\"{&quot;_animation&quot;:&quot;fadeInUp&quot;}\" data-widget_type=\"text-editor.default\">\n\t\t\t\t<div class=\"elementor-widget-container\">\n\t\t\t\t\t\t\t\t\t<p>Entre sus \u00faltimos proyectos destacan trabajos fotogr\u00e1ficos multimediales como \u201cBares y Garzones: Un Homenaje Visual\u201d y \u201cNosotras Lafkenche de Huapi\u201d. Actualmente reside en Carahue, en la regi\u00f3n de la Araucan\u00eda, donde gestiona Puerto Peral, un centro multicultural de talleres y residencias de fotograf\u00eda, arte y reflexi\u00f3n.<\/p>\t\t\t\t\t\t\t\t<\/div>\n\t\t\t\t<\/div>\n\t\t\t\t\t<\/div>\n\t\t<\/div>\n\t\t\t\t\t<\/div>\n\t\t<\/section>\n\t\t\t\t<section class=\"elementor-section elementor-top-section elementor-element elementor-element-1cf59e2 elementor-section-boxed elementor-section-height-default elementor-section-height-default\" data-id=\"1cf59e2\" data-element_type=\"section\">\n\t\t\t\t\t\t<div class=\"elementor-container elementor-column-gap-default\">\n\t\t\t\t\t<div class=\"elementor-column elementor-col-100 elementor-top-column elementor-element elementor-element-3766e36\" data-id=\"3766e36\" data-element_type=\"column\">\n\t\t\t<div class=\"elementor-widget-wrap elementor-element-populated\">\n\t\t\t\t\t\t<div class=\"elementor-element elementor-element-50658ef elementor-invisible elementor-widget elementor-widget-heading\" data-id=\"50658ef\" data-element_type=\"widget\" data-settings=\"{&quot;_animation&quot;:&quot;fadeInUp&quot;}\" data-widget_type=\"heading.default\">\n\t\t\t\t<div class=\"elementor-widget-container\">\n\t\t\t\t\t<h2 class=\"elementor-heading-title elementor-size-default\"><span>Seleccionad@s<\/span><\/h2>\t\t\t\t<\/div>\n\t\t\t\t<\/div>\n\t\t\t\t<div class=\"elementor-element elementor-element-3d0f06b elementor-invisible elementor-widget elementor-widget-text-editor\" data-id=\"3d0f06b\" data-element_type=\"widget\" data-settings=\"{&quot;_animation&quot;:&quot;fadeInUp&quot;}\" data-widget_type=\"text-editor.default\">\n\t\t\t\t<div class=\"elementor-widget-container\">\n\t\t\t\t\t\t\t\t\t<p>Alison Pacheco<\/p><p>Ariel N\u00fa\u00f1ez<\/p><p>Ev\u00e1nika Figueroa<\/p><p>Francisca Gonz\u00e1lez<\/p><p>Felipe Carmona<\/p><p>Maite M\u00e9rida<\/p><p>Paola Retamales<\/p><p>Sonia \u00c1lvarez<\/p><p>Valentina Palavecino<\/p><p>\u00a0<\/p><p>Carolina Ag\u00fcero &#8211; <strong>Asistente<\/strong><\/p>\t\t\t\t\t\t\t\t<\/div>\n\t\t\t\t<\/div>\n\t\t\t\t\t<\/div>\n\t\t<\/div>\n\t\t\t\t\t<\/div>\n\t\t<\/section>\n\t\t\t\t<\/div>\n\t\t","protected":false},"excerpt":{"rendered":"<p>workshopLEONORA VICU\u00d1A El Festival Internacional de Fotograf\u00eda de Valpara\u00edso recibe a la destacada fot\u00f3grafa chilena Leonora Vicu\u00f1a para liderar el taller de creaci\u00f3n \u201cZonas de proximidad\u201d. En este workshop se trabajar\u00e1 en torno a conceptos opuestos que se aproximan o limitan, se bordean o separan en una misma imagen o serie de im\u00e1genes teniendo en [&hellip;]<\/p>\n","protected":false},"author":1,"featured_media":0,"parent":0,"menu_order":0,"comment_status":"closed","ping_status":"closed","template":"elementor_header_footer","meta":{"footnotes":""},"class_list":["post-464","page","type-page","status-publish","hentry"],"yoast_head":"<!-- This site is optimized with the Yoast SEO plugin v25.3 - https:\/\/yoast.com\/wordpress\/plugins\/seo\/ -->\n<title>Workshop de Leonora Vicu\u00f1a - FIFV<\/title>\n<meta name=\"robots\" content=\"index, follow, max-snippet:-1, max-image-preview:large, max-video-preview:-1\" \/>\n<link rel=\"canonical\" href=\"https:\/\/fifv.cl\/2023\/convocatoria-leonora-vicuna\/\" \/>\n<meta property=\"og:locale\" content=\"es_ES\" \/>\n<meta property=\"og:type\" content=\"article\" \/>\n<meta property=\"og:title\" content=\"Workshop de Leonora Vicu\u00f1a - FIFV\" \/>\n<meta property=\"og:description\" content=\"workshopLEONORA VICU\u00d1A El Festival Internacional de Fotograf\u00eda de Valpara\u00edso recibe a la destacada fot\u00f3grafa chilena Leonora Vicu\u00f1a para liderar el taller de creaci\u00f3n \u201cZonas de proximidad\u201d. En este workshop se trabajar\u00e1 en torno a conceptos opuestos que se aproximan o limitan, se bordean o separan en una misma imagen o serie de im\u00e1genes teniendo en [&hellip;]\" \/>\n<meta property=\"og:url\" content=\"https:\/\/fifv.cl\/2023\/convocatoria-leonora-vicuna\/\" \/>\n<meta property=\"og:site_name\" content=\"FIFV\" \/>\n<meta property=\"article:publisher\" content=\"https:\/\/web.facebook.com\/casaespacio.fifv\" \/>\n<meta property=\"article:modified_time\" content=\"2023-11-03T22:49:55+00:00\" \/>\n<meta property=\"og:image\" content=\"https:\/\/fifv.cl\/2023\/wp-content\/uploads\/2023\/09\/LEO-6.jpg\" \/>\n<meta name=\"twitter:card\" content=\"summary_large_image\" \/>\n<script type=\"application\/ld+json\" class=\"yoast-schema-graph\">{\"@context\":\"https:\/\/schema.org\",\"@graph\":[{\"@type\":\"WebPage\",\"@id\":\"https:\/\/fifv.cl\/2023\/convocatoria-leonora-vicuna\/\",\"url\":\"https:\/\/fifv.cl\/2023\/convocatoria-leonora-vicuna\/\",\"name\":\"Workshop de Leonora Vicu\u00f1a - FIFV\",\"isPartOf\":{\"@id\":\"https:\/\/fifv.cl\/2023\/#website\"},\"primaryImageOfPage\":{\"@id\":\"https:\/\/fifv.cl\/2023\/convocatoria-leonora-vicuna\/#primaryimage\"},\"image\":{\"@id\":\"https:\/\/fifv.cl\/2023\/convocatoria-leonora-vicuna\/#primaryimage\"},\"thumbnailUrl\":\"https:\/\/fifv.cl\/2023\/wp-content\/uploads\/2023\/09\/LEO-6.jpg\",\"datePublished\":\"2023-09-12T04:12:17+00:00\",\"dateModified\":\"2023-11-03T22:49:55+00:00\",\"breadcrumb\":{\"@id\":\"https:\/\/fifv.cl\/2023\/convocatoria-leonora-vicuna\/#breadcrumb\"},\"inLanguage\":\"es\",\"potentialAction\":[{\"@type\":\"ReadAction\",\"target\":[\"https:\/\/fifv.cl\/2023\/convocatoria-leonora-vicuna\/\"]}]},{\"@type\":\"ImageObject\",\"inLanguage\":\"es\",\"@id\":\"https:\/\/fifv.cl\/2023\/convocatoria-leonora-vicuna\/#primaryimage\",\"url\":\"https:\/\/i0.wp.com\/fifv.cl\/2023\/wp-content\/uploads\/2023\/09\/LEO-6.jpg?fit=640%2C421&ssl=1\",\"contentUrl\":\"https:\/\/i0.wp.com\/fifv.cl\/2023\/wp-content\/uploads\/2023\/09\/LEO-6.jpg?fit=640%2C421&ssl=1\",\"width\":640,\"height\":421},{\"@type\":\"BreadcrumbList\",\"@id\":\"https:\/\/fifv.cl\/2023\/convocatoria-leonora-vicuna\/#breadcrumb\",\"itemListElement\":[{\"@type\":\"ListItem\",\"position\":1,\"name\":\"Portada\",\"item\":\"https:\/\/fifv.cl\/2023\/\"},{\"@type\":\"ListItem\",\"position\":2,\"name\":\"Workshop de Leonora Vicu\u00f1a\"}]},{\"@type\":\"WebSite\",\"@id\":\"https:\/\/fifv.cl\/2023\/#website\",\"url\":\"https:\/\/fifv.cl\/2023\/\",\"name\":\"Festival Internacional de Fotograf\u00eda en Valpara\u00edso\",\"description\":\"2023\",\"publisher\":{\"@id\":\"https:\/\/fifv.cl\/2023\/#organization\"},\"alternateName\":\"FIFV\",\"potentialAction\":[{\"@type\":\"SearchAction\",\"target\":{\"@type\":\"EntryPoint\",\"urlTemplate\":\"https:\/\/fifv.cl\/2023\/?s={search_term_string}\"},\"query-input\":{\"@type\":\"PropertyValueSpecification\",\"valueRequired\":true,\"valueName\":\"search_term_string\"}}],\"inLanguage\":\"es\"},{\"@type\":\"Organization\",\"@id\":\"https:\/\/fifv.cl\/2023\/#organization\",\"name\":\"Festival Internacional de Fotograf\u00eda en Valpara\u00edso\",\"alternateName\":\"FIFV\",\"url\":\"https:\/\/fifv.cl\/2023\/\",\"logo\":{\"@type\":\"ImageObject\",\"inLanguage\":\"es\",\"@id\":\"https:\/\/fifv.cl\/2023\/#\/schema\/logo\/image\/\",\"url\":\"https:\/\/fifv.cl\/2023\/wp-content\/uploads\/2023\/08\/fifv.png\",\"contentUrl\":\"https:\/\/fifv.cl\/2023\/wp-content\/uploads\/2023\/08\/fifv.png\",\"width\":500,\"height\":241,\"caption\":\"Festival Internacional de Fotograf\u00eda en Valpara\u00edso\"},\"image\":{\"@id\":\"https:\/\/fifv.cl\/2023\/#\/schema\/logo\/image\/\"},\"sameAs\":[\"https:\/\/web.facebook.com\/casaespacio.fifv\",\"https:\/\/www.instagram.com\/casaespacio_fifv\/\",\"https:\/\/www.youtube.com\/@festivalinternacionaldefot4918\"]}]}<\/script>\n<!-- \/ Yoast SEO plugin. -->","yoast_head_json":{"title":"Workshop de Leonora Vicu\u00f1a - FIFV","robots":{"index":"index","follow":"follow","max-snippet":"max-snippet:-1","max-image-preview":"max-image-preview:large","max-video-preview":"max-video-preview:-1"},"canonical":"https:\/\/fifv.cl\/2023\/convocatoria-leonora-vicuna\/","og_locale":"es_ES","og_type":"article","og_title":"Workshop de Leonora Vicu\u00f1a - FIFV","og_description":"workshopLEONORA VICU\u00d1A El Festival Internacional de Fotograf\u00eda de Valpara\u00edso recibe a la destacada fot\u00f3grafa chilena Leonora Vicu\u00f1a para liderar el taller de creaci\u00f3n \u201cZonas de proximidad\u201d. En este workshop se trabajar\u00e1 en torno a conceptos opuestos que se aproximan o limitan, se bordean o separan en una misma imagen o serie de im\u00e1genes teniendo en [&hellip;]","og_url":"https:\/\/fifv.cl\/2023\/convocatoria-leonora-vicuna\/","og_site_name":"FIFV","article_publisher":"https:\/\/web.facebook.com\/casaespacio.fifv","article_modified_time":"2023-11-03T22:49:55+00:00","og_image":[{"url":"https:\/\/fifv.cl\/2023\/wp-content\/uploads\/2023\/09\/LEO-6.jpg","type":"","width":"","height":""}],"twitter_card":"summary_large_image","schema":{"@context":"https:\/\/schema.org","@graph":[{"@type":"WebPage","@id":"https:\/\/fifv.cl\/2023\/convocatoria-leonora-vicuna\/","url":"https:\/\/fifv.cl\/2023\/convocatoria-leonora-vicuna\/","name":"Workshop de Leonora Vicu\u00f1a - FIFV","isPartOf":{"@id":"https:\/\/fifv.cl\/2023\/#website"},"primaryImageOfPage":{"@id":"https:\/\/fifv.cl\/2023\/convocatoria-leonora-vicuna\/#primaryimage"},"image":{"@id":"https:\/\/fifv.cl\/2023\/convocatoria-leonora-vicuna\/#primaryimage"},"thumbnailUrl":"https:\/\/fifv.cl\/2023\/wp-content\/uploads\/2023\/09\/LEO-6.jpg","datePublished":"2023-09-12T04:12:17+00:00","dateModified":"2023-11-03T22:49:55+00:00","breadcrumb":{"@id":"https:\/\/fifv.cl\/2023\/convocatoria-leonora-vicuna\/#breadcrumb"},"inLanguage":"es","potentialAction":[{"@type":"ReadAction","target":["https:\/\/fifv.cl\/2023\/convocatoria-leonora-vicuna\/"]}]},{"@type":"ImageObject","inLanguage":"es","@id":"https:\/\/fifv.cl\/2023\/convocatoria-leonora-vicuna\/#primaryimage","url":"https:\/\/i0.wp.com\/fifv.cl\/2023\/wp-content\/uploads\/2023\/09\/LEO-6.jpg?fit=640%2C421&ssl=1","contentUrl":"https:\/\/i0.wp.com\/fifv.cl\/2023\/wp-content\/uploads\/2023\/09\/LEO-6.jpg?fit=640%2C421&ssl=1","width":640,"height":421},{"@type":"BreadcrumbList","@id":"https:\/\/fifv.cl\/2023\/convocatoria-leonora-vicuna\/#breadcrumb","itemListElement":[{"@type":"ListItem","position":1,"name":"Portada","item":"https:\/\/fifv.cl\/2023\/"},{"@type":"ListItem","position":2,"name":"Workshop de Leonora Vicu\u00f1a"}]},{"@type":"WebSite","@id":"https:\/\/fifv.cl\/2023\/#website","url":"https:\/\/fifv.cl\/2023\/","name":"Festival Internacional de Fotograf\u00eda en Valpara\u00edso","description":"2023","publisher":{"@id":"https:\/\/fifv.cl\/2023\/#organization"},"alternateName":"FIFV","potentialAction":[{"@type":"SearchAction","target":{"@type":"EntryPoint","urlTemplate":"https:\/\/fifv.cl\/2023\/?s={search_term_string}"},"query-input":{"@type":"PropertyValueSpecification","valueRequired":true,"valueName":"search_term_string"}}],"inLanguage":"es"},{"@type":"Organization","@id":"https:\/\/fifv.cl\/2023\/#organization","name":"Festival Internacional de Fotograf\u00eda en Valpara\u00edso","alternateName":"FIFV","url":"https:\/\/fifv.cl\/2023\/","logo":{"@type":"ImageObject","inLanguage":"es","@id":"https:\/\/fifv.cl\/2023\/#\/schema\/logo\/image\/","url":"https:\/\/fifv.cl\/2023\/wp-content\/uploads\/2023\/08\/fifv.png","contentUrl":"https:\/\/fifv.cl\/2023\/wp-content\/uploads\/2023\/08\/fifv.png","width":500,"height":241,"caption":"Festival Internacional de Fotograf\u00eda en Valpara\u00edso"},"image":{"@id":"https:\/\/fifv.cl\/2023\/#\/schema\/logo\/image\/"},"sameAs":["https:\/\/web.facebook.com\/casaespacio.fifv","https:\/\/www.instagram.com\/casaespacio_fifv\/","https:\/\/www.youtube.com\/@festivalinternacionaldefot4918"]}]}},"_links":{"self":[{"href":"https:\/\/fifv.cl\/2023\/wp-json\/wp\/v2\/pages\/464","targetHints":{"allow":["GET"]}}],"collection":[{"href":"https:\/\/fifv.cl\/2023\/wp-json\/wp\/v2\/pages"}],"about":[{"href":"https:\/\/fifv.cl\/2023\/wp-json\/wp\/v2\/types\/page"}],"author":[{"embeddable":true,"href":"https:\/\/fifv.cl\/2023\/wp-json\/wp\/v2\/users\/1"}],"replies":[{"embeddable":true,"href":"https:\/\/fifv.cl\/2023\/wp-json\/wp\/v2\/comments?post=464"}],"version-history":[{"count":26,"href":"https:\/\/fifv.cl\/2023\/wp-json\/wp\/v2\/pages\/464\/revisions"}],"predecessor-version":[{"id":1196,"href":"https:\/\/fifv.cl\/2023\/wp-json\/wp\/v2\/pages\/464\/revisions\/1196"}],"wp:attachment":[{"href":"https:\/\/fifv.cl\/2023\/wp-json\/wp\/v2\/media?parent=464"}],"curies":[{"name":"wp","href":"https:\/\/api.w.org\/{rel}","templated":true}]}}