{"id":869,"date":"2023-10-28T02:05:19","date_gmt":"2023-10-28T05:05:19","guid":{"rendered":"https:\/\/fifv.cl\/2023\/?page_id=869"},"modified":"2023-10-28T02:06:01","modified_gmt":"2023-10-28T05:06:01","slug":"cual-es-el-borde-de-tu-mirada","status":"publish","type":"page","link":"https:\/\/fifv.cl\/2023\/cual-es-el-borde-de-tu-mirada\/","title":{"rendered":"\u00bfCu\u00e1l es el borde de tu mirada?"},"content":{"rendered":"\t\t<div data-elementor-type=\"wp-page\" data-elementor-id=\"869\" class=\"elementor elementor-869\" data-elementor-post-type=\"page\">\n\t\t\t\t\t\t<section class=\"elementor-section elementor-top-section elementor-element elementor-element-27076cb elementor-section-boxed elementor-section-height-default elementor-section-height-default\" data-id=\"27076cb\" data-element_type=\"section\" data-settings=\"{&quot;background_background&quot;:&quot;classic&quot;}\">\n\t\t\t\t\t\t<div class=\"elementor-container elementor-column-gap-default\">\n\t\t\t\t\t<div class=\"elementor-column elementor-col-100 elementor-top-column elementor-element elementor-element-8644516 elementor-invisible\" data-id=\"8644516\" data-element_type=\"column\" data-settings=\"{&quot;background_background&quot;:&quot;classic&quot;,&quot;animation&quot;:&quot;fadeIn&quot;}\">\n\t\t\t<div class=\"elementor-widget-wrap elementor-element-populated\">\n\t\t\t\t\t\t<div class=\"elementor-element elementor-element-7e5939b elementor-invisible elementor-widget elementor-widget-text-editor\" data-id=\"7e5939b\" data-element_type=\"widget\" data-settings=\"{&quot;_animation&quot;:&quot;fadeInUp&quot;}\" data-widget_type=\"text-editor.default\">\n\t\t\t\t<div class=\"elementor-widget-container\">\n\t\t\t\t\t\t\t\t\t<p>Cada a\u00f1o el FIFV presenta una tem\u00e1tica que atraviesa todas las actividades y exposiciones del evento. Este 2023 planteamos la interrogante: \u00bfCu\u00e1l es el borde de tu mirada?<\/p>\t\t\t\t\t\t\t\t<\/div>\n\t\t\t\t<\/div>\n\t\t\t\t\t<\/div>\n\t\t<\/div>\n\t\t\t\t\t<\/div>\n\t\t<\/section>\n\t\t\t\t<section class=\"elementor-section elementor-top-section elementor-element elementor-element-a9b1609 elementor-section-boxed elementor-section-height-default elementor-section-height-default\" data-id=\"a9b1609\" data-element_type=\"section\" data-settings=\"{&quot;background_background&quot;:&quot;classic&quot;}\">\n\t\t\t\t\t\t<div class=\"elementor-container elementor-column-gap-default\">\n\t\t\t\t\t<div class=\"elementor-column elementor-col-100 elementor-top-column elementor-element elementor-element-7c16132\" data-id=\"7c16132\" data-element_type=\"column\">\n\t\t\t<div class=\"elementor-widget-wrap elementor-element-populated\">\n\t\t\t\t\t\t<div class=\"elementor-element elementor-element-28e2d9f elementor-invisible elementor-widget elementor-widget-heading\" data-id=\"28e2d9f\" data-element_type=\"widget\" data-settings=\"{&quot;_animation&quot;:&quot;fadeInUp&quot;}\" data-widget_type=\"heading.default\">\n\t\t\t\t<div class=\"elementor-widget-container\">\n\t\t\t\t\t<h2 class=\"elementor-heading-title elementor-size-default\">\u00bfCu\u00e1l es el borde de tu mirada?<\/h2>\t\t\t\t<\/div>\n\t\t\t\t<\/div>\n\t\t\t\t\t<\/div>\n\t\t<\/div>\n\t\t\t\t\t<\/div>\n\t\t<\/section>\n\t\t\t\t<section class=\"elementor-section elementor-top-section elementor-element elementor-element-474ded1 elementor-section-boxed elementor-section-height-default elementor-section-height-default\" data-id=\"474ded1\" data-element_type=\"section\" data-settings=\"{&quot;background_background&quot;:&quot;classic&quot;}\">\n\t\t\t\t\t\t<div class=\"elementor-container elementor-column-gap-default\">\n\t\t\t\t\t<div class=\"elementor-column elementor-col-100 elementor-top-column elementor-element elementor-element-cc67a7c\" data-id=\"cc67a7c\" data-element_type=\"column\">\n\t\t\t<div class=\"elementor-widget-wrap elementor-element-populated\">\n\t\t\t\t\t\t<div class=\"elementor-element elementor-element-7bf381e elementor-invisible elementor-widget elementor-widget-text-editor\" data-id=\"7bf381e\" data-element_type=\"widget\" data-settings=\"{&quot;_animation&quot;:&quot;fadeInUp&quot;}\" data-widget_type=\"text-editor.default\">\n\t\t\t\t<div class=\"elementor-widget-container\">\n\t\t\t\t\t\t\t\t\t<p>Cada a\u00f1o el FIFV presenta una tem\u00e1tica que atraviesa todas las actividades y exposiciones del evento. Este 2023 planteamos la interrogante: \u00bfCu\u00e1l es el borde de tu mirada?\u00a0<\/p><p>La periferia, en su l\u00f3gica de sobrevivencia, construye redes de colaboraci\u00f3n. Los perif\u00e9ricos tienen su propia ley: \u201ctodos necesitamos de todos\u201d. En los territorios de borde se ocupa la calle, la gente camina y se saluda por su nombre. Los perif\u00e9ricos son creativos: hacen trueques, transforman las cosas, intervienen el espacio, vitalizan la precariedad.<\/p><p>Visi\u00f3n perif\u00e9rica. Es la capacidad que tiene el ojo de reconocer mensajes visuales que se encuentran en los bordes, alrededor del objeto central. Este alcance de mirada nos informa sobre el mundo que nos rodea, aunque tiene menos resoluci\u00f3n (nitidez) que la visi\u00f3n central. Ayuda al cerebro a detectar lo que podr\u00eda escaparse y a anticipar movimientos necesarios. Perder la visi\u00f3n perif\u00e9rica es, de muchas maneras, perder la consciencia.<\/p><p>M\u00e1rgenes de una fotograf\u00eda: lo que est\u00e1 fuera de cuadro. Es ah\u00ed donde sucede algo, donde adquiere voltaje la imaginaci\u00f3n, donde la imagen se carga de experiencia. Las fotograf\u00edas interesantes, son las que renuncian a la nitidez, al mensaje \u00fanico, a la centralidad. Son esas im\u00e1genes que convocan un afuera, que sugieren y disparan hacia un m\u00e1s all\u00e1.<\/p>\t\t\t\t\t\t\t\t<\/div>\n\t\t\t\t<\/div>\n\t\t\t\t\t<\/div>\n\t\t<\/div>\n\t\t\t\t\t<\/div>\n\t\t<\/section>\n\t\t\t\t<\/div>\n\t\t","protected":false},"excerpt":{"rendered":"<p>Cada a\u00f1o el FIFV presenta una tem\u00e1tica que atraviesa todas las actividades y exposiciones del evento. Este 2023 planteamos la interrogante: \u00bfCu\u00e1l es el borde de tu mirada? \u00bfCu\u00e1l es el borde de tu mirada? Cada a\u00f1o el FIFV presenta una tem\u00e1tica que atraviesa todas las actividades y exposiciones del evento. Este 2023 planteamos la [&hellip;]<\/p>\n","protected":false},"author":1,"featured_media":0,"parent":0,"menu_order":0,"comment_status":"closed","ping_status":"closed","template":"","meta":{"footnotes":""},"class_list":["post-869","page","type-page","status-publish","hentry"],"yoast_head":"<!-- This site is optimized with the Yoast SEO plugin v25.3 - https:\/\/yoast.com\/wordpress\/plugins\/seo\/ -->\n<title>\u00bfCu\u00e1l es el borde de tu mirada? - FIFV<\/title>\n<meta name=\"robots\" content=\"index, follow, max-snippet:-1, max-image-preview:large, max-video-preview:-1\" \/>\n<link rel=\"canonical\" href=\"https:\/\/fifv.cl\/2023\/cual-es-el-borde-de-tu-mirada\/\" \/>\n<meta property=\"og:locale\" content=\"es_ES\" \/>\n<meta property=\"og:type\" content=\"article\" \/>\n<meta property=\"og:title\" content=\"\u00bfCu\u00e1l es el borde de tu mirada? - FIFV\" \/>\n<meta property=\"og:description\" content=\"Cada a\u00f1o el FIFV presenta una tem\u00e1tica que atraviesa todas las actividades y exposiciones del evento. Este 2023 planteamos la interrogante: \u00bfCu\u00e1l es el borde de tu mirada? \u00bfCu\u00e1l es el borde de tu mirada? Cada a\u00f1o el FIFV presenta una tem\u00e1tica que atraviesa todas las actividades y exposiciones del evento. Este 2023 planteamos la [&hellip;]\" \/>\n<meta property=\"og:url\" content=\"https:\/\/fifv.cl\/2023\/cual-es-el-borde-de-tu-mirada\/\" \/>\n<meta property=\"og:site_name\" content=\"FIFV\" \/>\n<meta property=\"article:publisher\" content=\"https:\/\/web.facebook.com\/casaespacio.fifv\" \/>\n<meta property=\"article:modified_time\" content=\"2023-10-28T05:06:01+00:00\" \/>\n<meta property=\"og:image\" content=\"https:\/\/i0.wp.com\/fifv.cl\/2023\/wp-content\/uploads\/2023\/08\/fifv.png?fit=500%2C241&ssl=1\" \/>\n\t<meta property=\"og:image:width\" content=\"500\" \/>\n\t<meta property=\"og:image:height\" content=\"241\" \/>\n\t<meta property=\"og:image:type\" content=\"image\/png\" \/>\n<meta name=\"twitter:card\" content=\"summary_large_image\" \/>\n<script type=\"application\/ld+json\" class=\"yoast-schema-graph\">{\"@context\":\"https:\/\/schema.org\",\"@graph\":[{\"@type\":\"WebPage\",\"@id\":\"https:\/\/fifv.cl\/2023\/cual-es-el-borde-de-tu-mirada\/\",\"url\":\"https:\/\/fifv.cl\/2023\/cual-es-el-borde-de-tu-mirada\/\",\"name\":\"\u00bfCu\u00e1l es el borde de tu mirada? - FIFV\",\"isPartOf\":{\"@id\":\"https:\/\/fifv.cl\/2023\/#website\"},\"datePublished\":\"2023-10-28T05:05:19+00:00\",\"dateModified\":\"2023-10-28T05:06:01+00:00\",\"breadcrumb\":{\"@id\":\"https:\/\/fifv.cl\/2023\/cual-es-el-borde-de-tu-mirada\/#breadcrumb\"},\"inLanguage\":\"es\",\"potentialAction\":[{\"@type\":\"ReadAction\",\"target\":[\"https:\/\/fifv.cl\/2023\/cual-es-el-borde-de-tu-mirada\/\"]}]},{\"@type\":\"BreadcrumbList\",\"@id\":\"https:\/\/fifv.cl\/2023\/cual-es-el-borde-de-tu-mirada\/#breadcrumb\",\"itemListElement\":[{\"@type\":\"ListItem\",\"position\":1,\"name\":\"Portada\",\"item\":\"https:\/\/fifv.cl\/2023\/\"},{\"@type\":\"ListItem\",\"position\":2,\"name\":\"\u00bfCu\u00e1l es el borde de tu mirada?\"}]},{\"@type\":\"WebSite\",\"@id\":\"https:\/\/fifv.cl\/2023\/#website\",\"url\":\"https:\/\/fifv.cl\/2023\/\",\"name\":\"Festival Internacional de Fotograf\u00eda en Valpara\u00edso\",\"description\":\"2023\",\"publisher\":{\"@id\":\"https:\/\/fifv.cl\/2023\/#organization\"},\"alternateName\":\"FIFV\",\"potentialAction\":[{\"@type\":\"SearchAction\",\"target\":{\"@type\":\"EntryPoint\",\"urlTemplate\":\"https:\/\/fifv.cl\/2023\/?s={search_term_string}\"},\"query-input\":{\"@type\":\"PropertyValueSpecification\",\"valueRequired\":true,\"valueName\":\"search_term_string\"}}],\"inLanguage\":\"es\"},{\"@type\":\"Organization\",\"@id\":\"https:\/\/fifv.cl\/2023\/#organization\",\"name\":\"Festival Internacional de Fotograf\u00eda en Valpara\u00edso\",\"alternateName\":\"FIFV\",\"url\":\"https:\/\/fifv.cl\/2023\/\",\"logo\":{\"@type\":\"ImageObject\",\"inLanguage\":\"es\",\"@id\":\"https:\/\/fifv.cl\/2023\/#\/schema\/logo\/image\/\",\"url\":\"https:\/\/fifv.cl\/2023\/wp-content\/uploads\/2023\/08\/fifv.png\",\"contentUrl\":\"https:\/\/fifv.cl\/2023\/wp-content\/uploads\/2023\/08\/fifv.png\",\"width\":500,\"height\":241,\"caption\":\"Festival Internacional de Fotograf\u00eda en Valpara\u00edso\"},\"image\":{\"@id\":\"https:\/\/fifv.cl\/2023\/#\/schema\/logo\/image\/\"},\"sameAs\":[\"https:\/\/web.facebook.com\/casaespacio.fifv\",\"https:\/\/www.instagram.com\/casaespacio_fifv\/\",\"https:\/\/www.youtube.com\/@festivalinternacionaldefot4918\"]}]}<\/script>\n<!-- \/ Yoast SEO plugin. -->","yoast_head_json":{"title":"\u00bfCu\u00e1l es el borde de tu mirada? - FIFV","robots":{"index":"index","follow":"follow","max-snippet":"max-snippet:-1","max-image-preview":"max-image-preview:large","max-video-preview":"max-video-preview:-1"},"canonical":"https:\/\/fifv.cl\/2023\/cual-es-el-borde-de-tu-mirada\/","og_locale":"es_ES","og_type":"article","og_title":"\u00bfCu\u00e1l es el borde de tu mirada? - FIFV","og_description":"Cada a\u00f1o el FIFV presenta una tem\u00e1tica que atraviesa todas las actividades y exposiciones del evento. Este 2023 planteamos la interrogante: \u00bfCu\u00e1l es el borde de tu mirada? \u00bfCu\u00e1l es el borde de tu mirada? Cada a\u00f1o el FIFV presenta una tem\u00e1tica que atraviesa todas las actividades y exposiciones del evento. Este 2023 planteamos la [&hellip;]","og_url":"https:\/\/fifv.cl\/2023\/cual-es-el-borde-de-tu-mirada\/","og_site_name":"FIFV","article_publisher":"https:\/\/web.facebook.com\/casaespacio.fifv","article_modified_time":"2023-10-28T05:06:01+00:00","og_image":[{"width":500,"height":241,"url":"https:\/\/i0.wp.com\/fifv.cl\/2023\/wp-content\/uploads\/2023\/08\/fifv.png?fit=500%2C241&ssl=1","type":"image\/png"}],"twitter_card":"summary_large_image","schema":{"@context":"https:\/\/schema.org","@graph":[{"@type":"WebPage","@id":"https:\/\/fifv.cl\/2023\/cual-es-el-borde-de-tu-mirada\/","url":"https:\/\/fifv.cl\/2023\/cual-es-el-borde-de-tu-mirada\/","name":"\u00bfCu\u00e1l es el borde de tu mirada? - FIFV","isPartOf":{"@id":"https:\/\/fifv.cl\/2023\/#website"},"datePublished":"2023-10-28T05:05:19+00:00","dateModified":"2023-10-28T05:06:01+00:00","breadcrumb":{"@id":"https:\/\/fifv.cl\/2023\/cual-es-el-borde-de-tu-mirada\/#breadcrumb"},"inLanguage":"es","potentialAction":[{"@type":"ReadAction","target":["https:\/\/fifv.cl\/2023\/cual-es-el-borde-de-tu-mirada\/"]}]},{"@type":"BreadcrumbList","@id":"https:\/\/fifv.cl\/2023\/cual-es-el-borde-de-tu-mirada\/#breadcrumb","itemListElement":[{"@type":"ListItem","position":1,"name":"Portada","item":"https:\/\/fifv.cl\/2023\/"},{"@type":"ListItem","position":2,"name":"\u00bfCu\u00e1l es el borde de tu mirada?"}]},{"@type":"WebSite","@id":"https:\/\/fifv.cl\/2023\/#website","url":"https:\/\/fifv.cl\/2023\/","name":"Festival Internacional de Fotograf\u00eda en Valpara\u00edso","description":"2023","publisher":{"@id":"https:\/\/fifv.cl\/2023\/#organization"},"alternateName":"FIFV","potentialAction":[{"@type":"SearchAction","target":{"@type":"EntryPoint","urlTemplate":"https:\/\/fifv.cl\/2023\/?s={search_term_string}"},"query-input":{"@type":"PropertyValueSpecification","valueRequired":true,"valueName":"search_term_string"}}],"inLanguage":"es"},{"@type":"Organization","@id":"https:\/\/fifv.cl\/2023\/#organization","name":"Festival Internacional de Fotograf\u00eda en Valpara\u00edso","alternateName":"FIFV","url":"https:\/\/fifv.cl\/2023\/","logo":{"@type":"ImageObject","inLanguage":"es","@id":"https:\/\/fifv.cl\/2023\/#\/schema\/logo\/image\/","url":"https:\/\/fifv.cl\/2023\/wp-content\/uploads\/2023\/08\/fifv.png","contentUrl":"https:\/\/fifv.cl\/2023\/wp-content\/uploads\/2023\/08\/fifv.png","width":500,"height":241,"caption":"Festival Internacional de Fotograf\u00eda en Valpara\u00edso"},"image":{"@id":"https:\/\/fifv.cl\/2023\/#\/schema\/logo\/image\/"},"sameAs":["https:\/\/web.facebook.com\/casaespacio.fifv","https:\/\/www.instagram.com\/casaespacio_fifv\/","https:\/\/www.youtube.com\/@festivalinternacionaldefot4918"]}]}},"_links":{"self":[{"href":"https:\/\/fifv.cl\/2023\/wp-json\/wp\/v2\/pages\/869","targetHints":{"allow":["GET"]}}],"collection":[{"href":"https:\/\/fifv.cl\/2023\/wp-json\/wp\/v2\/pages"}],"about":[{"href":"https:\/\/fifv.cl\/2023\/wp-json\/wp\/v2\/types\/page"}],"author":[{"embeddable":true,"href":"https:\/\/fifv.cl\/2023\/wp-json\/wp\/v2\/users\/1"}],"replies":[{"embeddable":true,"href":"https:\/\/fifv.cl\/2023\/wp-json\/wp\/v2\/comments?post=869"}],"version-history":[{"count":4,"href":"https:\/\/fifv.cl\/2023\/wp-json\/wp\/v2\/pages\/869\/revisions"}],"predecessor-version":[{"id":873,"href":"https:\/\/fifv.cl\/2023\/wp-json\/wp\/v2\/pages\/869\/revisions\/873"}],"wp:attachment":[{"href":"https:\/\/fifv.cl\/2023\/wp-json\/wp\/v2\/media?parent=869"}],"curies":[{"name":"wp","href":"https:\/\/api.w.org\/{rel}","templated":true}]}}