{"id":9,"date":"2023-08-04T01:00:32","date_gmt":"2023-08-04T05:00:32","guid":{"rendered":"https:\/\/fifv.cl\/2023\/?page_id=9"},"modified":"2023-11-03T19:49:40","modified_gmt":"2023-11-03T22:49:40","slug":"convocatoria-brigadas","status":"publish","type":"page","link":"https:\/\/fifv.cl\/2023\/convocatoria-brigadas\/","title":{"rendered":"Brigadas Fotogr\u00e1ficas"},"content":{"rendered":"\t\t<div data-elementor-type=\"wp-page\" data-elementor-id=\"9\" class=\"elementor elementor-9\" data-elementor-post-type=\"page\">\n\t\t\t\t\t\t<section class=\"elementor-section elementor-top-section elementor-element elementor-element-bb86406 elementor-section-height-min-height elementor-section-boxed elementor-section-height-default elementor-section-items-middle\" data-id=\"bb86406\" data-element_type=\"section\" data-settings=\"{&quot;background_background&quot;:&quot;classic&quot;}\">\n\t\t\t\t\t\t<div class=\"elementor-container elementor-column-gap-default\">\n\t\t\t\t\t<div class=\"elementor-column elementor-col-100 elementor-top-column elementor-element elementor-element-19c7e2c\" data-id=\"19c7e2c\" data-element_type=\"column\" data-settings=\"{&quot;background_background&quot;:&quot;classic&quot;,&quot;animation&quot;:&quot;none&quot;}\">\n\t\t\t<div class=\"elementor-widget-wrap elementor-element-populated\">\n\t\t\t\t\t\t<div class=\"elementor-element elementor-element-e087a33 animated-fast elementor-invisible elementor-widget elementor-widget-heading\" data-id=\"e087a33\" data-element_type=\"widget\" data-settings=\"{&quot;_animation&quot;:&quot;fadeIn&quot;,&quot;_animation_delay&quot;:0.5}\" data-widget_type=\"heading.default\">\n\t\t\t\t<div class=\"elementor-widget-container\">\n\t\t\t\t\t<h2 class=\"elementor-heading-title elementor-size-default\">BRIGADAS<br>\nFOTOGR\u00c1FICAS<\/h2>\t\t\t\t<\/div>\n\t\t\t\t<\/div>\n\t\t\t\t\t<\/div>\n\t\t<\/div>\n\t\t\t\t\t<\/div>\n\t\t<\/section>\n\t\t\t\t<section class=\"elementor-section elementor-top-section elementor-element elementor-element-c0d6f11 elementor-section-boxed elementor-section-height-default elementor-section-height-default\" data-id=\"c0d6f11\" data-element_type=\"section\" data-settings=\"{&quot;background_background&quot;:&quot;classic&quot;}\">\n\t\t\t\t\t\t<div class=\"elementor-container elementor-column-gap-default\">\n\t\t\t\t\t<div class=\"elementor-column elementor-col-100 elementor-top-column elementor-element elementor-element-b4ddd37 elementor-invisible\" data-id=\"b4ddd37\" data-element_type=\"column\" data-settings=\"{&quot;background_background&quot;:&quot;classic&quot;,&quot;animation&quot;:&quot;fadeIn&quot;}\">\n\t\t\t<div class=\"elementor-widget-wrap elementor-element-populated\">\n\t\t\t\t\t\t<div class=\"elementor-element elementor-element-d78d143 animated-fast elementor-invisible elementor-widget elementor-widget-text-editor\" data-id=\"d78d143\" data-element_type=\"widget\" data-settings=\"{&quot;_animation&quot;:&quot;fadeInUp&quot;}\" data-widget_type=\"text-editor.default\">\n\t\t\t\t<div class=\"elementor-widget-container\">\n\t\t\t\t\t\t\t\t\t<p>Es un colectivo formado por un m\u00ednimo de tres y un m\u00e1ximo de cinco personas que desarrolla un trabajo fotogr\u00e1fico en conjunto con otros colectivos durante el Festival Internacional de Fotograf\u00eda de Valpara\u00edso.<\/p>\t\t\t\t\t\t\t\t<\/div>\n\t\t\t\t<\/div>\n\t\t\t\t\t<\/div>\n\t\t<\/div>\n\t\t\t\t\t<\/div>\n\t\t<\/section>\n\t\t\t\t<section class=\"elementor-section elementor-top-section elementor-element elementor-element-07befcb elementor-section-boxed elementor-section-height-default elementor-section-height-default\" data-id=\"07befcb\" data-element_type=\"section\" data-settings=\"{&quot;background_background&quot;:&quot;classic&quot;}\">\n\t\t\t\t\t\t<div class=\"elementor-container elementor-column-gap-default\">\n\t\t\t\t\t<div class=\"elementor-column elementor-col-100 elementor-top-column elementor-element elementor-element-c773d89\" data-id=\"c773d89\" data-element_type=\"column\">\n\t\t\t<div class=\"elementor-widget-wrap elementor-element-populated\">\n\t\t\t\t\t\t<section class=\"elementor-section elementor-inner-section elementor-element elementor-element-6376eb3 elementor-section-boxed elementor-section-height-default elementor-section-height-default\" data-id=\"6376eb3\" data-element_type=\"section\">\n\t\t\t\t\t\t<div class=\"elementor-container elementor-column-gap-default\">\n\t\t\t\t\t<div class=\"elementor-column elementor-col-33 elementor-inner-column elementor-element elementor-element-dd83fd6\" data-id=\"dd83fd6\" data-element_type=\"column\">\n\t\t\t<div class=\"elementor-widget-wrap elementor-element-populated\">\n\t\t\t\t\t\t<div class=\"elementor-element elementor-element-f50ab65 elementor-invisible elementor-widget elementor-widget-image\" data-id=\"f50ab65\" data-element_type=\"widget\" data-settings=\"{&quot;_animation&quot;:&quot;fadeInUp&quot;}\" data-widget_type=\"image.default\">\n\t\t\t\t<div class=\"elementor-widget-container\">\n\t\t\t\t\t\t\t\t\t\t\t\t\t\t\t<img fetchpriority=\"high\" decoding=\"async\" width=\"800\" height=\"534\" src=\"https:\/\/i0.wp.com\/fifv.cl\/2023\/wp-content\/uploads\/2023\/08\/AZ57183.jpg?fit=800%2C534&amp;ssl=1\" class=\"attachment-large size-large wp-image-49\" alt=\"\" srcset=\"https:\/\/i0.wp.com\/fifv.cl\/2023\/wp-content\/uploads\/2023\/08\/AZ57183.jpg?w=1920&amp;ssl=1 1920w, https:\/\/i0.wp.com\/fifv.cl\/2023\/wp-content\/uploads\/2023\/08\/AZ57183.jpg?resize=300%2C200&amp;ssl=1 300w, https:\/\/i0.wp.com\/fifv.cl\/2023\/wp-content\/uploads\/2023\/08\/AZ57183.jpg?resize=1024%2C684&amp;ssl=1 1024w, https:\/\/i0.wp.com\/fifv.cl\/2023\/wp-content\/uploads\/2023\/08\/AZ57183.jpg?resize=768%2C513&amp;ssl=1 768w, https:\/\/i0.wp.com\/fifv.cl\/2023\/wp-content\/uploads\/2023\/08\/AZ57183.jpg?resize=1536%2C1026&amp;ssl=1 1536w, https:\/\/i0.wp.com\/fifv.cl\/2023\/wp-content\/uploads\/2023\/08\/AZ57183.jpg?w=1600&amp;ssl=1 1600w\" sizes=\"(max-width: 800px) 100vw, 800px\" \/>\t\t\t\t\t\t\t\t\t\t\t\t\t\t\t<\/div>\n\t\t\t\t<\/div>\n\t\t\t\t\t<\/div>\n\t\t<\/div>\n\t\t\t\t<div class=\"elementor-column elementor-col-66 elementor-inner-column elementor-element elementor-element-d854aee\" data-id=\"d854aee\" data-element_type=\"column\">\n\t\t\t<div class=\"elementor-widget-wrap elementor-element-populated\">\n\t\t\t\t\t\t<div class=\"elementor-element elementor-element-d59362f elementor-widget elementor-widget-spacer\" data-id=\"d59362f\" data-element_type=\"widget\" data-widget_type=\"spacer.default\">\n\t\t\t\t<div class=\"elementor-widget-container\">\n\t\t\t\t\t\t\t<div class=\"elementor-spacer\">\n\t\t\t<div class=\"elementor-spacer-inner\"><\/div>\n\t\t<\/div>\n\t\t\t\t\t\t<\/div>\n\t\t\t\t<\/div>\n\t\t\t\t<div class=\"elementor-element elementor-element-f64c990 elementor-invisible elementor-widget elementor-widget-heading\" data-id=\"f64c990\" data-element_type=\"widget\" data-settings=\"{&quot;_animation&quot;:&quot;fadeInUp&quot;}\" data-widget_type=\"heading.default\">\n\t\t\t\t<div class=\"elementor-widget-container\">\n\t\t\t\t\t<h2 class=\"elementor-heading-title elementor-size-default\">\u00bfQu\u00e9 es una brigada?<\/h2>\t\t\t\t<\/div>\n\t\t\t\t<\/div>\n\t\t\t\t<div class=\"elementor-element elementor-element-e23cfb3 elementor-widget__width-initial elementor-invisible elementor-widget elementor-widget-text-editor\" data-id=\"e23cfb3\" data-element_type=\"widget\" data-settings=\"{&quot;_animation&quot;:&quot;fadeInUp&quot;}\" data-widget_type=\"text-editor.default\">\n\t\t\t\t<div class=\"elementor-widget-container\">\n\t\t\t\t\t\t\t\t\t<p>Es un colectivo formado por un m\u00ednimo de tres y un m\u00e1ximo de cinco personas que desarrolla un trabajo fotogr\u00e1fico en conjunto con otros colectivos durante el Festival Internacional de Fotograf\u00eda de Valpara\u00edso.<\/p><p>Las Brigadas Fotogr\u00e1ficas elaboran un entramado en reuniones grupales y son el n\u00facleo de la producci\u00f3n fotogr\u00e1fica y audiovisual durante los d\u00edas del FIFV que este a\u00f1o se realizar\u00e1 entre el 27 de octubre y el 4 de noviembre. Una edici\u00f3n de los trabajos colectivos se presenta en la exposici\u00f3n de cierre del encuentro en el Parque Cultural de Valpara\u00edso.<\/p><p>El trabajo de los colectivos se lleva a cabo en modo presencial en la ciudad de Valpara\u00edso durante todos los d\u00edas de la decimocuarta versi\u00f3n del FIFV.<\/p>\t\t\t\t\t\t\t\t<\/div>\n\t\t\t\t<\/div>\n\t\t\t\t\t<\/div>\n\t\t<\/div>\n\t\t\t\t\t<\/div>\n\t\t<\/section>\n\t\t\t\t<section class=\"elementor-section elementor-inner-section elementor-element elementor-element-1001cb5 elementor-section-boxed elementor-section-height-default elementor-section-height-default\" data-id=\"1001cb5\" data-element_type=\"section\">\n\t\t\t\t\t\t<div class=\"elementor-container elementor-column-gap-default\">\n\t\t\t\t\t<div class=\"elementor-column elementor-col-100 elementor-inner-column elementor-element elementor-element-da1b78b\" data-id=\"da1b78b\" data-element_type=\"column\">\n\t\t\t<div class=\"elementor-widget-wrap elementor-element-populated\">\n\t\t\t\t\t\t<div class=\"elementor-element elementor-element-87718c2 elementor-invisible elementor-widget elementor-widget-heading\" data-id=\"87718c2\" data-element_type=\"widget\" data-settings=\"{&quot;_animation&quot;:&quot;fadeInUp&quot;}\" data-widget_type=\"heading.default\">\n\t\t\t\t<div class=\"elementor-widget-container\">\n\t\t\t\t\t<h2 class=\"elementor-heading-title elementor-size-default\">27 octubre al 4 noviembre<\/h2>\t\t\t\t<\/div>\n\t\t\t\t<\/div>\n\t\t\t\t\t<\/div>\n\t\t<\/div>\n\t\t\t\t\t<\/div>\n\t\t<\/section>\n\t\t\t\t<div class=\"elementor-element elementor-element-1a150ee elementor-widget elementor-widget-spacer\" data-id=\"1a150ee\" data-element_type=\"widget\" data-widget_type=\"spacer.default\">\n\t\t\t\t<div class=\"elementor-widget-container\">\n\t\t\t\t\t\t\t<div class=\"elementor-spacer\">\n\t\t\t<div class=\"elementor-spacer-inner\"><\/div>\n\t\t<\/div>\n\t\t\t\t\t\t<\/div>\n\t\t\t\t<\/div>\n\t\t\t\t\t<\/div>\n\t\t<\/div>\n\t\t\t\t\t<\/div>\n\t\t<\/section>\n\t\t\t\t<section class=\"elementor-section elementor-top-section elementor-element elementor-element-ee40eb9 elementor-section-boxed elementor-section-height-default elementor-section-height-default\" data-id=\"ee40eb9\" data-element_type=\"section\">\n\t\t\t\t\t\t<div class=\"elementor-container elementor-column-gap-default\">\n\t\t\t\t\t<div class=\"elementor-column elementor-col-100 elementor-top-column elementor-element elementor-element-925f4fc\" data-id=\"925f4fc\" data-element_type=\"column\">\n\t\t\t<div class=\"elementor-widget-wrap elementor-element-populated\">\n\t\t\t\t\t\t<div class=\"elementor-element elementor-element-c463ff7 elementor-invisible elementor-widget elementor-widget-heading\" data-id=\"c463ff7\" data-element_type=\"widget\" data-settings=\"{&quot;_animation&quot;:&quot;fadeInUp&quot;}\" data-widget_type=\"heading.default\">\n\t\t\t\t<div class=\"elementor-widget-container\">\n\t\t\t\t\t<h2 class=\"elementor-heading-title elementor-size-default\"><span>Seleccionad@s<\/span><\/h2>\t\t\t\t<\/div>\n\t\t\t\t<\/div>\n\t\t\t\t<div class=\"elementor-element elementor-element-234816e elementor-invisible elementor-widget elementor-widget-text-editor\" data-id=\"234816e\" data-element_type=\"widget\" data-settings=\"{&quot;_animation&quot;:&quot;fadeInUp&quot;}\" data-widget_type=\"text-editor.default\">\n\t\t\t\t<div class=\"elementor-widget-container\">\n\t\t\t\t\t\t\t\t\t<p>Borde y periferia, entre la ficci\u00f3n y la realidad (MX)<\/p><p>Buen d\u00eda (CL\/VE)<\/p><p>Charquic\u00e1n (CL)<\/p><p>Colectiva Erratika (CL)<\/p><p>ECO\/NEUR\u00c1LGICO (CL)<\/p><p>Falla 44 (CL)<\/p><p>Hora cero (BO\/PY\/MX)<\/p><p>KAM (CL)<\/p><p>Minib\u00fas colectivo (UY\/PE)<\/p><p>Onkan (MX)<\/p><p>\u00a0<\/p><p>Miguel \u00c1ngel Larrea &#8211; <strong>Director<\/strong><\/p><p>Guadalupe Arriegue &#8211; <strong>Editora<\/strong><\/p><p>Javier P\u00e9rez &#8211; <strong>Asistente<\/strong><\/p>\t\t\t\t\t\t\t\t<\/div>\n\t\t\t\t<\/div>\n\t\t\t\t\t<\/div>\n\t\t<\/div>\n\t\t\t\t\t<\/div>\n\t\t<\/section>\n\t\t\t\t<\/div>\n\t\t","protected":false},"excerpt":{"rendered":"<p>BRIGADAS FOTOGR\u00c1FICAS Es un colectivo formado por un m\u00ednimo de tres y un m\u00e1ximo de cinco personas que desarrolla un trabajo fotogr\u00e1fico en conjunto con otros colectivos durante el Festival Internacional de Fotograf\u00eda de Valpara\u00edso. \u00bfQu\u00e9 es una brigada? Es un colectivo formado por un m\u00ednimo de tres y un m\u00e1ximo de cinco personas que [&hellip;]<\/p>\n","protected":false},"author":1,"featured_media":0,"parent":0,"menu_order":0,"comment_status":"closed","ping_status":"closed","template":"elementor_header_footer","meta":{"footnotes":""},"class_list":["post-9","page","type-page","status-publish","hentry"],"yoast_head":"<!-- This site is optimized with the Yoast SEO plugin v25.3 - https:\/\/yoast.com\/wordpress\/plugins\/seo\/ -->\n<title>Brigadas Fotogr\u00e1ficas - FIFV<\/title>\n<meta name=\"robots\" content=\"index, follow, max-snippet:-1, max-image-preview:large, max-video-preview:-1\" \/>\n<link rel=\"canonical\" href=\"https:\/\/fifv.cl\/2023\/convocatoria-brigadas\/\" \/>\n<meta property=\"og:locale\" content=\"es_ES\" \/>\n<meta property=\"og:type\" content=\"article\" \/>\n<meta property=\"og:title\" content=\"Brigadas Fotogr\u00e1ficas - FIFV\" \/>\n<meta property=\"og:description\" content=\"BRIGADAS FOTOGR\u00c1FICAS Es un colectivo formado por un m\u00ednimo de tres y un m\u00e1ximo de cinco personas que desarrolla un trabajo fotogr\u00e1fico en conjunto con otros colectivos durante el Festival Internacional de Fotograf\u00eda de Valpara\u00edso. \u00bfQu\u00e9 es una brigada? Es un colectivo formado por un m\u00ednimo de tres y un m\u00e1ximo de cinco personas que [&hellip;]\" \/>\n<meta property=\"og:url\" content=\"https:\/\/fifv.cl\/2023\/convocatoria-brigadas\/\" \/>\n<meta property=\"og:site_name\" content=\"FIFV\" \/>\n<meta property=\"article:publisher\" content=\"https:\/\/web.facebook.com\/casaespacio.fifv\" \/>\n<meta property=\"article:modified_time\" content=\"2023-11-03T22:49:40+00:00\" \/>\n<meta property=\"og:image\" content=\"https:\/\/fifv.cl\/2023\/wp-content\/uploads\/2023\/08\/AZ57183-1024x684.jpg\" \/>\n<meta name=\"twitter:card\" content=\"summary_large_image\" \/>\n<script type=\"application\/ld+json\" class=\"yoast-schema-graph\">{\"@context\":\"https:\/\/schema.org\",\"@graph\":[{\"@type\":\"WebPage\",\"@id\":\"https:\/\/fifv.cl\/2023\/convocatoria-brigadas\/\",\"url\":\"https:\/\/fifv.cl\/2023\/convocatoria-brigadas\/\",\"name\":\"Brigadas Fotogr\u00e1ficas - FIFV\",\"isPartOf\":{\"@id\":\"https:\/\/fifv.cl\/2023\/#website\"},\"primaryImageOfPage\":{\"@id\":\"https:\/\/fifv.cl\/2023\/convocatoria-brigadas\/#primaryimage\"},\"image\":{\"@id\":\"https:\/\/fifv.cl\/2023\/convocatoria-brigadas\/#primaryimage\"},\"thumbnailUrl\":\"https:\/\/fifv.cl\/2023\/wp-content\/uploads\/2023\/08\/AZ57183-1024x684.jpg\",\"datePublished\":\"2023-08-04T05:00:32+00:00\",\"dateModified\":\"2023-11-03T22:49:40+00:00\",\"breadcrumb\":{\"@id\":\"https:\/\/fifv.cl\/2023\/convocatoria-brigadas\/#breadcrumb\"},\"inLanguage\":\"es\",\"potentialAction\":[{\"@type\":\"ReadAction\",\"target\":[\"https:\/\/fifv.cl\/2023\/convocatoria-brigadas\/\"]}]},{\"@type\":\"ImageObject\",\"inLanguage\":\"es\",\"@id\":\"https:\/\/fifv.cl\/2023\/convocatoria-brigadas\/#primaryimage\",\"url\":\"https:\/\/i0.wp.com\/fifv.cl\/2023\/wp-content\/uploads\/2023\/08\/AZ57183.jpg?fit=1920%2C1282&ssl=1\",\"contentUrl\":\"https:\/\/i0.wp.com\/fifv.cl\/2023\/wp-content\/uploads\/2023\/08\/AZ57183.jpg?fit=1920%2C1282&ssl=1\",\"width\":1920,\"height\":1282},{\"@type\":\"BreadcrumbList\",\"@id\":\"https:\/\/fifv.cl\/2023\/convocatoria-brigadas\/#breadcrumb\",\"itemListElement\":[{\"@type\":\"ListItem\",\"position\":1,\"name\":\"Portada\",\"item\":\"https:\/\/fifv.cl\/2023\/\"},{\"@type\":\"ListItem\",\"position\":2,\"name\":\"Brigadas Fotogr\u00e1ficas\"}]},{\"@type\":\"WebSite\",\"@id\":\"https:\/\/fifv.cl\/2023\/#website\",\"url\":\"https:\/\/fifv.cl\/2023\/\",\"name\":\"Festival Internacional de Fotograf\u00eda en Valpara\u00edso\",\"description\":\"2023\",\"publisher\":{\"@id\":\"https:\/\/fifv.cl\/2023\/#organization\"},\"alternateName\":\"FIFV\",\"potentialAction\":[{\"@type\":\"SearchAction\",\"target\":{\"@type\":\"EntryPoint\",\"urlTemplate\":\"https:\/\/fifv.cl\/2023\/?s={search_term_string}\"},\"query-input\":{\"@type\":\"PropertyValueSpecification\",\"valueRequired\":true,\"valueName\":\"search_term_string\"}}],\"inLanguage\":\"es\"},{\"@type\":\"Organization\",\"@id\":\"https:\/\/fifv.cl\/2023\/#organization\",\"name\":\"Festival Internacional de Fotograf\u00eda en Valpara\u00edso\",\"alternateName\":\"FIFV\",\"url\":\"https:\/\/fifv.cl\/2023\/\",\"logo\":{\"@type\":\"ImageObject\",\"inLanguage\":\"es\",\"@id\":\"https:\/\/fifv.cl\/2023\/#\/schema\/logo\/image\/\",\"url\":\"https:\/\/fifv.cl\/2023\/wp-content\/uploads\/2023\/08\/fifv.png\",\"contentUrl\":\"https:\/\/fifv.cl\/2023\/wp-content\/uploads\/2023\/08\/fifv.png\",\"width\":500,\"height\":241,\"caption\":\"Festival Internacional de Fotograf\u00eda en Valpara\u00edso\"},\"image\":{\"@id\":\"https:\/\/fifv.cl\/2023\/#\/schema\/logo\/image\/\"},\"sameAs\":[\"https:\/\/web.facebook.com\/casaespacio.fifv\",\"https:\/\/www.instagram.com\/casaespacio_fifv\/\",\"https:\/\/www.youtube.com\/@festivalinternacionaldefot4918\"]}]}<\/script>\n<!-- \/ Yoast SEO plugin. -->","yoast_head_json":{"title":"Brigadas Fotogr\u00e1ficas - FIFV","robots":{"index":"index","follow":"follow","max-snippet":"max-snippet:-1","max-image-preview":"max-image-preview:large","max-video-preview":"max-video-preview:-1"},"canonical":"https:\/\/fifv.cl\/2023\/convocatoria-brigadas\/","og_locale":"es_ES","og_type":"article","og_title":"Brigadas Fotogr\u00e1ficas - FIFV","og_description":"BRIGADAS FOTOGR\u00c1FICAS Es un colectivo formado por un m\u00ednimo de tres y un m\u00e1ximo de cinco personas que desarrolla un trabajo fotogr\u00e1fico en conjunto con otros colectivos durante el Festival Internacional de Fotograf\u00eda de Valpara\u00edso. \u00bfQu\u00e9 es una brigada? Es un colectivo formado por un m\u00ednimo de tres y un m\u00e1ximo de cinco personas que [&hellip;]","og_url":"https:\/\/fifv.cl\/2023\/convocatoria-brigadas\/","og_site_name":"FIFV","article_publisher":"https:\/\/web.facebook.com\/casaespacio.fifv","article_modified_time":"2023-11-03T22:49:40+00:00","og_image":[{"url":"https:\/\/fifv.cl\/2023\/wp-content\/uploads\/2023\/08\/AZ57183-1024x684.jpg","type":"","width":"","height":""}],"twitter_card":"summary_large_image","schema":{"@context":"https:\/\/schema.org","@graph":[{"@type":"WebPage","@id":"https:\/\/fifv.cl\/2023\/convocatoria-brigadas\/","url":"https:\/\/fifv.cl\/2023\/convocatoria-brigadas\/","name":"Brigadas Fotogr\u00e1ficas - FIFV","isPartOf":{"@id":"https:\/\/fifv.cl\/2023\/#website"},"primaryImageOfPage":{"@id":"https:\/\/fifv.cl\/2023\/convocatoria-brigadas\/#primaryimage"},"image":{"@id":"https:\/\/fifv.cl\/2023\/convocatoria-brigadas\/#primaryimage"},"thumbnailUrl":"https:\/\/fifv.cl\/2023\/wp-content\/uploads\/2023\/08\/AZ57183-1024x684.jpg","datePublished":"2023-08-04T05:00:32+00:00","dateModified":"2023-11-03T22:49:40+00:00","breadcrumb":{"@id":"https:\/\/fifv.cl\/2023\/convocatoria-brigadas\/#breadcrumb"},"inLanguage":"es","potentialAction":[{"@type":"ReadAction","target":["https:\/\/fifv.cl\/2023\/convocatoria-brigadas\/"]}]},{"@type":"ImageObject","inLanguage":"es","@id":"https:\/\/fifv.cl\/2023\/convocatoria-brigadas\/#primaryimage","url":"https:\/\/i0.wp.com\/fifv.cl\/2023\/wp-content\/uploads\/2023\/08\/AZ57183.jpg?fit=1920%2C1282&ssl=1","contentUrl":"https:\/\/i0.wp.com\/fifv.cl\/2023\/wp-content\/uploads\/2023\/08\/AZ57183.jpg?fit=1920%2C1282&ssl=1","width":1920,"height":1282},{"@type":"BreadcrumbList","@id":"https:\/\/fifv.cl\/2023\/convocatoria-brigadas\/#breadcrumb","itemListElement":[{"@type":"ListItem","position":1,"name":"Portada","item":"https:\/\/fifv.cl\/2023\/"},{"@type":"ListItem","position":2,"name":"Brigadas Fotogr\u00e1ficas"}]},{"@type":"WebSite","@id":"https:\/\/fifv.cl\/2023\/#website","url":"https:\/\/fifv.cl\/2023\/","name":"Festival Internacional de Fotograf\u00eda en Valpara\u00edso","description":"2023","publisher":{"@id":"https:\/\/fifv.cl\/2023\/#organization"},"alternateName":"FIFV","potentialAction":[{"@type":"SearchAction","target":{"@type":"EntryPoint","urlTemplate":"https:\/\/fifv.cl\/2023\/?s={search_term_string}"},"query-input":{"@type":"PropertyValueSpecification","valueRequired":true,"valueName":"search_term_string"}}],"inLanguage":"es"},{"@type":"Organization","@id":"https:\/\/fifv.cl\/2023\/#organization","name":"Festival Internacional de Fotograf\u00eda en Valpara\u00edso","alternateName":"FIFV","url":"https:\/\/fifv.cl\/2023\/","logo":{"@type":"ImageObject","inLanguage":"es","@id":"https:\/\/fifv.cl\/2023\/#\/schema\/logo\/image\/","url":"https:\/\/fifv.cl\/2023\/wp-content\/uploads\/2023\/08\/fifv.png","contentUrl":"https:\/\/fifv.cl\/2023\/wp-content\/uploads\/2023\/08\/fifv.png","width":500,"height":241,"caption":"Festival Internacional de Fotograf\u00eda en Valpara\u00edso"},"image":{"@id":"https:\/\/fifv.cl\/2023\/#\/schema\/logo\/image\/"},"sameAs":["https:\/\/web.facebook.com\/casaespacio.fifv","https:\/\/www.instagram.com\/casaespacio_fifv\/","https:\/\/www.youtube.com\/@festivalinternacionaldefot4918"]}]}},"_links":{"self":[{"href":"https:\/\/fifv.cl\/2023\/wp-json\/wp\/v2\/pages\/9","targetHints":{"allow":["GET"]}}],"collection":[{"href":"https:\/\/fifv.cl\/2023\/wp-json\/wp\/v2\/pages"}],"about":[{"href":"https:\/\/fifv.cl\/2023\/wp-json\/wp\/v2\/types\/page"}],"author":[{"embeddable":true,"href":"https:\/\/fifv.cl\/2023\/wp-json\/wp\/v2\/users\/1"}],"replies":[{"embeddable":true,"href":"https:\/\/fifv.cl\/2023\/wp-json\/wp\/v2\/comments?post=9"}],"version-history":[{"count":182,"href":"https:\/\/fifv.cl\/2023\/wp-json\/wp\/v2\/pages\/9\/revisions"}],"predecessor-version":[{"id":1193,"href":"https:\/\/fifv.cl\/2023\/wp-json\/wp\/v2\/pages\/9\/revisions\/1193"}],"wp:attachment":[{"href":"https:\/\/fifv.cl\/2023\/wp-json\/wp\/v2\/media?parent=9"}],"curies":[{"name":"wp","href":"https:\/\/api.w.org\/{rel}","templated":true}]}}