{"id":1498,"date":"2024-11-08T19:46:36","date_gmt":"2024-11-08T22:46:36","guid":{"rendered":"https:\/\/fifv.cl\/2024\/?page_id=1498"},"modified":"2024-12-26T23:17:42","modified_gmt":"2024-12-27T02:17:42","slug":"eric-allende","status":"publish","type":"page","link":"https:\/\/fifv.cl\/2024\/exposiciones\/eric-allende\/","title":{"rendered":"Eric Allende"},"content":{"rendered":"\t\t<div data-elementor-type=\"wp-page\" data-elementor-id=\"1498\" class=\"elementor elementor-1498\" data-elementor-post-type=\"page\">\n\t\t\t\t<div class=\"elementor-element elementor-element-d69d89d e-flex e-con-boxed e-con e-parent\" data-id=\"d69d89d\" data-element_type=\"container\" data-e-type=\"container\">\n\t\t\t\t\t<div class=\"e-con-inner\">\n\t\t\t\t<div class=\"elementor-element elementor-element-c93abf3 elementor-invisible elementor-widget elementor-widget-heading\" data-id=\"c93abf3\" data-element_type=\"widget\" data-e-type=\"widget\" data-settings=\"{&quot;_animation&quot;:&quot;fadeInUp&quot;}\" data-widget_type=\"heading.default\">\n\t\t\t\t<div class=\"elementor-widget-container\">\n\t\t\t\t\t<h2 class=\"elementor-heading-title elementor-size-default\">Eric<br>Allende<\/h2>\t\t\t\t<\/div>\n\t\t\t\t<\/div>\n\t\t\t\t\t<\/div>\n\t\t\t\t<\/div>\n\t\t<div class=\"elementor-element elementor-element-42c79d0 e-con-full e-flex e-con e-parent\" data-id=\"42c79d0\" data-element_type=\"container\" data-e-type=\"container\" data-settings=\"{&quot;background_background&quot;:&quot;classic&quot;}\">\n\t\t<div class=\"elementor-element elementor-element-88dc7b8 e-con-full e-flex e-con e-child\" data-id=\"88dc7b8\" data-element_type=\"container\" data-e-type=\"container\">\n\t\t\t\t<div class=\"elementor-element elementor-element-8e70a68 elementor-widget elementor-widget-heading\" data-id=\"8e70a68\" data-element_type=\"widget\" data-e-type=\"widget\" data-widget_type=\"heading.default\">\n\t\t\t\t<div class=\"elementor-widget-container\">\n\t\t\t\t\t<h2 class=\"elementor-heading-title elementor-size-default\">Lastenia 226<\/h2>\t\t\t\t<\/div>\n\t\t\t\t<\/div>\n\t\t\t\t<div class=\"elementor-element elementor-element-0d726c1 elementor-widget elementor-widget-text-editor\" data-id=\"0d726c1\" data-element_type=\"widget\" data-e-type=\"widget\" data-widget_type=\"text-editor.default\">\n\t\t\t\t<div class=\"elementor-widget-container\">\n\t\t\t\t\t\t\t\t\t<p>A m\u00e1s de 50 an\u0303os del golpe de estado, esta es la historia de mi familia, la de muchas familias. De co\u0301mo vivieron el gobierno del Presidente Salvador Allende, el Golpe Militar y lo que signific\u00f3 los 17 an\u0303os de dictadura. Co\u0301mo marco\u0301 sus vidas y las nuestras; las generaciones que vinimos despue\u0301s.<\/p><p>En lo que hoy es la comuna de Padre Hurtado, se asentaron mis abuelos hace 60 an\u0303os, como se dice comu\u0301nmente, cuando \u201cesto era puro campo\u201d, en el nu\u0301mero 226. Alli\u0301 crecieron mis ti\u0301os, mis nueve ti\u0301os, dos hombres y siete mujeres, entre tierra e ingenio para sobrevivir a la pobreza.<\/p><p>En aquellos an\u0303os, hace m\u00e1s de 50 an\u0303os, cada uno de mis ti\u0301os, de distintas formas, dependiendo de sus edades y sus intereses, se \u201cjuntaron\u201d para combatir la Dictadura. Seis de mis nueve ti\u0301os militaron en el Partido Comunista. Algunos asisti\u0301an a asambleas, aprendieron a manejar armas, rayaban paredes, entraron al mundo sindical, otros, alzaban la voz en las distintas manifestaciones.<\/p><p>Cada uno, de forma ano\u0301nima y secreta, participo\u0301, sin que el de al lado supiera, porque la clandestinidad en esos tiempos era clave para la supervivencia propia, y de los compan\u0303eros. Allanaron la casa familiar, mi ti\u0301a sacrifico la crianza de su hija por que pensaba que asi\u0301 podi\u0301a darle un mejor futuro, algunos fueron perseguidos y hasta detenidos por cerca de un mes, estuvieron en Rusia, sortearon la muerte, la rozaron, con el objetivo de manifestarse y que Chile pudiera salir de la Dictadura.<\/p>\t\t\t\t\t\t\t\t<\/div>\n\t\t\t\t<\/div>\n\t\t\t\t<\/div>\n\t\t<div class=\"elementor-element elementor-element-c7bf568 e-con-full e-flex e-con e-child\" data-id=\"c7bf568\" data-element_type=\"container\" data-e-type=\"container\" data-settings=\"{&quot;background_background&quot;:&quot;classic&quot;}\">\n\t\t\t\t<\/div>\n\t\t\t\t<\/div>\n\t\t<div class=\"elementor-element elementor-element-7d04322 e-flex e-con-boxed e-con e-parent\" data-id=\"7d04322\" data-element_type=\"container\" data-e-type=\"container\" data-settings=\"{&quot;background_background&quot;:&quot;gradient&quot;}\">\n\t\t\t\t\t<div class=\"e-con-inner\">\n\t\t\t\t<div class=\"elementor-element elementor-element-5429bfe elementor-widget elementor-widget-text-editor\" data-id=\"5429bfe\" data-element_type=\"widget\" data-e-type=\"widget\" data-widget_type=\"text-editor.default\">\n\t\t\t\t<div class=\"elementor-widget-container\">\n\t\t\t\t\t\t\t\t\t<p><span style=\"font-weight: 400;\">Eric Allende es un fot\u00f3grafo y comunicador audiovisual chileno, cofundador del colectivo Migrar Photo. Su trabajo se centra en derechos humanos, historias familiares y conflictos sociales y medioambientales. Ha expuesto sus trabajos en Estados Unidos, Alemania, Camboya, Chile, M\u00e9xico y Colombia, y ha participado en diversos festivales y encuentros fotogr\u00e1ficos, como el Festival Internacional de Fotograf\u00eda de Valpara\u00edso, San Jos\u00e9 Foto, Enfoto, Latin American Photo Festival y Angkor Photo Fest. Asimismo, <\/span><span style=\"font-weight: 400;\">obtuvo el primer lugar en la categor\u00eda Urbano en Expo Foto 2015 y<\/span><span style=\"font-weight: 400;\"> fue<\/span><span style=\"font-weight: 400;\"> finalista del premio del Fotolibro Chileno en el Stgo Foto 2024.\u00a0<\/span><\/p><p><span style=\"font-weight: 400;\">Allende ha trabajado para medios nacionales como La Segunda, El Mercurio y Ciper, as\u00ed como para internacionales como Getty Images y El Comercio de Per\u00fa. Tambi\u00e9n ha impartido talleres de fotograf\u00eda en Chile, Ecuador y Colombia. En 2024 fue finalista del Premio al Fotolibro Chileno en Stgo Foto Fest y en 2015 gan\u00f3 el primer lugar en la categor\u00eda urbana de Expo Foto. Actualmente, se desempe\u00f1a como fot\u00f3grafo en la alcald\u00eda de Pudahuel.<\/span><\/p>\t\t\t\t\t\t\t\t<\/div>\n\t\t\t\t<\/div>\n\t\t\t\t\t<\/div>\n\t\t\t\t<\/div>\n\t\t<div class=\"elementor-element elementor-element-8ad4604 e-flex e-con-boxed e-con e-parent\" data-id=\"8ad4604\" data-element_type=\"container\" data-e-type=\"container\" data-settings=\"{&quot;background_background&quot;:&quot;classic&quot;}\">\n\t\t\t\t\t<div class=\"e-con-inner\">\n\t\t\t\t<div class=\"elementor-element elementor-element-1dfe981 elementor-posts--show-thumbnail elementor-widget elementor-widget-posts\" data-id=\"1dfe981\" data-element_type=\"widget\" data-e-type=\"widget\" data-settings=\"{&quot;full_content_row_gap&quot;:{&quot;unit&quot;:&quot;px&quot;,&quot;size&quot;:24,&quot;sizes&quot;:[]},&quot;pagination_type&quot;:&quot;numbers_and_prev_next&quot;}\" data-widget_type=\"posts.full_content\">\n\t\t\t\t<div class=\"elementor-widget-container\">\n\t\t\t\t\t\t\t<div class=\"elementor-posts-container elementor-posts elementor-posts--skin-full_content elementor-grid\">\n\t\t\t\t<article class=\"elementor-post elementor-grid-item post-1581 expo type-expo status-publish hentry category-eric-allende\">\n\t\t\t\t<div class=\"elementor-post__text\">\n\t\t\n<div class=\"alignnormal\"><div id=\"metaslider-id-1306\" style=\"width: 100%;\" class=\"ml-slider-3-107-0 metaslider metaslider-flex metaslider-1306 ml-slider has-carousel-mode ms-theme-blend nav-hidden\" role=\"region\" aria-label=\"Montaje e inauguraci\u00f3n ERIC ALLENDE\" data-height=\"3000\" data-width=\"4500\">\n    <div id=\"metaslider_container_1306\">\n        <div id=\"metaslider_1306\">\n            <ul class='slides'>\n                <li style=\"display: none; width: 100%;\" class=\"slide-1587 ms-image \" aria-roledescription=\"slide\" data-date=\"2024-11-11 18:15:20\" data-filename=\"EXPO_ERICALLENDE-04-scaled-2560x1706.jpg\" data-slide-type=\"image\"><img fetchpriority=\"high\" fetchpriority=\"high\" decoding=\"async\" src=\"https:\/\/fifv.cl\/2024\/wp-content\/uploads\/2024\/11\/EXPO_ERICALLENDE-04-scaled-2560x1706.jpg\" height=\"3000\" width=\"4500\" alt=\"\" class=\"slider-1306 slide-1587 msDefaultImage\" title=\"EXPO_ERICALLENDE-04\" \/><\/li>\n                <li style=\"display: none; width: 100%;\" class=\"slide-1585 ms-image \" aria-roledescription=\"slide\" data-date=\"2024-11-11 18:15:04\" data-filename=\"EXPO_ERICALLENDE-01-scaled-2560x1706.jpg\" data-slide-type=\"image\"><img decoding=\"async\" src=\"https:\/\/fifv.cl\/2024\/wp-content\/uploads\/2024\/11\/EXPO_ERICALLENDE-01-scaled-2560x1706.jpg\" height=\"3000\" width=\"4500\" alt=\"\" class=\"slider-1306 slide-1585 msDefaultImage\" title=\"EXPO_ERICALLENDE-01\" \/><\/li>\n                <li style=\"display: none; width: 100%;\" class=\"slide-1586 ms-image \" aria-roledescription=\"slide\" data-date=\"2024-11-11 18:15:07\" data-filename=\"EXPO_ERICALLENDE-02-scaled-2560x1706.jpg\" data-slide-type=\"image\"><img decoding=\"async\" src=\"https:\/\/fifv.cl\/2024\/wp-content\/uploads\/2024\/11\/EXPO_ERICALLENDE-02-scaled-2560x1706.jpg\" height=\"3000\" width=\"4500\" alt=\"\" class=\"slider-1306 slide-1586 msDefaultImage\" title=\"EXPO_ERICALLENDE-02\" \/><\/li>\n                <li style=\"display: none; width: 100%;\" class=\"slide-1588 ms-image \" aria-roledescription=\"slide\" data-date=\"2024-11-11 18:15:29\" data-filename=\"EXPO_ERICALLENDE-07-scaled-2560x1706.jpg\" data-slide-type=\"image\"><img loading=\"lazy\" loading=\"lazy\" decoding=\"async\" src=\"https:\/\/fifv.cl\/2024\/wp-content\/uploads\/2024\/11\/EXPO_ERICALLENDE-07-scaled-2560x1706.jpg\" height=\"3000\" width=\"4500\" alt=\"\" class=\"slider-1306 slide-1588 msDefaultImage\" title=\"EXPO_ERICALLENDE-07\" \/><\/li>\n                <li style=\"display: none; width: 100%;\" class=\"slide-1589 ms-image \" aria-roledescription=\"slide\" data-date=\"2024-11-11 18:15:37\" data-filename=\"EXPO_ERICALLENDE-08-scaled-2560x1706.jpg\" data-slide-type=\"image\"><img loading=\"lazy\" loading=\"lazy\" decoding=\"async\" src=\"https:\/\/fifv.cl\/2024\/wp-content\/uploads\/2024\/11\/EXPO_ERICALLENDE-08-scaled-2560x1706.jpg\" height=\"3000\" width=\"4500\" alt=\"\" class=\"slider-1306 slide-1589 msDefaultImage\" title=\"EXPO_ERICALLENDE-08\" \/><\/li>\n                <li style=\"display: none; width: 100%;\" class=\"slide-1590 ms-image \" aria-roledescription=\"slide\" data-date=\"2024-11-11 18:15:48\" data-filename=\"EXPO_ERICALLENDE-10-scaled-2560x1706.jpg\" data-slide-type=\"image\"><img loading=\"lazy\" loading=\"lazy\" decoding=\"async\" src=\"https:\/\/fifv.cl\/2024\/wp-content\/uploads\/2024\/11\/EXPO_ERICALLENDE-10-scaled-2560x1706.jpg\" height=\"3000\" width=\"4500\" alt=\"\" class=\"slider-1306 slide-1590 msDefaultImage\" title=\"EXPO_ERICALLENDE-10\" \/><\/li>\n                <li style=\"display: none; width: 100%;\" class=\"slide-1591 ms-image \" aria-roledescription=\"slide\" data-date=\"2024-11-11 18:15:55\" data-filename=\"EXPO_ERICALLENDE-11-scaled-2560x1706.jpg\" data-slide-type=\"image\"><img loading=\"lazy\" loading=\"lazy\" decoding=\"async\" src=\"https:\/\/fifv.cl\/2024\/wp-content\/uploads\/2024\/11\/EXPO_ERICALLENDE-11-scaled-2560x1706.jpg\" height=\"3000\" width=\"4500\" alt=\"\" class=\"slider-1306 slide-1591 msDefaultImage\" title=\"EXPO_ERICALLENDE-11\" \/><\/li>\n                <li style=\"display: none; width: 100%;\" class=\"slide-1592 ms-image \" aria-roledescription=\"slide\" data-date=\"2024-11-11 18:16:02\" data-filename=\"EXPO_ERICALLENDE-13-scaled-2560x1706.jpg\" data-slide-type=\"image\"><img loading=\"lazy\" loading=\"lazy\" decoding=\"async\" src=\"https:\/\/fifv.cl\/2024\/wp-content\/uploads\/2024\/11\/EXPO_ERICALLENDE-13-scaled-2560x1706.jpg\" height=\"3000\" width=\"4500\" alt=\"\" class=\"slider-1306 slide-1592 msDefaultImage\" title=\"EXPO_ERICALLENDE-13\" \/><\/li>\n                <li style=\"display: none; width: 100%;\" class=\"slide-1594 ms-image \" aria-roledescription=\"slide\" data-date=\"2024-11-11 18:16:23\" data-filename=\"EXPO_ERICALLENDE-18-scaled-2560x1706.jpg\" data-slide-type=\"image\"><img loading=\"lazy\" loading=\"lazy\" decoding=\"async\" src=\"https:\/\/fifv.cl\/2024\/wp-content\/uploads\/2024\/11\/EXPO_ERICALLENDE-18-scaled-2560x1706.jpg\" height=\"3000\" width=\"4500\" alt=\"\" class=\"slider-1306 slide-1594 msDefaultImage\" title=\"EXPO_ERICALLENDE-18\" \/><\/li>\n                <li style=\"display: none; width: 100%;\" class=\"slide-1614 ms-image \" aria-roledescription=\"slide\" data-date=\"2024-11-12 18:51:38\" data-filename=\"MONTAJE_UTOPICA-12-scaled-2560x1706.jpg\" data-slide-type=\"image\"><img loading=\"lazy\" loading=\"lazy\" decoding=\"async\" src=\"https:\/\/fifv.cl\/2024\/wp-content\/uploads\/2024\/11\/MONTAJE_UTOPICA-12-scaled-2560x1706.jpg\" height=\"3000\" width=\"4500\" alt=\"\" class=\"slider-1306 slide-1614 msDefaultImage\" title=\"MONTAJE_UTOPICA-12\" \/><\/li>\n                <li style=\"display: none; width: 100%;\" class=\"slide-1613 ms-image \" aria-roledescription=\"slide\" data-date=\"2024-11-12 18:51:30\" data-filename=\"MONTAJE_UTOPICA-07-scaled-2560x1706.jpg\" data-slide-type=\"image\"><img loading=\"lazy\" loading=\"lazy\" decoding=\"async\" src=\"https:\/\/fifv.cl\/2024\/wp-content\/uploads\/2024\/11\/MONTAJE_UTOPICA-07-scaled-2560x1706.jpg\" height=\"3000\" width=\"4500\" alt=\"\" class=\"slider-1306 slide-1613 msDefaultImage\" title=\"MONTAJE_UTOPICA-07\" \/><\/li>\n                <li style=\"display: none; width: 100%;\" class=\"slide-1612 ms-image \" aria-roledescription=\"slide\" data-date=\"2024-11-12 18:51:17\" data-filename=\"MONTAJE_UTOPICA-13-scaled-2560x1706.jpg\" data-slide-type=\"image\"><img loading=\"lazy\" loading=\"lazy\" decoding=\"async\" src=\"https:\/\/fifv.cl\/2024\/wp-content\/uploads\/2024\/11\/MONTAJE_UTOPICA-13-scaled-2560x1706.jpg\" height=\"3000\" width=\"4500\" alt=\"\" class=\"slider-1306 slide-1612 msDefaultImage\" title=\"MONTAJE_UTOPICA-13\" \/><\/li>\n                <li style=\"display: none; width: 100%;\" class=\"slide-1611 ms-image \" aria-roledescription=\"slide\" data-date=\"2024-11-12 18:51:07\" data-filename=\"MONTAJE_UTOPICA-06-scaled-2560x1706.jpg\" data-slide-type=\"image\"><img loading=\"lazy\" loading=\"lazy\" decoding=\"async\" src=\"https:\/\/fifv.cl\/2024\/wp-content\/uploads\/2024\/11\/MONTAJE_UTOPICA-06-scaled-2560x1706.jpg\" height=\"3000\" width=\"4500\" alt=\"\" class=\"slider-1306 slide-1611 msDefaultImage\" title=\"MONTAJE_UTOPICA-06\" \/><\/li>\n            <\/ul>\n        <\/div>\n        \n    <\/div>\n<\/div><\/div>\n\n\n\n<p><em>Registro fotogr\u00e1fico por Jos\u00e9 Lobos<\/em><\/p>\n\t\t<\/div>\n\t\t\t\t<\/article>\n\t\t\t\t<\/div>\n\t\t\n\t\t\t\t\t\t<\/div>\n\t\t\t\t<\/div>\n\t\t\t\t\t<\/div>\n\t\t\t\t<\/div>\n\t\t\t\t<\/div>\n\t\t","protected":false},"excerpt":{"rendered":"<p>EricAllende Lastenia 226 A m\u00e1s de 50 an\u0303os del golpe de estado, esta es la historia de mi familia, la de muchas familias. De co\u0301mo vivieron el gobierno del Presidente Salvador Allende, el Golpe Militar y lo que signific\u00f3 los 17 an\u0303os de dictadura. Co\u0301mo marco\u0301 sus vidas y las nuestras; las generaciones que vinimos [&hellip;]<\/p>\n","protected":false},"author":1,"featured_media":0,"parent":624,"menu_order":0,"comment_status":"closed","ping_status":"closed","template":"elementor_header_footer","meta":{"footnotes":""},"class_list":["post-1498","page","type-page","status-publish","hentry"],"yoast_head":"<!-- This site is optimized with the Yoast SEO plugin v27.4 - https:\/\/yoast.com\/product\/yoast-seo-wordpress\/ -->\n<title>Eric Allende &#8212; FIFV 2024<\/title>\n<meta name=\"robots\" content=\"index, follow, max-snippet:-1, max-image-preview:large, max-video-preview:-1\" \/>\n<link rel=\"canonical\" href=\"https:\/\/fifv.cl\/2024\/exposiciones\/eric-allende\/\" \/>\n<meta property=\"og:locale\" content=\"es_ES\" \/>\n<meta property=\"og:type\" content=\"article\" \/>\n<meta property=\"og:title\" content=\"Eric Allende &#8212; FIFV 2024\" \/>\n<meta property=\"og:description\" content=\"EricAllende Lastenia 226 A m\u00e1s de 50 an\u0303os del golpe de estado, esta es la historia de mi familia, la de muchas familias. De co\u0301mo vivieron el gobierno del Presidente Salvador Allende, el Golpe Militar y lo que signific\u00f3 los 17 an\u0303os de dictadura. Co\u0301mo marco\u0301 sus vidas y las nuestras; las generaciones que vinimos [&hellip;]\" \/>\n<meta property=\"og:url\" content=\"https:\/\/fifv.cl\/2024\/exposiciones\/eric-allende\/\" \/>\n<meta property=\"og:site_name\" content=\"FIFV 2024\" \/>\n<meta property=\"article:modified_time\" content=\"2024-12-27T02:17:42+00:00\" \/>\n<meta property=\"og:image\" content=\"https:\/\/fifv.cl\/2024\/wp-content\/uploads\/2024\/10\/FIFV-1-7-scaled.jpg\" \/>\n\t<meta property=\"og:image:width\" content=\"2560\" \/>\n\t<meta property=\"og:image:height\" content=\"1709\" \/>\n\t<meta property=\"og:image:type\" content=\"image\/jpeg\" \/>\n<meta name=\"twitter:card\" content=\"summary_large_image\" \/>\n<meta name=\"twitter:label1\" content=\"Tiempo de lectura\" \/>\n\t<meta name=\"twitter:data1\" content=\"5 minutos\" \/>\n<script type=\"application\/ld+json\" class=\"yoast-schema-graph\">{\"@context\":\"https:\\\/\\\/schema.org\",\"@graph\":[{\"@type\":\"WebPage\",\"@id\":\"https:\\\/\\\/fifv.cl\\\/2024\\\/exposiciones\\\/eric-allende\\\/\",\"url\":\"https:\\\/\\\/fifv.cl\\\/2024\\\/exposiciones\\\/eric-allende\\\/\",\"name\":\"Eric Allende &#8212; FIFV 2024\",\"isPartOf\":{\"@id\":\"https:\\\/\\\/fifv.cl\\\/2024\\\/#website\"},\"datePublished\":\"2024-11-08T22:46:36+00:00\",\"dateModified\":\"2024-12-27T02:17:42+00:00\",\"breadcrumb\":{\"@id\":\"https:\\\/\\\/fifv.cl\\\/2024\\\/exposiciones\\\/eric-allende\\\/#breadcrumb\"},\"inLanguage\":\"es\",\"potentialAction\":[{\"@type\":\"ReadAction\",\"target\":[\"https:\\\/\\\/fifv.cl\\\/2024\\\/exposiciones\\\/eric-allende\\\/\"]}]},{\"@type\":\"BreadcrumbList\",\"@id\":\"https:\\\/\\\/fifv.cl\\\/2024\\\/exposiciones\\\/eric-allende\\\/#breadcrumb\",\"itemListElement\":[{\"@type\":\"ListItem\",\"position\":1,\"name\":\"Portada\",\"item\":\"https:\\\/\\\/fifv.cl\\\/2024\\\/\"},{\"@type\":\"ListItem\",\"position\":2,\"name\":\"Exposiciones\",\"item\":\"https:\\\/\\\/fifv.cl\\\/2024\\\/exposiciones\\\/\"},{\"@type\":\"ListItem\",\"position\":3,\"name\":\"Eric Allende\"}]},{\"@type\":\"WebSite\",\"@id\":\"https:\\\/\\\/fifv.cl\\\/2024\\\/#website\",\"url\":\"https:\\\/\\\/fifv.cl\\\/2024\\\/\",\"name\":\"FIFV 2024\",\"description\":\"Festival Internacional de Fotograf\u00eda en Valpara\u00edso\",\"publisher\":{\"@id\":\"https:\\\/\\\/fifv.cl\\\/2024\\\/#organization\"},\"alternateName\":\"FIFV\",\"potentialAction\":[{\"@type\":\"SearchAction\",\"target\":{\"@type\":\"EntryPoint\",\"urlTemplate\":\"https:\\\/\\\/fifv.cl\\\/2024\\\/?s={search_term_string}\"},\"query-input\":{\"@type\":\"PropertyValueSpecification\",\"valueRequired\":true,\"valueName\":\"search_term_string\"}}],\"inLanguage\":\"es\"},{\"@type\":\"Organization\",\"@id\":\"https:\\\/\\\/fifv.cl\\\/2024\\\/#organization\",\"name\":\"Festival Internacional de Fotograf\u00eda en Valpara\u00edso\",\"alternateName\":\"FIFV\",\"url\":\"https:\\\/\\\/fifv.cl\\\/2024\\\/\",\"logo\":{\"@type\":\"ImageObject\",\"inLanguage\":\"es\",\"@id\":\"https:\\\/\\\/fifv.cl\\\/2024\\\/#\\\/schema\\\/logo\\\/image\\\/\",\"url\":\"https:\\\/\\\/fifv.cl\\\/2024\\\/wp-content\\\/uploads\\\/2024\\\/08\\\/02-fifv.png\",\"contentUrl\":\"https:\\\/\\\/fifv.cl\\\/2024\\\/wp-content\\\/uploads\\\/2024\\\/08\\\/02-fifv.png\",\"width\":227,\"height\":183,\"caption\":\"Festival Internacional de Fotograf\u00eda en Valpara\u00edso\"},\"image\":{\"@id\":\"https:\\\/\\\/fifv.cl\\\/2024\\\/#\\\/schema\\\/logo\\\/image\\\/\"}}]}<\/script>\n<!-- \/ Yoast SEO plugin. -->","yoast_head_json":{"title":"Eric Allende &#8212; FIFV 2024","robots":{"index":"index","follow":"follow","max-snippet":"max-snippet:-1","max-image-preview":"max-image-preview:large","max-video-preview":"max-video-preview:-1"},"canonical":"https:\/\/fifv.cl\/2024\/exposiciones\/eric-allende\/","og_locale":"es_ES","og_type":"article","og_title":"Eric Allende &#8212; FIFV 2024","og_description":"EricAllende Lastenia 226 A m\u00e1s de 50 an\u0303os del golpe de estado, esta es la historia de mi familia, la de muchas familias. De co\u0301mo vivieron el gobierno del Presidente Salvador Allende, el Golpe Militar y lo que signific\u00f3 los 17 an\u0303os de dictadura. Co\u0301mo marco\u0301 sus vidas y las nuestras; las generaciones que vinimos [&hellip;]","og_url":"https:\/\/fifv.cl\/2024\/exposiciones\/eric-allende\/","og_site_name":"FIFV 2024","article_modified_time":"2024-12-27T02:17:42+00:00","og_image":[{"width":2560,"height":1709,"url":"https:\/\/fifv.cl\/2024\/wp-content\/uploads\/2024\/10\/FIFV-1-7-scaled.jpg","type":"image\/jpeg"}],"twitter_card":"summary_large_image","twitter_misc":{"Tiempo de lectura":"5 minutos"},"schema":{"@context":"https:\/\/schema.org","@graph":[{"@type":"WebPage","@id":"https:\/\/fifv.cl\/2024\/exposiciones\/eric-allende\/","url":"https:\/\/fifv.cl\/2024\/exposiciones\/eric-allende\/","name":"Eric Allende &#8212; FIFV 2024","isPartOf":{"@id":"https:\/\/fifv.cl\/2024\/#website"},"datePublished":"2024-11-08T22:46:36+00:00","dateModified":"2024-12-27T02:17:42+00:00","breadcrumb":{"@id":"https:\/\/fifv.cl\/2024\/exposiciones\/eric-allende\/#breadcrumb"},"inLanguage":"es","potentialAction":[{"@type":"ReadAction","target":["https:\/\/fifv.cl\/2024\/exposiciones\/eric-allende\/"]}]},{"@type":"BreadcrumbList","@id":"https:\/\/fifv.cl\/2024\/exposiciones\/eric-allende\/#breadcrumb","itemListElement":[{"@type":"ListItem","position":1,"name":"Portada","item":"https:\/\/fifv.cl\/2024\/"},{"@type":"ListItem","position":2,"name":"Exposiciones","item":"https:\/\/fifv.cl\/2024\/exposiciones\/"},{"@type":"ListItem","position":3,"name":"Eric Allende"}]},{"@type":"WebSite","@id":"https:\/\/fifv.cl\/2024\/#website","url":"https:\/\/fifv.cl\/2024\/","name":"FIFV 2024","description":"Festival Internacional de Fotograf\u00eda en Valpara\u00edso","publisher":{"@id":"https:\/\/fifv.cl\/2024\/#organization"},"alternateName":"FIFV","potentialAction":[{"@type":"SearchAction","target":{"@type":"EntryPoint","urlTemplate":"https:\/\/fifv.cl\/2024\/?s={search_term_string}"},"query-input":{"@type":"PropertyValueSpecification","valueRequired":true,"valueName":"search_term_string"}}],"inLanguage":"es"},{"@type":"Organization","@id":"https:\/\/fifv.cl\/2024\/#organization","name":"Festival Internacional de Fotograf\u00eda en Valpara\u00edso","alternateName":"FIFV","url":"https:\/\/fifv.cl\/2024\/","logo":{"@type":"ImageObject","inLanguage":"es","@id":"https:\/\/fifv.cl\/2024\/#\/schema\/logo\/image\/","url":"https:\/\/fifv.cl\/2024\/wp-content\/uploads\/2024\/08\/02-fifv.png","contentUrl":"https:\/\/fifv.cl\/2024\/wp-content\/uploads\/2024\/08\/02-fifv.png","width":227,"height":183,"caption":"Festival Internacional de Fotograf\u00eda en Valpara\u00edso"},"image":{"@id":"https:\/\/fifv.cl\/2024\/#\/schema\/logo\/image\/"}}]}},"_links":{"self":[{"href":"https:\/\/fifv.cl\/2024\/wp-json\/wp\/v2\/pages\/1498","targetHints":{"allow":["GET"]}}],"collection":[{"href":"https:\/\/fifv.cl\/2024\/wp-json\/wp\/v2\/pages"}],"about":[{"href":"https:\/\/fifv.cl\/2024\/wp-json\/wp\/v2\/types\/page"}],"author":[{"embeddable":true,"href":"https:\/\/fifv.cl\/2024\/wp-json\/wp\/v2\/users\/1"}],"replies":[{"embeddable":true,"href":"https:\/\/fifv.cl\/2024\/wp-json\/wp\/v2\/comments?post=1498"}],"version-history":[{"count":22,"href":"https:\/\/fifv.cl\/2024\/wp-json\/wp\/v2\/pages\/1498\/revisions"}],"predecessor-version":[{"id":2068,"href":"https:\/\/fifv.cl\/2024\/wp-json\/wp\/v2\/pages\/1498\/revisions\/2068"}],"up":[{"embeddable":true,"href":"https:\/\/fifv.cl\/2024\/wp-json\/wp\/v2\/pages\/624"}],"wp:attachment":[{"href":"https:\/\/fifv.cl\/2024\/wp-json\/wp\/v2\/media?parent=1498"}],"curies":[{"name":"wp","href":"https:\/\/api.w.org\/{rel}","templated":true}]}}