{"id":1500,"date":"2024-11-08T19:47:04","date_gmt":"2024-11-08T22:47:04","guid":{"rendered":"https:\/\/fifv.cl\/2024\/?page_id=1500"},"modified":"2024-12-26T23:18:15","modified_gmt":"2024-12-27T02:18:15","slug":"exposicion-central","status":"publish","type":"page","link":"https:\/\/fifv.cl\/2024\/exposiciones\/exposicion-central\/","title":{"rendered":"Exposici\u00f3n Central"},"content":{"rendered":"\t\t<div data-elementor-type=\"wp-page\" data-elementor-id=\"1500\" class=\"elementor elementor-1500\" data-elementor-post-type=\"page\">\n\t\t\t\t<div class=\"elementor-element elementor-element-4f20486 e-flex e-con-boxed e-con e-parent\" data-id=\"4f20486\" data-element_type=\"container\" data-e-type=\"container\">\n\t\t\t\t\t<div class=\"e-con-inner\">\n\t\t\t\t<div class=\"elementor-element elementor-element-c9b34a8 elementor-invisible elementor-widget elementor-widget-heading\" data-id=\"c9b34a8\" data-element_type=\"widget\" data-e-type=\"widget\" data-settings=\"{&quot;_animation&quot;:&quot;fadeInUp&quot;}\" data-widget_type=\"heading.default\">\n\t\t\t\t<div class=\"elementor-widget-container\">\n\t\t\t\t\t<h2 class=\"elementor-heading-title elementor-size-default\">Exposici\u00f3n<br>Central<\/h2>\t\t\t\t<\/div>\n\t\t\t\t<\/div>\n\t\t\t\t\t<\/div>\n\t\t\t\t<\/div>\n\t\t<div class=\"elementor-element elementor-element-c46a71d e-con-full e-flex e-con e-parent\" data-id=\"c46a71d\" data-element_type=\"container\" data-e-type=\"container\" data-settings=\"{&quot;background_background&quot;:&quot;classic&quot;}\">\n\t\t<div class=\"elementor-element elementor-element-c7360d3 e-con-full e-flex e-con e-child\" data-id=\"c7360d3\" data-element_type=\"container\" data-e-type=\"container\">\n\t\t\t\t<div class=\"elementor-element elementor-element-570d1aa elementor-widget elementor-widget-heading\" data-id=\"570d1aa\" data-element_type=\"widget\" data-e-type=\"widget\" data-widget_type=\"heading.default\">\n\t\t\t\t<div class=\"elementor-widget-container\">\n\t\t\t\t\t<h2 class=\"elementor-heading-title elementor-size-default\">Exposici\u00f3n Central \u00bfCuando una fotograf\u00eda pierde la memoria?<\/h2>\t\t\t\t<\/div>\n\t\t\t\t<\/div>\n\t\t\t\t<div class=\"elementor-element elementor-element-6f86e9f elementor-widget elementor-widget-text-editor\" data-id=\"6f86e9f\" data-element_type=\"widget\" data-e-type=\"widget\" data-widget_type=\"text-editor.default\">\n\t\t\t\t<div class=\"elementor-widget-container\">\n\t\t\t\t\t\t\t\t\t<p><span style=\"font-weight: 400;\">Tras 15 a\u00f1os de encuentros y creaci\u00f3n, la muestra nos permite reflexionar y mirar al pasado, a una colecci\u00f3n de fotograf\u00edas de archivo que se entremezclan para construir la memoria del FIFV. La obra re\u00fane el resultado del trabajo realizado desde los inicios del festival hasta ahora. Nos adentra a su historia, su memoria, sus cambios, sus recuerdos y olvidos.\u00a0<\/span><\/p><p><i><span style=\"font-weight: 400;\">\u201cLa exhibici\u00f3n con que el FIFV repasa sus 15 a\u00f1os recurre a su archivo para poner en escena un relato que se construye tal como se construye la memoria: selecciona fragmentos, junta im\u00e1genes de distintos a\u00f1os del festival emancip\u00e1ndolas de un encadenamiento cronol\u00f3gico, cruza y recombina fotograf\u00edas diversas, sobrepone tiempos y activa anacronismos\u201d &#8211; Catalina Mena<\/span><\/i><\/p><p><span style=\"font-weight: 400;\">La exhibici\u00f3n tambi\u00e9n cuenta con el trabajo del fot\u00f3grafo franc\u00e9s Klavdij Sluban, quien, tras participar como tallerista en el FIFV 2023, se queda en Chile para realizar su Residencia de Creaci\u00f3n en Valpara\u00edso. La muestra presenta el resultado de su paso por el puerto, explorando los rincones de la ciudad, adentr\u00e1ndose en sus calles y su esencia.<\/span><\/p><p><span style=\"font-weight: 400;\">Asimismo, la exposici\u00f3n cuenta con las obras y trabajo creativo realizado por Imagen Salvaje \u2014proyecto de formaci\u00f3n y mediaci\u00f3n de Casa Espacio Buenos Aires 824\u2014. Es un recorrido por el trabajo desarrollado por ni\u00f1os, ni\u00f1as y adolescentes de distintas latitudes que cuenta con im\u00e1genes, fotolibros e intervenciones.\u00a0<\/span><\/p>\t\t\t\t\t\t\t\t<\/div>\n\t\t\t\t<\/div>\n\t\t\t\t<\/div>\n\t\t<div class=\"elementor-element elementor-element-c5afa1f e-con-full e-flex e-con e-child\" data-id=\"c5afa1f\" data-element_type=\"container\" data-e-type=\"container\" data-settings=\"{&quot;background_background&quot;:&quot;classic&quot;}\">\n\t\t\t\t<\/div>\n\t\t\t\t<\/div>\n\t\t<div class=\"elementor-element elementor-element-07c83a7 e-flex e-con-boxed e-con e-parent\" data-id=\"07c83a7\" data-element_type=\"container\" data-e-type=\"container\" data-settings=\"{&quot;background_background&quot;:&quot;classic&quot;}\">\n\t\t\t\t\t<div class=\"e-con-inner\">\n\t\t\t\t<div class=\"elementor-element elementor-element-ccfe87f elementor-posts--show-thumbnail elementor-widget elementor-widget-posts\" data-id=\"ccfe87f\" data-element_type=\"widget\" data-e-type=\"widget\" data-settings=\"{&quot;full_content_row_gap&quot;:{&quot;unit&quot;:&quot;px&quot;,&quot;size&quot;:24,&quot;sizes&quot;:[]},&quot;pagination_type&quot;:&quot;numbers_and_prev_next&quot;}\" data-widget_type=\"posts.full_content\">\n\t\t\t\t<div class=\"elementor-widget-container\">\n\t\t\t\t\t\t\t<div class=\"elementor-posts-container elementor-posts elementor-posts--skin-full_content elementor-grid\">\n\t\t\t\t<article class=\"elementor-post elementor-grid-item post-2004 expo type-expo status-publish hentry category-exposicion-central\">\n\t\t\t\t<div class=\"elementor-post__text\">\n\t\t\n<div class=\"alignnormal\"><div id=\"metaslider-id-1981\" style=\"width: 100%;\" class=\"ml-slider-3-107-0 metaslider metaslider-flex metaslider-1981 ml-slider has-carousel-mode ms-theme-blend nav-hidden\" role=\"region\" aria-label=\"EXPO CENTRAL\" data-height=\"4016\" data-width=\"6016\">\n    <div id=\"metaslider_container_1981\">\n        <div id=\"metaslider_1981\">\n            <ul class='slides'>\n                <li style=\"display: none; width: 100%;\" class=\"slide-1993 ms-image \" aria-roledescription=\"slide\" data-date=\"2024-11-22 20:07:05\" data-filename=\"DSC_1403-scaled-2560x1708.jpg\" data-slide-type=\"image\"><img fetchpriority=\"high\" fetchpriority=\"high\" decoding=\"async\" src=\"https:\/\/fifv.cl\/2024\/wp-content\/uploads\/2024\/11\/DSC_1403-scaled-2560x1708.jpg\" height=\"4016\" width=\"6016\" alt=\"\" class=\"slider-1981 slide-1993 msDefaultImage\" title=\"DSC_1403\" \/><\/li>\n                <li style=\"display: none; width: 100%;\" class=\"slide-1994 ms-image \" aria-roledescription=\"slide\" data-date=\"2024-11-22 20:07:05\" data-filename=\"DSC_1432-1-scaled-2560x1708.jpg\" data-slide-type=\"image\"><img decoding=\"async\" src=\"https:\/\/fifv.cl\/2024\/wp-content\/uploads\/2024\/11\/DSC_1432-1-scaled-2560x1708.jpg\" height=\"4016\" width=\"6016\" alt=\"\" class=\"slider-1981 slide-1994 msDefaultImage\" title=\"DSC_1432\" \/><\/li>\n                <li style=\"display: none; width: 100%;\" class=\"slide-1995 ms-image \" aria-roledescription=\"slide\" data-date=\"2024-11-22 20:07:05\" data-filename=\"DSC_1757-1-scaled-2560x1708.jpg\" data-slide-type=\"image\"><img decoding=\"async\" src=\"https:\/\/fifv.cl\/2024\/wp-content\/uploads\/2024\/11\/DSC_1757-1-scaled-2560x1708.jpg\" height=\"4016\" width=\"6016\" alt=\"\" class=\"slider-1981 slide-1995 msDefaultImage\" title=\"DSC_1757\" \/><\/li>\n                <li style=\"display: none; width: 100%;\" class=\"slide-1996 ms-image \" aria-roledescription=\"slide\" data-date=\"2024-11-22 20:07:05\" data-filename=\"DSC_8864-scaled-2560x1708.jpg\" data-slide-type=\"image\"><img loading=\"lazy\" loading=\"lazy\" decoding=\"async\" src=\"https:\/\/fifv.cl\/2024\/wp-content\/uploads\/2024\/11\/DSC_8864-scaled-2560x1708.jpg\" height=\"4016\" width=\"6016\" alt=\"\" class=\"slider-1981 slide-1996 msDefaultImage\" title=\"DSC_8864\" \/><\/li>\n                <li style=\"display: none; width: 100%;\" class=\"slide-1997 ms-image \" aria-roledescription=\"slide\" data-date=\"2024-11-22 20:07:05\" data-filename=\"DSC_8868-scaled-2560x1708.jpg\" data-slide-type=\"image\"><img loading=\"lazy\" loading=\"lazy\" decoding=\"async\" src=\"https:\/\/fifv.cl\/2024\/wp-content\/uploads\/2024\/11\/DSC_8868-scaled-2560x1708.jpg\" height=\"4016\" width=\"6016\" alt=\"\" class=\"slider-1981 slide-1997 msDefaultImage\" title=\"DSC_8868\" \/><\/li>\n                <li style=\"display: none; width: 100%;\" class=\"slide-1998 ms-image \" aria-roledescription=\"slide\" data-date=\"2024-11-22 20:07:05\" data-filename=\"DSC_8870-1-scaled-2560x1708.jpg\" data-slide-type=\"image\"><img loading=\"lazy\" loading=\"lazy\" decoding=\"async\" src=\"https:\/\/fifv.cl\/2024\/wp-content\/uploads\/2024\/11\/DSC_8870-1-scaled-2560x1708.jpg\" height=\"4016\" width=\"6016\" alt=\"\" class=\"slider-1981 slide-1998 msDefaultImage\" title=\"DSC_8870\" \/><\/li>\n                <li style=\"display: none; width: 100%;\" class=\"slide-1999 ms-image \" aria-roledescription=\"slide\" data-date=\"2024-11-22 20:07:05\" data-filename=\"DSC_8875-scaled-2560x1708.jpg\" data-slide-type=\"image\"><img loading=\"lazy\" loading=\"lazy\" decoding=\"async\" src=\"https:\/\/fifv.cl\/2024\/wp-content\/uploads\/2024\/11\/DSC_8875-scaled-2560x1708.jpg\" height=\"4016\" width=\"6016\" alt=\"\" class=\"slider-1981 slide-1999 msDefaultImage\" title=\"DSC_8875\" \/><\/li>\n                <li style=\"display: none; width: 100%;\" class=\"slide-2000 ms-image \" aria-roledescription=\"slide\" data-date=\"2024-11-22 20:07:05\" data-filename=\"DSC_8877-scaled-2560x1708.jpg\" data-slide-type=\"image\"><img loading=\"lazy\" loading=\"lazy\" decoding=\"async\" src=\"https:\/\/fifv.cl\/2024\/wp-content\/uploads\/2024\/11\/DSC_8877-scaled-2560x1708.jpg\" height=\"4016\" width=\"6016\" alt=\"\" class=\"slider-1981 slide-2000 msDefaultImage\" title=\"DSC_8877\" \/><\/li>\n                <li style=\"display: none; width: 100%;\" class=\"slide-2001 ms-image \" aria-roledescription=\"slide\" data-date=\"2024-11-22 20:07:05\" data-filename=\"DSC_8881-1-scaled-2560x1708.jpg\" data-slide-type=\"image\"><img loading=\"lazy\" loading=\"lazy\" decoding=\"async\" src=\"https:\/\/fifv.cl\/2024\/wp-content\/uploads\/2024\/11\/DSC_8881-1-scaled-2560x1708.jpg\" height=\"4016\" width=\"6016\" alt=\"\" class=\"slider-1981 slide-2001 msDefaultImage\" title=\"DSC_8881\" \/><\/li>\n                <li style=\"display: none; width: 100%;\" class=\"slide-2002 ms-image \" aria-roledescription=\"slide\" data-date=\"2024-11-22 20:07:05\" data-filename=\"DSC_8890-scaled-2560x1708.jpg\" data-slide-type=\"image\"><img loading=\"lazy\" loading=\"lazy\" decoding=\"async\" src=\"https:\/\/fifv.cl\/2024\/wp-content\/uploads\/2024\/11\/DSC_8890-scaled-2560x1708.jpg\" height=\"4016\" width=\"6016\" alt=\"\" class=\"slider-1981 slide-2002 msDefaultImage\" title=\"DSC_8890\" \/><\/li>\n                <li style=\"display: none; width: 100%;\" class=\"slide-2003 ms-image \" aria-roledescription=\"slide\" data-date=\"2024-11-22 20:07:05\" data-filename=\"DSC_8935-1-scaled-2560x1708.jpg\" data-slide-type=\"image\"><img loading=\"lazy\" loading=\"lazy\" decoding=\"async\" src=\"https:\/\/fifv.cl\/2024\/wp-content\/uploads\/2024\/11\/DSC_8935-1-scaled-2560x1708.jpg\" height=\"4016\" width=\"6016\" alt=\"\" class=\"slider-1981 slide-2003 msDefaultImage\" title=\"DSC_8935\" \/><\/li>\n            <\/ul>\n        <\/div>\n        \n    <\/div>\n<\/div><\/div>\n\n\n\n<p><em>Registro fotogr\u00e1fico por Alexis Vera<\/em><\/p>\n\t\t<\/div>\n\t\t\t\t<\/article>\n\t\t\t\t<\/div>\n\t\t\n\t\t\t\t\t\t<\/div>\n\t\t\t\t<\/div>\n\t\t\t\t\t<\/div>\n\t\t\t\t<\/div>\n\t\t\t\t<\/div>\n\t\t","protected":false},"excerpt":{"rendered":"<p>Exposici\u00f3nCentral Exposici\u00f3n Central \u00bfCuando una fotograf\u00eda pierde la memoria? Tras 15 a\u00f1os de encuentros y creaci\u00f3n, la muestra nos permite reflexionar y mirar al pasado, a una colecci\u00f3n de fotograf\u00edas de archivo que se entremezclan para construir la memoria del FIFV. La obra re\u00fane el resultado del trabajo realizado desde los inicios del festival hasta [&hellip;]<\/p>\n","protected":false},"author":1,"featured_media":0,"parent":624,"menu_order":0,"comment_status":"closed","ping_status":"closed","template":"elementor_header_footer","meta":{"footnotes":""},"class_list":["post-1500","page","type-page","status-publish","hentry"],"yoast_head":"<!-- This site is optimized with the Yoast SEO plugin v27.4 - https:\/\/yoast.com\/product\/yoast-seo-wordpress\/ -->\n<title>Exposici\u00f3n Central &#8212; FIFV 2024<\/title>\n<meta name=\"robots\" content=\"index, follow, max-snippet:-1, max-image-preview:large, max-video-preview:-1\" \/>\n<link rel=\"canonical\" href=\"https:\/\/fifv.cl\/2024\/exposiciones\/exposicion-central\/\" \/>\n<meta property=\"og:locale\" content=\"es_ES\" \/>\n<meta property=\"og:type\" content=\"article\" \/>\n<meta property=\"og:title\" content=\"Exposici\u00f3n Central &#8212; FIFV 2024\" \/>\n<meta property=\"og:description\" content=\"Exposici\u00f3nCentral Exposici\u00f3n Central \u00bfCuando una fotograf\u00eda pierde la memoria? Tras 15 a\u00f1os de encuentros y creaci\u00f3n, la muestra nos permite reflexionar y mirar al pasado, a una colecci\u00f3n de fotograf\u00edas de archivo que se entremezclan para construir la memoria del FIFV. La obra re\u00fane el resultado del trabajo realizado desde los inicios del festival hasta [&hellip;]\" \/>\n<meta property=\"og:url\" content=\"https:\/\/fifv.cl\/2024\/exposiciones\/exposicion-central\/\" \/>\n<meta property=\"og:site_name\" content=\"FIFV 2024\" \/>\n<meta property=\"article:modified_time\" content=\"2024-12-27T02:18:15+00:00\" \/>\n<meta property=\"og:image\" content=\"https:\/\/fifv.cl\/2024\/wp-content\/uploads\/2024\/10\/FIFV-1-7-scaled.jpg\" \/>\n\t<meta property=\"og:image:width\" content=\"2560\" \/>\n\t<meta property=\"og:image:height\" content=\"1709\" \/>\n\t<meta property=\"og:image:type\" content=\"image\/jpeg\" \/>\n<meta name=\"twitter:card\" content=\"summary_large_image\" \/>\n<meta name=\"twitter:label1\" content=\"Tiempo de lectura\" \/>\n\t<meta name=\"twitter:data1\" content=\"4 minutos\" \/>\n<script type=\"application\/ld+json\" class=\"yoast-schema-graph\">{\"@context\":\"https:\\\/\\\/schema.org\",\"@graph\":[{\"@type\":\"WebPage\",\"@id\":\"https:\\\/\\\/fifv.cl\\\/2024\\\/exposiciones\\\/exposicion-central\\\/\",\"url\":\"https:\\\/\\\/fifv.cl\\\/2024\\\/exposiciones\\\/exposicion-central\\\/\",\"name\":\"Exposici\u00f3n Central &#8212; FIFV 2024\",\"isPartOf\":{\"@id\":\"https:\\\/\\\/fifv.cl\\\/2024\\\/#website\"},\"datePublished\":\"2024-11-08T22:47:04+00:00\",\"dateModified\":\"2024-12-27T02:18:15+00:00\",\"breadcrumb\":{\"@id\":\"https:\\\/\\\/fifv.cl\\\/2024\\\/exposiciones\\\/exposicion-central\\\/#breadcrumb\"},\"inLanguage\":\"es\",\"potentialAction\":[{\"@type\":\"ReadAction\",\"target\":[\"https:\\\/\\\/fifv.cl\\\/2024\\\/exposiciones\\\/exposicion-central\\\/\"]}]},{\"@type\":\"BreadcrumbList\",\"@id\":\"https:\\\/\\\/fifv.cl\\\/2024\\\/exposiciones\\\/exposicion-central\\\/#breadcrumb\",\"itemListElement\":[{\"@type\":\"ListItem\",\"position\":1,\"name\":\"Portada\",\"item\":\"https:\\\/\\\/fifv.cl\\\/2024\\\/\"},{\"@type\":\"ListItem\",\"position\":2,\"name\":\"Exposiciones\",\"item\":\"https:\\\/\\\/fifv.cl\\\/2024\\\/exposiciones\\\/\"},{\"@type\":\"ListItem\",\"position\":3,\"name\":\"Exposici\u00f3n Central\"}]},{\"@type\":\"WebSite\",\"@id\":\"https:\\\/\\\/fifv.cl\\\/2024\\\/#website\",\"url\":\"https:\\\/\\\/fifv.cl\\\/2024\\\/\",\"name\":\"FIFV 2024\",\"description\":\"Festival Internacional de Fotograf\u00eda en Valpara\u00edso\",\"publisher\":{\"@id\":\"https:\\\/\\\/fifv.cl\\\/2024\\\/#organization\"},\"alternateName\":\"FIFV\",\"potentialAction\":[{\"@type\":\"SearchAction\",\"target\":{\"@type\":\"EntryPoint\",\"urlTemplate\":\"https:\\\/\\\/fifv.cl\\\/2024\\\/?s={search_term_string}\"},\"query-input\":{\"@type\":\"PropertyValueSpecification\",\"valueRequired\":true,\"valueName\":\"search_term_string\"}}],\"inLanguage\":\"es\"},{\"@type\":\"Organization\",\"@id\":\"https:\\\/\\\/fifv.cl\\\/2024\\\/#organization\",\"name\":\"Festival Internacional de Fotograf\u00eda en Valpara\u00edso\",\"alternateName\":\"FIFV\",\"url\":\"https:\\\/\\\/fifv.cl\\\/2024\\\/\",\"logo\":{\"@type\":\"ImageObject\",\"inLanguage\":\"es\",\"@id\":\"https:\\\/\\\/fifv.cl\\\/2024\\\/#\\\/schema\\\/logo\\\/image\\\/\",\"url\":\"https:\\\/\\\/fifv.cl\\\/2024\\\/wp-content\\\/uploads\\\/2024\\\/08\\\/02-fifv.png\",\"contentUrl\":\"https:\\\/\\\/fifv.cl\\\/2024\\\/wp-content\\\/uploads\\\/2024\\\/08\\\/02-fifv.png\",\"width\":227,\"height\":183,\"caption\":\"Festival Internacional de Fotograf\u00eda en Valpara\u00edso\"},\"image\":{\"@id\":\"https:\\\/\\\/fifv.cl\\\/2024\\\/#\\\/schema\\\/logo\\\/image\\\/\"}}]}<\/script>\n<!-- \/ Yoast SEO plugin. -->","yoast_head_json":{"title":"Exposici\u00f3n Central &#8212; FIFV 2024","robots":{"index":"index","follow":"follow","max-snippet":"max-snippet:-1","max-image-preview":"max-image-preview:large","max-video-preview":"max-video-preview:-1"},"canonical":"https:\/\/fifv.cl\/2024\/exposiciones\/exposicion-central\/","og_locale":"es_ES","og_type":"article","og_title":"Exposici\u00f3n Central &#8212; FIFV 2024","og_description":"Exposici\u00f3nCentral Exposici\u00f3n Central \u00bfCuando una fotograf\u00eda pierde la memoria? Tras 15 a\u00f1os de encuentros y creaci\u00f3n, la muestra nos permite reflexionar y mirar al pasado, a una colecci\u00f3n de fotograf\u00edas de archivo que se entremezclan para construir la memoria del FIFV. La obra re\u00fane el resultado del trabajo realizado desde los inicios del festival hasta [&hellip;]","og_url":"https:\/\/fifv.cl\/2024\/exposiciones\/exposicion-central\/","og_site_name":"FIFV 2024","article_modified_time":"2024-12-27T02:18:15+00:00","og_image":[{"width":2560,"height":1709,"url":"https:\/\/fifv.cl\/2024\/wp-content\/uploads\/2024\/10\/FIFV-1-7-scaled.jpg","type":"image\/jpeg"}],"twitter_card":"summary_large_image","twitter_misc":{"Tiempo de lectura":"4 minutos"},"schema":{"@context":"https:\/\/schema.org","@graph":[{"@type":"WebPage","@id":"https:\/\/fifv.cl\/2024\/exposiciones\/exposicion-central\/","url":"https:\/\/fifv.cl\/2024\/exposiciones\/exposicion-central\/","name":"Exposici\u00f3n Central &#8212; FIFV 2024","isPartOf":{"@id":"https:\/\/fifv.cl\/2024\/#website"},"datePublished":"2024-11-08T22:47:04+00:00","dateModified":"2024-12-27T02:18:15+00:00","breadcrumb":{"@id":"https:\/\/fifv.cl\/2024\/exposiciones\/exposicion-central\/#breadcrumb"},"inLanguage":"es","potentialAction":[{"@type":"ReadAction","target":["https:\/\/fifv.cl\/2024\/exposiciones\/exposicion-central\/"]}]},{"@type":"BreadcrumbList","@id":"https:\/\/fifv.cl\/2024\/exposiciones\/exposicion-central\/#breadcrumb","itemListElement":[{"@type":"ListItem","position":1,"name":"Portada","item":"https:\/\/fifv.cl\/2024\/"},{"@type":"ListItem","position":2,"name":"Exposiciones","item":"https:\/\/fifv.cl\/2024\/exposiciones\/"},{"@type":"ListItem","position":3,"name":"Exposici\u00f3n Central"}]},{"@type":"WebSite","@id":"https:\/\/fifv.cl\/2024\/#website","url":"https:\/\/fifv.cl\/2024\/","name":"FIFV 2024","description":"Festival Internacional de Fotograf\u00eda en Valpara\u00edso","publisher":{"@id":"https:\/\/fifv.cl\/2024\/#organization"},"alternateName":"FIFV","potentialAction":[{"@type":"SearchAction","target":{"@type":"EntryPoint","urlTemplate":"https:\/\/fifv.cl\/2024\/?s={search_term_string}"},"query-input":{"@type":"PropertyValueSpecification","valueRequired":true,"valueName":"search_term_string"}}],"inLanguage":"es"},{"@type":"Organization","@id":"https:\/\/fifv.cl\/2024\/#organization","name":"Festival Internacional de Fotograf\u00eda en Valpara\u00edso","alternateName":"FIFV","url":"https:\/\/fifv.cl\/2024\/","logo":{"@type":"ImageObject","inLanguage":"es","@id":"https:\/\/fifv.cl\/2024\/#\/schema\/logo\/image\/","url":"https:\/\/fifv.cl\/2024\/wp-content\/uploads\/2024\/08\/02-fifv.png","contentUrl":"https:\/\/fifv.cl\/2024\/wp-content\/uploads\/2024\/08\/02-fifv.png","width":227,"height":183,"caption":"Festival Internacional de Fotograf\u00eda en Valpara\u00edso"},"image":{"@id":"https:\/\/fifv.cl\/2024\/#\/schema\/logo\/image\/"}}]}},"_links":{"self":[{"href":"https:\/\/fifv.cl\/2024\/wp-json\/wp\/v2\/pages\/1500","targetHints":{"allow":["GET"]}}],"collection":[{"href":"https:\/\/fifv.cl\/2024\/wp-json\/wp\/v2\/pages"}],"about":[{"href":"https:\/\/fifv.cl\/2024\/wp-json\/wp\/v2\/types\/page"}],"author":[{"embeddable":true,"href":"https:\/\/fifv.cl\/2024\/wp-json\/wp\/v2\/users\/1"}],"replies":[{"embeddable":true,"href":"https:\/\/fifv.cl\/2024\/wp-json\/wp\/v2\/comments?post=1500"}],"version-history":[{"count":28,"href":"https:\/\/fifv.cl\/2024\/wp-json\/wp\/v2\/pages\/1500\/revisions"}],"predecessor-version":[{"id":2071,"href":"https:\/\/fifv.cl\/2024\/wp-json\/wp\/v2\/pages\/1500\/revisions\/2071"}],"up":[{"embeddable":true,"href":"https:\/\/fifv.cl\/2024\/wp-json\/wp\/v2\/pages\/624"}],"wp:attachment":[{"href":"https:\/\/fifv.cl\/2024\/wp-json\/wp\/v2\/media?parent=1500"}],"curies":[{"name":"wp","href":"https:\/\/api.w.org\/{rel}","templated":true}]}}