{"id":1502,"date":"2024-11-08T19:47:23","date_gmt":"2024-11-08T22:47:23","guid":{"rendered":"https:\/\/fifv.cl\/2024\/?page_id=1502"},"modified":"2024-12-26T23:16:04","modified_gmt":"2024-12-27T02:16:04","slug":"gabriela-gonzalez","status":"publish","type":"page","link":"https:\/\/fifv.cl\/2024\/exposiciones\/gabriela-gonzalez\/","title":{"rendered":"Gabriela Gonz\u00e1lez"},"content":{"rendered":"\t\t<div data-elementor-type=\"wp-page\" data-elementor-id=\"1502\" class=\"elementor elementor-1502\" data-elementor-post-type=\"page\">\n\t\t\t\t<div class=\"elementor-element elementor-element-8874687 e-flex e-con-boxed e-con e-parent\" data-id=\"8874687\" data-element_type=\"container\" data-e-type=\"container\">\n\t\t\t\t\t<div class=\"e-con-inner\">\n\t\t\t\t<div class=\"elementor-element elementor-element-9fff013 elementor-invisible elementor-widget elementor-widget-heading\" data-id=\"9fff013\" data-element_type=\"widget\" data-e-type=\"widget\" data-settings=\"{&quot;_animation&quot;:&quot;fadeInUp&quot;}\" data-widget_type=\"heading.default\">\n\t\t\t\t<div class=\"elementor-widget-container\">\n\t\t\t\t\t<h2 class=\"elementor-heading-title elementor-size-default\">Gabriela<br>Gonz\u00e1lez<\/h2>\t\t\t\t<\/div>\n\t\t\t\t<\/div>\n\t\t\t\t\t<\/div>\n\t\t\t\t<\/div>\n\t\t<div class=\"elementor-element elementor-element-83becd2 e-con-full e-flex e-con e-parent\" data-id=\"83becd2\" data-element_type=\"container\" data-e-type=\"container\" data-settings=\"{&quot;background_background&quot;:&quot;classic&quot;}\">\n\t\t<div class=\"elementor-element elementor-element-cefde58 e-con-full e-flex e-con e-child\" data-id=\"cefde58\" data-element_type=\"container\" data-e-type=\"container\">\n\t\t\t\t<div class=\"elementor-element elementor-element-450a941 elementor-widget elementor-widget-heading\" data-id=\"450a941\" data-element_type=\"widget\" data-e-type=\"widget\" data-widget_type=\"heading.default\">\n\t\t\t\t<div class=\"elementor-widget-container\">\n\t\t\t\t\t<h2 class=\"elementor-heading-title elementor-size-default\">La presencia de la ausencia<\/h2>\t\t\t\t<\/div>\n\t\t\t\t<\/div>\n\t\t\t\t<div class=\"elementor-element elementor-element-ca3d9e8 elementor-widget elementor-widget-text-editor\" data-id=\"ca3d9e8\" data-element_type=\"widget\" data-e-type=\"widget\" data-widget_type=\"text-editor.default\">\n\t\t\t\t<div class=\"elementor-widget-container\">\n\t\t\t\t\t\t\t\t\t<p><span style=\"font-weight: 400;\">Entre los muros descascarados de esta casa abandonada,\u00a0<\/span><span style=\"font-weight: 400;\">cuerpos desnudos ocupan un espacio que ya no les pertenece.\u00a0<\/span><\/p><p><span style=\"font-weight: 400;\">Habitan un tiempo suspendido entre los escombros, <\/span><span style=\"font-weight: 400;\">en un di\u00e1logo silencioso con aquello que dej\u00f3 de ser,\u00a0<\/span><span style=\"font-weight: 400;\">pero que en su derrumbe, insiste en estar presente.\u00a0<\/span><\/p><p><span style=\"font-weight: 400;\">La casa en ruinas habla en un lenguaje de fisuras y muros ca\u00eddos,\u00a0 <\/span><span style=\"font-weight: 400;\">cada grieta susurra que la ausencia no es un vac\u00edo absoluto,\u00a0<\/span><span style=\"font-weight: 400;\">sino una presencia latente que pide ser completada.\u00a0<\/span><\/p><p><span style=\"font-weight: 400;\">Como la ruina misma, los cuerpos no buscan perfecci\u00f3n, sino la presencia. En su desnudez, libres de ornamentos, artificios y pretensiones, <\/span><span style=\"font-weight: 400;\">se despojan del tiempo lineal,\u00a0<\/span><span style=\"font-weight: 400;\">volvi\u00e9ndose fragmentos vivos que flotan entre la memoria y el olvido.\u00a0<\/span><\/p><p><span style=\"font-weight: 400;\">Deambulan por los solitarios pasillos,\u00a0<\/span><span style=\"font-weight: 400;\">se recuestan sobre el polvo del ayer,\u00a0 <\/span><span style=\"font-weight: 400;\">reclamando una forma distinta de habitar lo que queda.\u00a0<\/span><\/p><p><span style=\"font-weight: 400;\">Un modo de ser en lo incompleto,\u00a0<\/span><span style=\"font-weight: 400;\">que encuentra refugio en la fragilidad,\u00a0 <\/span><span style=\"font-weight: 400;\">donde la ausencia no es carencia sino posibilidad latente.\u00a0<\/span><\/p><p><span style=\"font-weight: 400;\">Esta exposici\u00f3n no es solo un recordatorio de nuestra finitud, sino tambi\u00e9n de nuestra capacidad para habitar junto a la ausencia. La ruina persiste en su decadencia, no como un lugar de muerte, sino como el vestigio inquietante de una vida que no termina de irse del todo y que no es solo p\u00e9rdida, sino apertura a un territorio f\u00e9rtil donde lo que falta abre el camino a lo que podr\u00eda llegar a ser.\u00a0<\/span><\/p><p><span style=\"font-weight: 400;\">La desnudez de estos cuerpos y del espacio se convierte en un grito silencioso, en una s\u00faplica que resuena con el eco de lo que fue y lo ser\u00e1. Como el cuerpo que reposa en las ruinas, las fotograf\u00edas nos invitan a habitar el intervalo entre la ausencia y la presencia para encontrar belleza en lo que permanece roto, pues en lo incompleto habita la posibilidad.\u00a0<\/span><span style=\"font-weight: 400;\">\u00a0<\/span><\/p>\t\t\t\t\t\t\t\t<\/div>\n\t\t\t\t<\/div>\n\t\t\t\t<\/div>\n\t\t<div class=\"elementor-element elementor-element-d7d4c0b e-con-full e-flex e-con e-child\" data-id=\"d7d4c0b\" data-element_type=\"container\" data-e-type=\"container\" data-settings=\"{&quot;background_background&quot;:&quot;classic&quot;}\">\n\t\t\t\t<\/div>\n\t\t\t\t<\/div>\n\t\t<div class=\"elementor-element elementor-element-321f26a e-flex e-con-boxed e-con e-parent\" data-id=\"321f26a\" data-element_type=\"container\" data-e-type=\"container\" data-settings=\"{&quot;background_background&quot;:&quot;gradient&quot;}\">\n\t\t\t\t\t<div class=\"e-con-inner\">\n\t\t\t\t<div class=\"elementor-element elementor-element-9982c83 elementor-widget elementor-widget-text-editor\" data-id=\"9982c83\" data-element_type=\"widget\" data-e-type=\"widget\" data-widget_type=\"text-editor.default\">\n\t\t\t\t<div class=\"elementor-widget-container\">\n\t\t\t\t\t\t\t\t\t<p>Gabriela Gonz\u00e1lez es una arquitecta y fot\u00f3grafa chilena que explora la representaci\u00f3n del cuerpo desnudo en la fotograf\u00eda mediante el uso de diversos lenguajes, materiales y discursos visuales. Su obra busca cuestionar, problematizar y crear nuevos imaginarios en torno a la imagen del desnudo a partir de una pr\u00e1ctica art\u00edstica centrada en la reflexi\u00f3n te\u00f3rica y el trabajo colaborativo.<\/p><p>Realiz\u00f3 sus estudios de pregrado en la Escuela de Arquitectura y Dise\u00f1o de la Pontificia Universidad Cat\u00f3lica de Valpara\u00edso y luego realiz\u00f3 posgrados en Arquitectura e Instalaciones Temporales (UCH) y en Museograf\u00eda y Dise\u00f1o Expositivo (PUC), buscando el cruce de la arquitectura con las artes. Ha trabajado como docente y asistente de investigaci\u00f3n en la Facultad de Arquitectura y Dise\u00f1o de la PUCV; y ha desarrollado proyectos de dise\u00f1o de escenograf\u00edas y exposiciones junto a compa\u00f1\u00edas de teatro e instituciones educativas.<\/p><p>En el a\u00f1o 2020 comienza a dedicarse a la producci\u00f3n de proyectos autorales de fotograf\u00eda de desnudo art\u00edstico. A partir de ese momento, ha tenido la posibilidad de participar en numerosas exposiciones y publicaciones fotogr\u00e1ficas en Chile y en el extranjero, y ha sido parte de residencias art\u00edsticas y programas internacionales de fotograf\u00eda y artes visuales.<\/p>\t\t\t\t\t\t\t\t<\/div>\n\t\t\t\t<\/div>\n\t\t\t\t\t<\/div>\n\t\t\t\t<\/div>\n\t\t<div class=\"elementor-element elementor-element-0c15394 e-flex e-con-boxed e-con e-parent\" data-id=\"0c15394\" data-element_type=\"container\" data-e-type=\"container\" data-settings=\"{&quot;background_background&quot;:&quot;classic&quot;}\">\n\t\t\t\t\t<div class=\"e-con-inner\">\n\t\t\t\t<div class=\"elementor-element elementor-element-abd5472 elementor-posts--show-thumbnail elementor-widget elementor-widget-posts\" data-id=\"abd5472\" data-element_type=\"widget\" data-e-type=\"widget\" data-settings=\"{&quot;full_content_row_gap&quot;:{&quot;unit&quot;:&quot;px&quot;,&quot;size&quot;:24,&quot;sizes&quot;:[]},&quot;pagination_type&quot;:&quot;numbers_and_prev_next&quot;}\" data-widget_type=\"posts.full_content\">\n\t\t\t\t<div class=\"elementor-widget-container\">\n\t\t\t\t\t\t\t<div class=\"elementor-posts-container elementor-posts elementor-posts--skin-full_content elementor-grid\">\n\t\t\t\t<article class=\"elementor-post elementor-grid-item post-1583 expo type-expo status-publish hentry category-gabriela-gonzalez\">\n\t\t\t\t<div class=\"elementor-post__text\">\n\t\t\n<div class=\"alignnormal\"><div id=\"metaslider-id-1059\" style=\"width: 100%;\" class=\"ml-slider-3-107-0 metaslider metaslider-flex metaslider-1059 ml-slider has-carousel-mode ms-theme-blend nav-hidden\" role=\"region\" aria-label=\"Inauguraci\u00f3n Gabriela Gonzalez - Casaplan\" data-height=\"1080\" data-width=\"1980\">\n    <div id=\"metaslider_container_1059\">\n        <div id=\"metaslider_1059\">\n            <ul class='slides'>\n                <li style=\"display: none; width: 100%;\" class=\"slide-1065 ms-image \" aria-roledescription=\"slide\" data-date=\"2024-11-03 10:57:28\" data-filename=\"DSC_9960-scaled-1980x1080.jpg\" data-slide-type=\"image\"><img fetchpriority=\"high\" fetchpriority=\"high\" decoding=\"async\" src=\"https:\/\/fifv.cl\/2024\/wp-content\/uploads\/2024\/11\/DSC_9960-scaled-1980x1080.jpg\" height=\"1080\" width=\"1980\" alt=\"\" class=\"slider-1059 slide-1065 msDefaultImage\" title=\"DSC_9960\" \/><\/li>\n                <li style=\"display: none; width: 100%;\" class=\"slide-1064 ms-image \" aria-roledescription=\"slide\" data-date=\"2024-11-03 10:57:28\" data-filename=\"DSC_0024-scaled-1980x1080.jpg\" data-slide-type=\"image\"><img decoding=\"async\" src=\"https:\/\/fifv.cl\/2024\/wp-content\/uploads\/2024\/11\/DSC_0024-scaled-1980x1080.jpg\" height=\"1080\" width=\"1980\" alt=\"\" class=\"slider-1059 slide-1064 msDefaultImage\" title=\"DSC_0024\" \/><\/li>\n                <li style=\"display: none; width: 100%;\" class=\"slide-1067 ms-image \" aria-roledescription=\"slide\" data-date=\"2024-11-03 10:57:54\" data-filename=\"DSC_0011-1-scaled-1980x1080.jpg\" data-slide-type=\"image\"><img decoding=\"async\" src=\"https:\/\/fifv.cl\/2024\/wp-content\/uploads\/2024\/11\/DSC_0011-1-scaled-1980x1080.jpg\" height=\"1080\" width=\"1980\" alt=\"\" class=\"slider-1059 slide-1067 msDefaultImage\" title=\"DSC_0011\" \/><\/li>\n                <li style=\"display: none; width: 100%;\" class=\"slide-1069 ms-image \" aria-roledescription=\"slide\" data-date=\"2024-11-03 10:58:23\" data-filename=\"DSC_0061-1-scaled-1980x1080.jpg\" data-slide-type=\"image\"><img loading=\"lazy\" loading=\"lazy\" decoding=\"async\" src=\"https:\/\/fifv.cl\/2024\/wp-content\/uploads\/2024\/11\/DSC_0061-1-scaled-1980x1080.jpg\" height=\"1080\" width=\"1980\" alt=\"\" class=\"slider-1059 slide-1069 msDefaultImage\" title=\"DSC_0061\" \/><\/li>\n            <\/ul>\n        <\/div>\n        \n    <\/div>\n<\/div><\/div>\n\n\n\n<p><em>Registro fotogr\u00e1fico por Alexis Vera <\/em><\/p>\n\t\t<\/div>\n\t\t\t\t<\/article>\n\t\t\t\t<\/div>\n\t\t\n\t\t\t\t\t\t<\/div>\n\t\t\t\t<\/div>\n\t\t\t\t\t<\/div>\n\t\t\t\t<\/div>\n\t\t\t\t<\/div>\n\t\t","protected":false},"excerpt":{"rendered":"<p>GabrielaGonz\u00e1lez La presencia de la ausencia Entre los muros descascarados de esta casa abandonada,\u00a0cuerpos desnudos ocupan un espacio que ya no les pertenece.\u00a0 Habitan un tiempo suspendido entre los escombros, en un di\u00e1logo silencioso con aquello que dej\u00f3 de ser,\u00a0pero que en su derrumbe, insiste en estar presente.\u00a0 La casa en ruinas habla en un [&hellip;]<\/p>\n","protected":false},"author":1,"featured_media":0,"parent":624,"menu_order":0,"comment_status":"closed","ping_status":"closed","template":"elementor_header_footer","meta":{"footnotes":""},"class_list":["post-1502","page","type-page","status-publish","hentry"],"yoast_head":"<!-- This site is optimized with the Yoast SEO plugin v27.4 - https:\/\/yoast.com\/product\/yoast-seo-wordpress\/ -->\n<title>Gabriela Gonz\u00e1lez &#8212; FIFV 2024<\/title>\n<meta name=\"robots\" content=\"index, follow, max-snippet:-1, max-image-preview:large, max-video-preview:-1\" \/>\n<link rel=\"canonical\" href=\"https:\/\/fifv.cl\/2024\/exposiciones\/gabriela-gonzalez\/\" \/>\n<meta property=\"og:locale\" content=\"es_ES\" \/>\n<meta property=\"og:type\" content=\"article\" \/>\n<meta property=\"og:title\" content=\"Gabriela Gonz\u00e1lez &#8212; FIFV 2024\" \/>\n<meta property=\"og:description\" content=\"GabrielaGonz\u00e1lez La presencia de la ausencia Entre los muros descascarados de esta casa abandonada,\u00a0cuerpos desnudos ocupan un espacio que ya no les pertenece.\u00a0 Habitan un tiempo suspendido entre los escombros, en un di\u00e1logo silencioso con aquello que dej\u00f3 de ser,\u00a0pero que en su derrumbe, insiste en estar presente.\u00a0 La casa en ruinas habla en un [&hellip;]\" \/>\n<meta property=\"og:url\" content=\"https:\/\/fifv.cl\/2024\/exposiciones\/gabriela-gonzalez\/\" \/>\n<meta property=\"og:site_name\" content=\"FIFV 2024\" \/>\n<meta property=\"article:modified_time\" content=\"2024-12-27T02:16:04+00:00\" \/>\n<meta property=\"og:image\" content=\"https:\/\/fifv.cl\/2024\/wp-content\/uploads\/2024\/10\/FIFV-1-7-scaled.jpg\" \/>\n\t<meta property=\"og:image:width\" content=\"2560\" \/>\n\t<meta property=\"og:image:height\" content=\"1709\" \/>\n\t<meta property=\"og:image:type\" content=\"image\/jpeg\" \/>\n<meta name=\"twitter:card\" content=\"summary_large_image\" \/>\n<meta name=\"twitter:label1\" content=\"Tiempo de lectura\" \/>\n\t<meta name=\"twitter:data1\" content=\"4 minutos\" \/>\n<script type=\"application\/ld+json\" class=\"yoast-schema-graph\">{\"@context\":\"https:\\\/\\\/schema.org\",\"@graph\":[{\"@type\":\"WebPage\",\"@id\":\"https:\\\/\\\/fifv.cl\\\/2024\\\/exposiciones\\\/gabriela-gonzalez\\\/\",\"url\":\"https:\\\/\\\/fifv.cl\\\/2024\\\/exposiciones\\\/gabriela-gonzalez\\\/\",\"name\":\"Gabriela Gonz\u00e1lez &#8212; FIFV 2024\",\"isPartOf\":{\"@id\":\"https:\\\/\\\/fifv.cl\\\/2024\\\/#website\"},\"datePublished\":\"2024-11-08T22:47:23+00:00\",\"dateModified\":\"2024-12-27T02:16:04+00:00\",\"breadcrumb\":{\"@id\":\"https:\\\/\\\/fifv.cl\\\/2024\\\/exposiciones\\\/gabriela-gonzalez\\\/#breadcrumb\"},\"inLanguage\":\"es\",\"potentialAction\":[{\"@type\":\"ReadAction\",\"target\":[\"https:\\\/\\\/fifv.cl\\\/2024\\\/exposiciones\\\/gabriela-gonzalez\\\/\"]}]},{\"@type\":\"BreadcrumbList\",\"@id\":\"https:\\\/\\\/fifv.cl\\\/2024\\\/exposiciones\\\/gabriela-gonzalez\\\/#breadcrumb\",\"itemListElement\":[{\"@type\":\"ListItem\",\"position\":1,\"name\":\"Portada\",\"item\":\"https:\\\/\\\/fifv.cl\\\/2024\\\/\"},{\"@type\":\"ListItem\",\"position\":2,\"name\":\"Exposiciones\",\"item\":\"https:\\\/\\\/fifv.cl\\\/2024\\\/exposiciones\\\/\"},{\"@type\":\"ListItem\",\"position\":3,\"name\":\"Gabriela Gonz\u00e1lez\"}]},{\"@type\":\"WebSite\",\"@id\":\"https:\\\/\\\/fifv.cl\\\/2024\\\/#website\",\"url\":\"https:\\\/\\\/fifv.cl\\\/2024\\\/\",\"name\":\"FIFV 2024\",\"description\":\"Festival Internacional de Fotograf\u00eda en Valpara\u00edso\",\"publisher\":{\"@id\":\"https:\\\/\\\/fifv.cl\\\/2024\\\/#organization\"},\"alternateName\":\"FIFV\",\"potentialAction\":[{\"@type\":\"SearchAction\",\"target\":{\"@type\":\"EntryPoint\",\"urlTemplate\":\"https:\\\/\\\/fifv.cl\\\/2024\\\/?s={search_term_string}\"},\"query-input\":{\"@type\":\"PropertyValueSpecification\",\"valueRequired\":true,\"valueName\":\"search_term_string\"}}],\"inLanguage\":\"es\"},{\"@type\":\"Organization\",\"@id\":\"https:\\\/\\\/fifv.cl\\\/2024\\\/#organization\",\"name\":\"Festival Internacional de Fotograf\u00eda en Valpara\u00edso\",\"alternateName\":\"FIFV\",\"url\":\"https:\\\/\\\/fifv.cl\\\/2024\\\/\",\"logo\":{\"@type\":\"ImageObject\",\"inLanguage\":\"es\",\"@id\":\"https:\\\/\\\/fifv.cl\\\/2024\\\/#\\\/schema\\\/logo\\\/image\\\/\",\"url\":\"https:\\\/\\\/fifv.cl\\\/2024\\\/wp-content\\\/uploads\\\/2024\\\/08\\\/02-fifv.png\",\"contentUrl\":\"https:\\\/\\\/fifv.cl\\\/2024\\\/wp-content\\\/uploads\\\/2024\\\/08\\\/02-fifv.png\",\"width\":227,\"height\":183,\"caption\":\"Festival Internacional de Fotograf\u00eda en Valpara\u00edso\"},\"image\":{\"@id\":\"https:\\\/\\\/fifv.cl\\\/2024\\\/#\\\/schema\\\/logo\\\/image\\\/\"}}]}<\/script>\n<!-- \/ Yoast SEO plugin. -->","yoast_head_json":{"title":"Gabriela Gonz\u00e1lez &#8212; FIFV 2024","robots":{"index":"index","follow":"follow","max-snippet":"max-snippet:-1","max-image-preview":"max-image-preview:large","max-video-preview":"max-video-preview:-1"},"canonical":"https:\/\/fifv.cl\/2024\/exposiciones\/gabriela-gonzalez\/","og_locale":"es_ES","og_type":"article","og_title":"Gabriela Gonz\u00e1lez &#8212; FIFV 2024","og_description":"GabrielaGonz\u00e1lez La presencia de la ausencia Entre los muros descascarados de esta casa abandonada,\u00a0cuerpos desnudos ocupan un espacio que ya no les pertenece.\u00a0 Habitan un tiempo suspendido entre los escombros, en un di\u00e1logo silencioso con aquello que dej\u00f3 de ser,\u00a0pero que en su derrumbe, insiste en estar presente.\u00a0 La casa en ruinas habla en un [&hellip;]","og_url":"https:\/\/fifv.cl\/2024\/exposiciones\/gabriela-gonzalez\/","og_site_name":"FIFV 2024","article_modified_time":"2024-12-27T02:16:04+00:00","og_image":[{"width":2560,"height":1709,"url":"https:\/\/fifv.cl\/2024\/wp-content\/uploads\/2024\/10\/FIFV-1-7-scaled.jpg","type":"image\/jpeg"}],"twitter_card":"summary_large_image","twitter_misc":{"Tiempo de lectura":"4 minutos"},"schema":{"@context":"https:\/\/schema.org","@graph":[{"@type":"WebPage","@id":"https:\/\/fifv.cl\/2024\/exposiciones\/gabriela-gonzalez\/","url":"https:\/\/fifv.cl\/2024\/exposiciones\/gabriela-gonzalez\/","name":"Gabriela Gonz\u00e1lez &#8212; FIFV 2024","isPartOf":{"@id":"https:\/\/fifv.cl\/2024\/#website"},"datePublished":"2024-11-08T22:47:23+00:00","dateModified":"2024-12-27T02:16:04+00:00","breadcrumb":{"@id":"https:\/\/fifv.cl\/2024\/exposiciones\/gabriela-gonzalez\/#breadcrumb"},"inLanguage":"es","potentialAction":[{"@type":"ReadAction","target":["https:\/\/fifv.cl\/2024\/exposiciones\/gabriela-gonzalez\/"]}]},{"@type":"BreadcrumbList","@id":"https:\/\/fifv.cl\/2024\/exposiciones\/gabriela-gonzalez\/#breadcrumb","itemListElement":[{"@type":"ListItem","position":1,"name":"Portada","item":"https:\/\/fifv.cl\/2024\/"},{"@type":"ListItem","position":2,"name":"Exposiciones","item":"https:\/\/fifv.cl\/2024\/exposiciones\/"},{"@type":"ListItem","position":3,"name":"Gabriela Gonz\u00e1lez"}]},{"@type":"WebSite","@id":"https:\/\/fifv.cl\/2024\/#website","url":"https:\/\/fifv.cl\/2024\/","name":"FIFV 2024","description":"Festival Internacional de Fotograf\u00eda en Valpara\u00edso","publisher":{"@id":"https:\/\/fifv.cl\/2024\/#organization"},"alternateName":"FIFV","potentialAction":[{"@type":"SearchAction","target":{"@type":"EntryPoint","urlTemplate":"https:\/\/fifv.cl\/2024\/?s={search_term_string}"},"query-input":{"@type":"PropertyValueSpecification","valueRequired":true,"valueName":"search_term_string"}}],"inLanguage":"es"},{"@type":"Organization","@id":"https:\/\/fifv.cl\/2024\/#organization","name":"Festival Internacional de Fotograf\u00eda en Valpara\u00edso","alternateName":"FIFV","url":"https:\/\/fifv.cl\/2024\/","logo":{"@type":"ImageObject","inLanguage":"es","@id":"https:\/\/fifv.cl\/2024\/#\/schema\/logo\/image\/","url":"https:\/\/fifv.cl\/2024\/wp-content\/uploads\/2024\/08\/02-fifv.png","contentUrl":"https:\/\/fifv.cl\/2024\/wp-content\/uploads\/2024\/08\/02-fifv.png","width":227,"height":183,"caption":"Festival Internacional de Fotograf\u00eda en Valpara\u00edso"},"image":{"@id":"https:\/\/fifv.cl\/2024\/#\/schema\/logo\/image\/"}}]}},"_links":{"self":[{"href":"https:\/\/fifv.cl\/2024\/wp-json\/wp\/v2\/pages\/1502","targetHints":{"allow":["GET"]}}],"collection":[{"href":"https:\/\/fifv.cl\/2024\/wp-json\/wp\/v2\/pages"}],"about":[{"href":"https:\/\/fifv.cl\/2024\/wp-json\/wp\/v2\/types\/page"}],"author":[{"embeddable":true,"href":"https:\/\/fifv.cl\/2024\/wp-json\/wp\/v2\/users\/1"}],"replies":[{"embeddable":true,"href":"https:\/\/fifv.cl\/2024\/wp-json\/wp\/v2\/comments?post=1502"}],"version-history":[{"count":16,"href":"https:\/\/fifv.cl\/2024\/wp-json\/wp\/v2\/pages\/1502\/revisions"}],"predecessor-version":[{"id":2062,"href":"https:\/\/fifv.cl\/2024\/wp-json\/wp\/v2\/pages\/1502\/revisions\/2062"}],"up":[{"embeddable":true,"href":"https:\/\/fifv.cl\/2024\/wp-json\/wp\/v2\/pages\/624"}],"wp:attachment":[{"href":"https:\/\/fifv.cl\/2024\/wp-json\/wp\/v2\/media?parent=1502"}],"curies":[{"name":"wp","href":"https:\/\/api.w.org\/{rel}","templated":true}]}}