{"id":1504,"date":"2024-11-08T19:47:40","date_gmt":"2024-11-08T22:47:40","guid":{"rendered":"https:\/\/fifv.cl\/2024\/?page_id=1504"},"modified":"2024-12-26T23:16:57","modified_gmt":"2024-12-27T02:16:57","slug":"tamara-sazo","status":"publish","type":"page","link":"https:\/\/fifv.cl\/2024\/exposiciones\/tamara-sazo\/","title":{"rendered":"Tamara Sazo"},"content":{"rendered":"\t\t<div data-elementor-type=\"wp-page\" data-elementor-id=\"1504\" class=\"elementor elementor-1504\" data-elementor-post-type=\"page\">\n\t\t\t\t<div class=\"elementor-element elementor-element-6122147 e-flex e-con-boxed e-con e-parent\" data-id=\"6122147\" data-element_type=\"container\" data-e-type=\"container\">\n\t\t\t\t\t<div class=\"e-con-inner\">\n\t\t\t\t<div class=\"elementor-element elementor-element-a61a3af elementor-invisible elementor-widget elementor-widget-heading\" data-id=\"a61a3af\" data-element_type=\"widget\" data-e-type=\"widget\" data-settings=\"{&quot;_animation&quot;:&quot;fadeInUp&quot;}\" data-widget_type=\"heading.default\">\n\t\t\t\t<div class=\"elementor-widget-container\">\n\t\t\t\t\t<h2 class=\"elementor-heading-title elementor-size-default\">Tamara<br>Sazo<\/h2>\t\t\t\t<\/div>\n\t\t\t\t<\/div>\n\t\t\t\t\t<\/div>\n\t\t\t\t<\/div>\n\t\t<div class=\"elementor-element elementor-element-613e811 e-con-full e-flex e-con e-parent\" data-id=\"613e811\" data-element_type=\"container\" data-e-type=\"container\" data-settings=\"{&quot;background_background&quot;:&quot;classic&quot;}\">\n\t\t<div class=\"elementor-element elementor-element-228f021 e-con-full e-flex e-con e-child\" data-id=\"228f021\" data-element_type=\"container\" data-e-type=\"container\">\n\t\t\t\t<div class=\"elementor-element elementor-element-99acefb elementor-widget elementor-widget-heading\" data-id=\"99acefb\" data-element_type=\"widget\" data-e-type=\"widget\" data-widget_type=\"heading.default\">\n\t\t\t\t<div class=\"elementor-widget-container\">\n\t\t\t\t\t<h2 class=\"elementor-heading-title elementor-size-default\">Boca de lobo<\/h2>\t\t\t\t<\/div>\n\t\t\t\t<\/div>\n\t\t\t\t<div class=\"elementor-element elementor-element-29db752 elementor-widget elementor-widget-text-editor\" data-id=\"29db752\" data-element_type=\"widget\" data-e-type=\"widget\" data-widget_type=\"text-editor.default\">\n\t\t\t\t<div class=\"elementor-widget-container\">\n\t\t\t\t\t\t\t\t\t<p><span style=\"font-weight: 400;\">Usando la materia como canal la cultura Mochica del antiguo Per\u00fa desarroll\u00f3 un pensamiento m\u00edtico que reinaba en su mundo espiritual. Esta cosmovisi\u00f3n les permit\u00eda considerar que debido a la exposici\u00f3n de las mujeres gestantes a rayo de illapa, dios trino compuesto por las fuerzas del rayo, el rel\u00e1mpago y el trueno aumentar\u00edan las posibilidades del nacimiento de un ser humano con ciertas caracter\u00edsticas fisiol\u00f3gicas que hoy ser\u00edan denominadas por la medicina como \u201cmalformaciones cong\u00e9nitas\u201d.\u00a0<\/span><\/p><p><span style=\"font-weight: 400;\">A las personas nacidas mediante este ritual se les atribu\u00eda la capacidad de intermediar entre el mundo divino y el terrenal, consider\u00e1ndoles como seres abundantes de magia y sabidur\u00eda.\u00a0<\/span><\/p><p><span style=\"font-weight: 400;\">Al igual que la religi\u00f3n, la medicina moderna busca resolver un problema, nombr\u00e1ndolo en este caso como el \u201cerror gen\u00e9tico\u201d atribuy\u00e9ndose la facultad de mejorar algo tan infinito como la naturaleza &#8211; o lo que llamamos como tal-\u00a0 creando as\u00ed metodolog\u00edas de higiene social, como la eugenesia y estructuras est\u00e9ticas que se apoyan en la hegemon\u00eda tradicional de regularidad y simetr\u00eda como referencias a la perfecci\u00f3n de lo divino, generando fronteras en la percepci\u00f3n de los seres humanos entre s\u00ed. Toda percepci\u00f3n est\u00e1 intr\u00ednsecamente ligada a su contexto metaf\u00edsico.\u00a0<\/span><\/p><p><span style=\"font-weight: 400;\">Lo opuesto es id\u00e9ntico en naturaleza; difiriendo s\u00f3lo en grados los extremos se tocan permitiendo la constante posibilidad del TODO.<\/span><\/p><p><span style=\"font-weight: 400;\">\u00bfPodremos recomponer el inicio? \u00bfPodremos transmutar el trayecto? La transici\u00f3n es lo \u00fanico que permanece.<\/span><\/p>\t\t\t\t\t\t\t\t<\/div>\n\t\t\t\t<\/div>\n\t\t\t\t<\/div>\n\t\t<div class=\"elementor-element elementor-element-94ac4c4 e-con-full e-flex e-con e-child\" data-id=\"94ac4c4\" data-element_type=\"container\" data-e-type=\"container\" data-settings=\"{&quot;background_background&quot;:&quot;classic&quot;}\">\n\t\t\t\t<\/div>\n\t\t\t\t<\/div>\n\t\t<div class=\"elementor-element elementor-element-ab94d81 e-flex e-con-boxed e-con e-parent\" data-id=\"ab94d81\" data-element_type=\"container\" data-e-type=\"container\" data-settings=\"{&quot;background_background&quot;:&quot;gradient&quot;}\">\n\t\t\t\t\t<div class=\"e-con-inner\">\n\t\t\t\t<div class=\"elementor-element elementor-element-0441c93 elementor-widget elementor-widget-text-editor\" data-id=\"0441c93\" data-element_type=\"widget\" data-e-type=\"widget\" data-widget_type=\"text-editor.default\">\n\t\t\t\t<div class=\"elementor-widget-container\">\n\t\t\t\t\t\t\t\t\t<p><span style=\"font-weight: 400;\">Tamara Sazo Rojas, oriunda de la regi\u00f3n de La Araucan\u00eda, se dedica a explorar el arte desde un enfoque profundamente emocional. Su pr\u00e1ctica fotogr\u00e1fica se centra en cuestionar la raz\u00f3n y la moralidad humana, entendidas como construcciones que a menudo limitan el autodescubrimiento, en el sentir y en el experimentar.\u00a0<\/span><\/p><p><span style=\"font-weight: 400;\">A lo largo de su carrera, ha tenido la oportunidad de exponer sus obras y trabajos fotogr\u00e1ficos en diversos lugares de Chile y en plataformas de prestigio internacional. Su trabajo ha sido destacado en Enfoto (<\/span><span style=\"font-weight: 400;\">Encuentro de Fotograf\u00eda Los Lagos)<\/span><span style=\"font-weight: 400;\"> y publicado en el medio extranjero, National Geographic, en el a\u00f1o 2013 y, recientemente, en Vist Project. <\/span><\/p>\t\t\t\t\t\t\t\t<\/div>\n\t\t\t\t<\/div>\n\t\t\t\t\t<\/div>\n\t\t\t\t<\/div>\n\t\t<div class=\"elementor-element elementor-element-a9675bb e-flex e-con-boxed e-con e-parent\" data-id=\"a9675bb\" data-element_type=\"container\" data-e-type=\"container\" data-settings=\"{&quot;background_background&quot;:&quot;classic&quot;}\">\n\t\t\t\t\t<div class=\"e-con-inner\">\n\t\t\t\t<div class=\"elementor-element elementor-element-90a08c9 elementor-posts--show-thumbnail elementor-widget elementor-widget-posts\" data-id=\"90a08c9\" data-element_type=\"widget\" data-e-type=\"widget\" data-settings=\"{&quot;full_content_row_gap&quot;:{&quot;unit&quot;:&quot;px&quot;,&quot;size&quot;:24,&quot;sizes&quot;:[]},&quot;pagination_type&quot;:&quot;numbers_and_prev_next&quot;}\" data-widget_type=\"posts.full_content\">\n\t\t\t\t<div class=\"elementor-widget-container\">\n\t\t\t\t\t\t\t<div class=\"elementor-posts-container elementor-posts elementor-posts--skin-full_content elementor-grid\">\n\t\t\t\t<article class=\"elementor-post elementor-grid-item post-1584 expo type-expo status-publish hentry category-tamara-sazo\">\n\t\t\t\t<div class=\"elementor-post__text\">\n\t\t\n<div class=\"alignnormal\"><div id=\"metaslider-id-1047\" style=\"width: 100%;\" class=\"ml-slider-3-107-0 metaslider metaslider-flex metaslider-1047 ml-slider has-carousel-mode ms-theme-blend nav-hidden\" role=\"region\" aria-label=\"Inauguraci\u00f3n Tamara Sazo - Casaplan\" data-height=\"1080\" data-width=\"1980\">\n    <div id=\"metaslider_container_1047\">\n        <div id=\"metaslider_1047\">\n            <ul class='slides'>\n                <li style=\"display: none; width: 100%;\" class=\"slide-1051 ms-image \" aria-roledescription=\"slide\" data-date=\"2024-11-03 10:50:25\" data-filename=\"DSC_9956-scaled-1980x1080.jpg\" data-slide-type=\"image\"><img fetchpriority=\"high\" fetchpriority=\"high\" decoding=\"async\" src=\"https:\/\/fifv.cl\/2024\/wp-content\/uploads\/2024\/11\/DSC_9956-scaled-1980x1080.jpg\" height=\"1080\" width=\"1980\" alt=\"\" class=\"slider-1047 slide-1051 msDefaultImage\" title=\"DSC_9956\" \/><\/li>\n                <li style=\"display: none; width: 100%;\" class=\"slide-1058 ms-image \" aria-roledescription=\"slide\" data-date=\"2024-11-03 10:52:01\" data-filename=\"DSC_9995-scaled-1980x1080.jpg\" data-slide-type=\"image\"><img decoding=\"async\" src=\"https:\/\/fifv.cl\/2024\/wp-content\/uploads\/2024\/11\/DSC_9995-scaled-1980x1080.jpg\" height=\"1080\" width=\"1980\" alt=\"\" class=\"slider-1047 slide-1058 msDefaultImage\" title=\"DSC_9995\" \/><\/li>\n                <li style=\"display: none; width: 100%;\" class=\"slide-1056 ms-image \" aria-roledescription=\"slide\" data-date=\"2024-11-03 10:51:29\" data-filename=\"DSC_0066-1-scaled-1980x1080.jpg\" data-slide-type=\"image\"><img decoding=\"async\" src=\"https:\/\/fifv.cl\/2024\/wp-content\/uploads\/2024\/11\/DSC_0066-1-scaled-1980x1080.jpg\" height=\"1080\" width=\"1980\" alt=\"\" class=\"slider-1047 slide-1056 msDefaultImage\" title=\"DSC_0066\" \/><\/li>\n                <li style=\"display: none; width: 100%;\" class=\"slide-1055 ms-image \" aria-roledescription=\"slide\" data-date=\"2024-11-03 10:51:29\" data-filename=\"DSC_0004-scaled-1980x1080.jpg\" data-slide-type=\"image\"><img loading=\"lazy\" loading=\"lazy\" decoding=\"async\" src=\"https:\/\/fifv.cl\/2024\/wp-content\/uploads\/2024\/11\/DSC_0004-scaled-1980x1080.jpg\" height=\"1080\" width=\"1980\" alt=\"\" class=\"slider-1047 slide-1055 msDefaultImage\" title=\"DSC_0004\" \/><\/li>\n            <\/ul>\n        <\/div>\n        \n    <\/div>\n<\/div><\/div>\n\n\n\n<p><em>Registro fotogr\u00e1fico Alexis Vera<\/em><\/p>\n\n\n\n<p><\/p>\n\t\t<\/div>\n\t\t\t\t<\/article>\n\t\t\t\t<\/div>\n\t\t\n\t\t\t\t\t\t<\/div>\n\t\t\t\t<\/div>\n\t\t\t\t\t<\/div>\n\t\t\t\t<\/div>\n\t\t\t\t<\/div>\n\t\t","protected":false},"excerpt":{"rendered":"<p>TamaraSazo Boca de lobo Usando la materia como canal la cultura Mochica del antiguo Per\u00fa desarroll\u00f3 un pensamiento m\u00edtico que reinaba en su mundo espiritual. Esta cosmovisi\u00f3n les permit\u00eda considerar que debido a la exposici\u00f3n de las mujeres gestantes a rayo de illapa, dios trino compuesto por las fuerzas del rayo, el rel\u00e1mpago y el [&hellip;]<\/p>\n","protected":false},"author":1,"featured_media":0,"parent":624,"menu_order":0,"comment_status":"closed","ping_status":"closed","template":"elementor_header_footer","meta":{"footnotes":""},"class_list":["post-1504","page","type-page","status-publish","hentry"],"yoast_head":"<!-- This site is optimized with the Yoast SEO plugin v27.4 - https:\/\/yoast.com\/product\/yoast-seo-wordpress\/ -->\n<title>Tamara Sazo &#8212; FIFV 2024<\/title>\n<meta name=\"robots\" content=\"index, follow, max-snippet:-1, max-image-preview:large, max-video-preview:-1\" \/>\n<link rel=\"canonical\" href=\"https:\/\/fifv.cl\/2024\/exposiciones\/tamara-sazo\/\" \/>\n<meta property=\"og:locale\" content=\"es_ES\" \/>\n<meta property=\"og:type\" content=\"article\" \/>\n<meta property=\"og:title\" content=\"Tamara Sazo &#8212; FIFV 2024\" \/>\n<meta property=\"og:description\" content=\"TamaraSazo Boca de lobo Usando la materia como canal la cultura Mochica del antiguo Per\u00fa desarroll\u00f3 un pensamiento m\u00edtico que reinaba en su mundo espiritual. Esta cosmovisi\u00f3n les permit\u00eda considerar que debido a la exposici\u00f3n de las mujeres gestantes a rayo de illapa, dios trino compuesto por las fuerzas del rayo, el rel\u00e1mpago y el [&hellip;]\" \/>\n<meta property=\"og:url\" content=\"https:\/\/fifv.cl\/2024\/exposiciones\/tamara-sazo\/\" \/>\n<meta property=\"og:site_name\" content=\"FIFV 2024\" \/>\n<meta property=\"article:modified_time\" content=\"2024-12-27T02:16:57+00:00\" \/>\n<meta property=\"og:image\" content=\"https:\/\/fifv.cl\/2024\/wp-content\/uploads\/2024\/10\/FIFV-1-7-scaled.jpg\" \/>\n\t<meta property=\"og:image:width\" content=\"2560\" \/>\n\t<meta property=\"og:image:height\" content=\"1709\" \/>\n\t<meta property=\"og:image:type\" content=\"image\/jpeg\" \/>\n<meta name=\"twitter:card\" content=\"summary_large_image\" \/>\n<meta name=\"twitter:label1\" content=\"Tiempo de lectura\" \/>\n\t<meta name=\"twitter:data1\" content=\"3 minutos\" \/>\n<script type=\"application\/ld+json\" class=\"yoast-schema-graph\">{\"@context\":\"https:\\\/\\\/schema.org\",\"@graph\":[{\"@type\":\"WebPage\",\"@id\":\"https:\\\/\\\/fifv.cl\\\/2024\\\/exposiciones\\\/tamara-sazo\\\/\",\"url\":\"https:\\\/\\\/fifv.cl\\\/2024\\\/exposiciones\\\/tamara-sazo\\\/\",\"name\":\"Tamara Sazo &#8212; FIFV 2024\",\"isPartOf\":{\"@id\":\"https:\\\/\\\/fifv.cl\\\/2024\\\/#website\"},\"datePublished\":\"2024-11-08T22:47:40+00:00\",\"dateModified\":\"2024-12-27T02:16:57+00:00\",\"breadcrumb\":{\"@id\":\"https:\\\/\\\/fifv.cl\\\/2024\\\/exposiciones\\\/tamara-sazo\\\/#breadcrumb\"},\"inLanguage\":\"es\",\"potentialAction\":[{\"@type\":\"ReadAction\",\"target\":[\"https:\\\/\\\/fifv.cl\\\/2024\\\/exposiciones\\\/tamara-sazo\\\/\"]}]},{\"@type\":\"BreadcrumbList\",\"@id\":\"https:\\\/\\\/fifv.cl\\\/2024\\\/exposiciones\\\/tamara-sazo\\\/#breadcrumb\",\"itemListElement\":[{\"@type\":\"ListItem\",\"position\":1,\"name\":\"Portada\",\"item\":\"https:\\\/\\\/fifv.cl\\\/2024\\\/\"},{\"@type\":\"ListItem\",\"position\":2,\"name\":\"Exposiciones\",\"item\":\"https:\\\/\\\/fifv.cl\\\/2024\\\/exposiciones\\\/\"},{\"@type\":\"ListItem\",\"position\":3,\"name\":\"Tamara Sazo\"}]},{\"@type\":\"WebSite\",\"@id\":\"https:\\\/\\\/fifv.cl\\\/2024\\\/#website\",\"url\":\"https:\\\/\\\/fifv.cl\\\/2024\\\/\",\"name\":\"FIFV 2024\",\"description\":\"Festival Internacional de Fotograf\u00eda en Valpara\u00edso\",\"publisher\":{\"@id\":\"https:\\\/\\\/fifv.cl\\\/2024\\\/#organization\"},\"alternateName\":\"FIFV\",\"potentialAction\":[{\"@type\":\"SearchAction\",\"target\":{\"@type\":\"EntryPoint\",\"urlTemplate\":\"https:\\\/\\\/fifv.cl\\\/2024\\\/?s={search_term_string}\"},\"query-input\":{\"@type\":\"PropertyValueSpecification\",\"valueRequired\":true,\"valueName\":\"search_term_string\"}}],\"inLanguage\":\"es\"},{\"@type\":\"Organization\",\"@id\":\"https:\\\/\\\/fifv.cl\\\/2024\\\/#organization\",\"name\":\"Festival Internacional de Fotograf\u00eda en Valpara\u00edso\",\"alternateName\":\"FIFV\",\"url\":\"https:\\\/\\\/fifv.cl\\\/2024\\\/\",\"logo\":{\"@type\":\"ImageObject\",\"inLanguage\":\"es\",\"@id\":\"https:\\\/\\\/fifv.cl\\\/2024\\\/#\\\/schema\\\/logo\\\/image\\\/\",\"url\":\"https:\\\/\\\/fifv.cl\\\/2024\\\/wp-content\\\/uploads\\\/2024\\\/08\\\/02-fifv.png\",\"contentUrl\":\"https:\\\/\\\/fifv.cl\\\/2024\\\/wp-content\\\/uploads\\\/2024\\\/08\\\/02-fifv.png\",\"width\":227,\"height\":183,\"caption\":\"Festival Internacional de Fotograf\u00eda en Valpara\u00edso\"},\"image\":{\"@id\":\"https:\\\/\\\/fifv.cl\\\/2024\\\/#\\\/schema\\\/logo\\\/image\\\/\"}}]}<\/script>\n<!-- \/ Yoast SEO plugin. -->","yoast_head_json":{"title":"Tamara Sazo &#8212; FIFV 2024","robots":{"index":"index","follow":"follow","max-snippet":"max-snippet:-1","max-image-preview":"max-image-preview:large","max-video-preview":"max-video-preview:-1"},"canonical":"https:\/\/fifv.cl\/2024\/exposiciones\/tamara-sazo\/","og_locale":"es_ES","og_type":"article","og_title":"Tamara Sazo &#8212; FIFV 2024","og_description":"TamaraSazo Boca de lobo Usando la materia como canal la cultura Mochica del antiguo Per\u00fa desarroll\u00f3 un pensamiento m\u00edtico que reinaba en su mundo espiritual. Esta cosmovisi\u00f3n les permit\u00eda considerar que debido a la exposici\u00f3n de las mujeres gestantes a rayo de illapa, dios trino compuesto por las fuerzas del rayo, el rel\u00e1mpago y el [&hellip;]","og_url":"https:\/\/fifv.cl\/2024\/exposiciones\/tamara-sazo\/","og_site_name":"FIFV 2024","article_modified_time":"2024-12-27T02:16:57+00:00","og_image":[{"width":2560,"height":1709,"url":"https:\/\/fifv.cl\/2024\/wp-content\/uploads\/2024\/10\/FIFV-1-7-scaled.jpg","type":"image\/jpeg"}],"twitter_card":"summary_large_image","twitter_misc":{"Tiempo de lectura":"3 minutos"},"schema":{"@context":"https:\/\/schema.org","@graph":[{"@type":"WebPage","@id":"https:\/\/fifv.cl\/2024\/exposiciones\/tamara-sazo\/","url":"https:\/\/fifv.cl\/2024\/exposiciones\/tamara-sazo\/","name":"Tamara Sazo &#8212; FIFV 2024","isPartOf":{"@id":"https:\/\/fifv.cl\/2024\/#website"},"datePublished":"2024-11-08T22:47:40+00:00","dateModified":"2024-12-27T02:16:57+00:00","breadcrumb":{"@id":"https:\/\/fifv.cl\/2024\/exposiciones\/tamara-sazo\/#breadcrumb"},"inLanguage":"es","potentialAction":[{"@type":"ReadAction","target":["https:\/\/fifv.cl\/2024\/exposiciones\/tamara-sazo\/"]}]},{"@type":"BreadcrumbList","@id":"https:\/\/fifv.cl\/2024\/exposiciones\/tamara-sazo\/#breadcrumb","itemListElement":[{"@type":"ListItem","position":1,"name":"Portada","item":"https:\/\/fifv.cl\/2024\/"},{"@type":"ListItem","position":2,"name":"Exposiciones","item":"https:\/\/fifv.cl\/2024\/exposiciones\/"},{"@type":"ListItem","position":3,"name":"Tamara Sazo"}]},{"@type":"WebSite","@id":"https:\/\/fifv.cl\/2024\/#website","url":"https:\/\/fifv.cl\/2024\/","name":"FIFV 2024","description":"Festival Internacional de Fotograf\u00eda en Valpara\u00edso","publisher":{"@id":"https:\/\/fifv.cl\/2024\/#organization"},"alternateName":"FIFV","potentialAction":[{"@type":"SearchAction","target":{"@type":"EntryPoint","urlTemplate":"https:\/\/fifv.cl\/2024\/?s={search_term_string}"},"query-input":{"@type":"PropertyValueSpecification","valueRequired":true,"valueName":"search_term_string"}}],"inLanguage":"es"},{"@type":"Organization","@id":"https:\/\/fifv.cl\/2024\/#organization","name":"Festival Internacional de Fotograf\u00eda en Valpara\u00edso","alternateName":"FIFV","url":"https:\/\/fifv.cl\/2024\/","logo":{"@type":"ImageObject","inLanguage":"es","@id":"https:\/\/fifv.cl\/2024\/#\/schema\/logo\/image\/","url":"https:\/\/fifv.cl\/2024\/wp-content\/uploads\/2024\/08\/02-fifv.png","contentUrl":"https:\/\/fifv.cl\/2024\/wp-content\/uploads\/2024\/08\/02-fifv.png","width":227,"height":183,"caption":"Festival Internacional de Fotograf\u00eda en Valpara\u00edso"},"image":{"@id":"https:\/\/fifv.cl\/2024\/#\/schema\/logo\/image\/"}}]}},"_links":{"self":[{"href":"https:\/\/fifv.cl\/2024\/wp-json\/wp\/v2\/pages\/1504","targetHints":{"allow":["GET"]}}],"collection":[{"href":"https:\/\/fifv.cl\/2024\/wp-json\/wp\/v2\/pages"}],"about":[{"href":"https:\/\/fifv.cl\/2024\/wp-json\/wp\/v2\/types\/page"}],"author":[{"embeddable":true,"href":"https:\/\/fifv.cl\/2024\/wp-json\/wp\/v2\/users\/1"}],"replies":[{"embeddable":true,"href":"https:\/\/fifv.cl\/2024\/wp-json\/wp\/v2\/comments?post=1504"}],"version-history":[{"count":16,"href":"https:\/\/fifv.cl\/2024\/wp-json\/wp\/v2\/pages\/1504\/revisions"}],"predecessor-version":[{"id":2065,"href":"https:\/\/fifv.cl\/2024\/wp-json\/wp\/v2\/pages\/1504\/revisions\/2065"}],"up":[{"embeddable":true,"href":"https:\/\/fifv.cl\/2024\/wp-json\/wp\/v2\/pages\/624"}],"wp:attachment":[{"href":"https:\/\/fifv.cl\/2024\/wp-json\/wp\/v2\/media?parent=1504"}],"curies":[{"name":"wp","href":"https:\/\/api.w.org\/{rel}","templated":true}]}}