{"id":1749,"date":"2024-11-17T16:59:59","date_gmt":"2024-11-17T19:59:59","guid":{"rendered":"https:\/\/fifv.cl\/2024\/?page_id=1749"},"modified":"2024-12-26T23:15:27","modified_gmt":"2024-12-27T02:15:27","slug":"tuwun","status":"publish","type":"page","link":"https:\/\/fifv.cl\/2024\/exposiciones\/tuwun\/","title":{"rendered":"Tuw\u00fcn"},"content":{"rendered":"\t\t<div data-elementor-type=\"wp-page\" data-elementor-id=\"1749\" class=\"elementor elementor-1749\" data-elementor-post-type=\"page\">\n\t\t\t\t<div class=\"elementor-element elementor-element-9c7df03 e-flex e-con-boxed e-con e-parent\" data-id=\"9c7df03\" data-element_type=\"container\" data-e-type=\"container\">\n\t\t\t\t\t<div class=\"e-con-inner\">\n\t\t\t\t<div class=\"elementor-element elementor-element-e9cc73c elementor-invisible elementor-widget elementor-widget-heading\" data-id=\"e9cc73c\" data-element_type=\"widget\" data-e-type=\"widget\" data-settings=\"{&quot;_animation&quot;:&quot;fadeInUp&quot;}\" data-widget_type=\"heading.default\">\n\t\t\t\t<div class=\"elementor-widget-container\">\n\t\t\t\t\t<h2 class=\"elementor-heading-title elementor-size-default\">Tuw\u00fcn<\/h2>\t\t\t\t<\/div>\n\t\t\t\t<\/div>\n\t\t\t\t\t<\/div>\n\t\t\t\t<\/div>\n\t\t<div class=\"elementor-element elementor-element-7cd9a78 e-con-full e-flex e-con e-parent\" data-id=\"7cd9a78\" data-element_type=\"container\" data-e-type=\"container\" data-settings=\"{&quot;background_background&quot;:&quot;classic&quot;}\">\n\t\t<div class=\"elementor-element elementor-element-7b67165 e-con-full e-flex e-con e-child\" data-id=\"7b67165\" data-element_type=\"container\" data-e-type=\"container\">\n\t\t\t\t<div class=\"elementor-element elementor-element-7ab8acf elementor-widget elementor-widget-heading\" data-id=\"7ab8acf\" data-element_type=\"widget\" data-e-type=\"widget\" data-widget_type=\"heading.default\">\n\t\t\t\t<div class=\"elementor-widget-container\">\n\t\t\t\t\t<h2 class=\"elementor-heading-title elementor-size-default\">Tuw\u00fcn: de la cordillera al mar, hasta donde alcanza tu mirada\n<\/h2>\t\t\t\t<\/div>\n\t\t\t\t<\/div>\n\t\t\t\t<div class=\"elementor-element elementor-element-369fa66 elementor-widget elementor-widget-text-editor\" data-id=\"369fa66\" data-element_type=\"widget\" data-e-type=\"widget\" data-widget_type=\"text-editor.default\">\n\t\t\t\t<div class=\"elementor-widget-container\">\n\t\t\t\t\t\t\t\t\t<p><span style=\"font-weight: 400;\">La noci\u00f3n de tuw\u00fcn refiere al v\u00ednculo entre el humano y su entorno natural, las ra\u00edces, el v\u00ednculo familiar, el h\u00e1bitat, el universo circundante en que se habita y se crece y se cr\u00eda dentro de una familia, un grupo social. Refiere en resumidas cuentas a una identidad.<\/span><\/p><p><span style=\"font-weight: 400;\">En este caso, el taller propone trabajar sobre la identidad de la costa\u00a0 (lafkenche) y la identidad cordillerana (pehuenche) y se suma la identidad de zona central de la regi\u00f3n de Valpara\u00edso, en un cruce de miradas de ni\u00f1os, quienes a trav\u00e9s de su fotograf\u00eda dar\u00e1n cuenta de su mundo formando un di\u00e1logo y un encuentro en el que ellos ser\u00e1n los principales protagonistas.\u00a0<\/span><\/p><p><b>Puerto_Peral,\u00a0 Ko-Panki, Imagen Salvaje y Casa Varas<\/b><span style=\"font-weight: 400;\">\u00a0 se unen en esta propuesta creativo-formativa en el que participar\u00e1n 28 ni\u00f1os de tres escuelas rurales en total. [Edades entre 11 y 13 a\u00f1os de las escuelas: <\/span><b>Escuela P\u00fablica Nehuentue (zona lafkenche), Escuela Ruka Manque (zona pehuenche, Reigolil, Curarrehue) y Escuela Domingo Ortiz de Rozas\u00a0 (Casablanca, Regi\u00f3n de Valpara\u00edso).<\/b><\/p>\t\t\t\t\t\t\t\t<\/div>\n\t\t\t\t<\/div>\n\t\t\t\t<\/div>\n\t\t<div class=\"elementor-element elementor-element-5717783 e-con-full e-flex e-con e-child\" data-id=\"5717783\" data-element_type=\"container\" data-e-type=\"container\" data-settings=\"{&quot;background_background&quot;:&quot;classic&quot;}\">\n\t\t\t\t<\/div>\n\t\t\t\t<\/div>\n\t\t<div class=\"elementor-element elementor-element-80bc72d e-flex e-con-boxed e-con e-parent\" data-id=\"80bc72d\" data-element_type=\"container\" data-e-type=\"container\" data-settings=\"{&quot;background_background&quot;:&quot;classic&quot;}\">\n\t\t\t\t\t<div class=\"e-con-inner\">\n\t\t\t\t<div class=\"elementor-element elementor-element-522cc26 elementor-posts--show-thumbnail elementor-widget elementor-widget-posts\" data-id=\"522cc26\" data-element_type=\"widget\" data-e-type=\"widget\" data-settings=\"{&quot;full_content_row_gap&quot;:{&quot;unit&quot;:&quot;px&quot;,&quot;size&quot;:24,&quot;sizes&quot;:[]},&quot;pagination_type&quot;:&quot;numbers_and_prev_next&quot;}\" data-widget_type=\"posts.full_content\">\n\t\t\t\t<div class=\"elementor-widget-container\">\n\t\t\t\t\t\t\t<div class=\"elementor-posts-container elementor-posts elementor-posts--skin-full_content elementor-grid\">\n\t\t\t\t<article class=\"elementor-post elementor-grid-item post-2035 expo type-expo status-publish hentry category-tuwun\">\n\t\t\t\t<div class=\"elementor-post__text\">\n\t\t\n<div class=\"alignnormal\"><div id=\"metaslider-id-1942\" style=\"width: 100%;\" class=\"ml-slider-3-108-0 metaslider metaslider-flex metaslider-1942 ml-slider has-carousel-mode ms-theme-blend nav-hidden\" role=\"region\" aria-label=\"TUWUN EXPO\" data-height=\"4016\" data-width=\"6016\">\n    <div id=\"metaslider_container_1942\">\n        <div id=\"metaslider_1942\">\n            <ul class='slides'>\n                <li style=\"display: none; width: 100%;\" class=\"slide-1964 ms-image \" aria-roledescription=\"slide\" data-date=\"2024-11-22 19:56:43\" data-filename=\"DSC_1195-scaled-2560x1708.jpg\" data-slide-type=\"image\"><img fetchpriority=\"high\" fetchpriority=\"high\" decoding=\"async\" src=\"https:\/\/fifv.cl\/2024\/wp-content\/uploads\/2024\/11\/DSC_1195-scaled-2560x1708.jpg\" height=\"4016\" width=\"6016\" alt=\"\" class=\"slider-1942 slide-1964 msDefaultImage\" title=\"DSC_1195\" \/><\/li>\n                <li style=\"display: none; width: 100%;\" class=\"slide-1962 ms-image \" aria-roledescription=\"slide\" data-date=\"2024-11-22 19:56:43\" data-filename=\"DSC_1177-scaled-2560x1708.jpg\" data-slide-type=\"image\"><img decoding=\"async\" src=\"https:\/\/fifv.cl\/2024\/wp-content\/uploads\/2024\/11\/DSC_1177-scaled-2560x1708.jpg\" height=\"4016\" width=\"6016\" alt=\"\" class=\"slider-1942 slide-1962 msDefaultImage\" title=\"DSC_1177\" \/><\/li>\n                <li style=\"display: none; width: 100%;\" class=\"slide-1965 ms-image \" aria-roledescription=\"slide\" data-date=\"2024-11-22 19:56:43\" data-filename=\"DSC_1206-scaled-2560x1708.jpg\" data-slide-type=\"image\"><img decoding=\"async\" src=\"https:\/\/fifv.cl\/2024\/wp-content\/uploads\/2024\/11\/DSC_1206-scaled-2560x1708.jpg\" height=\"4016\" width=\"6016\" alt=\"\" class=\"slider-1942 slide-1965 msDefaultImage\" title=\"DSC_1206\" \/><\/li>\n                <li style=\"display: none; width: 100%;\" class=\"slide-1966 ms-image \" aria-roledescription=\"slide\" data-date=\"2024-11-22 19:56:43\" data-filename=\"DSC_1207-1-scaled-2560x1708.jpg\" data-slide-type=\"image\"><img loading=\"lazy\" loading=\"lazy\" decoding=\"async\" src=\"https:\/\/fifv.cl\/2024\/wp-content\/uploads\/2024\/11\/DSC_1207-1-scaled-2560x1708.jpg\" height=\"4016\" width=\"6016\" alt=\"\" class=\"slider-1942 slide-1966 msDefaultImage\" title=\"DSC_1207\" \/><\/li>\n                <li style=\"display: none; width: 100%;\" class=\"slide-1967 ms-image \" aria-roledescription=\"slide\" data-date=\"2024-11-22 19:56:43\" data-filename=\"DSC_1209-scaled-2560x1708.jpg\" data-slide-type=\"image\"><img loading=\"lazy\" loading=\"lazy\" decoding=\"async\" src=\"https:\/\/fifv.cl\/2024\/wp-content\/uploads\/2024\/11\/DSC_1209-scaled-2560x1708.jpg\" height=\"4016\" width=\"6016\" alt=\"\" class=\"slider-1942 slide-1967 msDefaultImage\" title=\"DSC_1209\" \/><\/li>\n                <li style=\"display: none; width: 100%;\" class=\"slide-1968 ms-image \" aria-roledescription=\"slide\" data-date=\"2024-11-22 19:56:43\" data-filename=\"DSC_1229-1-scaled-2560x1708.jpg\" data-slide-type=\"image\"><img loading=\"lazy\" loading=\"lazy\" decoding=\"async\" src=\"https:\/\/fifv.cl\/2024\/wp-content\/uploads\/2024\/11\/DSC_1229-1-scaled-2560x1708.jpg\" height=\"4016\" width=\"6016\" alt=\"\" class=\"slider-1942 slide-1968 msDefaultImage\" title=\"DSC_1229\" \/><\/li>\n                <li style=\"display: none; width: 100%;\" class=\"slide-1969 ms-image \" aria-roledescription=\"slide\" data-date=\"2024-11-22 19:56:43\" data-filename=\"DSC_1250-1-scaled-2560x1708.jpg\" data-slide-type=\"image\"><img loading=\"lazy\" loading=\"lazy\" decoding=\"async\" src=\"https:\/\/fifv.cl\/2024\/wp-content\/uploads\/2024\/11\/DSC_1250-1-scaled-2560x1708.jpg\" height=\"4016\" width=\"6016\" alt=\"\" class=\"slider-1942 slide-1969 msDefaultImage\" title=\"DSC_1250\" \/><\/li>\n                <li style=\"display: none; width: 100%;\" class=\"slide-1970 ms-image \" aria-roledescription=\"slide\" data-date=\"2024-11-22 19:56:43\" data-filename=\"DSC_1272-2-scaled-2560x1708.jpg\" data-slide-type=\"image\"><img loading=\"lazy\" loading=\"lazy\" decoding=\"async\" src=\"https:\/\/fifv.cl\/2024\/wp-content\/uploads\/2024\/11\/DSC_1272-2-scaled-2560x1708.jpg\" height=\"4016\" width=\"6016\" alt=\"\" class=\"slider-1942 slide-1970 msDefaultImage\" title=\"DSC_1272-2\" \/><\/li>\n                <li style=\"display: none; width: 100%;\" class=\"slide-1971 ms-image \" aria-roledescription=\"slide\" data-date=\"2024-11-22 19:56:43\" data-filename=\"DSC_1273-scaled-2557x1707.jpg\" data-slide-type=\"image\"><img loading=\"lazy\" loading=\"lazy\" decoding=\"async\" src=\"https:\/\/fifv.cl\/2024\/wp-content\/uploads\/2024\/11\/DSC_1273-scaled-2557x1707.jpg\" height=\"4016\" width=\"6016\" alt=\"\" class=\"slider-1942 slide-1971 msDefaultImage\" title=\"DSC_1273\" \/><\/li>\n                <li style=\"display: none; width: 100%;\" class=\"slide-1972 ms-image \" aria-roledescription=\"slide\" data-date=\"2024-11-22 19:56:43\" data-filename=\"DSC_1284-scaled-2560x1708.jpg\" data-slide-type=\"image\"><img loading=\"lazy\" loading=\"lazy\" decoding=\"async\" src=\"https:\/\/fifv.cl\/2024\/wp-content\/uploads\/2024\/11\/DSC_1284-scaled-2560x1708.jpg\" height=\"4016\" width=\"6016\" alt=\"\" class=\"slider-1942 slide-1972 msDefaultImage\" title=\"DSC_1284\" \/><\/li>\n                <li style=\"display: none; width: 100%;\" class=\"slide-1973 ms-image \" aria-roledescription=\"slide\" data-date=\"2024-11-22 19:56:43\" data-filename=\"DSC_1291-1-scaled-2560x1708.jpg\" data-slide-type=\"image\"><img loading=\"lazy\" loading=\"lazy\" decoding=\"async\" src=\"https:\/\/fifv.cl\/2024\/wp-content\/uploads\/2024\/11\/DSC_1291-1-scaled-2560x1708.jpg\" height=\"4016\" width=\"6016\" alt=\"\" class=\"slider-1942 slide-1973 msDefaultImage\" title=\"DSC_1291\" \/><\/li>\n                <li style=\"display: none; width: 100%;\" class=\"slide-1974 ms-image \" aria-roledescription=\"slide\" data-date=\"2024-11-22 19:56:43\" data-filename=\"DSC_1295-1-scaled-2560x1708.jpg\" data-slide-type=\"image\"><img loading=\"lazy\" loading=\"lazy\" decoding=\"async\" src=\"https:\/\/fifv.cl\/2024\/wp-content\/uploads\/2024\/11\/DSC_1295-1-scaled-2560x1708.jpg\" height=\"4016\" width=\"6016\" alt=\"\" class=\"slider-1942 slide-1974 msDefaultImage\" title=\"DSC_1295\" \/><\/li>\n                <li style=\"display: none; width: 100%;\" class=\"slide-1975 ms-image \" aria-roledescription=\"slide\" data-date=\"2024-11-22 19:56:43\" data-filename=\"DSC_1307-scaled-2560x1708.jpg\" data-slide-type=\"image\"><img loading=\"lazy\" loading=\"lazy\" decoding=\"async\" src=\"https:\/\/fifv.cl\/2024\/wp-content\/uploads\/2024\/11\/DSC_1307-scaled-2560x1708.jpg\" height=\"4016\" width=\"6016\" alt=\"\" class=\"slider-1942 slide-1975 msDefaultImage\" title=\"DSC_1307\" \/><\/li>\n                <li style=\"display: none; width: 100%;\" class=\"slide-1976 ms-image \" aria-roledescription=\"slide\" data-date=\"2024-11-22 19:56:43\" data-filename=\"DSC_1308-scaled-2560x1708.jpg\" data-slide-type=\"image\"><img loading=\"lazy\" loading=\"lazy\" decoding=\"async\" src=\"https:\/\/fifv.cl\/2024\/wp-content\/uploads\/2024\/11\/DSC_1308-scaled-2560x1708.jpg\" height=\"4016\" width=\"6016\" alt=\"\" class=\"slider-1942 slide-1976 msDefaultImage\" title=\"DSC_1308\" \/><\/li>\n                <li style=\"display: none; width: 100%;\" class=\"slide-1977 ms-image \" aria-roledescription=\"slide\" data-date=\"2024-11-22 19:56:43\" data-filename=\"DSC_1313-1-scaled-2560x1708.jpg\" data-slide-type=\"image\"><img loading=\"lazy\" loading=\"lazy\" decoding=\"async\" src=\"https:\/\/fifv.cl\/2024\/wp-content\/uploads\/2024\/11\/DSC_1313-1-scaled-2560x1708.jpg\" height=\"4016\" width=\"6016\" alt=\"\" class=\"slider-1942 slide-1977 msDefaultImage\" title=\"DSC_1313\" \/><\/li>\n                <li style=\"display: none; width: 100%;\" class=\"slide-1978 ms-image \" aria-roledescription=\"slide\" data-date=\"2024-11-22 19:56:43\" data-filename=\"DSC_1320-scaled-2560x1708.jpg\" data-slide-type=\"image\"><img loading=\"lazy\" loading=\"lazy\" decoding=\"async\" src=\"https:\/\/fifv.cl\/2024\/wp-content\/uploads\/2024\/11\/DSC_1320-scaled-2560x1708.jpg\" height=\"4016\" width=\"6016\" alt=\"\" class=\"slider-1942 slide-1978 msDefaultImage\" title=\"DSC_1320\" \/><\/li>\n                <li style=\"display: none; width: 100%;\" class=\"slide-1979 ms-image \" aria-roledescription=\"slide\" data-date=\"2024-11-22 19:56:43\" data-filename=\"DSC_1323-scaled-2560x1708.jpg\" data-slide-type=\"image\"><img loading=\"lazy\" loading=\"lazy\" decoding=\"async\" src=\"https:\/\/fifv.cl\/2024\/wp-content\/uploads\/2024\/11\/DSC_1323-scaled-2560x1708.jpg\" height=\"4016\" width=\"6016\" alt=\"\" class=\"slider-1942 slide-1979 msDefaultImage\" title=\"DSC_1323\" \/><\/li>\n                <li style=\"display: none; width: 100%;\" class=\"slide-1980 ms-image \" aria-roledescription=\"slide\" data-date=\"2024-11-22 19:56:43\" data-filename=\"DSC_1324-scaled-2560x1708.jpg\" data-slide-type=\"image\"><img loading=\"lazy\" loading=\"lazy\" decoding=\"async\" src=\"https:\/\/fifv.cl\/2024\/wp-content\/uploads\/2024\/11\/DSC_1324-scaled-2560x1708.jpg\" height=\"4016\" width=\"6016\" alt=\"\" class=\"slider-1942 slide-1980 msDefaultImage\" title=\"DSC_1324\" \/><\/li>\n            <\/ul>\n        <\/div>\n        \n    <\/div>\n<\/div><\/div>\n\n\n\n<p><em>Registro fotogr\u00e1fico por Alexis Vera<\/em><\/p>\n\t\t<\/div>\n\t\t\t\t<\/article>\n\t\t\t\t<\/div>\n\t\t\n\t\t\t\t\t\t<\/div>\n\t\t\t\t<\/div>\n\t\t\t\t\t<\/div>\n\t\t\t\t<\/div>\n\t\t\t\t<\/div>\n\t\t","protected":false},"excerpt":{"rendered":"<p>Tuw\u00fcn Tuw\u00fcn: de la cordillera al mar, hasta donde alcanza tu mirada La noci\u00f3n de tuw\u00fcn refiere al v\u00ednculo entre el humano y su entorno natural, las ra\u00edces, el v\u00ednculo familiar, el h\u00e1bitat, el universo circundante en que se habita y se crece y se cr\u00eda dentro de una familia, un grupo social. Refiere en [&hellip;]<\/p>\n","protected":false},"author":1,"featured_media":0,"parent":624,"menu_order":0,"comment_status":"closed","ping_status":"closed","template":"elementor_header_footer","meta":{"footnotes":""},"class_list":["post-1749","page","type-page","status-publish","hentry"],"yoast_head":"<!-- This site is optimized with the Yoast SEO plugin v27.4 - https:\/\/yoast.com\/product\/yoast-seo-wordpress\/ -->\n<title>Tuw\u00fcn &#8212; FIFV 2024<\/title>\n<meta name=\"robots\" content=\"index, follow, max-snippet:-1, max-image-preview:large, max-video-preview:-1\" \/>\n<link rel=\"canonical\" href=\"https:\/\/fifv.cl\/2024\/exposiciones\/tuwun\/\" \/>\n<meta property=\"og:locale\" content=\"es_ES\" \/>\n<meta property=\"og:type\" content=\"article\" \/>\n<meta property=\"og:title\" content=\"Tuw\u00fcn &#8212; FIFV 2024\" \/>\n<meta property=\"og:description\" content=\"Tuw\u00fcn Tuw\u00fcn: de la cordillera al mar, hasta donde alcanza tu mirada La noci\u00f3n de tuw\u00fcn refiere al v\u00ednculo entre el humano y su entorno natural, las ra\u00edces, el v\u00ednculo familiar, el h\u00e1bitat, el universo circundante en que se habita y se crece y se cr\u00eda dentro de una familia, un grupo social. Refiere en [&hellip;]\" \/>\n<meta property=\"og:url\" content=\"https:\/\/fifv.cl\/2024\/exposiciones\/tuwun\/\" \/>\n<meta property=\"og:site_name\" content=\"FIFV 2024\" \/>\n<meta property=\"article:modified_time\" content=\"2024-12-27T02:15:27+00:00\" \/>\n<meta property=\"og:image\" content=\"https:\/\/fifv.cl\/2024\/wp-content\/uploads\/2024\/10\/FIFV-1-7-scaled.jpg\" \/>\n\t<meta property=\"og:image:width\" content=\"2560\" \/>\n\t<meta property=\"og:image:height\" content=\"1709\" \/>\n\t<meta property=\"og:image:type\" content=\"image\/jpeg\" \/>\n<meta name=\"twitter:card\" content=\"summary_large_image\" \/>\n<meta name=\"twitter:label1\" content=\"Tiempo de lectura\" \/>\n\t<meta name=\"twitter:data1\" content=\"5 minutos\" \/>\n<script type=\"application\/ld+json\" class=\"yoast-schema-graph\">{\"@context\":\"https:\\\/\\\/schema.org\",\"@graph\":[{\"@type\":\"WebPage\",\"@id\":\"https:\\\/\\\/fifv.cl\\\/2024\\\/exposiciones\\\/tuwun\\\/\",\"url\":\"https:\\\/\\\/fifv.cl\\\/2024\\\/exposiciones\\\/tuwun\\\/\",\"name\":\"Tuw\u00fcn &#8212; FIFV 2024\",\"isPartOf\":{\"@id\":\"https:\\\/\\\/fifv.cl\\\/2024\\\/#website\"},\"datePublished\":\"2024-11-17T19:59:59+00:00\",\"dateModified\":\"2024-12-27T02:15:27+00:00\",\"breadcrumb\":{\"@id\":\"https:\\\/\\\/fifv.cl\\\/2024\\\/exposiciones\\\/tuwun\\\/#breadcrumb\"},\"inLanguage\":\"es\",\"potentialAction\":[{\"@type\":\"ReadAction\",\"target\":[\"https:\\\/\\\/fifv.cl\\\/2024\\\/exposiciones\\\/tuwun\\\/\"]}]},{\"@type\":\"BreadcrumbList\",\"@id\":\"https:\\\/\\\/fifv.cl\\\/2024\\\/exposiciones\\\/tuwun\\\/#breadcrumb\",\"itemListElement\":[{\"@type\":\"ListItem\",\"position\":1,\"name\":\"Portada\",\"item\":\"https:\\\/\\\/fifv.cl\\\/2024\\\/\"},{\"@type\":\"ListItem\",\"position\":2,\"name\":\"Exposiciones\",\"item\":\"https:\\\/\\\/fifv.cl\\\/2024\\\/exposiciones\\\/\"},{\"@type\":\"ListItem\",\"position\":3,\"name\":\"Tuw\u00fcn\"}]},{\"@type\":\"WebSite\",\"@id\":\"https:\\\/\\\/fifv.cl\\\/2024\\\/#website\",\"url\":\"https:\\\/\\\/fifv.cl\\\/2024\\\/\",\"name\":\"FIFV 2024\",\"description\":\"Festival Internacional de Fotograf\u00eda en Valpara\u00edso\",\"publisher\":{\"@id\":\"https:\\\/\\\/fifv.cl\\\/2024\\\/#organization\"},\"alternateName\":\"FIFV\",\"potentialAction\":[{\"@type\":\"SearchAction\",\"target\":{\"@type\":\"EntryPoint\",\"urlTemplate\":\"https:\\\/\\\/fifv.cl\\\/2024\\\/?s={search_term_string}\"},\"query-input\":{\"@type\":\"PropertyValueSpecification\",\"valueRequired\":true,\"valueName\":\"search_term_string\"}}],\"inLanguage\":\"es\"},{\"@type\":\"Organization\",\"@id\":\"https:\\\/\\\/fifv.cl\\\/2024\\\/#organization\",\"name\":\"Festival Internacional de Fotograf\u00eda en Valpara\u00edso\",\"alternateName\":\"FIFV\",\"url\":\"https:\\\/\\\/fifv.cl\\\/2024\\\/\",\"logo\":{\"@type\":\"ImageObject\",\"inLanguage\":\"es\",\"@id\":\"https:\\\/\\\/fifv.cl\\\/2024\\\/#\\\/schema\\\/logo\\\/image\\\/\",\"url\":\"https:\\\/\\\/fifv.cl\\\/2024\\\/wp-content\\\/uploads\\\/2024\\\/08\\\/02-fifv.png\",\"contentUrl\":\"https:\\\/\\\/fifv.cl\\\/2024\\\/wp-content\\\/uploads\\\/2024\\\/08\\\/02-fifv.png\",\"width\":227,\"height\":183,\"caption\":\"Festival Internacional de Fotograf\u00eda en Valpara\u00edso\"},\"image\":{\"@id\":\"https:\\\/\\\/fifv.cl\\\/2024\\\/#\\\/schema\\\/logo\\\/image\\\/\"}}]}<\/script>\n<!-- \/ Yoast SEO plugin. -->","yoast_head_json":{"title":"Tuw\u00fcn &#8212; FIFV 2024","robots":{"index":"index","follow":"follow","max-snippet":"max-snippet:-1","max-image-preview":"max-image-preview:large","max-video-preview":"max-video-preview:-1"},"canonical":"https:\/\/fifv.cl\/2024\/exposiciones\/tuwun\/","og_locale":"es_ES","og_type":"article","og_title":"Tuw\u00fcn &#8212; FIFV 2024","og_description":"Tuw\u00fcn Tuw\u00fcn: de la cordillera al mar, hasta donde alcanza tu mirada La noci\u00f3n de tuw\u00fcn refiere al v\u00ednculo entre el humano y su entorno natural, las ra\u00edces, el v\u00ednculo familiar, el h\u00e1bitat, el universo circundante en que se habita y se crece y se cr\u00eda dentro de una familia, un grupo social. Refiere en [&hellip;]","og_url":"https:\/\/fifv.cl\/2024\/exposiciones\/tuwun\/","og_site_name":"FIFV 2024","article_modified_time":"2024-12-27T02:15:27+00:00","og_image":[{"width":2560,"height":1709,"url":"https:\/\/fifv.cl\/2024\/wp-content\/uploads\/2024\/10\/FIFV-1-7-scaled.jpg","type":"image\/jpeg"}],"twitter_card":"summary_large_image","twitter_misc":{"Tiempo de lectura":"5 minutos"},"schema":{"@context":"https:\/\/schema.org","@graph":[{"@type":"WebPage","@id":"https:\/\/fifv.cl\/2024\/exposiciones\/tuwun\/","url":"https:\/\/fifv.cl\/2024\/exposiciones\/tuwun\/","name":"Tuw\u00fcn &#8212; FIFV 2024","isPartOf":{"@id":"https:\/\/fifv.cl\/2024\/#website"},"datePublished":"2024-11-17T19:59:59+00:00","dateModified":"2024-12-27T02:15:27+00:00","breadcrumb":{"@id":"https:\/\/fifv.cl\/2024\/exposiciones\/tuwun\/#breadcrumb"},"inLanguage":"es","potentialAction":[{"@type":"ReadAction","target":["https:\/\/fifv.cl\/2024\/exposiciones\/tuwun\/"]}]},{"@type":"BreadcrumbList","@id":"https:\/\/fifv.cl\/2024\/exposiciones\/tuwun\/#breadcrumb","itemListElement":[{"@type":"ListItem","position":1,"name":"Portada","item":"https:\/\/fifv.cl\/2024\/"},{"@type":"ListItem","position":2,"name":"Exposiciones","item":"https:\/\/fifv.cl\/2024\/exposiciones\/"},{"@type":"ListItem","position":3,"name":"Tuw\u00fcn"}]},{"@type":"WebSite","@id":"https:\/\/fifv.cl\/2024\/#website","url":"https:\/\/fifv.cl\/2024\/","name":"FIFV 2024","description":"Festival Internacional de Fotograf\u00eda en Valpara\u00edso","publisher":{"@id":"https:\/\/fifv.cl\/2024\/#organization"},"alternateName":"FIFV","potentialAction":[{"@type":"SearchAction","target":{"@type":"EntryPoint","urlTemplate":"https:\/\/fifv.cl\/2024\/?s={search_term_string}"},"query-input":{"@type":"PropertyValueSpecification","valueRequired":true,"valueName":"search_term_string"}}],"inLanguage":"es"},{"@type":"Organization","@id":"https:\/\/fifv.cl\/2024\/#organization","name":"Festival Internacional de Fotograf\u00eda en Valpara\u00edso","alternateName":"FIFV","url":"https:\/\/fifv.cl\/2024\/","logo":{"@type":"ImageObject","inLanguage":"es","@id":"https:\/\/fifv.cl\/2024\/#\/schema\/logo\/image\/","url":"https:\/\/fifv.cl\/2024\/wp-content\/uploads\/2024\/08\/02-fifv.png","contentUrl":"https:\/\/fifv.cl\/2024\/wp-content\/uploads\/2024\/08\/02-fifv.png","width":227,"height":183,"caption":"Festival Internacional de Fotograf\u00eda en Valpara\u00edso"},"image":{"@id":"https:\/\/fifv.cl\/2024\/#\/schema\/logo\/image\/"}}]}},"_links":{"self":[{"href":"https:\/\/fifv.cl\/2024\/wp-json\/wp\/v2\/pages\/1749","targetHints":{"allow":["GET"]}}],"collection":[{"href":"https:\/\/fifv.cl\/2024\/wp-json\/wp\/v2\/pages"}],"about":[{"href":"https:\/\/fifv.cl\/2024\/wp-json\/wp\/v2\/types\/page"}],"author":[{"embeddable":true,"href":"https:\/\/fifv.cl\/2024\/wp-json\/wp\/v2\/users\/1"}],"replies":[{"embeddable":true,"href":"https:\/\/fifv.cl\/2024\/wp-json\/wp\/v2\/comments?post=1749"}],"version-history":[{"count":19,"href":"https:\/\/fifv.cl\/2024\/wp-json\/wp\/v2\/pages\/1749\/revisions"}],"predecessor-version":[{"id":2059,"href":"https:\/\/fifv.cl\/2024\/wp-json\/wp\/v2\/pages\/1749\/revisions\/2059"}],"up":[{"embeddable":true,"href":"https:\/\/fifv.cl\/2024\/wp-json\/wp\/v2\/pages\/624"}],"wp:attachment":[{"href":"https:\/\/fifv.cl\/2024\/wp-json\/wp\/v2\/media?parent=1749"}],"curies":[{"name":"wp","href":"https:\/\/api.w.org\/{rel}","templated":true}]}}