{"id":21,"date":"2025-10-28T17:27:16","date_gmt":"2025-10-28T20:27:16","guid":{"rendered":"https:\/\/fifv.cl\/20252\/?page_id=21"},"modified":"2025-11-02T00:04:09","modified_gmt":"2025-11-02T03:04:09","slug":"workshop-gabrielle-duplantier","status":"publish","type":"page","link":"https:\/\/fifv.cl\/2025\/procesos-creativos\/workshop-gabrielle-duplantier\/","title":{"rendered":"Workshop Gabrielle Duplantier"},"content":{"rendered":"\t\t<div data-elementor-type=\"wp-page\" data-elementor-id=\"21\" class=\"elementor elementor-21\" data-elementor-post-type=\"page\">\n\t\t\t\t<div class=\"elementor-element elementor-element-145a098 e-flex e-con-boxed elementor-invisible e-con e-parent\" data-id=\"145a098\" data-element_type=\"container\" data-settings=\"{&quot;background_background&quot;:&quot;classic&quot;,&quot;animation&quot;:&quot;fadeIn&quot;}\">\n\t\t\t\t\t<div class=\"e-con-inner\">\n\t\t\t\t<div class=\"elementor-element elementor-element-71f9e4e elementor-widget elementor-widget-heading\" data-id=\"71f9e4e\" data-element_type=\"widget\" data-widget_type=\"heading.default\">\n\t\t\t\t\t<h2 class=\"elementor-heading-title elementor-size-default\">Workshop Gabrielle Duplantier\n<\/h2>\t\t\t\t<\/div>\n\t\t\t\t<div class=\"elementor-element elementor-element-c5942ff elementor-widget elementor-widget-text-editor\" data-id=\"c5942ff\" data-element_type=\"widget\" data-widget_type=\"text-editor.default\">\n\t\t\t\t\t\t\t\t\t<p>Recrear el mundo propio<\/p>\t\t\t\t\t\t\t\t<\/div>\n\t\t\t\t\t<\/div>\n\t\t\t\t<\/div>\n\t\t<div class=\"elementor-element elementor-element-f92bea7 e-flex e-con-boxed elementor-invisible e-con e-parent\" data-id=\"f92bea7\" data-element_type=\"container\" data-settings=\"{&quot;background_background&quot;:&quot;classic&quot;,&quot;animation&quot;:&quot;fadeIn&quot;}\">\n\t\t\t\t\t<div class=\"e-con-inner\">\n\t\t\t\t<div class=\"elementor-element elementor-element-4483941 elementor-widget elementor-widget-text-editor\" data-id=\"4483941\" data-element_type=\"widget\" data-widget_type=\"text-editor.default\">\n\t\t\t\t\t\t\t\t\t<p><span style=\"font-weight: 400;\">La fot\u00f3grafa franco-estadounidense Gabrielle Duplantier llega al Festival Internacional de Fotograf\u00eda de Valpara\u00edso para llevar a cabo un taller de creaci\u00f3n centrado en la construcci\u00f3n de una mirada \u00edntima y autoral sobre la realidad. Su propuesta invita a alejarse de la l\u00f3gica puramente documental para explorar la fotograf\u00eda como un espacio donde el mundo exterior y la experiencia personal se entrelazan. El workshop explora la propia creatividad, para intentar retratar un lugar y a sus personas en im\u00e1genes, con libertad y poes\u00eda.<\/span><\/p><p><span style=\"font-weight: 400;\">La experiencia est\u00e1 pensada como un proceso de observaci\u00f3n atenta y lenta, donde la c\u00e1mara se convierte en una extensi\u00f3n del cuerpo y de la imaginaci\u00f3n. Al finalizar, una selecci\u00f3n del trabajo realizado formar\u00e1 parte de la exposici\u00f3n colectiva de cierre de la decimosexta versi\u00f3n del FIFV, compartiendo con la comunidad la voz visual construida durante estos d\u00edas de encuentro y creaci\u00f3n compartida.<\/span><\/p><p><b>Tallerista &#8211; <\/b><span style=\"font-weight: 400;\">Gabrielle Duplantier (FR-US)<\/span><\/p><p><b>Asistente <\/b><span style=\"font-weight: 400;\">\u2013 Artus Cadet (FR)\u00a0<\/span><\/p><p><span style=\"font-weight: 400;\">Gabrielle Duplantier es una fot\u00f3grafa franco-estadounidense que vive en el suroeste de Francia. Formada en Bellas Artes e Historia del Arte, su trabajo se sit\u00faa entre el retrato y el paisaje, explorando territorios cercanos y relaciones afectivas con los lugares y las personas. Ha viajado reiteradamente al Pa\u00eds Vasco, Portugal y la India, construyendo una geograf\u00eda \u00edntima donde lo cotidiano adquiere densidad emocional. Su aproximaci\u00f3n es f\u00edsica y sensorial: la imagen emerge desde la inmersi\u00f3n en el entorno, m\u00e1s que desde la observaci\u00f3n distante.<\/span><\/p><p><span style=\"font-weight: 400;\">Su universo visual se mueve entre lo sagrado y lo profano, lo terrenal y lo imaginado, dando lugar a fotograf\u00edas que parecen surgir de la memoria o de un sue\u00f1o. Ha publicado Volta (2014, reeditado en 2021), Terres Basses (2018) y Wild Rose (2024) con la editorial Lamaindonne, y su obra ha sido exhibida y difundida ampliamente en Francia y en el extranjero. Duplantier es tambi\u00e9n miembro del Colectivo Temps Z\u00e9ro.<\/span><\/p><p><b>Seleccionad@s\u00a0<br \/><\/b><span style=\"font-size: 1rem;\">Marcela Valdevenito (CL)\u00a0<br \/><\/span><span style=\"font-size: 1rem;\">\u00c1ngela Tob\u00f3n (CO)<br \/><\/span><span style=\"font-size: 1rem;\">Mar\u00eda Jos\u00e9 Garc\u00e9s (CL)<br \/><\/span><span style=\"font-size: 1rem;\">Miguel Abarz\u00faa (CL)<br \/><\/span><span style=\"font-size: 1rem;\">Joaqu\u00edn Madrid (CL)<br \/><\/span><span style=\"font-size: 1rem;\">Carlos Barrueto (CL)<br \/><\/span><span style=\"font-size: 1rem;\">Camila Sherman (CL)<br \/><\/span><span style=\"font-size: 1rem;\">Ida Larsson (SE)<br \/><\/span><span style=\"font-size: 1rem;\">Magdalena Aguirre (CL)<br \/><\/span><span style=\"font-size: 1rem;\">Mauricio Luque (PE)<\/span><\/p>\t\t\t\t\t\t\t\t<\/div>\n\t\t\t\t\t<\/div>\n\t\t\t\t<\/div>\n\t\t\t\t<\/div>\n\t\t","protected":false},"excerpt":{"rendered":"<p>Workshop Gabrielle Duplantier Recrear el mundo propio La fot\u00f3grafa franco-estadounidense Gabrielle Duplantier llega al Festival Internacional de Fotograf\u00eda de Valpara\u00edso para llevar a cabo un taller de creaci\u00f3n centrado en la construcci\u00f3n de una mirada \u00edntima y autoral sobre la realidad. Su propuesta invita a alejarse de la l\u00f3gica puramente documental para explorar la fotograf\u00eda [&hellip;]<\/p>\n","protected":false},"author":1,"featured_media":0,"parent":14,"menu_order":0,"comment_status":"closed","ping_status":"closed","template":"elementor_header_footer","meta":{"_eb_attr":"","footnotes":""},"class_list":["post-21","page","type-page","status-publish","hentry"],"yoast_head":"<!-- This site is optimized with the Yoast SEO plugin v26.2 - https:\/\/yoast.com\/wordpress\/plugins\/seo\/ -->\n<title>Workshop Gabrielle Duplantier - FIFV 2025<\/title>\n<meta name=\"robots\" content=\"index, follow, max-snippet:-1, max-image-preview:large, max-video-preview:-1\" \/>\n<link rel=\"canonical\" href=\"https:\/\/fifv.cl\/2025\/procesos-creativos\/workshop-gabrielle-duplantier\/\" \/>\n<meta property=\"og:locale\" content=\"es_ES\" \/>\n<meta property=\"og:type\" content=\"article\" \/>\n<meta property=\"og:title\" content=\"Workshop Gabrielle Duplantier - FIFV 2025\" \/>\n<meta property=\"og:description\" content=\"Workshop Gabrielle Duplantier Recrear el mundo propio La fot\u00f3grafa franco-estadounidense Gabrielle Duplantier llega al Festival Internacional de Fotograf\u00eda de Valpara\u00edso para llevar a cabo un taller de creaci\u00f3n centrado en la construcci\u00f3n de una mirada \u00edntima y autoral sobre la realidad. Su propuesta invita a alejarse de la l\u00f3gica puramente documental para explorar la fotograf\u00eda [&hellip;]\" \/>\n<meta property=\"og:url\" content=\"https:\/\/fifv.cl\/2025\/procesos-creativos\/workshop-gabrielle-duplantier\/\" \/>\n<meta property=\"og:site_name\" content=\"FIFV 2025\" \/>\n<meta property=\"article:publisher\" content=\"https:\/\/www.facebook.com\/casaespacio.fifv\" \/>\n<meta property=\"article:modified_time\" content=\"2025-11-02T03:04:09+00:00\" \/>\n<meta name=\"twitter:card\" content=\"summary_large_image\" \/>\n<meta name=\"twitter:label1\" content=\"Tiempo estimado de lectura\" \/>\n\t<meta name=\"twitter:data1\" content=\"2 minutos\" \/>\n<script type=\"application\/ld+json\" class=\"yoast-schema-graph\">{\"@context\":\"https:\/\/schema.org\",\"@graph\":[{\"@type\":\"WebPage\",\"@id\":\"https:\/\/fifv.cl\/2025\/procesos-creativos\/workshop-gabrielle-duplantier\/\",\"url\":\"https:\/\/fifv.cl\/2025\/procesos-creativos\/workshop-gabrielle-duplantier\/\",\"name\":\"Workshop Gabrielle Duplantier - FIFV 2025\",\"isPartOf\":{\"@id\":\"https:\/\/fifv.cl\/2025\/#website\"},\"datePublished\":\"2025-10-28T20:27:16+00:00\",\"dateModified\":\"2025-11-02T03:04:09+00:00\",\"breadcrumb\":{\"@id\":\"https:\/\/fifv.cl\/2025\/procesos-creativos\/workshop-gabrielle-duplantier\/#breadcrumb\"},\"inLanguage\":\"es-CL\",\"potentialAction\":[{\"@type\":\"ReadAction\",\"target\":[\"https:\/\/fifv.cl\/2025\/procesos-creativos\/workshop-gabrielle-duplantier\/\"]}]},{\"@type\":\"BreadcrumbList\",\"@id\":\"https:\/\/fifv.cl\/2025\/procesos-creativos\/workshop-gabrielle-duplantier\/#breadcrumb\",\"itemListElement\":[{\"@type\":\"ListItem\",\"position\":1,\"name\":\"Home\",\"item\":\"https:\/\/fifv.cl\/2025\/\"},{\"@type\":\"ListItem\",\"position\":2,\"name\":\"Procesos creativos\",\"item\":\"https:\/\/fifv.cl\/2025\/procesos-creativos\/\"},{\"@type\":\"ListItem\",\"position\":3,\"name\":\"Workshop Gabrielle Duplantier\"}]},{\"@type\":\"WebSite\",\"@id\":\"https:\/\/fifv.cl\/2025\/#website\",\"url\":\"https:\/\/fifv.cl\/2025\/\",\"name\":\"FIFV 2025\",\"description\":\"Festival Internacional de Fotograf\u00eda en Valpara\u00edso\",\"potentialAction\":[{\"@type\":\"SearchAction\",\"target\":{\"@type\":\"EntryPoint\",\"urlTemplate\":\"https:\/\/fifv.cl\/2025\/?s={search_term_string}\"},\"query-input\":{\"@type\":\"PropertyValueSpecification\",\"valueRequired\":true,\"valueName\":\"search_term_string\"}}],\"inLanguage\":\"es-CL\"}]}<\/script>\n<!-- \/ Yoast SEO plugin. -->","yoast_head_json":{"title":"Workshop Gabrielle Duplantier - FIFV 2025","robots":{"index":"index","follow":"follow","max-snippet":"max-snippet:-1","max-image-preview":"max-image-preview:large","max-video-preview":"max-video-preview:-1"},"canonical":"https:\/\/fifv.cl\/2025\/procesos-creativos\/workshop-gabrielle-duplantier\/","og_locale":"es_ES","og_type":"article","og_title":"Workshop Gabrielle Duplantier - FIFV 2025","og_description":"Workshop Gabrielle Duplantier Recrear el mundo propio La fot\u00f3grafa franco-estadounidense Gabrielle Duplantier llega al Festival Internacional de Fotograf\u00eda de Valpara\u00edso para llevar a cabo un taller de creaci\u00f3n centrado en la construcci\u00f3n de una mirada \u00edntima y autoral sobre la realidad. Su propuesta invita a alejarse de la l\u00f3gica puramente documental para explorar la fotograf\u00eda [&hellip;]","og_url":"https:\/\/fifv.cl\/2025\/procesos-creativos\/workshop-gabrielle-duplantier\/","og_site_name":"FIFV 2025","article_publisher":"https:\/\/www.facebook.com\/casaespacio.fifv","article_modified_time":"2025-11-02T03:04:09+00:00","twitter_card":"summary_large_image","twitter_misc":{"Tiempo estimado de lectura":"2 minutos"},"schema":{"@context":"https:\/\/schema.org","@graph":[{"@type":"WebPage","@id":"https:\/\/fifv.cl\/2025\/procesos-creativos\/workshop-gabrielle-duplantier\/","url":"https:\/\/fifv.cl\/2025\/procesos-creativos\/workshop-gabrielle-duplantier\/","name":"Workshop Gabrielle Duplantier - FIFV 2025","isPartOf":{"@id":"https:\/\/fifv.cl\/2025\/#website"},"datePublished":"2025-10-28T20:27:16+00:00","dateModified":"2025-11-02T03:04:09+00:00","breadcrumb":{"@id":"https:\/\/fifv.cl\/2025\/procesos-creativos\/workshop-gabrielle-duplantier\/#breadcrumb"},"inLanguage":"es-CL","potentialAction":[{"@type":"ReadAction","target":["https:\/\/fifv.cl\/2025\/procesos-creativos\/workshop-gabrielle-duplantier\/"]}]},{"@type":"BreadcrumbList","@id":"https:\/\/fifv.cl\/2025\/procesos-creativos\/workshop-gabrielle-duplantier\/#breadcrumb","itemListElement":[{"@type":"ListItem","position":1,"name":"Home","item":"https:\/\/fifv.cl\/2025\/"},{"@type":"ListItem","position":2,"name":"Procesos creativos","item":"https:\/\/fifv.cl\/2025\/procesos-creativos\/"},{"@type":"ListItem","position":3,"name":"Workshop Gabrielle Duplantier"}]},{"@type":"WebSite","@id":"https:\/\/fifv.cl\/2025\/#website","url":"https:\/\/fifv.cl\/2025\/","name":"FIFV 2025","description":"Festival Internacional de Fotograf\u00eda en Valpara\u00edso","potentialAction":[{"@type":"SearchAction","target":{"@type":"EntryPoint","urlTemplate":"https:\/\/fifv.cl\/2025\/?s={search_term_string}"},"query-input":{"@type":"PropertyValueSpecification","valueRequired":true,"valueName":"search_term_string"}}],"inLanguage":"es-CL"}]}},"_links":{"self":[{"href":"https:\/\/fifv.cl\/2025\/wp-json\/wp\/v2\/pages\/21","targetHints":{"allow":["GET"]}}],"collection":[{"href":"https:\/\/fifv.cl\/2025\/wp-json\/wp\/v2\/pages"}],"about":[{"href":"https:\/\/fifv.cl\/2025\/wp-json\/wp\/v2\/types\/page"}],"author":[{"embeddable":true,"href":"https:\/\/fifv.cl\/2025\/wp-json\/wp\/v2\/users\/1"}],"replies":[{"embeddable":true,"href":"https:\/\/fifv.cl\/2025\/wp-json\/wp\/v2\/comments?post=21"}],"version-history":[{"count":13,"href":"https:\/\/fifv.cl\/2025\/wp-json\/wp\/v2\/pages\/21\/revisions"}],"predecessor-version":[{"id":1067,"href":"https:\/\/fifv.cl\/2025\/wp-json\/wp\/v2\/pages\/21\/revisions\/1067"}],"up":[{"embeddable":true,"href":"https:\/\/fifv.cl\/2025\/wp-json\/wp\/v2\/pages\/14"}],"wp:attachment":[{"href":"https:\/\/fifv.cl\/2025\/wp-json\/wp\/v2\/media?parent=21"}],"curies":[{"name":"wp","href":"https:\/\/api.w.org\/{rel}","templated":true}]}}