{"id":27,"date":"2025-10-28T17:28:18","date_gmt":"2025-10-28T20:28:18","guid":{"rendered":"https:\/\/fifv.cl\/20252\/?page_id=27"},"modified":"2025-12-02T13:17:38","modified_gmt":"2025-12-02T16:17:38","slug":"feria-editorial-tinta-papel","status":"publish","type":"page","link":"https:\/\/fifv.cl\/2025\/editorial\/feria-editorial-tinta-papel\/","title":{"rendered":"Feria Editorial Tinta &#038; Papel"},"content":{"rendered":"\t\t<div data-elementor-type=\"wp-page\" data-elementor-id=\"27\" class=\"elementor elementor-27\" data-elementor-post-type=\"page\">\n\t\t\t\t<div class=\"elementor-element elementor-element-b62e5e4 e-flex e-con-boxed elementor-invisible e-con e-parent\" data-id=\"b62e5e4\" data-element_type=\"container\" data-settings=\"{&quot;background_background&quot;:&quot;classic&quot;,&quot;animation&quot;:&quot;fadeIn&quot;}\">\n\t\t\t\t\t<div class=\"e-con-inner\">\n\t\t\t\t<div class=\"elementor-element elementor-element-bd5b947 elementor-widget elementor-widget-heading\" data-id=\"bd5b947\" data-element_type=\"widget\" data-widget_type=\"heading.default\">\n\t\t\t\t\t<h2 class=\"elementor-heading-title elementor-size-default\">Feria Editorial Tinta &#038; Papel<\/h2>\t\t\t\t<\/div>\n\t\t\t\t\t<\/div>\n\t\t\t\t<\/div>\n\t\t<div class=\"elementor-element elementor-element-7b42c5a e-flex e-con-boxed elementor-invisible e-con e-parent\" data-id=\"7b42c5a\" data-element_type=\"container\" data-settings=\"{&quot;background_background&quot;:&quot;classic&quot;,&quot;animation&quot;:&quot;fadeIn&quot;}\">\n\t\t\t\t\t<div class=\"e-con-inner\">\n\t\t\t\t<div class=\"elementor-element elementor-element-fce2e52 elementor-widget elementor-widget-text-editor\" data-id=\"fce2e52\" data-element_type=\"widget\" data-widget_type=\"text-editor.default\">\n\t\t\t\t\t\t\t\t\t<p><span style=\"font-weight: 400;\">Este espacio est\u00e1 abierto a proyectos editoriales y autores.as de todas las latitudes de Chile y el extranjero, cuyo quehacer est\u00e9 enfocado en la producci\u00f3n de obras fotogr\u00e1ficas impresas: fotolibros, fanzines, autopublicaciones y revistas, entre otros formatos.\u00a0<\/span><\/p><p><span style=\"font-weight: 400;\">El objetivo del encuentro es generar un espacio abierto al p\u00fablico para la difusi\u00f3n y el intercambio de publicaciones como una forma de potenciar el mundo editorial. Este punto de encuentro e intercambio de la imagen impresa se llevar\u00e1 a cabo el 31 de octubre y el 1 de noviembre en el barrio Favero de Valpara\u00edso, a los pies del cerro Florida.<\/span><\/p><p><b>Editoriales\u00a0<\/b><\/p><p><span style=\"font-weight: 400;\">Mirador Editorial (CL)<\/span><\/p><p><span style=\"font-weight: 400;\">Flach Ediciones (CL)<\/span><\/p><p><span style=\"font-weight: 400;\">Alerce Ediciones (CL)<\/span><\/p><p><span style=\"font-weight: 400;\">Registro Espiral (CL)<\/span><\/p><p><span style=\"font-weight: 400;\">Taller Angora (CL)<\/span><\/p><p><span style=\"font-weight: 400;\">La Ratonera Ediciones (CL)<\/span><\/p><p><span style=\"font-weight: 400;\">Fiebre Ediciones (CL)<\/span><\/p><p><span style=\"font-weight: 400;\">Taller Carta (CL)<\/span><\/p><p><span style=\"font-weight: 400;\">Luz Negra Ediciones (CL)<\/span><\/p><p><span style=\"font-weight: 400;\">Fragmentos de La Memoria (CL)<\/span><\/p><p><span style=\"font-weight: 400;\">Lautaro Ediciones (CL)<\/span><\/p><p><span style=\"font-weight: 400;\">LOM (CL)<\/span><\/p><p><span style=\"font-weight: 400;\">Ojo al Charqui (CL)<\/span><\/p><p><b>Autor@s<\/b><\/p><p><span style=\"font-weight: 400;\">Nicol\u00e1s S\u00e1ez (CL)<\/span><\/p><p><span style=\"font-weight: 400;\">Amer Uceda (PE)<\/span><\/p><p><span style=\"font-weight: 400;\">Lorena Juriol (AR)<\/span><\/p><p><span style=\"font-weight: 400;\">Andrea Wasaff (FR)<\/span><\/p><p><span style=\"font-weight: 400;\">Magdalena Isaacson (CL)<\/span><\/p><p><span style=\"font-weight: 400;\">Adri\u00e1n Feferbaum (AR)<\/span><\/p><p><span style=\"font-weight: 400;\">Vania Fern\u00e1ndez (CL)<\/span><\/p><p><span style=\"font-weight: 400;\">David Gonz\u00e1lez (CL)<\/span><\/p><p><span style=\"font-weight: 400;\">Cecilia D\u00edaz (CL)<\/span><\/p><p><span style=\"font-weight: 400;\">Lissette Ruiz (CL)<\/span><\/p><p><span style=\"font-weight: 400;\">Gabriela Moya (CL)<\/span><\/p><p><span style=\"font-weight: 400;\">Paty Pichun (CL)<\/span><\/p><p><span style=\"font-weight: 400;\">Leonardo Infante (CL)<\/span><\/p>\t\t\t\t\t\t\t\t<\/div>\n\t\t\t\t\t<\/div>\n\t\t\t\t<\/div>\n\t\t<div class=\"elementor-element elementor-element-fc08cff e-flex e-con-boxed e-con e-parent\" data-id=\"fc08cff\" data-element_type=\"container\">\n\t\t\t\t\t<div class=\"e-con-inner\">\n\t\t\t\t<div class=\"elementor-element elementor-element-b53f3fe elementor-widget elementor-widget-shortcode\" data-id=\"b53f3fe\" data-element_type=\"widget\" data-widget_type=\"shortcode.default\">\n\t\t\t\t\t\t\t<div class=\"elementor-shortcode\"><div id=\"metaslider-id-1089\" style=\"width: 100%;\" class=\"ml-slider-3-102-0 metaslider metaslider-flex metaslider-1089 ml-slider ms-theme-blend nav-hidden\" role=\"region\" aria-label=\"feria editorial\" data-height=\"1367\" data-width=\"2048\">\n    <div id=\"metaslider_container_1089\">\n        <div id=\"metaslider_1089\">\n            <ul aria-live='off' class='slides'>\n                <li style=\"display: block; width: 100%;\" class=\"slide-1105 ms-image \" aria-roledescription=\"slide\" data-date=\"2025-11-06 17:04:05\" data-slide-type=\"image\"><img fetchpriority=\"high\" decoding=\"async\" src=\"https:\/\/fifv.cl\/2025\/wp-content\/uploads\/2025\/11\/DSC_0128-2.jpg\" height=\"1367\" width=\"2048\" alt=\"\" class=\"slider-1089 slide-1105 msDefaultImage\" title=\"DSC_0128-2\" \/><div class=\"caption-wrap\"><div class=\"caption\"><div><em>\u00a9 Alexis Vera<\/em><\/div><\/div><\/div><\/li>\n                <li style=\"display: none; width: 100%;\" class=\"slide-1106 ms-image \" aria-roledescription=\"slide\" data-date=\"2025-11-06 17:04:05\" data-slide-type=\"image\"><img decoding=\"async\" src=\"https:\/\/fifv.cl\/2025\/wp-content\/uploads\/2025\/11\/DSC1611-2.jpg\" height=\"1367\" width=\"2048\" alt=\"\" class=\"slider-1089 slide-1106 msDefaultImage\" title=\"_DSC1611-2\" \/><div class=\"caption-wrap\"><div class=\"caption\"><div><em>\u00a9 Alexis Vera<\/em><\/div><\/div><\/div><\/li>\n                <li style=\"display: none; width: 100%;\" class=\"slide-1107 ms-image \" aria-roledescription=\"slide\" data-date=\"2025-11-06 17:04:05\" data-slide-type=\"image\"><img decoding=\"async\" src=\"https:\/\/fifv.cl\/2025\/wp-content\/uploads\/2025\/11\/DSC_0123-2.jpg\" height=\"1367\" width=\"2048\" alt=\"\" class=\"slider-1089 slide-1107 msDefaultImage\" title=\"DSC_0123-2\" \/><div class=\"caption-wrap\"><div class=\"caption\"><div><em>\u00a9 Alexis Vera<\/em><\/div><\/div><\/div><\/li>\n                <li style=\"display: none; width: 100%;\" class=\"slide-1109 ms-image \" aria-roledescription=\"slide\" data-date=\"2025-11-06 17:04:05\" data-slide-type=\"image\"><img loading=\"lazy\" decoding=\"async\" src=\"https:\/\/fifv.cl\/2025\/wp-content\/uploads\/2025\/11\/DSC1601-2.jpg\" height=\"1367\" width=\"2048\" alt=\"\" class=\"slider-1089 slide-1109 msDefaultImage\" title=\"_DSC1601-2\" \/><div class=\"caption-wrap\"><div class=\"caption\"><div><em>\u00a9 Alexis Vera<\/em><\/div><\/div><\/div><\/li>\n                <li style=\"display: none; width: 100%;\" class=\"slide-1110 ms-image \" aria-roledescription=\"slide\" data-date=\"2025-11-06 17:04:05\" data-slide-type=\"image\"><img loading=\"lazy\" decoding=\"async\" src=\"https:\/\/fifv.cl\/2025\/wp-content\/uploads\/2025\/11\/DSC_0244-2.jpg\" height=\"1367\" width=\"2048\" alt=\"\" class=\"slider-1089 slide-1110 msDefaultImage\" title=\"DSC_0244-2\" \/><div class=\"caption-wrap\"><div class=\"caption\"><div><em>\u00a9 Alexis Vera<\/em><\/div><\/div><\/div><\/li>\n                <li style=\"display: none; width: 100%;\" class=\"slide-1111 ms-image \" aria-roledescription=\"slide\" data-date=\"2025-11-06 17:04:05\" data-slide-type=\"image\"><img loading=\"lazy\" decoding=\"async\" src=\"https:\/\/fifv.cl\/2025\/wp-content\/uploads\/2025\/11\/DSC1561-2.jpg\" height=\"1367\" width=\"2048\" alt=\"\" class=\"slider-1089 slide-1111 msDefaultImage\" title=\"_DSC1561-2\" \/><div class=\"caption-wrap\"><div class=\"caption\"><div><em>\u00a9 Alexis Vera<\/em><\/div><\/div><\/div><\/li>\n                <li style=\"display: none; width: 100%;\" class=\"slide-1108 ms-image \" aria-roledescription=\"slide\" data-date=\"2025-11-06 17:04:05\" data-slide-type=\"image\"><img loading=\"lazy\" decoding=\"async\" src=\"https:\/\/fifv.cl\/2025\/wp-content\/uploads\/2025\/11\/DSC1479-2.jpg\" height=\"1367\" width=\"2048\" alt=\"\" class=\"slider-1089 slide-1108 msDefaultImage\" title=\"_DSC1479-2\" \/><div class=\"caption-wrap\"><div class=\"caption\"><div><em>\u00a9 Alexis Vera<\/em><\/div><\/div><\/div><\/li>\n                <li style=\"display: none; width: 100%;\" class=\"slide-1112 ms-image \" aria-roledescription=\"slide\" data-date=\"2025-11-06 17:04:06\" data-slide-type=\"image\"><img loading=\"lazy\" decoding=\"async\" src=\"https:\/\/fifv.cl\/2025\/wp-content\/uploads\/2025\/11\/DSC1869-2.jpg\" height=\"1367\" width=\"2048\" alt=\"\" class=\"slider-1089 slide-1112 msDefaultImage\" title=\"_DSC1869-2\" \/><div class=\"caption-wrap\"><div class=\"caption\"><div><em>\u00a9 Alexis Vera<\/em><\/div><\/div><\/div><\/li>\n                <li style=\"display: none; width: 100%;\" class=\"slide-1113 ms-image \" aria-roledescription=\"slide\" data-date=\"2025-11-06 17:04:06\" data-slide-type=\"image\"><img loading=\"lazy\" decoding=\"async\" src=\"https:\/\/fifv.cl\/2025\/wp-content\/uploads\/2025\/11\/DSC1474-2.jpg\" height=\"1367\" width=\"2048\" alt=\"\" class=\"slider-1089 slide-1113 msDefaultImage\" title=\"_DSC1474-2\" \/><div class=\"caption-wrap\"><div class=\"caption\"><div><em>\u00a9 Alexis Vera<\/em><\/div><\/div><\/div><\/li>\n                <li style=\"display: none; width: 100%;\" class=\"slide-1114 ms-image \" aria-roledescription=\"slide\" data-date=\"2025-11-06 17:04:06\" data-slide-type=\"image\"><img loading=\"lazy\" decoding=\"async\" src=\"https:\/\/fifv.cl\/2025\/wp-content\/uploads\/2025\/11\/DSC_0204-2.jpg\" height=\"1367\" width=\"2048\" alt=\"\" class=\"slider-1089 slide-1114 msDefaultImage\" title=\"DSC_0204-2\" \/><div class=\"caption-wrap\"><div class=\"caption\"><div><em>\u00a9 Alexis Vera<\/em><\/div><\/div><\/div><\/li>\n                <li style=\"display: none; width: 100%;\" class=\"slide-1115 ms-image \" aria-roledescription=\"slide\" data-date=\"2025-11-06 17:04:06\" data-slide-type=\"image\"><img loading=\"lazy\" decoding=\"async\" src=\"https:\/\/fifv.cl\/2025\/wp-content\/uploads\/2025\/11\/DSC_0249-2.jpg\" height=\"1367\" width=\"2048\" alt=\"\" class=\"slider-1089 slide-1115 msDefaultImage\" title=\"DSC_0249-2\" \/><div class=\"caption-wrap\"><div class=\"caption\"><div><em>\u00a9 Alexis Vera<\/em><\/div><\/div><\/div><\/li>\n                <li style=\"display: none; width: 100%;\" class=\"slide-1116 ms-image \" aria-roledescription=\"slide\" data-date=\"2025-11-06 17:04:06\" data-slide-type=\"image\"><img loading=\"lazy\" decoding=\"async\" src=\"https:\/\/fifv.cl\/2025\/wp-content\/uploads\/2025\/11\/DSC1599-2.jpg\" height=\"1367\" width=\"2048\" alt=\"\" class=\"slider-1089 slide-1116 msDefaultImage\" title=\"_DSC1599-2\" \/><div class=\"caption-wrap\"><div class=\"caption\"><div><em>\u00a9 Alexis Vera<\/em><\/div><\/div><\/div><\/li>\n                <li style=\"display: none; width: 100%;\" class=\"slide-1117 ms-image \" aria-roledescription=\"slide\" data-date=\"2025-11-06 17:04:06\" data-slide-type=\"image\"><img loading=\"lazy\" decoding=\"async\" src=\"https:\/\/fifv.cl\/2025\/wp-content\/uploads\/2025\/11\/DSC1557-2.jpg\" height=\"1367\" width=\"2048\" alt=\"\" class=\"slider-1089 slide-1117 msDefaultImage\" title=\"_DSC1557-2\" \/><div class=\"caption-wrap\"><div class=\"caption\"><div><em>\u00a9 Alexis Vera<\/em><\/div><\/div><\/div><\/li>\n                <li style=\"display: none; width: 100%;\" class=\"slide-1118 ms-image \" aria-roledescription=\"slide\" data-date=\"2025-11-06 17:04:06\" data-slide-type=\"image\"><img loading=\"lazy\" decoding=\"async\" src=\"https:\/\/fifv.cl\/2025\/wp-content\/uploads\/2025\/11\/DSC1596-2.jpg\" height=\"1367\" width=\"2048\" alt=\"\" class=\"slider-1089 slide-1118 msDefaultImage\" title=\"_DSC1596-2\" \/><div class=\"caption-wrap\"><div class=\"caption\"><div><em>\u00a9 Alexis Vera<\/em><\/div><\/div><\/div><\/li>\n                <li style=\"display: none; width: 100%;\" class=\"slide-1119 ms-image \" aria-roledescription=\"slide\" data-date=\"2025-11-06 17:04:06\" data-slide-type=\"image\"><img loading=\"lazy\" decoding=\"async\" src=\"https:\/\/fifv.cl\/2025\/wp-content\/uploads\/2025\/11\/DSC1859-2.jpg\" height=\"1367\" width=\"2048\" alt=\"\" class=\"slider-1089 slide-1119 msDefaultImage\" title=\"_DSC1859-2\" \/><div class=\"caption-wrap\"><div class=\"caption\"><div><em>\u00a9 Alexis Vera<\/em><\/div><\/div><\/div><\/li>\n            <\/ul>\n        <\/div>\n        \n    <\/div>\n<\/div><\/div>\n\t\t\t\t\t\t<\/div>\n\t\t\t\t\t<\/div>\n\t\t\t\t<\/div>\n\t\t\t\t<\/div>\n\t\t","protected":false},"excerpt":{"rendered":"<p>Este espacio est\u00e1 abierto a proyectos editoriales y autores.as de todas las latitudes de Chile y el extranjero, cuyo quehacer est\u00e9 enfocado en la producci\u00f3n de obras fotogr\u00e1ficas impresas: fotolibros, fanzines, autopublicaciones y revistas, entre otros formatos.\u00a0 El objetivo del encuentro es generar un espacio abierto al p\u00fablico para la difusi\u00f3n y el intercambio de [&hellip;]<\/p>\n","protected":false},"author":1,"featured_media":0,"parent":25,"menu_order":0,"comment_status":"closed","ping_status":"closed","template":"elementor_header_footer","meta":{"_eb_attr":"","footnotes":""},"class_list":["post-27","page","type-page","status-publish","hentry"],"yoast_head":"<!-- This site is optimized with the Yoast SEO plugin v26.2 - https:\/\/yoast.com\/wordpress\/plugins\/seo\/ -->\n<title>Feria Editorial Tinta &amp; Papel - FIFV 2025<\/title>\n<meta name=\"robots\" content=\"index, follow, max-snippet:-1, max-image-preview:large, max-video-preview:-1\" \/>\n<link rel=\"canonical\" href=\"https:\/\/fifv.cl\/2025\/editorial\/feria-editorial-tinta-papel\/\" \/>\n<meta property=\"og:locale\" content=\"es_ES\" \/>\n<meta property=\"og:type\" content=\"article\" \/>\n<meta property=\"og:title\" content=\"Feria Editorial Tinta &amp; Papel - FIFV 2025\" \/>\n<meta property=\"og:description\" content=\"Este espacio est\u00e1 abierto a proyectos editoriales y autores.as de todas las latitudes de Chile y el extranjero, cuyo quehacer est\u00e9 enfocado en la producci\u00f3n de obras fotogr\u00e1ficas impresas: fotolibros, fanzines, autopublicaciones y revistas, entre otros formatos.\u00a0 El objetivo del encuentro es generar un espacio abierto al p\u00fablico para la difusi\u00f3n y el intercambio de [&hellip;]\" \/>\n<meta property=\"og:url\" content=\"https:\/\/fifv.cl\/2025\/editorial\/feria-editorial-tinta-papel\/\" \/>\n<meta property=\"og:site_name\" content=\"FIFV 2025\" \/>\n<meta property=\"article:publisher\" content=\"https:\/\/www.facebook.com\/casaespacio.fifv\" \/>\n<meta property=\"article:modified_time\" content=\"2025-12-02T16:17:38+00:00\" \/>\n<meta name=\"twitter:card\" content=\"summary_large_image\" \/>\n<meta name=\"twitter:label1\" content=\"Tiempo estimado de lectura\" \/>\n\t<meta name=\"twitter:data1\" content=\"5 minutos\" \/>\n<script type=\"application\/ld+json\" class=\"yoast-schema-graph\">{\"@context\":\"https:\/\/schema.org\",\"@graph\":[{\"@type\":\"WebPage\",\"@id\":\"https:\/\/fifv.cl\/2025\/editorial\/feria-editorial-tinta-papel\/\",\"url\":\"https:\/\/fifv.cl\/2025\/editorial\/feria-editorial-tinta-papel\/\",\"name\":\"Feria Editorial Tinta & Papel - FIFV 2025\",\"isPartOf\":{\"@id\":\"https:\/\/fifv.cl\/2025\/#website\"},\"datePublished\":\"2025-10-28T20:28:18+00:00\",\"dateModified\":\"2025-12-02T16:17:38+00:00\",\"breadcrumb\":{\"@id\":\"https:\/\/fifv.cl\/2025\/editorial\/feria-editorial-tinta-papel\/#breadcrumb\"},\"inLanguage\":\"es-CL\",\"potentialAction\":[{\"@type\":\"ReadAction\",\"target\":[\"https:\/\/fifv.cl\/2025\/editorial\/feria-editorial-tinta-papel\/\"]}]},{\"@type\":\"BreadcrumbList\",\"@id\":\"https:\/\/fifv.cl\/2025\/editorial\/feria-editorial-tinta-papel\/#breadcrumb\",\"itemListElement\":[{\"@type\":\"ListItem\",\"position\":1,\"name\":\"Home\",\"item\":\"https:\/\/fifv.cl\/2025\/\"},{\"@type\":\"ListItem\",\"position\":2,\"name\":\"Editorial\",\"item\":\"https:\/\/fifv.cl\/2025\/editorial\/\"},{\"@type\":\"ListItem\",\"position\":3,\"name\":\"Feria Editorial Tinta &#038; Papel\"}]},{\"@type\":\"WebSite\",\"@id\":\"https:\/\/fifv.cl\/2025\/#website\",\"url\":\"https:\/\/fifv.cl\/2025\/\",\"name\":\"FIFV 2025\",\"description\":\"Festival Internacional de Fotograf\u00eda en Valpara\u00edso\",\"potentialAction\":[{\"@type\":\"SearchAction\",\"target\":{\"@type\":\"EntryPoint\",\"urlTemplate\":\"https:\/\/fifv.cl\/2025\/?s={search_term_string}\"},\"query-input\":{\"@type\":\"PropertyValueSpecification\",\"valueRequired\":true,\"valueName\":\"search_term_string\"}}],\"inLanguage\":\"es-CL\"}]}<\/script>\n<!-- \/ Yoast SEO plugin. -->","yoast_head_json":{"title":"Feria Editorial Tinta & Papel - FIFV 2025","robots":{"index":"index","follow":"follow","max-snippet":"max-snippet:-1","max-image-preview":"max-image-preview:large","max-video-preview":"max-video-preview:-1"},"canonical":"https:\/\/fifv.cl\/2025\/editorial\/feria-editorial-tinta-papel\/","og_locale":"es_ES","og_type":"article","og_title":"Feria Editorial Tinta & Papel - FIFV 2025","og_description":"Este espacio est\u00e1 abierto a proyectos editoriales y autores.as de todas las latitudes de Chile y el extranjero, cuyo quehacer est\u00e9 enfocado en la producci\u00f3n de obras fotogr\u00e1ficas impresas: fotolibros, fanzines, autopublicaciones y revistas, entre otros formatos.\u00a0 El objetivo del encuentro es generar un espacio abierto al p\u00fablico para la difusi\u00f3n y el intercambio de [&hellip;]","og_url":"https:\/\/fifv.cl\/2025\/editorial\/feria-editorial-tinta-papel\/","og_site_name":"FIFV 2025","article_publisher":"https:\/\/www.facebook.com\/casaespacio.fifv","article_modified_time":"2025-12-02T16:17:38+00:00","twitter_card":"summary_large_image","twitter_misc":{"Tiempo estimado de lectura":"5 minutos"},"schema":{"@context":"https:\/\/schema.org","@graph":[{"@type":"WebPage","@id":"https:\/\/fifv.cl\/2025\/editorial\/feria-editorial-tinta-papel\/","url":"https:\/\/fifv.cl\/2025\/editorial\/feria-editorial-tinta-papel\/","name":"Feria Editorial Tinta & Papel - FIFV 2025","isPartOf":{"@id":"https:\/\/fifv.cl\/2025\/#website"},"datePublished":"2025-10-28T20:28:18+00:00","dateModified":"2025-12-02T16:17:38+00:00","breadcrumb":{"@id":"https:\/\/fifv.cl\/2025\/editorial\/feria-editorial-tinta-papel\/#breadcrumb"},"inLanguage":"es-CL","potentialAction":[{"@type":"ReadAction","target":["https:\/\/fifv.cl\/2025\/editorial\/feria-editorial-tinta-papel\/"]}]},{"@type":"BreadcrumbList","@id":"https:\/\/fifv.cl\/2025\/editorial\/feria-editorial-tinta-papel\/#breadcrumb","itemListElement":[{"@type":"ListItem","position":1,"name":"Home","item":"https:\/\/fifv.cl\/2025\/"},{"@type":"ListItem","position":2,"name":"Editorial","item":"https:\/\/fifv.cl\/2025\/editorial\/"},{"@type":"ListItem","position":3,"name":"Feria Editorial Tinta &#038; Papel"}]},{"@type":"WebSite","@id":"https:\/\/fifv.cl\/2025\/#website","url":"https:\/\/fifv.cl\/2025\/","name":"FIFV 2025","description":"Festival Internacional de Fotograf\u00eda en Valpara\u00edso","potentialAction":[{"@type":"SearchAction","target":{"@type":"EntryPoint","urlTemplate":"https:\/\/fifv.cl\/2025\/?s={search_term_string}"},"query-input":{"@type":"PropertyValueSpecification","valueRequired":true,"valueName":"search_term_string"}}],"inLanguage":"es-CL"}]}},"_links":{"self":[{"href":"https:\/\/fifv.cl\/2025\/wp-json\/wp\/v2\/pages\/27","targetHints":{"allow":["GET"]}}],"collection":[{"href":"https:\/\/fifv.cl\/2025\/wp-json\/wp\/v2\/pages"}],"about":[{"href":"https:\/\/fifv.cl\/2025\/wp-json\/wp\/v2\/types\/page"}],"author":[{"embeddable":true,"href":"https:\/\/fifv.cl\/2025\/wp-json\/wp\/v2\/users\/1"}],"replies":[{"embeddable":true,"href":"https:\/\/fifv.cl\/2025\/wp-json\/wp\/v2\/comments?post=27"}],"version-history":[{"count":16,"href":"https:\/\/fifv.cl\/2025\/wp-json\/wp\/v2\/pages\/27\/revisions"}],"predecessor-version":[{"id":1426,"href":"https:\/\/fifv.cl\/2025\/wp-json\/wp\/v2\/pages\/27\/revisions\/1426"}],"up":[{"embeddable":true,"href":"https:\/\/fifv.cl\/2025\/wp-json\/wp\/v2\/pages\/25"}],"wp:attachment":[{"href":"https:\/\/fifv.cl\/2025\/wp-json\/wp\/v2\/media?parent=27"}],"curies":[{"name":"wp","href":"https:\/\/api.w.org\/{rel}","templated":true}]}}