{"id":29,"date":"2025-10-28T17:28:27","date_gmt":"2025-10-28T20:28:27","guid":{"rendered":"https:\/\/fifv.cl\/20252\/?page_id=29"},"modified":"2025-12-02T12:31:41","modified_gmt":"2025-12-02T15:31:41","slug":"ronda-de-publicaciones","status":"publish","type":"page","link":"https:\/\/fifv.cl\/2025\/editorial\/ronda-de-publicaciones\/","title":{"rendered":"Ronda de Publicaciones"},"content":{"rendered":"\t\t<div data-elementor-type=\"wp-page\" data-elementor-id=\"29\" class=\"elementor elementor-29\" data-elementor-post-type=\"page\">\n\t\t\t\t<div class=\"elementor-element elementor-element-285ba3e e-flex e-con-boxed elementor-invisible e-con e-parent\" data-id=\"285ba3e\" data-element_type=\"container\" data-settings=\"{&quot;background_background&quot;:&quot;classic&quot;,&quot;animation&quot;:&quot;fadeIn&quot;}\">\n\t\t\t\t\t<div class=\"e-con-inner\">\n\t\t\t\t<div class=\"elementor-element elementor-element-2be86fb elementor-widget elementor-widget-heading\" data-id=\"2be86fb\" data-element_type=\"widget\" data-widget_type=\"heading.default\">\n\t\t\t\t\t<h2 class=\"elementor-heading-title elementor-size-default\">Ronda de publicaciones CEF &amp; Casa Espacio BsAs 824<\/h2>\t\t\t\t<\/div>\n\t\t\t\t\t<\/div>\n\t\t\t\t<\/div>\n\t\t<div class=\"elementor-element elementor-element-5f652c3 e-flex e-con-boxed elementor-invisible e-con e-parent\" data-id=\"5f652c3\" data-element_type=\"container\" data-settings=\"{&quot;background_background&quot;:&quot;classic&quot;,&quot;animation&quot;:&quot;fadeIn&quot;}\">\n\t\t\t\t\t<div class=\"e-con-inner\">\n\t\t\t\t<div class=\"elementor-element elementor-element-a24e992 elementor-widget elementor-widget-text-editor\" data-id=\"a24e992\" data-element_type=\"widget\" data-widget_type=\"text-editor.default\">\n\t\t\t\t\t\t\t\t\t<p><span style=\"font-weight: 400;\">Este a\u00f1o el Centro de Estudios Fotogr\u00e1ficos de C\u00f3rdoba-Argentina (CEF) para trae nuevamente a Valpara\u00edso la Ronda de Publicaciones, un espacio que permite dar a conocer, indagar y compartir diversas publicaciones fotogr\u00e1ficas en formato impreso<\/span><b>: <\/b><span style=\"font-weight: 400;\">fotolibros, maquetas, fanzines, autoediciones y ediciones tradicionales, entre otros formatos.<\/span><b>\u00a0<\/b><\/p><p><span style=\"font-weight: 400;\">La Ronda de Publicaciones FIFV 2025 se llevar\u00e1 a cabo de forma presencial en Valpara\u00edso el 31 de octubre y el 1 de noviembre, donde cada participante dispondr\u00e1 de 5 minutos para presentar su proyecto a modo de breve rese\u00f1a de la obra. El objetivo es explicar el proyecto y las razones detr\u00e1s de la decisi\u00f3n de llevarlo al formato editorial. Luego de la intervenci\u00f3n del autor\/a, si el tiempo lo permite, se habilita el espacio para el di\u00e1logo con el p\u00fablico.<\/span><\/p><p><b>Seleccionad@s\u00a0<\/b><\/p><p><span style=\"font-weight: 400;\">\u201cPiedra\u201d de Paulina Saavedra (CL)<br \/><\/span><span style=\"font-size: 1rem;\">\u201cNunca hay nadie alrededor\u201d de Adri\u00e1n Feferbaum (AR)<br \/><\/span><span style=\"font-size: 1rem;\">\u201cPo\u00e9tica de lo cotidiano\u201d de H\u00e9ctor Gonz\u00e1lez de Cunco (CL)\u00a0<br \/><\/span><span style=\"font-size: 1rem;\">\u201cEpistolario\u201d de Sonia Bossio (AR)<br \/><\/span><span style=\"font-size: 1rem;\">\u201cEl horizonte es testigo del infinito\u201d de Valentina S\u00e1nchez (CL)<br \/><\/span><span style=\"font-size: 1rem;\">\u201cDecanas\u201d de Marianne Stoller (CL)\u00a0<br \/><\/span><span style=\"font-size: 1rem;\">\u201c1973_2019_2023 Rito Collage y Anarchivo Colectivo\u201d de Magdalena Isaacson (CL)<br \/><\/span><span style=\"font-size: 1rem;\">\u201cFanzines Estenopo en La Dormida\u201d de estudiantes escuelas rurales de La Dormida (CL)<br \/><\/span><span style=\"font-size: 1rem;\">\u201cEscler\u00f3tica\u201d de Felipe Fern\u00e1ndez (CL)<br \/><\/span><span style=\"font-size: 1rem;\">\u201cNovilunio\u201d de Amparo Gonz\u00e1lez (CL)<br \/><\/span><span style=\"font-size: 1rem;\">\u201cFlanquear\u201d de Carlos Palma (CL)<\/span><\/p>\t\t\t\t\t\t\t\t<\/div>\n\t\t\t\t\t<\/div>\n\t\t\t\t<\/div>\n\t\t<div class=\"elementor-element elementor-element-a91f7e1 e-flex e-con-boxed e-con e-parent\" data-id=\"a91f7e1\" data-element_type=\"container\">\n\t\t\t\t\t<div class=\"e-con-inner\">\n\t\t\t\t<div class=\"elementor-element elementor-element-b9c4435 elementor-widget elementor-widget-shortcode\" data-id=\"b9c4435\" data-element_type=\"widget\" data-widget_type=\"shortcode.default\">\n\t\t\t\t\t\t\t<div class=\"elementor-shortcode\"><div id=\"metaslider-id-1170\" style=\"width: 100%;\" class=\"ml-slider-3-102-0 metaslider metaslider-flex metaslider-1170 ml-slider ms-theme-blend nav-hidden\" role=\"region\" aria-label=\"Ronda de publicaciones y biblioteca\" data-height=\"1367\" data-width=\"2048\">\n    <div id=\"metaslider_container_1170\">\n        <div id=\"metaslider_1170\">\n            <ul aria-live='off' class='slides'>\n                <li style=\"display: block; width: 100%;\" class=\"slide-1186 ms-image \" aria-roledescription=\"slide\" data-date=\"2025-11-07 14:08:44\" data-slide-type=\"image\"><img fetchpriority=\"high\" decoding=\"async\" src=\"https:\/\/fifv.cl\/2025\/wp-content\/uploads\/2025\/11\/DSC1552-2.jpg\" height=\"1367\" width=\"2048\" alt=\"\" class=\"slider-1170 slide-1186 msDefaultImage\" title=\"_DSC1552-2\" \/><div class=\"caption-wrap\"><div class=\"caption\"><div><em>\u00a9 Alexis Vera<\/em><\/div><\/div><\/div><\/li>\n                <li style=\"display: none; width: 100%;\" class=\"slide-1182 ms-image \" aria-roledescription=\"slide\" data-date=\"2025-11-07 14:08:44\" data-slide-type=\"image\"><img decoding=\"async\" src=\"https:\/\/fifv.cl\/2025\/wp-content\/uploads\/2025\/11\/DSC1502-2.jpg\" height=\"1367\" width=\"2048\" alt=\"\" class=\"slider-1170 slide-1182 msDefaultImage\" title=\"_DSC1502-2\" \/><div class=\"caption-wrap\"><div class=\"caption\"><div><em>\u00a9 Alexis Vera<\/em><\/div><\/div><\/div><\/li>\n                <li style=\"display: none; width: 100%;\" class=\"slide-1183 ms-image \" aria-roledescription=\"slide\" data-date=\"2025-11-07 14:08:44\" data-slide-type=\"image\"><img decoding=\"async\" src=\"https:\/\/fifv.cl\/2025\/wp-content\/uploads\/2025\/11\/DSC_0137-2.jpg\" height=\"1367\" width=\"2048\" alt=\"\" class=\"slider-1170 slide-1183 msDefaultImage\" title=\"DSC_0137-2\" \/><div class=\"caption-wrap\"><div class=\"caption\"><div><em>\u00a9 Alexis Vera<\/em><\/div><\/div><\/div><\/li>\n                <li style=\"display: none; width: 100%;\" class=\"slide-1184 ms-image \" aria-roledescription=\"slide\" data-date=\"2025-11-07 14:08:44\" data-slide-type=\"image\"><img loading=\"lazy\" decoding=\"async\" src=\"https:\/\/fifv.cl\/2025\/wp-content\/uploads\/2025\/11\/DSC_0134-2.jpg\" height=\"1367\" width=\"2048\" alt=\"\" class=\"slider-1170 slide-1184 msDefaultImage\" title=\"DSC_0134-2\" \/><div class=\"caption-wrap\"><div class=\"caption\"><div><em>\u00a9 Alexis Vera<\/em><\/div><\/div><\/div><\/li>\n                <li style=\"display: none; width: 100%;\" class=\"slide-1185 ms-image \" aria-roledescription=\"slide\" data-date=\"2025-11-07 14:08:44\" data-slide-type=\"image\"><img loading=\"lazy\" decoding=\"async\" src=\"https:\/\/fifv.cl\/2025\/wp-content\/uploads\/2025\/11\/DSC1556-2.jpg\" height=\"1367\" width=\"2048\" alt=\"\" class=\"slider-1170 slide-1185 msDefaultImage\" title=\"_DSC1556-2\" \/><div class=\"caption-wrap\"><div class=\"caption\"><div><em>\u00a9 Alexis Vera<\/em><\/div><\/div><\/div><\/li>\n                <li style=\"display: none; width: 100%;\" class=\"slide-1187 ms-image \" aria-roledescription=\"slide\" data-date=\"2025-11-07 14:08:44\" data-slide-type=\"image\"><img loading=\"lazy\" decoding=\"async\" src=\"https:\/\/fifv.cl\/2025\/wp-content\/uploads\/2025\/11\/DSC1545-2.jpg\" height=\"1367\" width=\"2048\" alt=\"\" class=\"slider-1170 slide-1187 msDefaultImage\" title=\"_DSC1545-2\" \/><div class=\"caption-wrap\"><div class=\"caption\"><div><em>\u00a9 Alexis Vera<\/em><\/div><\/div><\/div><\/li>\n                <li style=\"display: none; width: 100%;\" class=\"slide-1188 ms-image \" aria-roledescription=\"slide\" data-date=\"2025-11-07 14:08:44\" data-slide-type=\"image\"><img loading=\"lazy\" decoding=\"async\" src=\"https:\/\/fifv.cl\/2025\/wp-content\/uploads\/2025\/11\/DSC1543-2.jpg\" height=\"1367\" width=\"2048\" alt=\"\" class=\"slider-1170 slide-1188 msDefaultImage\" title=\"_DSC1543-2\" \/><div class=\"caption-wrap\"><div class=\"caption\"><div><em>\u00a9 Alexis Vera<\/em><\/div><\/div><\/div><\/li>\n                <li style=\"display: none; width: 100%;\" class=\"slide-1189 ms-image \" aria-roledescription=\"slide\" data-date=\"2025-11-07 14:08:44\" data-slide-type=\"image\"><img loading=\"lazy\" decoding=\"async\" src=\"https:\/\/fifv.cl\/2025\/wp-content\/uploads\/2025\/11\/DSC1542-2.jpg\" height=\"1367\" width=\"2048\" alt=\"\" class=\"slider-1170 slide-1189 msDefaultImage\" title=\"_DSC1542-2\" \/><div class=\"caption-wrap\"><div class=\"caption\"><div><em>\u00a9 Alexis Vera<\/em><\/div><\/div><\/div><\/li>\n                <li style=\"display: none; width: 100%;\" class=\"slide-1190 ms-image \" aria-roledescription=\"slide\" data-date=\"2025-11-07 14:08:44\" data-slide-type=\"image\"><img loading=\"lazy\" decoding=\"async\" src=\"https:\/\/fifv.cl\/2025\/wp-content\/uploads\/2025\/11\/DSC1539-2.jpg\" height=\"1367\" width=\"2048\" alt=\"\" class=\"slider-1170 slide-1190 msDefaultImage\" title=\"_DSC1539-2\" \/><div class=\"caption-wrap\"><div class=\"caption\"><div><em>\u00a9 Alexis Vera<\/em><\/div><\/div><\/div><\/li>\n                <li style=\"display: none; width: 100%;\" class=\"slide-1191 ms-image \" aria-roledescription=\"slide\" data-date=\"2025-11-07 14:08:45\" data-slide-type=\"image\"><img loading=\"lazy\" decoding=\"async\" src=\"https:\/\/fifv.cl\/2025\/wp-content\/uploads\/2025\/11\/DSC1507-2.jpg\" height=\"1367\" width=\"2048\" alt=\"\" class=\"slider-1170 slide-1191 msDefaultImage\" title=\"_DSC1507-2\" \/><div class=\"caption-wrap\"><div class=\"caption\"><div><em>\u00a9 Alexis Vera<\/em><\/div><\/div><\/div><\/li>\n                <li style=\"display: none; width: 100%;\" class=\"slide-1192 ms-image \" aria-roledescription=\"slide\" data-date=\"2025-11-07 14:08:45\" data-slide-type=\"image\"><img loading=\"lazy\" decoding=\"async\" src=\"https:\/\/fifv.cl\/2025\/wp-content\/uploads\/2025\/11\/DSC1504-2.jpg\" height=\"1367\" width=\"2048\" alt=\"\" class=\"slider-1170 slide-1192 msDefaultImage\" title=\"_DSC1504-2\" \/><div class=\"caption-wrap\"><div class=\"caption\"><div><em>\u00a9 Alexis Vera<\/em><\/div><\/div><\/div><\/li>\n            <\/ul>\n        <\/div>\n        \n    <\/div>\n<\/div><\/div>\n\t\t\t\t\t\t<\/div>\n\t\t\t\t\t<\/div>\n\t\t\t\t<\/div>\n\t\t\t\t<\/div>\n\t\t","protected":false},"excerpt":{"rendered":"<p>Ronda de publicaciones CEF &amp; Casa Espacio BsAs 824 Este a\u00f1o el Centro de Estudios Fotogr\u00e1ficos de C\u00f3rdoba-Argentina (CEF) para trae nuevamente a Valpara\u00edso la Ronda de Publicaciones, un espacio que permite dar a conocer, indagar y compartir diversas publicaciones fotogr\u00e1ficas en formato impreso: fotolibros, maquetas, fanzines, autoediciones y ediciones tradicionales, entre otros formatos.\u00a0 La [&hellip;]<\/p>\n","protected":false},"author":1,"featured_media":0,"parent":25,"menu_order":0,"comment_status":"closed","ping_status":"closed","template":"elementor_header_footer","meta":{"_eb_attr":"","footnotes":""},"class_list":["post-29","page","type-page","status-publish","hentry"],"yoast_head":"<!-- This site is optimized with the Yoast SEO plugin v26.2 - https:\/\/yoast.com\/wordpress\/plugins\/seo\/ -->\n<title>Ronda de Publicaciones - FIFV 2025<\/title>\n<meta name=\"robots\" content=\"index, follow, max-snippet:-1, max-image-preview:large, max-video-preview:-1\" \/>\n<link rel=\"canonical\" href=\"https:\/\/fifv.cl\/2025\/editorial\/ronda-de-publicaciones\/\" \/>\n<meta property=\"og:locale\" content=\"es_ES\" \/>\n<meta property=\"og:type\" content=\"article\" \/>\n<meta property=\"og:title\" content=\"Ronda de Publicaciones - FIFV 2025\" \/>\n<meta property=\"og:description\" content=\"Ronda de publicaciones CEF &amp; Casa Espacio BsAs 824 Este a\u00f1o el Centro de Estudios Fotogr\u00e1ficos de C\u00f3rdoba-Argentina (CEF) para trae nuevamente a Valpara\u00edso la Ronda de Publicaciones, un espacio que permite dar a conocer, indagar y compartir diversas publicaciones fotogr\u00e1ficas en formato impreso: fotolibros, maquetas, fanzines, autoediciones y ediciones tradicionales, entre otros formatos.\u00a0 La [&hellip;]\" \/>\n<meta property=\"og:url\" content=\"https:\/\/fifv.cl\/2025\/editorial\/ronda-de-publicaciones\/\" \/>\n<meta property=\"og:site_name\" content=\"FIFV 2025\" \/>\n<meta property=\"article:publisher\" content=\"https:\/\/www.facebook.com\/casaespacio.fifv\" \/>\n<meta property=\"article:modified_time\" content=\"2025-12-02T15:31:41+00:00\" \/>\n<meta name=\"twitter:card\" content=\"summary_large_image\" \/>\n<meta name=\"twitter:label1\" content=\"Tiempo estimado de lectura\" \/>\n\t<meta name=\"twitter:data1\" content=\"4 minutos\" \/>\n<script type=\"application\/ld+json\" class=\"yoast-schema-graph\">{\"@context\":\"https:\/\/schema.org\",\"@graph\":[{\"@type\":\"WebPage\",\"@id\":\"https:\/\/fifv.cl\/2025\/editorial\/ronda-de-publicaciones\/\",\"url\":\"https:\/\/fifv.cl\/2025\/editorial\/ronda-de-publicaciones\/\",\"name\":\"Ronda de Publicaciones - FIFV 2025\",\"isPartOf\":{\"@id\":\"https:\/\/fifv.cl\/2025\/#website\"},\"datePublished\":\"2025-10-28T20:28:27+00:00\",\"dateModified\":\"2025-12-02T15:31:41+00:00\",\"breadcrumb\":{\"@id\":\"https:\/\/fifv.cl\/2025\/editorial\/ronda-de-publicaciones\/#breadcrumb\"},\"inLanguage\":\"es-CL\",\"potentialAction\":[{\"@type\":\"ReadAction\",\"target\":[\"https:\/\/fifv.cl\/2025\/editorial\/ronda-de-publicaciones\/\"]}]},{\"@type\":\"BreadcrumbList\",\"@id\":\"https:\/\/fifv.cl\/2025\/editorial\/ronda-de-publicaciones\/#breadcrumb\",\"itemListElement\":[{\"@type\":\"ListItem\",\"position\":1,\"name\":\"Home\",\"item\":\"https:\/\/fifv.cl\/2025\/\"},{\"@type\":\"ListItem\",\"position\":2,\"name\":\"Editorial\",\"item\":\"https:\/\/fifv.cl\/2025\/editorial\/\"},{\"@type\":\"ListItem\",\"position\":3,\"name\":\"Ronda de Publicaciones\"}]},{\"@type\":\"WebSite\",\"@id\":\"https:\/\/fifv.cl\/2025\/#website\",\"url\":\"https:\/\/fifv.cl\/2025\/\",\"name\":\"FIFV 2025\",\"description\":\"Festival Internacional de Fotograf\u00eda en Valpara\u00edso\",\"potentialAction\":[{\"@type\":\"SearchAction\",\"target\":{\"@type\":\"EntryPoint\",\"urlTemplate\":\"https:\/\/fifv.cl\/2025\/?s={search_term_string}\"},\"query-input\":{\"@type\":\"PropertyValueSpecification\",\"valueRequired\":true,\"valueName\":\"search_term_string\"}}],\"inLanguage\":\"es-CL\"}]}<\/script>\n<!-- \/ Yoast SEO plugin. -->","yoast_head_json":{"title":"Ronda de Publicaciones - FIFV 2025","robots":{"index":"index","follow":"follow","max-snippet":"max-snippet:-1","max-image-preview":"max-image-preview:large","max-video-preview":"max-video-preview:-1"},"canonical":"https:\/\/fifv.cl\/2025\/editorial\/ronda-de-publicaciones\/","og_locale":"es_ES","og_type":"article","og_title":"Ronda de Publicaciones - FIFV 2025","og_description":"Ronda de publicaciones CEF &amp; Casa Espacio BsAs 824 Este a\u00f1o el Centro de Estudios Fotogr\u00e1ficos de C\u00f3rdoba-Argentina (CEF) para trae nuevamente a Valpara\u00edso la Ronda de Publicaciones, un espacio que permite dar a conocer, indagar y compartir diversas publicaciones fotogr\u00e1ficas en formato impreso: fotolibros, maquetas, fanzines, autoediciones y ediciones tradicionales, entre otros formatos.\u00a0 La [&hellip;]","og_url":"https:\/\/fifv.cl\/2025\/editorial\/ronda-de-publicaciones\/","og_site_name":"FIFV 2025","article_publisher":"https:\/\/www.facebook.com\/casaespacio.fifv","article_modified_time":"2025-12-02T15:31:41+00:00","twitter_card":"summary_large_image","twitter_misc":{"Tiempo estimado de lectura":"4 minutos"},"schema":{"@context":"https:\/\/schema.org","@graph":[{"@type":"WebPage","@id":"https:\/\/fifv.cl\/2025\/editorial\/ronda-de-publicaciones\/","url":"https:\/\/fifv.cl\/2025\/editorial\/ronda-de-publicaciones\/","name":"Ronda de Publicaciones - FIFV 2025","isPartOf":{"@id":"https:\/\/fifv.cl\/2025\/#website"},"datePublished":"2025-10-28T20:28:27+00:00","dateModified":"2025-12-02T15:31:41+00:00","breadcrumb":{"@id":"https:\/\/fifv.cl\/2025\/editorial\/ronda-de-publicaciones\/#breadcrumb"},"inLanguage":"es-CL","potentialAction":[{"@type":"ReadAction","target":["https:\/\/fifv.cl\/2025\/editorial\/ronda-de-publicaciones\/"]}]},{"@type":"BreadcrumbList","@id":"https:\/\/fifv.cl\/2025\/editorial\/ronda-de-publicaciones\/#breadcrumb","itemListElement":[{"@type":"ListItem","position":1,"name":"Home","item":"https:\/\/fifv.cl\/2025\/"},{"@type":"ListItem","position":2,"name":"Editorial","item":"https:\/\/fifv.cl\/2025\/editorial\/"},{"@type":"ListItem","position":3,"name":"Ronda de Publicaciones"}]},{"@type":"WebSite","@id":"https:\/\/fifv.cl\/2025\/#website","url":"https:\/\/fifv.cl\/2025\/","name":"FIFV 2025","description":"Festival Internacional de Fotograf\u00eda en Valpara\u00edso","potentialAction":[{"@type":"SearchAction","target":{"@type":"EntryPoint","urlTemplate":"https:\/\/fifv.cl\/2025\/?s={search_term_string}"},"query-input":{"@type":"PropertyValueSpecification","valueRequired":true,"valueName":"search_term_string"}}],"inLanguage":"es-CL"}]}},"_links":{"self":[{"href":"https:\/\/fifv.cl\/2025\/wp-json\/wp\/v2\/pages\/29","targetHints":{"allow":["GET"]}}],"collection":[{"href":"https:\/\/fifv.cl\/2025\/wp-json\/wp\/v2\/pages"}],"about":[{"href":"https:\/\/fifv.cl\/2025\/wp-json\/wp\/v2\/types\/page"}],"author":[{"embeddable":true,"href":"https:\/\/fifv.cl\/2025\/wp-json\/wp\/v2\/users\/1"}],"replies":[{"embeddable":true,"href":"https:\/\/fifv.cl\/2025\/wp-json\/wp\/v2\/comments?post=29"}],"version-history":[{"count":7,"href":"https:\/\/fifv.cl\/2025\/wp-json\/wp\/v2\/pages\/29\/revisions"}],"predecessor-version":[{"id":1406,"href":"https:\/\/fifv.cl\/2025\/wp-json\/wp\/v2\/pages\/29\/revisions\/1406"}],"up":[{"embeddable":true,"href":"https:\/\/fifv.cl\/2025\/wp-json\/wp\/v2\/pages\/25"}],"wp:attachment":[{"href":"https:\/\/fifv.cl\/2025\/wp-json\/wp\/v2\/media?parent=29"}],"curies":[{"name":"wp","href":"https:\/\/api.w.org\/{rel}","templated":true}]}}