{"id":31,"date":"2025-10-28T17:28:37","date_gmt":"2025-10-28T20:28:37","guid":{"rendered":"https:\/\/fifv.cl\/20252\/?page_id=31"},"modified":"2025-12-02T12:33:50","modified_gmt":"2025-12-02T15:33:50","slug":"lecturas-visuales","status":"publish","type":"page","link":"https:\/\/fifv.cl\/2025\/editorial\/lecturas-visuales\/","title":{"rendered":"Lecturas Visuales"},"content":{"rendered":"\t\t<div data-elementor-type=\"wp-page\" data-elementor-id=\"31\" class=\"elementor elementor-31\" data-elementor-post-type=\"page\">\n\t\t\t\t<div class=\"elementor-element elementor-element-40e6214 e-flex e-con-boxed elementor-invisible e-con e-parent\" data-id=\"40e6214\" data-element_type=\"container\" data-settings=\"{&quot;background_background&quot;:&quot;classic&quot;,&quot;animation&quot;:&quot;fadeIn&quot;}\">\n\t\t\t\t\t<div class=\"e-con-inner\">\n\t\t\t\t<div class=\"elementor-element elementor-element-116e87d elementor-widget elementor-widget-heading\" data-id=\"116e87d\" data-element_type=\"widget\" data-widget_type=\"heading.default\">\n\t\t\t\t\t<h2 class=\"elementor-heading-title elementor-size-default\">Lecturas Visuales TLFQ, Fluq &amp; Casa Espacio BsAs 824<\/h2>\t\t\t\t<\/div>\n\t\t\t\t\t<\/div>\n\t\t\t\t<\/div>\n\t\t<div class=\"elementor-element elementor-element-bb3f56d e-flex e-con-boxed elementor-invisible e-con e-parent\" data-id=\"bb3f56d\" data-element_type=\"container\" data-settings=\"{&quot;background_background&quot;:&quot;classic&quot;,&quot;animation&quot;:&quot;fadeIn&quot;}\">\n\t\t\t\t\t<div class=\"e-con-inner\">\n\t\t\t\t<div class=\"elementor-element elementor-element-21a1c0b elementor-widget elementor-widget-text-editor\" data-id=\"21a1c0b\" data-element_type=\"widget\" data-widget_type=\"text-editor.default\">\n\t\t\t\t\t\t\t\t\t<p><span style=\"font-weight: 400;\">Este 2025 llega una nueva experiencia al Festival Internacional de Fotograf\u00eda de Valpara\u00edso: Lecturas Visuales, una instancia colectiva que busca ampliar la cultura y la comunidad en torno al fotolibro, invitando a reflexionar tanto desde lo conceptual como desde lo emocional.<\/span><\/p><p><span style=\"font-weight: 400;\">Este espacio, creado e impulsado por Fluq y el Taller de Libro Fotoqu\u00edmico (TLFQ), convoca a participantes para formar parte de una din\u00e1mica grupal de lectura, donde se recorren distintos fotolibros a trav\u00e9s de la conversaci\u00f3n, observaci\u00f3n y escucha.<\/span><\/p><p><span style=\"font-weight: 400;\">El espacio busca expandir la cultura y el p\u00fablico en torno a los fotolibros, generan<\/span><\/p><p><span style=\"font-weight: 400;\">do un espacio de reflexi\u00f3n conceptual y emocional donde se profundiza sobre la<\/span><\/p><p><span style=\"font-weight: 400;\">apreciaci\u00f3n, interpretaci\u00f3n y b\u00fasqueda de sentido de estas publicaciones.<\/span><\/p><p><span style=\"font-weight: 400;\">Las Lecturas Visuales se realizar\u00e1n el s\u00e1bado 1 de noviembre en el barrio Favero, Valpara\u00edso, como parte de la programaci\u00f3n del FIFV 2025.<\/span><\/p><p><b>Gu\u00edas<\/b><\/p><p><span style=\"font-weight: 400;\">Catalina de la Cruz (CL)<br \/><\/span><span style=\"font-weight: 400;\">Erwin Velasco (EC)<br \/><\/span><span style=\"font-weight: 400;\">Hugo \u00c1ngel (CL)<\/span><\/p>\t\t\t\t\t\t\t\t<\/div>\n\t\t\t\t\t<\/div>\n\t\t\t\t<\/div>\n\t\t<div class=\"elementor-element elementor-element-034ad46 e-flex e-con-boxed e-con e-parent\" data-id=\"034ad46\" data-element_type=\"container\">\n\t\t\t\t\t<div class=\"e-con-inner\">\n\t\t\t\t<div class=\"elementor-element elementor-element-9472a20 elementor-widget elementor-widget-shortcode\" data-id=\"9472a20\" data-element_type=\"widget\" data-widget_type=\"shortcode.default\">\n\t\t\t\t\t\t\t<div class=\"elementor-shortcode\"><div id=\"metaslider-id-1319\" style=\"width: 100%;\" class=\"ml-slider-3-102-0 metaslider metaslider-flex metaslider-1319 ml-slider ms-theme-blend nav-hidden\" role=\"region\" aria-label=\"Lecturas Visuales\" data-height=\"1367\" data-width=\"2048\">\n    <div id=\"metaslider_container_1319\">\n        <div id=\"metaslider_1319\">\n            <ul aria-live='off' class='slides'>\n                <li style=\"display: block; width: 100%;\" class=\"slide-1328 ms-image \" aria-roledescription=\"slide\" data-date=\"2025-11-11 12:46:14\" data-slide-type=\"image\"><img fetchpriority=\"high\" decoding=\"async\" src=\"https:\/\/fifv.cl\/2025\/wp-content\/uploads\/2025\/11\/DSC1858-2.jpg\" height=\"1367\" width=\"2048\" alt=\"\" class=\"slider-1319 slide-1328 msDefaultImage\" title=\"_DSC1858-2\" \/><div class=\"caption-wrap\"><div class=\"caption\"><div><em>\u00a9 Alexis Vera<\/em><\/div><\/div><\/div><\/li>\n                <li style=\"display: none; width: 100%;\" class=\"slide-1329 ms-image \" aria-roledescription=\"slide\" data-date=\"2025-11-11 12:46:14\" data-slide-type=\"image\"><img decoding=\"async\" src=\"https:\/\/fifv.cl\/2025\/wp-content\/uploads\/2025\/11\/DSC1852-2.jpg\" height=\"1367\" width=\"2048\" alt=\"\" class=\"slider-1319 slide-1329 msDefaultImage\" title=\"_DSC1852-2\" \/><div class=\"caption-wrap\"><div class=\"caption\"><div><em>\u00a9 Alexis Vera<\/em><\/div><\/div><\/div><\/li>\n                <li style=\"display: none; width: 100%;\" class=\"slide-1330 ms-image \" aria-roledescription=\"slide\" data-date=\"2025-11-11 12:46:14\" data-slide-type=\"image\"><img decoding=\"async\" src=\"https:\/\/fifv.cl\/2025\/wp-content\/uploads\/2025\/11\/DSC1849-2.jpg\" height=\"1367\" width=\"2048\" alt=\"\" class=\"slider-1319 slide-1330 msDefaultImage\" title=\"_DSC1849-2\" \/><div class=\"caption-wrap\"><div class=\"caption\"><div><em>\u00a9 Alexis Vera<\/em><\/div><\/div><\/div><\/li>\n                <li style=\"display: none; width: 100%;\" class=\"slide-1331 ms-image \" aria-roledescription=\"slide\" data-date=\"2025-11-11 12:46:14\" data-slide-type=\"image\"><img loading=\"lazy\" decoding=\"async\" src=\"https:\/\/fifv.cl\/2025\/wp-content\/uploads\/2025\/11\/DSC1843-2.jpg\" height=\"1367\" width=\"2048\" alt=\"\" class=\"slider-1319 slide-1331 msDefaultImage\" title=\"_DSC1843-2\" \/><div class=\"caption-wrap\"><div class=\"caption\"><div><em>\u00a9 Alexis Vera<\/em><\/div><\/div><\/div><\/li>\n                <li style=\"display: none; width: 100%;\" class=\"slide-1332 ms-image \" aria-roledescription=\"slide\" data-date=\"2025-11-11 12:46:15\" data-slide-type=\"image\"><img loading=\"lazy\" decoding=\"async\" src=\"https:\/\/fifv.cl\/2025\/wp-content\/uploads\/2025\/11\/DSC1839-2.jpg\" height=\"1367\" width=\"2048\" alt=\"\" class=\"slider-1319 slide-1332 msDefaultImage\" title=\"_DSC1839-2\" \/><div class=\"caption-wrap\"><div class=\"caption\"><div><em>\u00a9 Alexis Vera<\/em><\/div><\/div><\/div><\/li>\n                <li style=\"display: none; width: 100%;\" class=\"slide-1327 ms-image \" aria-roledescription=\"slide\" data-date=\"2025-11-11 12:46:14\" data-slide-type=\"image\"><img loading=\"lazy\" decoding=\"async\" src=\"https:\/\/fifv.cl\/2025\/wp-content\/uploads\/2025\/11\/DSC1873-2.jpg\" height=\"1367\" width=\"2048\" alt=\"\" class=\"slider-1319 slide-1327 msDefaultImage\" title=\"_DSC1873-2\" \/><div class=\"caption-wrap\"><div class=\"caption\"><div><em>\u00a9 Alexis Vera<\/em><\/div><\/div><\/div><\/li>\n                <li style=\"display: none; width: 100%;\" class=\"slide-1333 ms-image \" aria-roledescription=\"slide\" data-date=\"2025-11-11 12:46:15\" data-slide-type=\"image\"><img loading=\"lazy\" decoding=\"async\" src=\"https:\/\/fifv.cl\/2025\/wp-content\/uploads\/2025\/11\/DSC1880-3.jpg\" height=\"1367\" width=\"2048\" alt=\"\" class=\"slider-1319 slide-1333 msDefaultImage\" title=\"_DSC1880-3\" \/><div class=\"caption-wrap\"><div class=\"caption\"><div><em>\u00a9 Alexis Vera<\/em><\/div><\/div><\/div><\/li>\n            <\/ul>\n        <\/div>\n        \n    <\/div>\n<\/div><\/div>\n\t\t\t\t\t\t<\/div>\n\t\t\t\t\t<\/div>\n\t\t\t\t<\/div>\n\t\t\t\t<\/div>\n\t\t","protected":false},"excerpt":{"rendered":"<p>Lecturas Visuales TLFQ, Fluq &amp; Casa Espacio BsAs 824 Este 2025 llega una nueva experiencia al Festival Internacional de Fotograf\u00eda de Valpara\u00edso: Lecturas Visuales, una instancia colectiva que busca ampliar la cultura y la comunidad en torno al fotolibro, invitando a reflexionar tanto desde lo conceptual como desde lo emocional. Este espacio, creado e impulsado [&hellip;]<\/p>\n","protected":false},"author":1,"featured_media":0,"parent":25,"menu_order":0,"comment_status":"closed","ping_status":"closed","template":"elementor_header_footer","meta":{"_eb_attr":"","footnotes":""},"class_list":["post-31","page","type-page","status-publish","hentry"],"yoast_head":"<!-- This site is optimized with the Yoast SEO plugin v26.2 - https:\/\/yoast.com\/wordpress\/plugins\/seo\/ -->\n<title>Lecturas Visuales - FIFV 2025<\/title>\n<meta name=\"robots\" content=\"index, follow, max-snippet:-1, max-image-preview:large, max-video-preview:-1\" \/>\n<link rel=\"canonical\" href=\"https:\/\/fifv.cl\/2025\/editorial\/lecturas-visuales\/\" \/>\n<meta property=\"og:locale\" content=\"es_ES\" \/>\n<meta property=\"og:type\" content=\"article\" \/>\n<meta property=\"og:title\" content=\"Lecturas Visuales - FIFV 2025\" \/>\n<meta property=\"og:description\" content=\"Lecturas Visuales TLFQ, Fluq &amp; Casa Espacio BsAs 824 Este 2025 llega una nueva experiencia al Festival Internacional de Fotograf\u00eda de Valpara\u00edso: Lecturas Visuales, una instancia colectiva que busca ampliar la cultura y la comunidad en torno al fotolibro, invitando a reflexionar tanto desde lo conceptual como desde lo emocional. Este espacio, creado e impulsado [&hellip;]\" \/>\n<meta property=\"og:url\" content=\"https:\/\/fifv.cl\/2025\/editorial\/lecturas-visuales\/\" \/>\n<meta property=\"og:site_name\" content=\"FIFV 2025\" \/>\n<meta property=\"article:publisher\" content=\"https:\/\/www.facebook.com\/casaespacio.fifv\" \/>\n<meta property=\"article:modified_time\" content=\"2025-12-02T15:33:50+00:00\" \/>\n<meta name=\"twitter:card\" content=\"summary_large_image\" \/>\n<meta name=\"twitter:label1\" content=\"Tiempo estimado de lectura\" \/>\n\t<meta name=\"twitter:data1\" content=\"3 minutos\" \/>\n<script type=\"application\/ld+json\" class=\"yoast-schema-graph\">{\"@context\":\"https:\/\/schema.org\",\"@graph\":[{\"@type\":\"WebPage\",\"@id\":\"https:\/\/fifv.cl\/2025\/editorial\/lecturas-visuales\/\",\"url\":\"https:\/\/fifv.cl\/2025\/editorial\/lecturas-visuales\/\",\"name\":\"Lecturas Visuales - FIFV 2025\",\"isPartOf\":{\"@id\":\"https:\/\/fifv.cl\/2025\/#website\"},\"datePublished\":\"2025-10-28T20:28:37+00:00\",\"dateModified\":\"2025-12-02T15:33:50+00:00\",\"breadcrumb\":{\"@id\":\"https:\/\/fifv.cl\/2025\/editorial\/lecturas-visuales\/#breadcrumb\"},\"inLanguage\":\"es-CL\",\"potentialAction\":[{\"@type\":\"ReadAction\",\"target\":[\"https:\/\/fifv.cl\/2025\/editorial\/lecturas-visuales\/\"]}]},{\"@type\":\"BreadcrumbList\",\"@id\":\"https:\/\/fifv.cl\/2025\/editorial\/lecturas-visuales\/#breadcrumb\",\"itemListElement\":[{\"@type\":\"ListItem\",\"position\":1,\"name\":\"Home\",\"item\":\"https:\/\/fifv.cl\/2025\/\"},{\"@type\":\"ListItem\",\"position\":2,\"name\":\"Editorial\",\"item\":\"https:\/\/fifv.cl\/2025\/editorial\/\"},{\"@type\":\"ListItem\",\"position\":3,\"name\":\"Lecturas Visuales\"}]},{\"@type\":\"WebSite\",\"@id\":\"https:\/\/fifv.cl\/2025\/#website\",\"url\":\"https:\/\/fifv.cl\/2025\/\",\"name\":\"FIFV 2025\",\"description\":\"Festival Internacional de Fotograf\u00eda en Valpara\u00edso\",\"potentialAction\":[{\"@type\":\"SearchAction\",\"target\":{\"@type\":\"EntryPoint\",\"urlTemplate\":\"https:\/\/fifv.cl\/2025\/?s={search_term_string}\"},\"query-input\":{\"@type\":\"PropertyValueSpecification\",\"valueRequired\":true,\"valueName\":\"search_term_string\"}}],\"inLanguage\":\"es-CL\"}]}<\/script>\n<!-- \/ Yoast SEO plugin. -->","yoast_head_json":{"title":"Lecturas Visuales - FIFV 2025","robots":{"index":"index","follow":"follow","max-snippet":"max-snippet:-1","max-image-preview":"max-image-preview:large","max-video-preview":"max-video-preview:-1"},"canonical":"https:\/\/fifv.cl\/2025\/editorial\/lecturas-visuales\/","og_locale":"es_ES","og_type":"article","og_title":"Lecturas Visuales - FIFV 2025","og_description":"Lecturas Visuales TLFQ, Fluq &amp; Casa Espacio BsAs 824 Este 2025 llega una nueva experiencia al Festival Internacional de Fotograf\u00eda de Valpara\u00edso: Lecturas Visuales, una instancia colectiva que busca ampliar la cultura y la comunidad en torno al fotolibro, invitando a reflexionar tanto desde lo conceptual como desde lo emocional. Este espacio, creado e impulsado [&hellip;]","og_url":"https:\/\/fifv.cl\/2025\/editorial\/lecturas-visuales\/","og_site_name":"FIFV 2025","article_publisher":"https:\/\/www.facebook.com\/casaespacio.fifv","article_modified_time":"2025-12-02T15:33:50+00:00","twitter_card":"summary_large_image","twitter_misc":{"Tiempo estimado de lectura":"3 minutos"},"schema":{"@context":"https:\/\/schema.org","@graph":[{"@type":"WebPage","@id":"https:\/\/fifv.cl\/2025\/editorial\/lecturas-visuales\/","url":"https:\/\/fifv.cl\/2025\/editorial\/lecturas-visuales\/","name":"Lecturas Visuales - FIFV 2025","isPartOf":{"@id":"https:\/\/fifv.cl\/2025\/#website"},"datePublished":"2025-10-28T20:28:37+00:00","dateModified":"2025-12-02T15:33:50+00:00","breadcrumb":{"@id":"https:\/\/fifv.cl\/2025\/editorial\/lecturas-visuales\/#breadcrumb"},"inLanguage":"es-CL","potentialAction":[{"@type":"ReadAction","target":["https:\/\/fifv.cl\/2025\/editorial\/lecturas-visuales\/"]}]},{"@type":"BreadcrumbList","@id":"https:\/\/fifv.cl\/2025\/editorial\/lecturas-visuales\/#breadcrumb","itemListElement":[{"@type":"ListItem","position":1,"name":"Home","item":"https:\/\/fifv.cl\/2025\/"},{"@type":"ListItem","position":2,"name":"Editorial","item":"https:\/\/fifv.cl\/2025\/editorial\/"},{"@type":"ListItem","position":3,"name":"Lecturas Visuales"}]},{"@type":"WebSite","@id":"https:\/\/fifv.cl\/2025\/#website","url":"https:\/\/fifv.cl\/2025\/","name":"FIFV 2025","description":"Festival Internacional de Fotograf\u00eda en Valpara\u00edso","potentialAction":[{"@type":"SearchAction","target":{"@type":"EntryPoint","urlTemplate":"https:\/\/fifv.cl\/2025\/?s={search_term_string}"},"query-input":{"@type":"PropertyValueSpecification","valueRequired":true,"valueName":"search_term_string"}}],"inLanguage":"es-CL"}]}},"_links":{"self":[{"href":"https:\/\/fifv.cl\/2025\/wp-json\/wp\/v2\/pages\/31","targetHints":{"allow":["GET"]}}],"collection":[{"href":"https:\/\/fifv.cl\/2025\/wp-json\/wp\/v2\/pages"}],"about":[{"href":"https:\/\/fifv.cl\/2025\/wp-json\/wp\/v2\/types\/page"}],"author":[{"embeddable":true,"href":"https:\/\/fifv.cl\/2025\/wp-json\/wp\/v2\/users\/1"}],"replies":[{"embeddable":true,"href":"https:\/\/fifv.cl\/2025\/wp-json\/wp\/v2\/comments?post=31"}],"version-history":[{"count":7,"href":"https:\/\/fifv.cl\/2025\/wp-json\/wp\/v2\/pages\/31\/revisions"}],"predecessor-version":[{"id":1409,"href":"https:\/\/fifv.cl\/2025\/wp-json\/wp\/v2\/pages\/31\/revisions\/1409"}],"up":[{"embeddable":true,"href":"https:\/\/fifv.cl\/2025\/wp-json\/wp\/v2\/pages\/25"}],"wp:attachment":[{"href":"https:\/\/fifv.cl\/2025\/wp-json\/wp\/v2\/media?parent=31"}],"curies":[{"name":"wp","href":"https:\/\/api.w.org\/{rel}","templated":true}]}}