{"id":35,"date":"2025-10-28T17:30:05","date_gmt":"2025-10-28T20:30:05","guid":{"rendered":"https:\/\/fifv.cl\/20252\/?page_id=35"},"modified":"2025-11-01T23:56:04","modified_gmt":"2025-11-02T02:56:04","slug":"proyecciones","status":"publish","type":"page","link":"https:\/\/fifv.cl\/2025\/proyecciones\/","title":{"rendered":"Proyecciones"},"content":{"rendered":"\t\t<div data-elementor-type=\"wp-page\" data-elementor-id=\"35\" class=\"elementor elementor-35\" data-elementor-post-type=\"page\">\n\t\t\t\t<div class=\"elementor-element elementor-element-9256985 e-flex e-con-boxed elementor-invisible e-con e-parent\" data-id=\"9256985\" data-element_type=\"container\" data-settings=\"{&quot;background_background&quot;:&quot;classic&quot;,&quot;animation&quot;:&quot;fadeIn&quot;}\">\n\t\t\t\t\t<div class=\"e-con-inner\">\n\t\t\t\t<div class=\"elementor-element elementor-element-e8b307d elementor-widget elementor-widget-heading\" data-id=\"e8b307d\" data-element_type=\"widget\" data-widget_type=\"heading.default\">\n\t\t\t\t\t<h2 class=\"elementor-heading-title elementor-size-default\">Proyecciones de Obras Audiovisuales Fotogr\u00e1ficas\n<\/h2>\t\t\t\t<\/div>\n\t\t\t\t<div class=\"elementor-element elementor-element-da1e6ec elementor-widget elementor-widget-text-editor\" data-id=\"da1e6ec\" data-element_type=\"widget\" data-widget_type=\"text-editor.default\">\n\t\t\t\t\t\t\t\t\t<p>Casa Espacio BsAs 824 &amp; Centro Cultural Quilpu\u00e9 Audiovisual<\/p>\t\t\t\t\t\t\t\t<\/div>\n\t\t\t\t\t<\/div>\n\t\t\t\t<\/div>\n\t\t<div class=\"elementor-element elementor-element-2e37999 e-flex e-con-boxed elementor-invisible e-con e-parent\" data-id=\"2e37999\" data-element_type=\"container\" data-settings=\"{&quot;background_background&quot;:&quot;classic&quot;,&quot;animation&quot;:&quot;fadeIn&quot;}\">\n\t\t\t\t\t<div class=\"e-con-inner\">\n\t\t\t\t<div class=\"elementor-element elementor-element-2787040 elementor-widget elementor-widget-text-editor\" data-id=\"2787040\" data-element_type=\"widget\" data-widget_type=\"text-editor.default\">\n\t\t\t\t\t\t\t\t\t<p><span style=\"font-weight: 400;\">Este a\u00f1o llega una nueva experiencia al Festival Internacional de Fotograf\u00eda de Valpara\u00edso: la Proyecci\u00f3n de Obras Audiovisuales Fotogr\u00e1ficas, un espacio dedicado a la exhibici\u00f3n de proyectos que expanden los l\u00edmites de la fotograf\u00eda, integrando la imagen en movimiento y el sonido como lenguajes complementarios.<\/span><\/p><p><span style=\"font-weight: 400;\">Impulsado en colaboraci\u00f3n con el Centro Cultural Quilpu\u00e9 Audiovisual, este encuentro invita a creadoras y creadores, de forma individual o colectiva,\u00a0 a presentar trabajos donde la fotograf\u00eda sea el eje central, dialogando con lo audiovisual desde la experimentaci\u00f3n y la sensibilidad art\u00edstica. Las obras deber\u00e1n abordar la tem\u00e1tica 2025 del festival: \u00bfCu\u00e1l es la naturaleza de las cosas?<\/span><\/p><p><span style=\"font-weight: 400;\">Las proyecciones se llevar\u00e1n a cabo los d\u00edas 31 de octubre y 1 de noviembre en el barrio Favero de Valpara\u00edso, como parte de la programaci\u00f3n del FIFV 2025.\u00a0<\/span><\/p><p><b>Seleccionad@s\u00a0<\/b><\/p><p><span style=\"font-weight: 400;\">V\u00edctor Ybazeta (PE)<br \/><\/span><span style=\"font-weight: 400;\">Crist\u00f3bal Olivares (CL)<br \/><\/span><span style=\"font-weight: 400;\">Maia Gatt\u00e1s (AR)<br \/><\/span><span style=\"font-weight: 400;\">Germ\u00e1n Quiroga (AR)<br \/><\/span><span style=\"font-weight: 400;\">Daphne Carlos (PE)<br \/><\/span><span style=\"font-weight: 400;\">Sof\u00eda Ungar (AR)<br \/><\/span><span style=\"font-weight: 400;\">Lilibeth Hern\u00e1ndez (MX)\u00a0<br \/><\/span><span style=\"font-weight: 400;\">Andr\u00e9s Larra\u00edn (CL)<br \/><\/span><span style=\"font-weight: 400;\">Gabriela Codallo (VE)<br \/><\/span><span style=\"font-weight: 400;\">Maylen Robles (CL)<br \/><\/span><span style=\"font-weight: 400;\">Juan Pablo Mart\u00ednez (CL)<br \/><\/span><span style=\"font-weight: 400;\">Daniel Araneda (CL)<br \/><\/span><span style=\"font-weight: 400;\">Colectivo Visora (MX)<br \/><\/span><span style=\"font-weight: 400;\">Carlos Silva (CL)<br \/><\/span><span style=\"font-weight: 400;\">Catalina Reyes (CL)<br \/><\/span><span style=\"font-weight: 400;\">Colectivo \u00c9ramos Muchos (LATAM)<br \/><\/span><span style=\"font-weight: 400;\">Mina B\u00e1rcenas (MX)<br \/><\/span><span style=\"font-weight: 400;\">Paulina Rodr\u00edguez (CL)<\/span><\/p>\t\t\t\t\t\t\t\t<\/div>\n\t\t\t\t\t<\/div>\n\t\t\t\t<\/div>\n\t\t\t\t<\/div>\n\t\t","protected":false},"excerpt":{"rendered":"<p>Proyecciones de Obras Audiovisuales Fotogr\u00e1ficas Casa Espacio BsAs 824 &amp; Centro Cultural Quilpu\u00e9 Audiovisual Este a\u00f1o llega una nueva experiencia al Festival Internacional de Fotograf\u00eda de Valpara\u00edso: la Proyecci\u00f3n de Obras Audiovisuales Fotogr\u00e1ficas, un espacio dedicado a la exhibici\u00f3n de proyectos que expanden los l\u00edmites de la fotograf\u00eda, integrando la imagen en movimiento y el [&hellip;]<\/p>\n","protected":false},"author":1,"featured_media":0,"parent":0,"menu_order":0,"comment_status":"closed","ping_status":"closed","template":"elementor_header_footer","meta":{"_eb_attr":"","footnotes":""},"class_list":["post-35","page","type-page","status-publish","hentry"],"yoast_head":"<!-- This site is optimized with the Yoast SEO plugin v26.2 - https:\/\/yoast.com\/wordpress\/plugins\/seo\/ -->\n<title>Proyecciones - FIFV 2025<\/title>\n<meta name=\"robots\" content=\"index, follow, max-snippet:-1, max-image-preview:large, max-video-preview:-1\" \/>\n<link rel=\"canonical\" href=\"https:\/\/fifv.cl\/2025\/proyecciones\/\" \/>\n<meta property=\"og:locale\" content=\"es_ES\" \/>\n<meta property=\"og:type\" content=\"article\" \/>\n<meta property=\"og:title\" content=\"Proyecciones - FIFV 2025\" \/>\n<meta property=\"og:description\" content=\"Proyecciones de Obras Audiovisuales Fotogr\u00e1ficas Casa Espacio BsAs 824 &amp; Centro Cultural Quilpu\u00e9 Audiovisual Este a\u00f1o llega una nueva experiencia al Festival Internacional de Fotograf\u00eda de Valpara\u00edso: la Proyecci\u00f3n de Obras Audiovisuales Fotogr\u00e1ficas, un espacio dedicado a la exhibici\u00f3n de proyectos que expanden los l\u00edmites de la fotograf\u00eda, integrando la imagen en movimiento y el [&hellip;]\" \/>\n<meta property=\"og:url\" content=\"https:\/\/fifv.cl\/2025\/proyecciones\/\" \/>\n<meta property=\"og:site_name\" content=\"FIFV 2025\" \/>\n<meta property=\"article:publisher\" content=\"https:\/\/www.facebook.com\/casaespacio.fifv\" \/>\n<meta property=\"article:modified_time\" content=\"2025-11-02T02:56:04+00:00\" \/>\n<meta name=\"twitter:card\" content=\"summary_large_image\" \/>\n<meta name=\"twitter:label1\" content=\"Tiempo estimado de lectura\" \/>\n\t<meta name=\"twitter:data1\" content=\"1 minuto\" \/>\n<script type=\"application\/ld+json\" class=\"yoast-schema-graph\">{\"@context\":\"https:\/\/schema.org\",\"@graph\":[{\"@type\":\"WebPage\",\"@id\":\"https:\/\/fifv.cl\/2025\/proyecciones\/\",\"url\":\"https:\/\/fifv.cl\/2025\/proyecciones\/\",\"name\":\"Proyecciones - FIFV 2025\",\"isPartOf\":{\"@id\":\"https:\/\/fifv.cl\/2025\/#website\"},\"datePublished\":\"2025-10-28T20:30:05+00:00\",\"dateModified\":\"2025-11-02T02:56:04+00:00\",\"breadcrumb\":{\"@id\":\"https:\/\/fifv.cl\/2025\/proyecciones\/#breadcrumb\"},\"inLanguage\":\"es-CL\",\"potentialAction\":[{\"@type\":\"ReadAction\",\"target\":[\"https:\/\/fifv.cl\/2025\/proyecciones\/\"]}]},{\"@type\":\"BreadcrumbList\",\"@id\":\"https:\/\/fifv.cl\/2025\/proyecciones\/#breadcrumb\",\"itemListElement\":[{\"@type\":\"ListItem\",\"position\":1,\"name\":\"Home\",\"item\":\"https:\/\/fifv.cl\/2025\/\"},{\"@type\":\"ListItem\",\"position\":2,\"name\":\"Proyecciones\"}]},{\"@type\":\"WebSite\",\"@id\":\"https:\/\/fifv.cl\/2025\/#website\",\"url\":\"https:\/\/fifv.cl\/2025\/\",\"name\":\"FIFV 2025\",\"description\":\"Festival Internacional de Fotograf\u00eda en Valpara\u00edso\",\"potentialAction\":[{\"@type\":\"SearchAction\",\"target\":{\"@type\":\"EntryPoint\",\"urlTemplate\":\"https:\/\/fifv.cl\/2025\/?s={search_term_string}\"},\"query-input\":{\"@type\":\"PropertyValueSpecification\",\"valueRequired\":true,\"valueName\":\"search_term_string\"}}],\"inLanguage\":\"es-CL\"}]}<\/script>\n<!-- \/ Yoast SEO plugin. -->","yoast_head_json":{"title":"Proyecciones - FIFV 2025","robots":{"index":"index","follow":"follow","max-snippet":"max-snippet:-1","max-image-preview":"max-image-preview:large","max-video-preview":"max-video-preview:-1"},"canonical":"https:\/\/fifv.cl\/2025\/proyecciones\/","og_locale":"es_ES","og_type":"article","og_title":"Proyecciones - FIFV 2025","og_description":"Proyecciones de Obras Audiovisuales Fotogr\u00e1ficas Casa Espacio BsAs 824 &amp; Centro Cultural Quilpu\u00e9 Audiovisual Este a\u00f1o llega una nueva experiencia al Festival Internacional de Fotograf\u00eda de Valpara\u00edso: la Proyecci\u00f3n de Obras Audiovisuales Fotogr\u00e1ficas, un espacio dedicado a la exhibici\u00f3n de proyectos que expanden los l\u00edmites de la fotograf\u00eda, integrando la imagen en movimiento y el [&hellip;]","og_url":"https:\/\/fifv.cl\/2025\/proyecciones\/","og_site_name":"FIFV 2025","article_publisher":"https:\/\/www.facebook.com\/casaespacio.fifv","article_modified_time":"2025-11-02T02:56:04+00:00","twitter_card":"summary_large_image","twitter_misc":{"Tiempo estimado de lectura":"1 minuto"},"schema":{"@context":"https:\/\/schema.org","@graph":[{"@type":"WebPage","@id":"https:\/\/fifv.cl\/2025\/proyecciones\/","url":"https:\/\/fifv.cl\/2025\/proyecciones\/","name":"Proyecciones - FIFV 2025","isPartOf":{"@id":"https:\/\/fifv.cl\/2025\/#website"},"datePublished":"2025-10-28T20:30:05+00:00","dateModified":"2025-11-02T02:56:04+00:00","breadcrumb":{"@id":"https:\/\/fifv.cl\/2025\/proyecciones\/#breadcrumb"},"inLanguage":"es-CL","potentialAction":[{"@type":"ReadAction","target":["https:\/\/fifv.cl\/2025\/proyecciones\/"]}]},{"@type":"BreadcrumbList","@id":"https:\/\/fifv.cl\/2025\/proyecciones\/#breadcrumb","itemListElement":[{"@type":"ListItem","position":1,"name":"Home","item":"https:\/\/fifv.cl\/2025\/"},{"@type":"ListItem","position":2,"name":"Proyecciones"}]},{"@type":"WebSite","@id":"https:\/\/fifv.cl\/2025\/#website","url":"https:\/\/fifv.cl\/2025\/","name":"FIFV 2025","description":"Festival Internacional de Fotograf\u00eda en Valpara\u00edso","potentialAction":[{"@type":"SearchAction","target":{"@type":"EntryPoint","urlTemplate":"https:\/\/fifv.cl\/2025\/?s={search_term_string}"},"query-input":{"@type":"PropertyValueSpecification","valueRequired":true,"valueName":"search_term_string"}}],"inLanguage":"es-CL"}]}},"_links":{"self":[{"href":"https:\/\/fifv.cl\/2025\/wp-json\/wp\/v2\/pages\/35","targetHints":{"allow":["GET"]}}],"collection":[{"href":"https:\/\/fifv.cl\/2025\/wp-json\/wp\/v2\/pages"}],"about":[{"href":"https:\/\/fifv.cl\/2025\/wp-json\/wp\/v2\/types\/page"}],"author":[{"embeddable":true,"href":"https:\/\/fifv.cl\/2025\/wp-json\/wp\/v2\/users\/1"}],"replies":[{"embeddable":true,"href":"https:\/\/fifv.cl\/2025\/wp-json\/wp\/v2\/comments?post=35"}],"version-history":[{"count":7,"href":"https:\/\/fifv.cl\/2025\/wp-json\/wp\/v2\/pages\/35\/revisions"}],"predecessor-version":[{"id":1040,"href":"https:\/\/fifv.cl\/2025\/wp-json\/wp\/v2\/pages\/35\/revisions\/1040"}],"wp:attachment":[{"href":"https:\/\/fifv.cl\/2025\/wp-json\/wp\/v2\/media?parent=35"}],"curies":[{"name":"wp","href":"https:\/\/api.w.org\/{rel}","templated":true}]}}